{"id":5877,"date":"2022-08-01T15:49:30","date_gmt":"2022-08-01T13:49:30","guid":{"rendered":"https:\/\/mjvv.org\/?page_id=5877"},"modified":"2022-08-25T20:56:31","modified_gmt":"2022-08-25T18:56:31","slug":"preghiera-per-la-devozione-privata","status":"publish","type":"page","link":"https:\/\/mjvv.org\/it\/preghiera-per-la-devozione-privata\/","title":{"rendered":"Preghiera per la devozione privata"},"content":{"rendered":"<p style=\"text-align: center;\"><em><img fetchpriority=\"high\" decoding=\"async\" class=\"size-medium wp-image-5623 alignleft\" src=\"https:\/\/mjvv.org\/wp-content\/uploads\/2022\/07\/Foto023-210x300.jpg\" alt=\"\" width=\"210\" height=\"300\" srcset=\"https:\/\/mjvv.org\/wp-content\/uploads\/2022\/07\/Foto023-210x300.jpg 210w, https:\/\/mjvv.org\/wp-content\/uploads\/2022\/07\/Foto023-717x1024.jpg 717w, https:\/\/mjvv.org\/wp-content\/uploads\/2022\/07\/Foto023-768x1097.jpg 768w, https:\/\/mjvv.org\/wp-content\/uploads\/2022\/07\/Foto023-1076x1536.jpg 1076w, https:\/\/mjvv.org\/wp-content\/uploads\/2022\/07\/Foto023-1434x2048.jpg 1434w, https:\/\/mjvv.org\/wp-content\/uploads\/2022\/07\/Foto023-scaled.jpg 1793w\" sizes=\"(max-width: 210px) 100vw, 210px\" \/>Oh Santissima Trinit\u00e0,<\/em><\/p>\n<p style=\"text-align: center;\"><em>che hai concesso al tuo Servo Federico<\/em><\/p>\n<p style=\"text-align: center;\"><em>la grazia di comprendere la Sacra Scrittura e di insegnarla<\/em><\/p>\n<p style=\"text-align: center;\"><em>ai pi\u00f9 bisognosi con amore e abnegazione<\/em><\/p>\n<p style=\"text-align: center;\"><em>attraverso la sua parola e la sua vita,<\/em><\/p>\n<p style=\"text-align: center;\"><em>fa\u2019 che io sappia ascoltare la Tua Parola e metterla in pratica.<\/em><\/p>\n<p style=\"text-align: center;\"><em>Ti prego inoltre, se questo corrisponde alla Tua volont\u00e0,<\/em><\/p>\n<p style=\"text-align: center;\"><em>di glorificare il Tuo Servo Federico<\/em><\/p>\n<p style=\"text-align: center;\"><em>\u00a0 \u00a0 \u00a0 \u00a0 \u00a0 \u00a0 \u00a0 \u00a0 \u00a0 \u00a0 \u00a0 \u00a0 \u00a0 \u00a0 \u00a0 \u00a0 \u00a0 \u00a0 \u00a0 \u00a0 \u00a0 \u00a0 \u00a0 \u00a0 \u00a0 \u00a0 \u00a0 \u00a0 \u00a0 \u00a0 \u00a0 \u00a0e concedermi tramite la sua intercessione questa grazia\u2026<\/em><\/p>\n<p style=\"text-align: center;\"><em>\u00a0 \u00a0 \u00a0 \u00a0 \u00a0 \u00a0 \u00a0 \u00a0 \u00a0 \u00a0 \u00a0 \u00a0 \u00a0 \u00a0 \u00a0 \u00a0 \u00a0 \u00a0 \u00a0 \u00a0 \u00a0 \u00a0 \u00a0 \u00a0 \u00a0 \u00a0 \u00a0 \u00a0 \u00a0 \u00a0 \u00a0 \u00a0(si chieda) Amen.<\/em><\/p>\n<p style=\"text-align: center;\"><strong>\u00a0 \u00a0 \u00a0 \u00a0 \u00a0 \u00a0 \u00a0 \u00a0 \u00a0 \u00a0 \u00a0 \u00a0 \u00a0 \u00a0 \u00a0 \u00a0 \u00a0 \u00a0 \u00a0 \u00a0 \u00a0 \u00a0 \u00a0 \u00a0 \u00a0 \u00a0 \u00a0 \u00a0 \u00a0 \u00a0 \u00a0 \u00a0Padre Nostro, Ave Maria, Gloria<\/strong><\/p>\n<p>&nbsp;<\/p>\n<p><em>In conformit\u00e0 con i decreti di Papa Urbano VIII, dichiariamo di non voler prevenire in modo alcuno il giudizio delle Autorit\u00e0 Ecclesiastiche; questa preghiera non ha finalit\u00e0 di culto pubblico.<\/em><\/p>\n","protected":false},"excerpt":{"rendered":"<p>Oh Santissima Trinit\u00e0, che hai concesso al tuo Servo Federico la grazia di comprendere la Sacra Scrittura e di insegnarla ai pi\u00f9 bisognosi con amore e abnegazione attraverso la sua parola e la sua vita, fa\u2019 che io sappia ascoltare la Tua Parola e metterla in pratica. Ti prego inoltre, se questo corrisponde alla Tua [&hellip;]<\/p>\n","protected":false},"author":2,"featured_media":0,"parent":0,"menu_order":0,"comment_status":"closed","ping_status":"closed","template":"templates\/page-federico-kaiser.php","meta":{"footnotes":""},"class_list":["post-5877","page","type-page","status-publish","hentry"],"jetpack_sharing_enabled":true,"_links":{"self":[{"href":"https:\/\/mjvv.org\/it\/wp-json\/wp\/v2\/pages\/5877","targetHints":{"allow":["GET"]}}],"collection":[{"href":"https:\/\/mjvv.org\/it\/wp-json\/wp\/v2\/pages"}],"about":[{"href":"https:\/\/mjvv.org\/it\/wp-json\/wp\/v2\/types\/page"}],"author":[{"embeddable":true,"href":"https:\/\/mjvv.org\/it\/wp-json\/wp\/v2\/users\/2"}],"replies":[{"embeddable":true,"href":"https:\/\/mjvv.org\/it\/wp-json\/wp\/v2\/comments?post=5877"}],"version-history":[{"count":1,"href":"https:\/\/mjvv.org\/it\/wp-json\/wp\/v2\/pages\/5877\/revisions"}],"predecessor-version":[{"id":5878,"href":"https:\/\/mjvv.org\/it\/wp-json\/wp\/v2\/pages\/5877\/revisions\/5878"}],"wp:attachment":[{"href":"https:\/\/mjvv.org\/it\/wp-json\/wp\/v2\/media?parent=5877"}],"curies":[{"name":"wp","href":"https:\/\/api.w.org\/{rel}","templated":true}]}}