{"id":5029,"date":"2022-05-20T14:50:42","date_gmt":"2022-05-20T12:50:42","guid":{"rendered":"https:\/\/mjvv.org\/?page_id=5029"},"modified":"2022-07-04T17:38:59","modified_gmt":"2022-07-04T15:38:59","slug":"la-bibbia","status":"publish","type":"page","link":"https:\/\/mjvv.org\/it\/federico-kaiser\/la-bibbia\/","title":{"rendered":"La Bibbia"},"content":{"rendered":"<p align=\"justify\"><span style=\"font-size: medium;\"><span lang=\"es-ES\">Nuestro Padre Fundador estudi\u00f3 much\u00edsimo la Biblia. En una ocasi\u00f3n nos dijo que, en el tiempo de su formaci\u00f3n, enferm\u00f3 el sacerdote que les ense\u00f1aba Las Sagradas Escrituras, y no pudo volverles a ense\u00f1ar. \u00c9l por su parte aprovech\u00f3 este tiempo para estudiar y profundizar sus estudios del Nuevo Testamento, estudi\u00f3 la Biblia, vers\u00edculo por vers\u00edculo, de esa bella etapa de su formaci\u00f3n conservamos las abreviaciones y apuntes que hac\u00eda en sus cuadernos. <\/span><\/span><\/p>\n<p align=\"justify\">\u201c<span style=\"font-size: medium;\"><span lang=\"es-ES\">He pasado de gusto en gusto, de alegr\u00eda en alegr\u00eda, de felicidad en felicidad. No se imaginan c\u00f3mo me ha enriquecido esto. Y me ha hecho muy feliz\u201d. \u201cLos dem\u00e1s se daban cuenta de ello y dec\u00edan: \u201cEl Padre Kaiser, se interesa m\u00e1s que nada por la Biblia, es su hobby\u201d (FK.) <\/span><\/span><\/p>\n<p align=\"justify\"><span style=\"font-size: medium;\"><span lang=\"es-ES\">Este amor por las Sagradas Escrituras, supo cultivarlo en sus hijas. Por esta raz\u00f3n, la Biblia ocupa un lugar especial y privilegiado en nuestra formaci\u00f3n.<\/span><\/span><\/p>\n<p align=\"justify\">\u201c<span style=\"font-size: medium;\"><span lang=\"es-ES\">Si merezco su confianza\u2026le invito a que vayamos juntos a trav\u00e9s de la Biblia. Iremos no en turismo profano, para curiosear, sino en peregrinaje sagrado, para leer y estudiar, orar y meditar. Seguro que nos esperan esfuerzos, pero tambi\u00e9n los encantos y sorpresas de una peregrinaci\u00f3n fascinante. Nos acompa\u00f1a y habla el Peregrino de Ema\u00fas\u201d. (Federico Kaiser). <\/span><\/span><\/p>\n<p align=\"justify\"><span style=\"font-size: medium;\"><span lang=\"es-ES\">La Biblia es para nosotras el Tabern\u00e1culo. Al abrirlo, estamos nosotras con Dios, con su Palabra y Doctrina, sus prodigios y maravillas. La Biblia es el alimento preferido para nuestra vida de oraci\u00f3n. Ella es la fuente que nos brinda el material para poder anunciar la verdad salvadora y la sabidur\u00eda de Dios. As\u00ed podemos cumplir con el mandato misionero de Cristo: \u201cId y ense\u00f1ad\u201d. <\/span><\/span><span style=\"font-size: medium;\">(Mc 16, 17).<\/span><\/p>\n","protected":false},"excerpt":{"rendered":"<p>Nuestro Padre Fundador estudi\u00f3 much\u00edsimo la Biblia. En una ocasi\u00f3n nos dijo que, en el tiempo de su formaci\u00f3n, enferm\u00f3 el sacerdote que les ense\u00f1aba Las Sagradas Escrituras, y no pudo volverles a ense\u00f1ar. \u00c9l por su parte aprovech\u00f3 este tiempo para estudiar y profundizar sus estudios del Nuevo Testamento, estudi\u00f3 la Biblia, vers\u00edculo por [&hellip;]<\/p>\n","protected":false},"author":1,"featured_media":0,"parent":4849,"menu_order":0,"comment_status":"closed","ping_status":"closed","template":"templates\/page-federico-kaiser.php","meta":{"footnotes":""},"class_list":["post-5029","page","type-page","status-publish","hentry"],"jetpack_sharing_enabled":true,"_links":{"self":[{"href":"https:\/\/mjvv.org\/it\/wp-json\/wp\/v2\/pages\/5029","targetHints":{"allow":["GET"]}}],"collection":[{"href":"https:\/\/mjvv.org\/it\/wp-json\/wp\/v2\/pages"}],"about":[{"href":"https:\/\/mjvv.org\/it\/wp-json\/wp\/v2\/types\/page"}],"author":[{"embeddable":true,"href":"https:\/\/mjvv.org\/it\/wp-json\/wp\/v2\/users\/1"}],"replies":[{"embeddable":true,"href":"https:\/\/mjvv.org\/it\/wp-json\/wp\/v2\/comments?post=5029"}],"version-history":[{"count":1,"href":"https:\/\/mjvv.org\/it\/wp-json\/wp\/v2\/pages\/5029\/revisions"}],"predecessor-version":[{"id":5030,"href":"https:\/\/mjvv.org\/it\/wp-json\/wp\/v2\/pages\/5029\/revisions\/5030"}],"up":[{"embeddable":true,"href":"https:\/\/mjvv.org\/it\/wp-json\/wp\/v2\/pages\/4849"}],"wp:attachment":[{"href":"https:\/\/mjvv.org\/it\/wp-json\/wp\/v2\/media?parent=5029"}],"curies":[{"name":"wp","href":"https:\/\/api.w.org\/{rel}","templated":true}]}}