{"id":5014,"date":"2022-06-24T20:37:26","date_gmt":"2022-06-24T18:37:26","guid":{"rendered":"https:\/\/mjvv.org\/?page_id=5014"},"modified":"2022-06-30T12:57:01","modified_gmt":"2022-06-30T10:57:01","slug":"contesta-la-biblia","status":"publish","type":"page","link":"https:\/\/mjvv.org\/it\/contesta-la-biblia\/","title":{"rendered":"Contesta la Biblia"},"content":{"rendered":"<p><img fetchpriority=\"high\" decoding=\"async\" class=\"alignleft wp-image-4719 size-medium\" src=\"https:\/\/mjvv.org\/wp-content\/uploads\/2022\/06\/Te-llama-la-Biblia-4-192x300.jpg\" alt=\"\" width=\"192\" height=\"300\" srcset=\"https:\/\/mjvv.org\/wp-content\/uploads\/2022\/06\/Te-llama-la-Biblia-4-192x300.jpg 192w, https:\/\/mjvv.org\/wp-content\/uploads\/2022\/06\/Te-llama-la-Biblia-4-655x1024.jpg 655w, https:\/\/mjvv.org\/wp-content\/uploads\/2022\/06\/Te-llama-la-Biblia-4-768x1201.jpg 768w, https:\/\/mjvv.org\/wp-content\/uploads\/2022\/06\/Te-llama-la-Biblia-4-982x1536.jpg 982w, https:\/\/mjvv.org\/wp-content\/uploads\/2022\/06\/Te-llama-la-Biblia-4-1310x2048.jpg 1310w, https:\/\/mjvv.org\/wp-content\/uploads\/2022\/06\/Te-llama-la-Biblia-4-scaled.jpg 1637w\" sizes=\"(max-width: 192px) 100vw, 192px\" \/>Libro escrito\u00a0por Federico Kaiser, de p\u00e1ginas con un car\u00e1cter marcadamente apolog\u00e9tico, donde a trav\u00e9s de pasajes b\u00edblicos ayuda al lector a conocer con mayor profundidad algunos pasajes de la Sagrada Escrituras, que quiz\u00e1s pueden ser m\u00e1s dif\u00edciles de entender o son mal interpretados por ne\u00f3fitos o seguidores de sectas protestantes. por personas que no comparten la fe o que est\u00e1n en contra de ella y no saben dar respuesta satisfactoria por falta de formaci\u00f3n. Esta obra pretende brindar una ayuda al respecto y ser un instrumento \u00fatil para la formaci\u00f3n de todo cat\u00f3lico.<\/p>\n<p>Ayuda a leer la Escritura<em>, En\u00a0la Iglesia<\/em>, es decir, a la luz de la misma Escritura, la tradici\u00f3n y el Magisterio de la Iglesia. Para amar y vivir la fe es necesario conocerla y profundizar en ella. Dar raz\u00f3n de nuestra fe es una exigencia para el cristiano de hoy.<\/p>\n<p>&nbsp;<\/p>\n","protected":false},"excerpt":{"rendered":"<p>Libro escrito\u00a0por Federico Kaiser, de p\u00e1ginas con un car\u00e1cter marcadamente apolog\u00e9tico, donde a trav\u00e9s de pasajes b\u00edblicos ayuda al lector a conocer con mayor profundidad algunos pasajes de la Sagrada Escrituras, que quiz\u00e1s pueden ser m\u00e1s dif\u00edciles de entender o son mal interpretados por ne\u00f3fitos o seguidores de sectas protestantes. por personas que no comparten [&hellip;]<\/p>\n","protected":false},"author":1,"featured_media":0,"parent":0,"menu_order":0,"comment_status":"closed","ping_status":"closed","template":"templates\/page-federico-kaiser.php","meta":{"footnotes":""},"class_list":["post-5014","page","type-page","status-publish","hentry"],"jetpack_sharing_enabled":true,"_links":{"self":[{"href":"https:\/\/mjvv.org\/it\/wp-json\/wp\/v2\/pages\/5014","targetHints":{"allow":["GET"]}}],"collection":[{"href":"https:\/\/mjvv.org\/it\/wp-json\/wp\/v2\/pages"}],"about":[{"href":"https:\/\/mjvv.org\/it\/wp-json\/wp\/v2\/types\/page"}],"author":[{"embeddable":true,"href":"https:\/\/mjvv.org\/it\/wp-json\/wp\/v2\/users\/1"}],"replies":[{"embeddable":true,"href":"https:\/\/mjvv.org\/it\/wp-json\/wp\/v2\/comments?post=5014"}],"version-history":[{"count":2,"href":"https:\/\/mjvv.org\/it\/wp-json\/wp\/v2\/pages\/5014\/revisions"}],"predecessor-version":[{"id":5016,"href":"https:\/\/mjvv.org\/it\/wp-json\/wp\/v2\/pages\/5014\/revisions\/5016"}],"wp:attachment":[{"href":"https:\/\/mjvv.org\/it\/wp-json\/wp\/v2\/media?parent=5014"}],"curies":[{"name":"wp","href":"https:\/\/api.w.org\/{rel}","templated":true}]}}