{"id":4997,"date":"2022-05-20T14:52:12","date_gmt":"2022-05-20T12:52:12","guid":{"rendered":"https:\/\/mjvv.org\/?page_id=4997"},"modified":"2022-06-29T15:48:45","modified_gmt":"2022-06-29T13:48:45","slug":"percorso","status":"publish","type":"page","link":"https:\/\/mjvv.org\/it\/percorso\/","title":{"rendered":"Percorso"},"content":{"rendered":"<p align=\"justify\"><span style=\"font-size: medium;\">Il nostro padre fondatore, Monsignore Federico Kaiser, diceva che &#8220;per insegnare, dobbiamo sapere moltissimo&#8221;. Per la missione che abbiamo. \u00e8 necessario prepararsi bene e nel miglior modo possibile. Ecco perch\u00e9 la nostra formazione basica dura dai 6 ai 7 anni. <\/span><\/p>\n<p align=\"justify\"><strong><span style=\"font-size: medium;\"><span lang=\"es-ES\"><i>Aspirante<\/i><\/span><\/span><\/strong><\/p>\n<p align=\"justify\"><span style=\"font-size: medium;\">In questa tappa il giovane aspirante alla vita religiosa conosce pian piano la nostra Congregazione. Dura 1 anno.<\/span><\/p>\n<p align=\"justify\"><strong><span style=\"font-size: medium;\"><span lang=\"es-ES\"><i>Postulante<\/i><\/span><\/span><span style=\"font-size: medium;\"><span lang=\"es-ES\">\u00a0<\/span><\/span><\/strong><\/p>\n<p align=\"justify\"><span style=\"font-size: medium;\"><span lang=\"es-ES\"><img fetchpriority=\"high\" decoding=\"async\" class=\"aligncenter wp-image-4418 size-full\" src=\"https:\/\/mjvv.org\/wp-content\/uploads\/2022\/06\/postulantes02_1200x500.jpg\" alt=\"\" width=\"1200\" height=\"500\" srcset=\"https:\/\/mjvv.org\/wp-content\/uploads\/2022\/06\/postulantes02_1200x500.jpg 1200w, https:\/\/mjvv.org\/wp-content\/uploads\/2022\/06\/postulantes02_1200x500-300x125.jpg 300w, https:\/\/mjvv.org\/wp-content\/uploads\/2022\/06\/postulantes02_1200x500-1024x427.jpg 1024w, https:\/\/mjvv.org\/wp-content\/uploads\/2022\/06\/postulantes02_1200x500-768x320.jpg 768w\" sizes=\"(max-width: 1200px) 100vw, 1200px\" \/><\/span><\/span><\/p>\n<p align=\"justify\"><span style=\"font-size: medium;\">in questa tappa la conoscenza tra la Congregazione e la postulante \u00e8 ancora pi\u00f9 profonda. Deve fare sue le virt\u00f9 umane e cristiane. Dura 1 anno. <\/span><\/p>\n<p align=\"justify\"><span style=\"font-size: medium;\"><span lang=\"es-ES\">\u00a0<\/span><\/span><\/p>\n<p align=\"justify\"><strong><span style=\"font-size: medium;\"><span lang=\"es-ES\"><i>Novizia<\/i><\/span><\/span><\/strong><\/p>\n<p align=\"justify\"><span style=\"font-size: medium;\"><span lang=\"es-ES\"><img decoding=\"async\" class=\"aligncenter wp-image-4406 size-full\" src=\"https:\/\/mjvv.org\/wp-content\/uploads\/2022\/06\/novicias02_1200x500.jpg\" alt=\"\" width=\"1200\" height=\"500\" srcset=\"https:\/\/mjvv.org\/wp-content\/uploads\/2022\/06\/novicias02_1200x500.jpg 1200w, https:\/\/mjvv.org\/wp-content\/uploads\/2022\/06\/novicias02_1200x500-300x125.jpg 300w, https:\/\/mjvv.org\/wp-content\/uploads\/2022\/06\/novicias02_1200x500-1024x427.jpg 1024w, https:\/\/mjvv.org\/wp-content\/uploads\/2022\/06\/novicias02_1200x500-768x320.jpg 768w\" sizes=\"(max-width: 1200px) 100vw, 1200px\" \/><\/span><\/span><\/p>\n<p align=\"justify\"><span style=\"font-size: medium;\">a novizia deve arrivare ad una conoscenza profonda di Ges\u00f9, Verbo e Vittima, attraverso la meditazione e la pratica delle virt\u00f9 essenziali dell&#8217;umilt\u00e0 e della carit\u00e0. La novizia si prepara alla sua Consacrazione a Cristo. Dura 2 anni. <\/span><\/p>\n<p align=\"justify\"><strong><span style=\"font-size: medium;\"><span lang=\"es-ES\"><i>Juniorato<\/i><\/span><\/span><\/strong><\/p>\n<p align=\"justify\"><span style=\"font-size: medium;\"><span lang=\"es-ES\"><img decoding=\"async\" class=\"aligncenter wp-image-4397 size-full\" src=\"https:\/\/mjvv.org\/wp-content\/uploads\/2022\/06\/junioras_2-1200x500-1.jpg\" alt=\"\" width=\"1200\" height=\"500\" srcset=\"https:\/\/mjvv.org\/wp-content\/uploads\/2022\/06\/junioras_2-1200x500-1.jpg 1200w, https:\/\/mjvv.org\/wp-content\/uploads\/2022\/06\/junioras_2-1200x500-1-300x125.jpg 300w, https:\/\/mjvv.org\/wp-content\/uploads\/2022\/06\/junioras_2-1200x500-1-1024x427.jpg 1024w, https:\/\/mjvv.org\/wp-content\/uploads\/2022\/06\/junioras_2-1200x500-1-768x320.jpg 768w\" sizes=\"(max-width: 1200px) 100vw, 1200px\" \/><\/span><\/span><\/p>\n<p align=\"justify\"><span style=\"font-size: medium;\">Con la sua consacrazione a Cristo attraverso i voti di castit\u00e0, povert\u00e0 e obbedienza, la Juniora deve arrivare a combinare la sua vita come religiosa con la sua vita missionaria. Dura 6 anni. Dopo di che, la religiosa fa i suoi Voti Perpetui, cio\u00e8 per sempre.<\/span><\/p>\n<p align=\"justify\"><span style=\"font-size: medium;\"><span lang=\"es-ES\">\u00a0<\/span><\/span><\/p>\n<p align=\"justify\"><img loading=\"lazy\" decoding=\"async\" class=\"wp-image-4401 size-full aligncenter\" src=\"https:\/\/mjvv.org\/wp-content\/uploads\/2022\/06\/junioras-1200x500-1.jpg\" alt=\"\" width=\"1200\" height=\"500\" srcset=\"https:\/\/mjvv.org\/wp-content\/uploads\/2022\/06\/junioras-1200x500-1.jpg 1200w, https:\/\/mjvv.org\/wp-content\/uploads\/2022\/06\/junioras-1200x500-1-300x125.jpg 300w, https:\/\/mjvv.org\/wp-content\/uploads\/2022\/06\/junioras-1200x500-1-1024x427.jpg 1024w, https:\/\/mjvv.org\/wp-content\/uploads\/2022\/06\/junioras-1200x500-1-768x320.jpg 768w\" sizes=\"(max-width: 1200px) 100vw, 1200px\" \/><\/p>\n<p align=\"justify\">\n","protected":false},"excerpt":{"rendered":"<p>Il nostro padre fondatore, Monsignore Federico Kaiser, diceva che &#8220;per insegnare, dobbiamo sapere moltissimo&#8221;. Per la missione che abbiamo. \u00e8 necessario prepararsi bene e nel miglior modo possibile. Ecco perch\u00e9 la nostra formazione basica dura dai 6 ai 7 anni. Aspirante In questa tappa il giovane aspirante alla vita religiosa conosce pian piano la nostra [&hellip;]<\/p>\n","protected":false},"author":1,"featured_media":0,"parent":0,"menu_order":0,"comment_status":"closed","ping_status":"closed","template":"templates\/page-formazione.php","meta":{"footnotes":""},"class_list":["post-4997","page","type-page","status-publish","hentry"],"jetpack_sharing_enabled":true,"_links":{"self":[{"href":"https:\/\/mjvv.org\/it\/wp-json\/wp\/v2\/pages\/4997","targetHints":{"allow":["GET"]}}],"collection":[{"href":"https:\/\/mjvv.org\/it\/wp-json\/wp\/v2\/pages"}],"about":[{"href":"https:\/\/mjvv.org\/it\/wp-json\/wp\/v2\/types\/page"}],"author":[{"embeddable":true,"href":"https:\/\/mjvv.org\/it\/wp-json\/wp\/v2\/users\/1"}],"replies":[{"embeddable":true,"href":"https:\/\/mjvv.org\/it\/wp-json\/wp\/v2\/comments?post=4997"}],"version-history":[{"count":2,"href":"https:\/\/mjvv.org\/it\/wp-json\/wp\/v2\/pages\/4997\/revisions"}],"predecessor-version":[{"id":4999,"href":"https:\/\/mjvv.org\/it\/wp-json\/wp\/v2\/pages\/4997\/revisions\/4999"}],"wp:attachment":[{"href":"https:\/\/mjvv.org\/it\/wp-json\/wp\/v2\/media?parent=4997"}],"curies":[{"name":"wp","href":"https:\/\/api.w.org\/{rel}","templated":true}]}}