{"id":4964,"date":"2022-05-31T12:45:07","date_gmt":"2022-05-31T10:45:07","guid":{"rendered":"https:\/\/mjvv.org\/?page_id=4964"},"modified":"2022-06-29T12:44:04","modified_gmt":"2022-06-29T10:44:04","slug":"preghiere","status":"publish","type":"page","link":"https:\/\/mjvv.org\/it\/preghiere\/","title":{"rendered":"Preghiere"},"content":{"rendered":"<p align=\"justify\"><b>Preghiera per i peccatori:<\/b><\/p>\n<p align=\"justify\">O Dio Padre, Santo e misericordioso. Tu detesti i peccati e ami i peccatori, non vuoi che nessuno si perda nelle fiamme inestinguibili dell&#8217;inferno, ma che tutti si convertano e, perseverando nella tua grazia, raggiungano la beatitudine del cielo. Tuo Figlio Ges\u00f9 Cristo ha sofferto per i peccati di tutto il mondo il tormento della sua passione. Uniti a Ges\u00f9 Vittima, desideriamo partecipare alla sua opera espiatoria, portando i peccati del mondo, che pesano su Ges\u00f9 come se fossero colpa sua. Padre giusto e amorevole, perdona i peccatori, salvali. Ti offriamo le umiliazioni e i dolori dei nostri sacrifici e delle nostre penitenze, supplicandoti di dare a tutti i peccatori la grazia di una sincera contrizione, di un fermo proposito di fare ammenda e di confessarsi bene, e il dono inestimabile di perseverare nella tua grazia santificante e salvifica fino alla fine della loro vita. Amen.<\/p>\n<p align=\"justify\"><b>Preghiera per la perseveranza: <\/b><\/p>\n<p align=\"justify\">Maria tenera Madre dei tuoi figli pi\u00f9 abbandonati, implora per le missionarie di Ges\u00f9 Verbo e Vittima la pienezza dello Spirito Santo e prega per loro affinch\u00e9 rimangano fedeli, saldi e santi, ferventi e instancabili, sempre docenti e penitenti nel luogo e nella missione che il tuo Figlio divino ha loro destinato. <span lang=\"en-GB\">Amen. <\/span><\/p>\n<p align=\"justify\"><b>Preghiera davanti al crocifisso: <\/b><\/p>\n<p align=\"justify\">Ges\u00f9, mio Dio, ecco che ti vedo nelle tue sofferenze. Sei inchiodato alla croce. Chi \u00e8 stato? Io l&#8217;ho fatto. Mi sono comportato molto male con te. I miei peccati ti hanno offeso. Ti fanno male. I miei peccati sono stati i colpi di martello che ti hanno inchiodato.<\/p>\n<p align=\"justify\">Mio Ges\u00f9, ti chiedo perdono. Lei \u00e8 innocente. Senza peccato, senza colpa. Tutta la colpa \u00e8 mia. Io dovrei essere l\u00ec sulla croce. Me lo merito. Non tu. Ma tu ti sacrifichi al mio posto. \u00c8 cos\u00ec che si vuole. Mi ami cos\u00ec tanto. Tu soffri per me. Sei stato torturato per me. I chiodi nelle mani e nei piedi ti tormentano. Le spine della corona sul tuo capo ti tormentano. Cos\u00ec hai versato il tuo sangue. Goccia a goccia. Tu agonizzi per me. E tu muori tra dolori indicibili, per me.<\/p>\n<p align=\"justify\">D&#8217;ora in poi voglio essere un altro, un&#8217;altra. Non dovrete mai pi\u00f9 soffrire a causa mia. Una lancia ha trafitto il tuo cuore. La ferita \u00e8 profonda. \u00c8 terribile. Il sangue scorre. Ti supplico, Ges\u00f9, fa&#8217; che una goccia del Tuo santissimo sangue cada ora sulla mia anima, per lavarla da ogni peccato, per renderla pulita e santa. Santo come al mio battesimo. Santificato nuovamente dal Tuo sangue santissimo e salvifico.<\/p>\n<p align=\"justify\">Mio caro Ges\u00f9. Non dubito che Tu abbia perdonato i miei peccati. Che cosa posso fare in penitenza per la mia colpa cos\u00ec grande? Vedi che sono malato, malato, ti offro le mie sofferenze. Che siano la mia penitenza. Voglio essere paziente, senza lamentarmi. Soffriamo, dunque, insieme, Tu ed io. Cos\u00ec spero di santificarmi di pi\u00f9.<\/p>\n<p align=\"justify\">Vergine Maria, Madre dolorosa, prega per me il tuo Ges\u00f9. Abbiate piet\u00e0 di me. Prega per me e per tutti i peccatori, ora e nell&#8217;ora della mia morte. <span lang=\"en-GB\">Amen.<\/span><\/p>\n","protected":false},"excerpt":{"rendered":"<p>Preghiera per i peccatori: O Dio Padre, Santo e misericordioso. Tu detesti i peccati e ami i peccatori, non vuoi che nessuno si perda nelle fiamme inestinguibili dell&#8217;inferno, ma che tutti si convertano e, perseverando nella tua grazia, raggiungano la beatitudine del cielo. Tuo Figlio Ges\u00f9 Cristo ha sofferto per i peccati di tutto il [&hellip;]<\/p>\n","protected":false},"author":1,"featured_media":0,"parent":0,"menu_order":0,"comment_status":"closed","ping_status":"closed","template":"templates\/page-lamikai.php","meta":{"footnotes":""},"class_list":["post-4964","page","type-page","status-publish","hentry"],"jetpack_sharing_enabled":true,"_links":{"self":[{"href":"https:\/\/mjvv.org\/it\/wp-json\/wp\/v2\/pages\/4964","targetHints":{"allow":["GET"]}}],"collection":[{"href":"https:\/\/mjvv.org\/it\/wp-json\/wp\/v2\/pages"}],"about":[{"href":"https:\/\/mjvv.org\/it\/wp-json\/wp\/v2\/types\/page"}],"author":[{"embeddable":true,"href":"https:\/\/mjvv.org\/it\/wp-json\/wp\/v2\/users\/1"}],"replies":[{"embeddable":true,"href":"https:\/\/mjvv.org\/it\/wp-json\/wp\/v2\/comments?post=4964"}],"version-history":[{"count":1,"href":"https:\/\/mjvv.org\/it\/wp-json\/wp\/v2\/pages\/4964\/revisions"}],"predecessor-version":[{"id":4965,"href":"https:\/\/mjvv.org\/it\/wp-json\/wp\/v2\/pages\/4964\/revisions\/4965"}],"wp:attachment":[{"href":"https:\/\/mjvv.org\/it\/wp-json\/wp\/v2\/media?parent=4964"}],"curies":[{"name":"wp","href":"https:\/\/api.w.org\/{rel}","templated":true}]}}