{"id":4956,"date":"2022-05-31T12:44:34","date_gmt":"2022-05-31T10:44:34","guid":{"rendered":"https:\/\/mjvv.org\/?page_id=4956"},"modified":"2022-06-29T12:38:54","modified_gmt":"2022-06-29T10:38:54","slug":"spiritualita-2","status":"publish","type":"page","link":"https:\/\/mjvv.org\/it\/spiritualita-2\/","title":{"rendered":"Spiritualit\u00e0"},"content":{"rendered":"<p align=\"justify\">L&#8217;associazione LAMIKAI vive la spiritualit\u00e0 di Padre Kaiser, seguendo Ges\u00f9 Verbo e Vittima.<\/p>\n<p align=\"justify\"><b>Ges\u00f9 Verbo:<\/b> cos\u00ec come il vescovo Kaiser era appassionato delle Sacre Scritture, i laici hanno una formazione biblica costante, anche seguendo gli scritti di Federico Kaiser. Cio\u00e8: \u201cLa Bibbia ti chiama\u201d, \u201cLa Bibbia ti risponde\u201d e \u201cIl messaggio biblico\u201d. Perch\u00e9 le Sacre Scritture sono Cristo stesso, che diventa lettera e rimane l\u00ec \u201cin-letrato\u201d, e cos\u00ec noi possiamo conoscerlo.<\/p>\n<p align=\"justify\"><b>Ges\u00f9 Vittima:<\/b> attraverso la croce Ges\u00f9 ci ha riscattati dal peccato, vittima dei peccatori. Allo stesso modo i LAMIKAI, vivono offrendo quei sacrifici della vita quotidiana, cercando di vivere bene e in grazia, con la gioia di essere salvati.<\/p>\n","protected":false},"excerpt":{"rendered":"<p>L&#8217;associazione LAMIKAI vive la spiritualit\u00e0 di Padre Kaiser, seguendo Ges\u00f9 Verbo e Vittima. Ges\u00f9 Verbo: cos\u00ec come il vescovo Kaiser era appassionato delle Sacre Scritture, i laici hanno una formazione biblica costante, anche seguendo gli scritti di Federico Kaiser. Cio\u00e8: \u201cLa Bibbia ti chiama\u201d, \u201cLa Bibbia ti risponde\u201d e \u201cIl messaggio biblico\u201d. Perch\u00e9 le Sacre [&hellip;]<\/p>\n","protected":false},"author":1,"featured_media":0,"parent":0,"menu_order":0,"comment_status":"closed","ping_status":"closed","template":"templates\/page-lamikai.php","meta":{"footnotes":""},"class_list":["post-4956","page","type-page","status-publish","hentry"],"jetpack_sharing_enabled":true,"_links":{"self":[{"href":"https:\/\/mjvv.org\/it\/wp-json\/wp\/v2\/pages\/4956","targetHints":{"allow":["GET"]}}],"collection":[{"href":"https:\/\/mjvv.org\/it\/wp-json\/wp\/v2\/pages"}],"about":[{"href":"https:\/\/mjvv.org\/it\/wp-json\/wp\/v2\/types\/page"}],"author":[{"embeddable":true,"href":"https:\/\/mjvv.org\/it\/wp-json\/wp\/v2\/users\/1"}],"replies":[{"embeddable":true,"href":"https:\/\/mjvv.org\/it\/wp-json\/wp\/v2\/comments?post=4956"}],"version-history":[{"count":2,"href":"https:\/\/mjvv.org\/it\/wp-json\/wp\/v2\/pages\/4956\/revisions"}],"predecessor-version":[{"id":4958,"href":"https:\/\/mjvv.org\/it\/wp-json\/wp\/v2\/pages\/4956\/revisions\/4958"}],"wp:attachment":[{"href":"https:\/\/mjvv.org\/it\/wp-json\/wp\/v2\/media?parent=4956"}],"curies":[{"name":"wp","href":"https:\/\/api.w.org\/{rel}","templated":true}]}}