{"id":4947,"date":"2022-05-31T12:43:36","date_gmt":"2022-05-31T10:43:36","guid":{"rendered":"https:\/\/mjvv.org\/?page_id=4947"},"modified":"2022-06-29T12:32:43","modified_gmt":"2022-06-29T10:32:43","slug":"chi-sono","status":"publish","type":"page","link":"https:\/\/mjvv.org\/it\/chi-sono\/","title":{"rendered":"Chi sono?"},"content":{"rendered":"<p align=\"justify\"><span lang=\"es-ES\"><img fetchpriority=\"high\" decoding=\"async\" class=\"aligncenter wp-image-4483 size-full\" src=\"https:\/\/mjvv.org\/wp-content\/uploads\/2022\/06\/Lamikai01_1200x500.jpg\" alt=\"\" width=\"1200\" height=\"500\" srcset=\"https:\/\/mjvv.org\/wp-content\/uploads\/2022\/06\/Lamikai01_1200x500.jpg 1200w, https:\/\/mjvv.org\/wp-content\/uploads\/2022\/06\/Lamikai01_1200x500-300x125.jpg 300w, https:\/\/mjvv.org\/wp-content\/uploads\/2022\/06\/Lamikai01_1200x500-1024x427.jpg 1024w, https:\/\/mjvv.org\/wp-content\/uploads\/2022\/06\/Lamikai01_1200x500-768x320.jpg 768w\" sizes=\"(max-width: 1200px) 100vw, 1200px\" \/><\/span><\/p>\n<p align=\"justify\">Sono laici che si trovano nel mondo, uomini e donne che, dalle loro case, dai loro luoghi di lavoro e nella loro vita quotidiana, pregano e offrono sacrifici per la conversione dei peccatori, per la perseveranza dei Missionarie di Ges\u00f9, Verbo e Vittima, e per l&#8217;aumento delle vocazioni.<\/p>\n<p align=\"justify\"><span lang=\"es-ES\"><img decoding=\"async\" class=\"aligncenter wp-image-4479 size-full\" src=\"https:\/\/mjvv.org\/wp-content\/uploads\/2022\/06\/Lamikai02_1200x500.jpg\" alt=\"\" width=\"1200\" height=\"500\" srcset=\"https:\/\/mjvv.org\/wp-content\/uploads\/2022\/06\/Lamikai02_1200x500.jpg 1200w, https:\/\/mjvv.org\/wp-content\/uploads\/2022\/06\/Lamikai02_1200x500-300x125.jpg 300w, https:\/\/mjvv.org\/wp-content\/uploads\/2022\/06\/Lamikai02_1200x500-1024x427.jpg 1024w, https:\/\/mjvv.org\/wp-content\/uploads\/2022\/06\/Lamikai02_1200x500-768x320.jpg 768w\" sizes=\"(max-width: 1200px) 100vw, 1200px\" \/><\/span><\/p>\n<p align=\"justify\">Sono missionari perch\u00e9 la Chiesa \u00e8 missionaria e il Signore dice che ogni cristiano deve diventare missionario e diventare sale della terra e luce del mondo, diventando cos\u00ec lievito per la pasta.<\/p>\n<p><img decoding=\"async\" class=\"aligncenter wp-image-4474 size-full\" style=\"text-align: justify;\" src=\"https:\/\/mjvv.org\/wp-content\/uploads\/2022\/06\/Lamikai03_1200x500.jpg\" alt=\"\" width=\"1200\" height=\"500\" srcset=\"https:\/\/mjvv.org\/wp-content\/uploads\/2022\/06\/Lamikai03_1200x500.jpg 1200w, https:\/\/mjvv.org\/wp-content\/uploads\/2022\/06\/Lamikai03_1200x500-300x125.jpg 300w, https:\/\/mjvv.org\/wp-content\/uploads\/2022\/06\/Lamikai03_1200x500-1024x427.jpg 1024w, https:\/\/mjvv.org\/wp-content\/uploads\/2022\/06\/Lamikai03_1200x500-768x320.jpg 768w\" sizes=\"(max-width: 1200px) 100vw, 1200px\" \/><\/p>\n<p align=\"justify\"><b>Il suo motto:<\/b> \u201c<i>Con Bibbia e Croce aiuteremo il mondo\u201d.<\/i><\/p>\n<p align=\"justify\"><span lang=\"es-ES\"><b><img loading=\"lazy\" decoding=\"async\" class=\"aligncenter wp-image-4470 size-full\" src=\"https:\/\/mjvv.org\/wp-content\/uploads\/2022\/06\/Lamikai04_1200x500.jpg\" alt=\"\" width=\"1200\" height=\"500\" srcset=\"https:\/\/mjvv.org\/wp-content\/uploads\/2022\/06\/Lamikai04_1200x500.jpg 1200w, https:\/\/mjvv.org\/wp-content\/uploads\/2022\/06\/Lamikai04_1200x500-300x125.jpg 300w, https:\/\/mjvv.org\/wp-content\/uploads\/2022\/06\/Lamikai04_1200x500-1024x427.jpg 1024w, https:\/\/mjvv.org\/wp-content\/uploads\/2022\/06\/Lamikai04_1200x500-768x320.jpg 768w\" sizes=\"(max-width: 1200px) 100vw, 1200px\" \/><\/b><\/span><\/p>\n<p align=\"justify\"><b>La loro formazione:<\/b> \u00e8 intellettuale e spirituale attraverso newsletter, la guida LAMIKAI, visite a domicilio ed incontri.<\/p>\n<p align=\"justify\">Per aderire al LAMIKAI \u00e8 necessario voler far parte della famiglia Kaiserina e avere pi\u00f9 di 18 anni. Ci sono due modi per diventare membri: attivo o passivo, a seconda della propria scelta.<b><\/b><\/p>\n<p align=\"justify\"><img loading=\"lazy\" decoding=\"async\" class=\"aligncenter wp-image-4465 size-full\" src=\"https:\/\/mjvv.org\/wp-content\/uploads\/2022\/06\/Lamikai05_1200x500.jpg\" alt=\"\" width=\"1200\" height=\"500\" srcset=\"https:\/\/mjvv.org\/wp-content\/uploads\/2022\/06\/Lamikai05_1200x500.jpg 1200w, https:\/\/mjvv.org\/wp-content\/uploads\/2022\/06\/Lamikai05_1200x500-300x125.jpg 300w, https:\/\/mjvv.org\/wp-content\/uploads\/2022\/06\/Lamikai05_1200x500-1024x427.jpg 1024w, https:\/\/mjvv.org\/wp-content\/uploads\/2022\/06\/Lamikai05_1200x500-768x320.jpg 768w\" sizes=\"(max-width: 1200px) 100vw, 1200px\" \/><\/p>\n","protected":false},"excerpt":{"rendered":"<p>Sono laici che si trovano nel mondo, uomini e donne che, dalle loro case, dai loro luoghi di lavoro e nella loro vita quotidiana, pregano e offrono sacrifici per la conversione dei peccatori, per la perseveranza dei Missionarie di Ges\u00f9, Verbo e Vittima, e per l&#8217;aumento delle vocazioni. Sono missionari perch\u00e9 la Chiesa \u00e8 missionaria [&hellip;]<\/p>\n","protected":false},"author":1,"featured_media":0,"parent":0,"menu_order":0,"comment_status":"closed","ping_status":"closed","template":"templates\/page-lamikai.php","meta":{"footnotes":""},"class_list":["post-4947","page","type-page","status-publish","hentry"],"jetpack_sharing_enabled":true,"_links":{"self":[{"href":"https:\/\/mjvv.org\/it\/wp-json\/wp\/v2\/pages\/4947","targetHints":{"allow":["GET"]}}],"collection":[{"href":"https:\/\/mjvv.org\/it\/wp-json\/wp\/v2\/pages"}],"about":[{"href":"https:\/\/mjvv.org\/it\/wp-json\/wp\/v2\/types\/page"}],"author":[{"embeddable":true,"href":"https:\/\/mjvv.org\/it\/wp-json\/wp\/v2\/users\/1"}],"replies":[{"embeddable":true,"href":"https:\/\/mjvv.org\/it\/wp-json\/wp\/v2\/comments?post=4947"}],"version-history":[{"count":2,"href":"https:\/\/mjvv.org\/it\/wp-json\/wp\/v2\/pages\/4947\/revisions"}],"predecessor-version":[{"id":4949,"href":"https:\/\/mjvv.org\/it\/wp-json\/wp\/v2\/pages\/4947\/revisions\/4949"}],"wp:attachment":[{"href":"https:\/\/mjvv.org\/it\/wp-json\/wp\/v2\/media?parent=4947"}],"curies":[{"name":"wp","href":"https:\/\/api.w.org\/{rel}","templated":true}]}}