{"id":4929,"date":"2022-06-08T17:06:14","date_gmt":"2022-06-08T15:06:14","guid":{"rendered":"https:\/\/mjvv.org\/?page_id=4929"},"modified":"2022-06-29T12:00:47","modified_gmt":"2022-06-29T10:00:47","slug":"missione","status":"publish","type":"page","link":"https:\/\/mjvv.org\/it\/missione\/","title":{"rendered":"Missione"},"content":{"rendered":"<p><span style=\"font-family: Cambria, serif;\"><span style=\"font-size: medium;\">Come dice Papa Francesco<\/span><\/span><span style=\"font-family: Cambria, serif;\"><span style=\"font-size: medium;\"><i>, &#8220;la Chiesa deve essere come Dio: sempre in uscita&#8221;<\/i><\/span><\/span><span style=\"font-family: Cambria, serif;\"><span style=\"font-size: medium;\">. Seguendo il comando del Signore di <\/span><\/span><span style=\"font-family: Cambria, serif;\"><span style=\"font-size: medium;\"><i>&#8220;andare in tutto il mondo e proclamare il Vangelo&#8221; (cfr. Mc 16, 15),<\/i><\/span><\/span><span style=\"font-family: Cambria, serif;\"><span style=\"font-size: medium;\"> dobbiamo essere annunciatori della Buona Novella perch\u00e9 <\/span><\/span><span style=\"font-family: Cambria, serif;\"><span style=\"font-size: medium;\"><i>&#8220;Dio vuole che tutti gli uomini siano salvati e che vengano conoscenza della verit\u00e0&#8221; (cfr. 1 Tim 2, 4).<\/i><\/span><\/span><\/p>\n<p><span style=\"font-family: Cambria, serif;\"><span style=\"font-size: medium;\">L&#8217;apostolato \u00e8 quello per cui Ges\u00f9 ha scelto, preparato e inviato i dodici. Noi cattolici siamo chiamati a partecipare a questo apostolato, grazie al nostro Battesimo, \u00e8 la volont\u00e0 di Dio. <\/span><\/span><\/p>\n<p><span style=\"font-family: Cambria, serif;\"><span style=\"font-size: medium;\">Questo apostolato si estende a vari campi:<\/span><\/span><\/p>\n<ul>\n<li><span style=\"font-family: Cambria, serif;\"><span style=\"font-size: medium;\"><i><b>L&#8217;apostolato della preghiera<\/b><\/i><\/span><\/span><span style=\"font-family: Cambria, serif;\"><span style=\"font-size: medium;\">: \u00e8 di estrema importanza per l&#8217;apostolato e il suo lavoro; senza la preghiera il lavoro apostolico rimane infruttuoso. L&#8217;apostolo Paolo era consapevole di questa importanza: <\/span><\/span><span style=\"font-family: Cambria, serif;\"><span style=\"font-size: medium;\"><i>&#8220;Fratelli, pregate per noi, affinch\u00e9 la parola del Signore possa spandersi rapidamente e sia glorificata, come lo \u00e8 fra voi&#8221; (2 Tess. 3,1)<\/i><\/span><\/span><span style=\"font-family: Cambria, serif;\"><span style=\"font-size: medium;\">. Senza preghiera non c&#8217;\u00e8 apostolo n\u00e9 apostolato. Chi non pu\u00f2 essere apostolo della parola, sia apostolo della preghiera. L&#8217;apostolato della parola deve essere accompagnato e reso fecondo dalla preghiera.<\/span><\/span><\/li>\n<li><span style=\"font-family: Cambria, serif;\"><span style=\"font-size: medium;\"><i><b>Apostolato della Parola: <\/b><\/i><\/span><\/span><span style=\"font-family: Cambria, serif;\"><span style=\"font-size: medium;\">\u00e8 un vero e proprio obbligo: <\/span><\/span><span style=\"font-family: Cambria, serif;\"><span style=\"font-size: medium;\"><i>&#8220;Non astenerti dal parlare nel momento opportuno, non nascondere la tua sapienza.&#8221; (Sir. 4,23).<\/i><\/span><\/span> <span style=\"font-family: Cambria, serif;\"><span style=\"font-size: medium;\"><i>&#8220;<\/i><\/span><\/span><i> <\/i><span style=\"font-family: Cambria, serif;\"><span style=\"font-size: medium;\"><i>Annunzia la parola, insisti in ogni occasione opportuna e non opportuna&#8230;&#8221; (2 Tim. 4,2).<\/i><\/span><\/span><\/li>\n<li><span style=\"font-family: Cambria, serif;\"><span style=\"font-size: medium;\"><i><b>Apostolato del Buon Esempio:<\/b><\/i><\/span><\/span><span style=\"font-family: Cambria, serif;\"><span style=\"font-size: medium;\"> il sale insaporisce il cibo, in modo che sia gradito; la nostra mitezza deve insaporire il nostro parlare in modo che sia gradito: <\/span><\/span><span style=\"font-family: Cambria, serif;\"><span style=\"font-size: medium;\"><i>&#8220;Ora un servo del Signore non deve contendere, ma deve essere mite verso tutti, atto ad insegnare e paziente, ammaestrando con mansuetudine gli oppositori, nella speranza che Dio conceda loro di ravvedersi perch\u00e9 giungano a riconoscere la verit\u00e0&#8221; (2 Tim 2, 24-25).<\/i><\/span><\/span><span style=\"font-family: Cambria, serif;\"><span style=\"font-size: medium;\"> Come dice un noto proverbio, &#8220;le parole illustrano, gli esempi guidano&#8221;.<\/span><\/span><\/li>\n<\/ul>\n<p><span style=\"font-family: Cambria, serif;\"><span style=\"font-size: medium;\">Noi Missionari di Ges\u00f9 Verbo e Vittima vogliamo integrare il nostro apostolato specificamente missionario, lavorando in luoghi remoti, abbandonati e poveri per adempiere al mandato missionario del Signore di <\/span><\/span><span style=\"font-family: Cambria, serif;\"><span style=\"font-size: medium;\"><i>andare a predicare<\/i><\/span><\/span><span style=\"font-family: Cambria, serif;\"><span style=\"font-size: medium;\">. Come dice Papa Francesco:<\/span><\/span><\/p>\n<p align=\"center\"><span style=\"font-family: Cambria, serif;\"><span style=\"font-size: medium;\"><i>La missione sar\u00e0 sempre anche &#8220;<\/i><\/span><\/span><span style=\"font-family: Cambria, serif;\"><span style=\"font-size: medium;\"><span lang=\"la-VA\"><i>missio<\/i><\/span><\/span><\/span><span style=\"font-family: Cambria, serif;\"><span style=\"font-size: medium;\"><i> ad <\/i><\/span><\/span><span style=\"font-family: Cambria, serif;\"><span style=\"font-size: medium;\"><span lang=\"la-VA\"><i>gentes<\/i><\/span><\/span><\/span><span style=\"font-family: Cambria, serif;\"><span style=\"font-size: medium;\"><i>&#8220;, perch\u00e9 la Chiesa deve sempre andare pi\u00f9 lontano, oltre i propri confini, per annunciare l&#8217;amore di Cristo a tutti.<\/i><\/span><\/span><\/p>\n","protected":false},"excerpt":{"rendered":"<p>Come dice Papa Francesco, &#8220;la Chiesa deve essere come Dio: sempre in uscita&#8221;. Seguendo il comando del Signore di &#8220;andare in tutto il mondo e proclamare il Vangelo&#8221; (cfr. Mc 16, 15), dobbiamo essere annunciatori della Buona Novella perch\u00e9 &#8220;Dio vuole che tutti gli uomini siano salvati e che vengano conoscenza della verit\u00e0&#8221; (cfr. 1 [&hellip;]<\/p>\n","protected":false},"author":1,"featured_media":0,"parent":0,"menu_order":0,"comment_status":"closed","ping_status":"closed","template":"templates\/page-boxblu.php","meta":{"footnotes":""},"class_list":["post-4929","page","type-page","status-publish","hentry"],"jetpack_sharing_enabled":true,"_links":{"self":[{"href":"https:\/\/mjvv.org\/it\/wp-json\/wp\/v2\/pages\/4929","targetHints":{"allow":["GET"]}}],"collection":[{"href":"https:\/\/mjvv.org\/it\/wp-json\/wp\/v2\/pages"}],"about":[{"href":"https:\/\/mjvv.org\/it\/wp-json\/wp\/v2\/types\/page"}],"author":[{"embeddable":true,"href":"https:\/\/mjvv.org\/it\/wp-json\/wp\/v2\/users\/1"}],"replies":[{"embeddable":true,"href":"https:\/\/mjvv.org\/it\/wp-json\/wp\/v2\/comments?post=4929"}],"version-history":[{"count":2,"href":"https:\/\/mjvv.org\/it\/wp-json\/wp\/v2\/pages\/4929\/revisions"}],"predecessor-version":[{"id":4931,"href":"https:\/\/mjvv.org\/it\/wp-json\/wp\/v2\/pages\/4929\/revisions\/4931"}],"wp:attachment":[{"href":"https:\/\/mjvv.org\/it\/wp-json\/wp\/v2\/media?parent=4929"}],"curies":[{"name":"wp","href":"https:\/\/api.w.org\/{rel}","templated":true}]}}