{"id":4927,"date":"2022-06-08T17:04:47","date_gmt":"2022-06-08T15:04:47","guid":{"rendered":"https:\/\/mjvv.org\/?page_id=4927"},"modified":"2022-06-29T11:58:45","modified_gmt":"2022-06-29T09:58:45","slug":"gesu-vittima","status":"publish","type":"page","link":"https:\/\/mjvv.org\/it\/gesu-vittima\/","title":{"rendered":"Ges\u00f9 Vittima"},"content":{"rendered":"<p align=\"center\">\u201c<span style=\"font-family: Cambria, serif;\"><span style=\"font-size: medium;\"><i>E chiunque non porta la sua croce e mi segue, non pu\u00f2 essere mio discepolo.\u201d (Lc 14,27)<\/i><\/span><\/span><\/p>\n<p align=\"justify\"><span style=\"font-family: Cambria, serif;\"><span style=\"font-size: medium;\">Ges\u00f9, la vittima, \u00e8 vissuto e morto per salvarci. Si \u00e8 fatto obbediente fino alla morte ed \u00e8 morto sulla croce per liberarci dalla schiavit\u00f9 del peccato. La Croce divenne cos\u00ec il simbolo del mistero cristiano della redenzione, perch\u00e9 su di essa il nostro Salvatore scelse liberamente di morire. In questo modo, la Croce \u00e8 una parte essenziale della vita di ogni cristiano. Se siamo seguaci di Cristo, dobbiamo anche essere pronti a <\/span><\/span><span style=\"font-family: Cambria, serif;\"><span style=\"font-size: medium;\"><i>&#8220;portare la croce ogni giorno&#8221; (cfr. Lc. 9,23).<\/i><\/span><\/span><span style=\"font-family: Cambria, serif;\"><span style=\"font-size: medium;\"> Ma questa croce \u00e8 fatta su misura per ciascuno di noi, perch\u00e9 &#8220;<\/span><\/span><span style=\"font-family: Cambria, serif;\"><span style=\"font-size: medium;\"><i>Dio \u00e8 fedele e non permetter\u00e0 che siate tentati oltre le vostre forze, ma con la tentazione vi dar\u00e0 anche la via d&#8217;uscita, affinch\u00e9 la possiate sostenere.&#8221; (1 Cor 10, 13)<\/i><\/span><\/span><span style=\"font-family: Cambria, serif;\"><span style=\"font-size: medium;\">.<\/span><\/span><\/p>\n<p align=\"justify\"><span style=\"font-family: Cambria, serif;\"><span style=\"font-size: medium;\">Il vero cristiano \u00e8 un altro Cristo. Pu\u00f2 e deve dire: <\/span><\/span><span style=\"font-family: Cambria, serif;\"><span style=\"font-size: medium;\"><i>&#8220;Non sono pi\u00f9 io che vivo, ma \u00e8 Cristo che vive in me&#8221; (Gal 2,20). <\/i><\/span><\/span><span style=\"font-family: Cambria, serif;\"><span style=\"font-size: medium;\">Il suo pensiero \u00e8 il pensiero di Cristo, determinato dalla dottrina del Re supremo e divino; il suo parlare e fare \u00e8 il parlare e fare di Cristo, ispirato dallo Spirito di Cristo. Il vero cristiano opera in tutto secondo la mente di Cristo e in virt\u00f9 della vita di Cristo, di quella vita divina che porta nella sua anima come grazia santificante.<\/span><\/span><\/p>\n<p align=\"justify\"><span style=\"font-family: Cambria, serif;\"><span style=\"font-size: medium;\">Non viviamo come <\/span><\/span><span style=\"font-family: Cambria, serif;\"><span style=\"font-size: medium;\"><i>&#8220;nemici della croce di Cristo&#8221; (Fil 3,18)<\/i><\/span><\/span><span style=\"font-family: Cambria, serif;\"><span style=\"font-size: medium;\">, ma diciamo come San Paolo: &#8220;<\/span><\/span><span style=\"font-family: Cambria, serif;\"><span style=\"font-size: medium;\"><i>Io sono stato crocifisso con Cristo e non sono pi\u00f9 che vivo, ma \u00e8 Cristo vive in me&#8221; (Gal 2,20)<\/i><\/span><\/span><span style=\"font-family: Cambria, serif;\"><span style=\"font-size: medium;\">. Che la nostra vita e le nostre opere riflettano la vita di Ges\u00f9 Vittima <\/span><\/span><span style=\"font-family: Cambria, serif;\"><span style=\"font-size: medium;\"><i>\u201cche mi ha amato e ha dato se stesso per me&#8221; (Gal. 2,20b). <\/i><\/span><\/span><\/p>\n<p align=\"center\"><span style=\"font-family: Cambria, serif;\"><span style=\"font-size: medium;\"><i>Ges\u00f9, vittima dei peccatori, rendi il nostro cuore simile al tuo.<\/i><\/span><\/span><\/p>\n","protected":false},"excerpt":{"rendered":"<p>\u201cE chiunque non porta la sua croce e mi segue, non pu\u00f2 essere mio discepolo.\u201d (Lc 14,27) Ges\u00f9, la vittima, \u00e8 vissuto e morto per salvarci. Si \u00e8 fatto obbediente fino alla morte ed \u00e8 morto sulla croce per liberarci dalla schiavit\u00f9 del peccato. La Croce divenne cos\u00ec il simbolo del mistero cristiano della redenzione, [&hellip;]<\/p>\n","protected":false},"author":1,"featured_media":0,"parent":0,"menu_order":0,"comment_status":"closed","ping_status":"closed","template":"templates\/page-boxblu.php","meta":{"footnotes":""},"class_list":["post-4927","page","type-page","status-publish","hentry"],"jetpack_sharing_enabled":true,"_links":{"self":[{"href":"https:\/\/mjvv.org\/it\/wp-json\/wp\/v2\/pages\/4927","targetHints":{"allow":["GET"]}}],"collection":[{"href":"https:\/\/mjvv.org\/it\/wp-json\/wp\/v2\/pages"}],"about":[{"href":"https:\/\/mjvv.org\/it\/wp-json\/wp\/v2\/types\/page"}],"author":[{"embeddable":true,"href":"https:\/\/mjvv.org\/it\/wp-json\/wp\/v2\/users\/1"}],"replies":[{"embeddable":true,"href":"https:\/\/mjvv.org\/it\/wp-json\/wp\/v2\/comments?post=4927"}],"version-history":[{"count":1,"href":"https:\/\/mjvv.org\/it\/wp-json\/wp\/v2\/pages\/4927\/revisions"}],"predecessor-version":[{"id":4928,"href":"https:\/\/mjvv.org\/it\/wp-json\/wp\/v2\/pages\/4927\/revisions\/4928"}],"wp:attachment":[{"href":"https:\/\/mjvv.org\/it\/wp-json\/wp\/v2\/media?parent=4927"}],"curies":[{"name":"wp","href":"https:\/\/api.w.org\/{rel}","templated":true}]}}