{"id":4924,"date":"2022-06-08T17:24:46","date_gmt":"2022-06-08T15:24:46","guid":{"rendered":"https:\/\/mjvv.org\/?page_id=4924"},"modified":"2022-06-29T11:56:38","modified_gmt":"2022-06-29T09:56:38","slug":"gesu-verbo","status":"publish","type":"page","link":"https:\/\/mjvv.org\/it\/gesu-verbo\/","title":{"rendered":"Ges\u00f9 Verbo"},"content":{"rendered":"<p align=\"justify\"><span style=\"font-family: Cambria, serif;\"><span style=\"font-size: medium;\"><i>&#8220;Ogni volta che apro la Bibbia mi meraviglio della mia ignoranza quando vedo l&#8217;immenso oceano di ricchezza, rivelatrice e fortificante, che non ho ancora bevuto&#8221; F.K. <\/i><\/span><\/span><\/p>\n<p align=\"justify\"><span style=\"font-family: Cambria, serif;\"><span style=\"font-size: medium;\">Se San Giovanni ci dice che il &#8220;Verbo si \u00e8 fatto carne&#8221; (1,14), \u00e8 lecito formulare che il Verbo si \u00e8 fatto lettera, perch\u00e9 Colui che si \u00e8 incarnato nella Vergine Maria si \u00e8 <\/span><\/span><span style=\"font-family: Cambria, serif;\"><span style=\"font-size: medium;\"><i>Enletrato<\/i><\/span><\/span><span style=\"font-family: Cambria, serif;\"><span style=\"font-size: medium;\"> nella Sacra Bibbia, la Parola per eccellenza dove \u00e8 scritto gran parte di ci\u00f2 che la Parola di Dio ci ha detto. La Bibbia \u00e8 il Libro Sacro, perch\u00e9 \u00e8 la Parola di Dio. Deve essere letta in modo sacro, cio\u00e8 non con curiosit\u00e0 profana, ma con una sincera fame di Dio. Ecco perch\u00e9 il profeta dice:<\/span><\/span><\/p>\n<p align=\"justify\">\u201c<span style=\"font-family: Cambria, serif;\"><span style=\"font-size: medium;\"><i>Ecco, verranno giorni, &#8211; dice il Signore Dio &#8211; in cui mander\u00f2 la fame nel paese, non fame di pane, n\u00e9 sete di acqua, ma d&#8217;ascoltare la parola del Signore. (Amos 8,11)<\/i><\/span><\/span><span style=\"font-family: Cambria, serif;\"><span style=\"font-size: medium;\">. Perch\u00e9 <\/span><\/span><span style=\"font-family: Cambria, serif;\"><span style=\"font-size: medium;\"><i>\u201cNon di solo pane vivr\u00e0 l&#8217;uomo, ma di ogni parola che esce dalla bocca di Dio\u201d (Mt 4,4).<\/i><\/span><\/span><\/p>\n<p align=\"justify\"><span style=\"font-family: Cambria, serif;\"><span style=\"font-size: medium;\"><i>Leggiamo sacralmente la Bibbia:<\/i><\/span><\/span><\/p>\n<ul>\n<li>\n<p align=\"justify\"><span style=\"font-family: Cambria, serif;\"><span style=\"font-size: medium;\">Se chiediamo a Dio di illuminarci. \u00c8 bene studiare la Bibbia, guidati dalla preghiera allo Spirito Santo:<\/span><\/span><span style=\"font-family: Cambria, serif;\"><span style=\"font-size: medium;\"><i> \u201cPer tutte queste cose invoca l&#8217;Altissimo, perch\u00e9 guidi la tua via secondo verit\u00e0\u201d (Sir, 37,15)<\/i><\/span><\/span><\/p>\n<\/li>\n<li>\n<p align=\"justify\"><span style=\"font-family: Cambria, serif;\"><span style=\"font-size: medium;\">Se ci lasciamo guidare fedelmente dalla spiegazione che la Santa Chiesa ci d\u00e0 di Lei. Infatti, come dice la stessa Bibbia, ad esempio, delle epistole di San Paolo: in esse c&#8217;\u00e8 <\/span><\/span><span style=\"font-family: Cambria, serif;\"><span style=\"font-size: medium;\"><i>\u201cIn esse vi sono alcune cose difficili da comprendere, che gli uomini ignoranti ed instabili torcono, come fanno con le altre Scritture, a loro propria perdizione.\u201d (2 Pietro 3,16b)<\/i><\/span><\/span> <span style=\"font-family: Cambria, serif;\"><span style=\"font-size: medium;\">La Bibbia deve essere sempre letta alla luce della fede e <\/span><\/span><span style=\"font-family: Cambria, serif;\"><span style=\"font-size: medium;\"><i>&#8220;secondo la proporzione della fede&#8221; (Rm 12,6b<\/i><\/span><\/span><span style=\"font-family: Cambria, serif;\"><span style=\"font-size: medium;\">), come insegna la Chiesa infallibile.<\/span><\/span><\/p>\n<\/li>\n<li>\n<p align=\"justify\"><span style=\"font-family: Cambria, serif;\"><span style=\"font-size: medium;\">Se studiamo e conosciamo bene il nostro Catechismo della Chiesa Cattolica. Poi leggeremo la Bibbia in modo catechistico e il Catechismo in modo biblico. \u00c8 cos\u00ec che passeremo <\/span><\/span><span style=\"font-family: Cambria, serif;\"><span style=\"font-size: medium;\"><i>&#8221; di fede in fede&#8221; (Rm 1,17)<\/i><\/span><\/span><span style=\"font-family: Cambria, serif;\"><span style=\"font-size: medium;\">, cio\u00e8 da una fede autentica a una fede pi\u00f9 chiara e profonda <\/span><\/span><span style=\"font-family: Cambria, serif;\"><span style=\"font-size: medium;\"><i>&#8220;che \u00e8 potenza di Dio&#8221; (Rm 1,16).<\/i><\/span><\/span><\/p>\n<\/li>\n<li>\n<p align=\"justify\"><span style=\"font-family: Cambria, serif;\"><span style=\"font-size: medium;\">Se lo leggiamo alla luce della Tradizione. Anche la tradizione \u00e8 Parola di Dio: <\/span><\/span><span style=\"font-family: Cambria, serif;\"><span style=\"font-size: medium;\"><i>&#8220;Perci\u00f2, fratelli, state saldi e ritenete gli insegnamenti che avete imparato tramite la parola o la nostra epistola.&#8221; (2 Tess. 2,15)<\/i><\/span><\/span><span style=\"font-family: Cambria, serif;\"><span style=\"font-size: medium;\">. La Bibbia e la Tradizione sono la Parola di Dio, e la Chiesa ci insegna e spiega entrambe. <\/span><\/span><span style=\"font-family: Cambria, serif;\"><span style=\"font-size: medium;\"><span lang=\"es-ES\">Guidati da lei, siamo su un sentiero sicuro.<\/span><\/span><\/span><\/p>\n<\/li>\n<\/ul>\n<p align=\"justify\"><span style=\"font-family: Cambria, serif;\"><span style=\"font-size: medium;\">La lettura quotidiana, sacra e attenta della Bibbia ci aiuta a penetrare sempre pi\u00f9 profondamente nella verit\u00e0 e a perseverare nella sua pratica. Perch\u00e9 Ges\u00f9 stesso ce lo promette:<\/span><\/span><\/p>\n<p align=\"center\"><span style=\"font-family: Cambria, serif;\"><span style=\"font-size: medium;\"><i>\u00abSe dimorate nella mia parola, siete veramente miei discepoli; 32 conoscerete la verit\u00e0 e la verit\u00e0 vi far\u00e0 liberi\u00bb. (Giov 8,31-32)<\/i><\/span><\/span><\/p>\n","protected":false},"excerpt":{"rendered":"<p>&#8220;Ogni volta che apro la Bibbia mi meraviglio della mia ignoranza quando vedo l&#8217;immenso oceano di ricchezza, rivelatrice e fortificante, che non ho ancora bevuto&#8221; F.K. Se San Giovanni ci dice che il &#8220;Verbo si \u00e8 fatto carne&#8221; (1,14), \u00e8 lecito formulare che il Verbo si \u00e8 fatto lettera, perch\u00e9 Colui che si \u00e8 incarnato [&hellip;]<\/p>\n","protected":false},"author":1,"featured_media":0,"parent":0,"menu_order":0,"comment_status":"closed","ping_status":"closed","template":"templates\/page-boxblu.php","meta":{"footnotes":""},"class_list":["post-4924","page","type-page","status-publish","hentry"],"jetpack_sharing_enabled":true,"_links":{"self":[{"href":"https:\/\/mjvv.org\/it\/wp-json\/wp\/v2\/pages\/4924","targetHints":{"allow":["GET"]}}],"collection":[{"href":"https:\/\/mjvv.org\/it\/wp-json\/wp\/v2\/pages"}],"about":[{"href":"https:\/\/mjvv.org\/it\/wp-json\/wp\/v2\/types\/page"}],"author":[{"embeddable":true,"href":"https:\/\/mjvv.org\/it\/wp-json\/wp\/v2\/users\/1"}],"replies":[{"embeddable":true,"href":"https:\/\/mjvv.org\/it\/wp-json\/wp\/v2\/comments?post=4924"}],"version-history":[{"count":2,"href":"https:\/\/mjvv.org\/it\/wp-json\/wp\/v2\/pages\/4924\/revisions"}],"predecessor-version":[{"id":4926,"href":"https:\/\/mjvv.org\/it\/wp-json\/wp\/v2\/pages\/4924\/revisions\/4926"}],"wp:attachment":[{"href":"https:\/\/mjvv.org\/it\/wp-json\/wp\/v2\/media?parent=4924"}],"curies":[{"name":"wp","href":"https:\/\/api.w.org\/{rel}","templated":true}]}}