{"id":4869,"date":"2022-06-20T19:32:59","date_gmt":"2022-06-20T17:32:59","guid":{"rendered":"https:\/\/mjvv.org\/?page_id=4869"},"modified":"2022-06-27T16:56:20","modified_gmt":"2022-06-27T14:56:20","slug":"processo-di-beatificazione","status":"publish","type":"page","link":"https:\/\/mjvv.org\/it\/federico-kaiser\/processo-di-beatificazione\/","title":{"rendered":"Processo di beatificazione"},"content":{"rendered":"<p align=\"center\"><span style=\"font-family: Cambria, serif;\"><span style=\"font-size: large;\"><span lang=\"es-ES\"><b>Fase diocesana del processo di beatificazione<\/b><\/span><\/span><\/span><\/p>\n<p align=\"justify\"><span style=\"font-family: Cambria, serif;\"><span style=\"font-size: medium;\">Dalla sua partenza per il cielo, il 26 settembre 1993, molte persone sono state aiutate dall&#8217;intercessione di Frederick Kaiser. Innumerevoli lettere e visite alla sua tomba lo testimoniano. I sentimenti dei fedeli spinsero Madre Giacinta a consultare l&#8217;allora arcivescovo di Lima, il cardinale Juan Luis Cipriani Thorne, poich\u00e9 padre Kaiser aveva reso l&#8217;anima a Dio a Lima. La risposta del Cardinale \u00e8 stata positiva. Sotto la guida del Rev. Padre Pedro Zubieta OCD, sono stati avviati i passi giuridici da seguire. <\/span><\/span><\/p>\n<p align=\"justify\"><span style=\"font-family: Cambria, serif;\"><span style=\"font-size: medium;\"><span lang=\"es-ES\"><img fetchpriority=\"high\" decoding=\"async\" class=\"aligncenter wp-image-4651 size-full\" src=\"https:\/\/mjvv.org\/wp-content\/uploads\/2022\/06\/processo-di-beatificazione-1200x650px.jpg\" alt=\"\" width=\"1200\" height=\"650\" srcset=\"https:\/\/mjvv.org\/wp-content\/uploads\/2022\/06\/processo-di-beatificazione-1200x650px.jpg 1200w, https:\/\/mjvv.org\/wp-content\/uploads\/2022\/06\/processo-di-beatificazione-1200x650px-300x163.jpg 300w, https:\/\/mjvv.org\/wp-content\/uploads\/2022\/06\/processo-di-beatificazione-1200x650px-1024x555.jpg 1024w, https:\/\/mjvv.org\/wp-content\/uploads\/2022\/06\/processo-di-beatificazione-1200x650px-768x416.jpg 768w\" sizes=\"(max-width: 1200px) 100vw, 1200px\" \/><\/span><\/span><\/span><\/p>\n<p align=\"justify\"><span style=\"font-family: Cambria, serif;\"><span style=\"font-size: medium;\">Il 28 settembre 2018 il Cardinale Cipriani, dopo aver ricevuto dalla Santa Sede il Nihil obstat, ha introdotto il processo di canonizzazione sulla vita e le virt\u00f9 eroiche del Servo di Dio Mons. Frederick Kaiser MSC.<\/span><\/span><\/p>\n<p align=\"justify\"><span style=\"font-family: Cambria, serif;\"><span style=\"font-size: medium;\">Durante la solenne sessione di apertura, il cardinale Cipriani, come i membri del tribunale, ha prestato giuramento. Il tribunale costituito da Sua Eminenza era cos\u00ec composto: <\/span><\/span><\/p>\n<p align=\"justify\"><span style=\"font-family: Cambria, serif;\"><span style=\"font-size: medium;\">&#8211; Giudice delegato il Rev. Padre Fernando Palacios Blanco.<\/span><\/span><\/p>\n<p align=\"justify\"><span style=\"font-family: Cambria, serif;\"><span style=\"font-size: medium;\">&#8211; Alberto Marav\u00ed Petrozzi, promotore di giustizia. <\/span><\/span><\/p>\n<p align=\"justify\"><span style=\"font-family: Cambria, serif;\"><span style=\"font-size: medium;\">&#8211; Notaio attuario Rev. Padre Julio Zafra Cotrina. <\/span><\/span><\/p>\n<p align=\"justify\"><span style=\"font-family: Cambria, serif;\"><span style=\"font-size: medium;\">&#8211; Assistente notarile Madre Ana MJVV. <\/span><\/span><\/p>\n<p align=\"justify\"><span style=\"font-family: Cambria, serif;\"><span style=\"font-size: medium;\">&#8211; E come Postulatrice, Madre Inmaculata MJVV.<\/span><\/span><\/p>\n<p align=\"justify\"><span style=\"font-family: Cambria, serif;\"><span style=\"font-size: medium;\">Il Tribunale ecclesiastico ha interrogato 54 testimoni che lo hanno conosciuto in vita e si \u00e8 anche recato a Caravel\u00ed per ascoltare alcuni testimoni che, a causa della loro et\u00e0, non potevano presentarsi a Lima. Mentre si trovavano a Caravel\u00ed hanno firmato il decreto di assenza dal culto.<\/span><\/span><\/p>\n<p align=\"justify\"><span style=\"font-family: Cambria, serif;\"><span style=\"font-size: medium;\">La sessione conclusiva si \u00e8 tenuta il 26 luglio 2019, presieduta dal vescovo ausiliare Octavio Casaverde. Octavio Casaverde, dove ha giurato la Madre Trinit\u00e0 MJVV come portatrice degli atti del processo. Con questo atto si \u00e8 conclusa la fase diocesana.<\/span><\/span><\/p>\n<p align=\"justify\"><span style=\"font-family: Cambria, serif;\"><span style=\"font-size: medium;\"><span lang=\"es-ES\">\u00a0<\/span><\/span><\/span><\/p>\n<p align=\"center\"><span style=\"font-family: Cambria, serif;\"><span style=\"font-size: large;\"><span lang=\"es-ES\"><b>Fase romana del processo di beatificazione<\/b><\/span><\/span><\/span><\/p>\n<p align=\"justify\"><span style=\"font-family: Cambria, serif;\"><span style=\"font-size: medium;\">Il 17 settembre 2019, Madre Giacinta MJVV e Madre Trinidad MJVV, portatrici del processo, si sono recate presso l&#8217;ufficio della Congregazione delle Cause dei Santi e hanno consegnato a Mons. Giacomo Pappalardo, officiale della Congregazione, le due copie degli atti del processo di beatificazione di Federico Kaiser. \u00c8 iniziata la fase romana del processo.<\/span><\/span><\/p>\n<p align=\"justify\"><span style=\"font-family: Cambria, serif;\"><span style=\"font-size: medium;\">Madre Giacinta, in qualit\u00e0 di Attrice della Causa, ha presentato come Postulatrice presso la Santa Sede la dott.ssa Mar\u00eda Victoria Hern\u00e1ndez Rodr\u00edguez, dell&#8217;I.S. Crociate di Santa Maria, il 4 ottobre 2019. <\/span><\/span><\/p>\n<p align=\"justify\"><span style=\"font-family: Cambria, serif;\"><span style=\"font-size: medium;\">La dott.ssa Mar\u00eda Victoria Hern\u00e1ndez Rodr\u00edguez ha conseguito il dottorato in Diritto canonico presso l&#8217;Universit\u00e0 Pontificia Salesiana di Roma, dove ha insegnato Filosofia e teoria generale del diritto e Diritto processuale canonico presso la Facolt\u00e0 di Diritto canonico. \u00c8 giudice del Tribunale ordinario del Vicariato di Roma e docente presso l&#8217;Universit\u00e0 Javeriana di Bogot\u00e0. \u00c8 postulatrice delle cause di canonizzazione del Venerabile P. Tom\u00e1s Morales, S.J., del Venerabile \u00c1ngel Riesco Carbajo e delle Infermiere Martiri di Astorga, tra gli altri.<\/span><\/span><\/p>\n<p align=\"justify\"><span style=\"font-family: Cambria, serif;\"><span style=\"font-size: medium;\">Allo stesso modo, il 1\u00b0 ottobre, la Madre Attrice ha presentato alla Santa Sede Madre Trinidad MJVV come amministratrice del fondo dei beni della Causa.<\/span><\/span><\/p>\n<p align=\"justify\"><span style=\"font-family: Cambria, serif;\"><span style=\"font-size: medium;\">Il decreto di apertura dei fondi \u00e8 stato emesso alla fine di dicembre 2019 e il 9 gennaio 2020 sono stati aperti alla presenza della dott.ssa Maria Victoria Hernandez. <\/span><\/span><\/p>\n<p align=\"center\"><span style=\"font-family: Cambria, serif;\"><span style=\"font-size: large;\"><span lang=\"es-ES\"><b>Decreto de Validez Jur\u00eddica<\/b><\/span><\/span><\/span><\/p>\n<p align=\"justify\"><span style=\"font-family: Cambria, serif;\"><span style=\"font-size: medium;\">All&#8217;inizio di marzo 2021 \u00e8 stato concesso il Decreto di validit\u00e0 legale. Una volta verificata la conformit\u00e0 del processo diocesano alle norme giuridiche, la Congregazione per le Cause dei Santi ha consegnato al Postulatore una copia autentica del processo, detta copia pubblica.<\/span><\/span><\/p>\n<p align=\"center\"><span style=\"font-family: Cambria, serif;\"><span style=\"font-size: large;\"><span lang=\"es-ES\"><b>Nombramiento del Relator<\/b><\/span><\/span><\/span><\/p>\n<p align=\"justify\"><span style=\"font-family: Cambria, serif;\"><span style=\"font-size: medium;\">Alla fine di marzo 2021, la Congregazione per le Cause dei Santi ha nominato il Relatore. Mons. Maurizio Tagliaferri. \u00c8 nato a Casola Valsenio (Italia) il 10 giugno 1959. \u00c8 stato ordinato sacerdote nel 1985. Ha conseguito il dottorato in Storia della Chiesa presso la Pontificia Universit\u00e0 Gregoriana di Roma e il diploma in Archivistica presso l&#8217;Archivio Segreto Vaticano. Dal 2014 lavora come relatore della Congregazione per le Cause dei Santi.<\/span><\/span><\/p>\n<p align=\"justify\"><span style=\"font-family: Cambria, serif;\"><span style=\"font-size: medium;\">Maurizio Tagliaferri e la Postulatrice, dott.ssa Maria Victoria Hernandez Rodriguez, hanno l&#8217;arduo compito di scrivere la Positio o libro stampato sulle virt\u00f9 del vescovo Kaiser. <\/span><\/span><\/p>\n<p align=\"justify\"><span style=\"font-family: Cambria, serif;\"><span style=\"font-size: medium;\">Chiunque riceva grazie e favori dal Servo di Dio \u00e8 invitato a comunicarlo: <\/span><\/span><\/p>\n<p align=\"justify\"><span style=\"font-family: Cambria, serif;\"><span style=\"font-size: medium;\">&#8211; mons.fkaiserd@outllok.com<\/span><\/span><\/p>\n<p align=\"justify\"><span style=\"font-family: Cambria, serif;\"><span style=\"font-size: medium;\">&#8211; padrekaiser.msc@gmail.com<\/span><\/span><\/p>\n<p align=\"justify\"><span style=\"font-family: Cambria, serif;\"><span style=\"font-size: medium;\">&#8211; Cellulare: 969 874 295<\/span><\/span><\/p>\n<p align=\"justify\"><span style=\"font-family: Cambria, serif;\"><span style=\"font-size: medium;\">Il progresso spirituale del processo pu\u00f2 essere aiutato da molte preghiere e, se qualcuno desidera collaborare finanziariamente, \u00e8 invitato a fare una donazione al conto:<\/span><\/span><\/p>\n<p align=\"center\"><span style=\"font-family: Cambria, serif;\"><span style=\"font-size: medium;\">CAUSA DI BEATIFICAZIONE<\/span><\/span><\/p>\n<p align=\"center\"><span style=\"font-family: Cambria, serif;\"><span style=\"font-size: medium;\">Mons. Frederick Kaiser<\/span><\/span><\/p>\n<p align=\"center\"><span style=\"font-family: Cambria, serif;\"><span style=\"font-size: medium;\"><span lang=\"es-ES\">Scotiabank n. 207-027 4655<\/span><\/span><\/span><\/p>\n<p align=\"center\"><span style=\"font-size: large;\"><span lang=\"es-ES\"><b>Cronolog\u00eda<\/b><\/span><\/span><\/p>\n<ul>\n<li><span style=\"font-family: Cambria, serif;\"><span style=\"font-size: medium;\">06\/08\/2014 M. Jacinta MJVV, Attrice della Causa chiede al Cardinale Cipriani Thorne di aprire la Causa di Beatificazione e Canonizzazione di Padre Federico Kaiser MSC.<\/span><\/span><\/li>\n<li><span style=\"font-family: Cambria, serif;\"><span style=\"font-size: medium;\">26\/03\/2015 L&#8217;Arcivescovo di Lima consulta i Vescovi su richiesta del Superiore Generale, esortando i fedeli a comunicare tutto ci\u00f2 che pu\u00f2 essere utile alla Causa. Viene nominato il primo censore teologico: p. Pedro Rufino Hidalgo D\u00edaz.<\/span><\/span><\/li>\n<li><span style=\"font-family: Cambria, serif;\"><span style=\"font-size: medium;\">10\/02\/2017 Il censore teologico consegna la sua relazione. <\/span><\/span><\/li>\n<li><span style=\"font-family: Cambria, serif;\"><span style=\"font-size: medium;\">08\/05\/2017 la Postulatrice, Madre Mar\u00eda Inmaculata MJVV, consegna il Supplex Libellus all&#8217;Arcivescovo di Lima. <\/span><\/span><\/li>\n<li><span style=\"font-family: Cambria, serif;\"><span style=\"font-size: medium;\">04\/09\/2017 viene nominata la Commissione di esperti in storia e archivistica: don Fernando Luis Janssen Frasson e don Ernesto Rojas Ingunza. <\/span><\/span><\/li>\n<li><span style=\"font-family: Cambria, serif;\"><span style=\"font-size: medium;\">26 \/09\/2017 viene nominato il secondo Censore Teologico: Mons. Esteban Puig Tarrats, che dopo un intenso lavoro di tre mesi, ha completato la revisione dei libri editi del Servo di Dio, affermando: &#8220;Ammiro la saggezza, la precisione, la colloquialit\u00e0 e l&#8217;insegnamento di Monsignore nei commenti alla Sacra Bibbia. Quanto ai testi dedicati alla propagazione degli insegnamenti della Bibbia, essi sono una chiara espressione del suo zelo apostolico e della sua dedizione paterna alle sue figlie, Missionarie di Ges\u00f9, Parola e Vittima. Ho anche evidenziato la profonda vita spirituale di monsignor&#8221;.<\/span><\/span><\/li>\n<li><span style=\"font-family: Cambria, serif;\"><span style=\"font-size: medium;\">16 \/03\/2018, l&#8217;Arcivescovo di Lima chiede alla Congregazione delle Cause dei Santi il Nihil obstat, <\/span><\/span><\/li>\n<li><span style=\"font-family: Cambria, serif;\"><span style=\"font-size: medium;\">27\/06\/2018, la Congregazione delle Cause dei Santi concede l&#8217;apertura della Causa.<\/span><\/span><\/li>\n<li><span style=\"font-family: Cambria, serif;\"><span style=\"font-size: medium;\">24\/07\/2018, l&#8217;Arcivescovo di Lima decreta l&#8217;introduzione della Causa di Beatificazione e Canonizzazione del Servo di Dio e la costituzione del Tribunale. Viene nominato il terzo membro della Commissione storica: Madre Crescencia MJVV.<\/span><\/span><\/li>\n<\/ul>\n<p align=\"center\"><span style=\"font-family: Cambria, serif;\"><span style=\"font-size: large;\"><span lang=\"es-ES\"><img decoding=\"async\" class=\"aligncenter wp-image-4647 size-full\" src=\"https:\/\/mjvv.org\/wp-content\/uploads\/2022\/06\/processo-di-beatificazione2_-1200x650px.jpg\" alt=\"\" width=\"1200\" height=\"650\" srcset=\"https:\/\/mjvv.org\/wp-content\/uploads\/2022\/06\/processo-di-beatificazione2_-1200x650px.jpg 1200w, https:\/\/mjvv.org\/wp-content\/uploads\/2022\/06\/processo-di-beatificazione2_-1200x650px-300x163.jpg 300w, https:\/\/mjvv.org\/wp-content\/uploads\/2022\/06\/processo-di-beatificazione2_-1200x650px-1024x555.jpg 1024w, https:\/\/mjvv.org\/wp-content\/uploads\/2022\/06\/processo-di-beatificazione2_-1200x650px-768x416.jpg 768w\" sizes=\"(max-width: 1200px) 100vw, 1200px\" \/>FASE DIOCESANA<\/span><\/span><\/span><\/p>\n<ul>\n<li><span style=\"font-family: Cambria, serif;\"><span style=\"font-size: medium;\">28\/09\/2018 Sessione di apertura del processo sulla vita, le virt\u00f9 e la reputazione della santit\u00e0, a Lima, iniziando la fase diocesana dell&#8217;indagine. <\/span><\/span><\/li>\n<li><span style=\"font-family: Cambria, serif;\"><span style=\"font-size: medium;\">Dal 01\/10\/2018 al 07\/05\/2019 Sono state raccolte le testimonianze di oltre 50 testimoni oculari, che hanno deposto a Lima e Caravel\u00ed. Tre persone hanno testimoniato all&#8217;estero: sua nipote e due sacerdoti spagnoli.<\/span><\/span><\/li>\n<li><span style=\"font-family: Cambria, serif;\"><span style=\"font-size: medium;\">23\/01\/2019, Il Tribunale ispeziona la stanza e la tomba del Servo di Dio, nonch\u00e9 la Cappella della Casa Madre in cui viveva, al termine della quale viene resa la Dichiarazione di assenza di culto.<\/span><\/span><\/li>\n<li><span style=\"font-family: Cambria, serif;\"><span style=\"font-size: medium;\">03\/06\/2019 L&#8217;esumazione dei resti del Servo di Dio ha luogo a Caravel\u00ed, un atto preceduto dal Delegato Vescovile: Mons. Bernardo K\u00fchnel MSC.<\/span><\/span><\/li>\n<li><span style=\"font-family: Cambria, serif;\"><span style=\"font-size: medium;\">24\/06\/2019 La Commissione storica consegna la relazione e i documenti raccolti. <\/span><\/span><\/li>\n<li><span style=\"font-family: Cambria, serif;\"><span style=\"font-size: medium;\">08\/07\/2019 Madre Trinidad MJVV viene nominata portatrice degli Atti per portarli a Roma.<\/span><\/span><\/li>\n<li><span style=\"font-family: Cambria, serif;\"><span style=\"font-size: medium;\">26\/07\/2019 Si tiene la sessione di chiusura della fase diocesana.<\/span><\/span><\/li>\n<li><span style=\"font-family: Cambria, serif;\"><span style=\"font-size: medium;\">17\/09\/2019 Consegna degli Atti alla Congregazione delle Cause dei Santi da parte della latrice Madre Trinidad MJVV. <\/span><\/span><\/li>\n<\/ul>\n<p align=\"center\"><span style=\"font-family: Cambria, serif;\"><span style=\"font-size: large;\"><span lang=\"es-ES\">FASE ROMANA<\/span><\/span><\/span><\/p>\n<ul>\n<li><span style=\"font-family: Cambria, serif;\"><span style=\"font-size: medium;\">04\/10\/2019 La dott.ssa Maria Victoria Hern\u00e1ndez Rodriguez \u00e8 nominata Postulatrice della Fase Romana.<\/span><\/span><\/li>\n<li><span style=\"font-family: Cambria, serif;\"><span style=\"font-size: medium;\">09\/01\/2020 Mons. Papalardo, officiale della Congregazione delle Cause dei Santi, apre le scatole contenenti i documenti della Fase Diocesana. <\/span><\/span><\/li>\n<li><span style=\"font-family: Cambria, serif;\"><span style=\"font-size: medium;\">Inizio marzo 2020 Gli Atti dell&#8217;Inchiesta diocesana approvati positivamente dai due congressi di Roma. Il Processo diocesano \u00e8 legalmente valido, cio\u00e8 viene concesso il Decreto di Validit\u00e0 Legale. I documenti stampati, suddivisi in volumi, vengono chiamati Copia Pubblica e consegnati al Postulatore.<\/span><\/span><\/li>\n<li><span style=\"font-family: Cambria, serif;\"><span style=\"font-size: medium;\">Maurizio Tagliaferri \u00e8 stato nominato relatore, che lavora in coordinamento con il Postulatore nella preparazione della Positio. La biografia del Servo di Dio \u00e8 attualmente in preparazione. In seguito, le sue virt\u00f9 saranno evidenziate sulla base delle testimonianze dei testimoni oculari. <\/span><\/span><\/li>\n<\/ul>\n","protected":false},"excerpt":{"rendered":"<p>Fase diocesana del processo di beatificazione Dalla sua partenza per il cielo, il 26 settembre 1993, molte persone sono state aiutate dall&#8217;intercessione di Frederick Kaiser. Innumerevoli lettere e visite alla sua tomba lo testimoniano. I sentimenti dei fedeli spinsero Madre Giacinta a consultare l&#8217;allora arcivescovo di Lima, il cardinale Juan Luis Cipriani Thorne, poich\u00e9 padre [&hellip;]<\/p>\n","protected":false},"author":1,"featured_media":0,"parent":4849,"menu_order":0,"comment_status":"closed","ping_status":"closed","template":"templates\/page-federico-kaiser.php","meta":{"footnotes":""},"class_list":["post-4869","page","type-page","status-publish","hentry"],"jetpack_sharing_enabled":true,"_links":{"self":[{"href":"https:\/\/mjvv.org\/it\/wp-json\/wp\/v2\/pages\/4869","targetHints":{"allow":["GET"]}}],"collection":[{"href":"https:\/\/mjvv.org\/it\/wp-json\/wp\/v2\/pages"}],"about":[{"href":"https:\/\/mjvv.org\/it\/wp-json\/wp\/v2\/types\/page"}],"author":[{"embeddable":true,"href":"https:\/\/mjvv.org\/it\/wp-json\/wp\/v2\/users\/1"}],"replies":[{"embeddable":true,"href":"https:\/\/mjvv.org\/it\/wp-json\/wp\/v2\/comments?post=4869"}],"version-history":[{"count":1,"href":"https:\/\/mjvv.org\/it\/wp-json\/wp\/v2\/pages\/4869\/revisions"}],"predecessor-version":[{"id":4870,"href":"https:\/\/mjvv.org\/it\/wp-json\/wp\/v2\/pages\/4869\/revisions\/4870"}],"up":[{"embeddable":true,"href":"https:\/\/mjvv.org\/it\/wp-json\/wp\/v2\/pages\/4849"}],"wp:attachment":[{"href":"https:\/\/mjvv.org\/it\/wp-json\/wp\/v2\/media?parent=4869"}],"curies":[{"name":"wp","href":"https:\/\/api.w.org\/{rel}","templated":true}]}}