{"id":4855,"date":"2022-05-20T12:30:47","date_gmt":"2022-05-20T10:30:47","guid":{"rendered":"https:\/\/mjvv.org\/?page_id=4855"},"modified":"2025-04-03T18:53:44","modified_gmt":"2025-04-03T16:53:44","slug":"superiora-generale","status":"publish","type":"page","link":"https:\/\/mjvv.org\/it\/superiora-generale\/","title":{"rendered":"Madre Maria Miryam MJVV"},"content":{"rendered":"<p>&nbsp;<\/p>\n<ul>\n<li>\n<p id=\"tw-target-text\" class=\"tw-data-text tw-text-large tw-ta\" dir=\"ltr\" data-placeholder=\"Traducci\u00f3n\" data-ved=\"2ahUKEwjovr_PqLyMAxUjK7kGHSYQCqsQ3ewLegQIBBAW\" aria-label=\"Texto traducido: Entrato nella Congregazione: 27 gennaio 1975 Entrato nel Postulato: 05 marzo 1975 Entrato nel Noviziato: 10 febbraio 1975 Primi voti: 08 dicembre 1977 Voti perpetui: 08 dicembre 1983 Ha studiato insegnamento specializzandosi in Religione e Storia. Ha svolto l'incarico di Consigliere generale per due periodi di sei anni. Delegato regionale della delegazione dell'Argentina. Delegato regionale della delegazione dell'Uruguay e del Paraguay. Superiore locale del Convento del Cenacolo a Caravel\u00ed. Superiore del Patmos de la Candelaria, a San Jos\u00e9 de las Tinajas- Colonia San Juan. Diocesi di A\u00f1atuya, Santiago del Estero, Argentina. Superiore del Patmos Paso del Sapo, Diocesi di Comodoro, Rivadavia, Argentina. Superiore generale dal 7 dicembre 2022 a oggi.\"><span class=\"Y2IQFc\" lang=\"it\">Entrato nella Congregazione: 27 gennaio 1975 <\/span><\/p>\n<\/li>\n<li>\n<p id=\"tw-target-text\" class=\"tw-data-text tw-text-large tw-ta\" dir=\"ltr\" data-placeholder=\"Traducci\u00f3n\" data-ved=\"2ahUKEwjovr_PqLyMAxUjK7kGHSYQCqsQ3ewLegQIBBAW\" aria-label=\"Texto traducido: Entrato nella Congregazione: 27 gennaio 1975 Entrato nel Postulato: 05 marzo 1975 Entrato nel Noviziato: 10 febbraio 1975 Primi voti: 08 dicembre 1977 Voti perpetui: 08 dicembre 1983 Ha studiato insegnamento specializzandosi in Religione e Storia. Ha svolto l'incarico di Consigliere generale per due periodi di sei anni. Delegato regionale della delegazione dell'Argentina. Delegato regionale della delegazione dell'Uruguay e del Paraguay. Superiore locale del Convento del Cenacolo a Caravel\u00ed. Superiore del Patmos de la Candelaria, a San Jos\u00e9 de las Tinajas- Colonia San Juan. Diocesi di A\u00f1atuya, Santiago del Estero, Argentina. Superiore del Patmos Paso del Sapo, Diocesi di Comodoro, Rivadavia, Argentina. Superiore generale dal 7 dicembre 2022 a oggi.\"><span class=\"Y2IQFc\" lang=\"it\">Entrato nel Postulato: 05 marzo 1975 <\/span><\/p>\n<\/li>\n<li>\n<p id=\"tw-target-text\" class=\"tw-data-text tw-text-large tw-ta\" dir=\"ltr\" data-placeholder=\"Traducci\u00f3n\" data-ved=\"2ahUKEwjovr_PqLyMAxUjK7kGHSYQCqsQ3ewLegQIBBAW\" aria-label=\"Texto traducido: Entrato nella Congregazione: 27 gennaio 1975 Entrato nel Postulato: 05 marzo 1975 Entrato nel Noviziato: 10 febbraio 1975 Primi voti: 08 dicembre 1977 Voti perpetui: 08 dicembre 1983 Ha studiato insegnamento specializzandosi in Religione e Storia. Ha svolto l'incarico di Consigliere generale per due periodi di sei anni. Delegato regionale della delegazione dell'Argentina. Delegato regionale della delegazione dell'Uruguay e del Paraguay. Superiore locale del Convento del Cenacolo a Caravel\u00ed. Superiore del Patmos de la Candelaria, a San Jos\u00e9 de las Tinajas- Colonia San Juan. Diocesi di A\u00f1atuya, Santiago del Estero, Argentina. Superiore del Patmos Paso del Sapo, Diocesi di Comodoro, Rivadavia, Argentina. Superiore generale dal 7 dicembre 2022 a oggi.\"><span class=\"Y2IQFc\" lang=\"it\">Entrato nel Noviziato: 10 febbraio 1975 <\/span><\/p>\n<\/li>\n<li>\n<p id=\"tw-target-text\" class=\"tw-data-text tw-text-large tw-ta\" dir=\"ltr\" data-placeholder=\"Traducci\u00f3n\" data-ved=\"2ahUKEwjovr_PqLyMAxUjK7kGHSYQCqsQ3ewLegQIBBAW\" aria-label=\"Texto traducido: Entrato nella Congregazione: 27 gennaio 1975 Entrato nel Postulato: 05 marzo 1975 Entrato nel Noviziato: 10 febbraio 1975 Primi voti: 08 dicembre 1977 Voti perpetui: 08 dicembre 1983 Ha studiato insegnamento specializzandosi in Religione e Storia. Ha svolto l'incarico di Consigliere generale per due periodi di sei anni. Delegato regionale della delegazione dell'Argentina. Delegato regionale della delegazione dell'Uruguay e del Paraguay. Superiore locale del Convento del Cenacolo a Caravel\u00ed. Superiore del Patmos de la Candelaria, a San Jos\u00e9 de las Tinajas- Colonia San Juan. Diocesi di A\u00f1atuya, Santiago del Estero, Argentina. Superiore del Patmos Paso del Sapo, Diocesi di Comodoro, Rivadavia, Argentina. Superiore generale dal 7 dicembre 2022 a oggi.\"><span class=\"Y2IQFc\" lang=\"it\">Primi voti: 08 dicembre 1977 <\/span><\/p>\n<\/li>\n<li>\n<p id=\"tw-target-text\" class=\"tw-data-text tw-text-large tw-ta\" dir=\"ltr\" data-placeholder=\"Traducci\u00f3n\" data-ved=\"2ahUKEwjovr_PqLyMAxUjK7kGHSYQCqsQ3ewLegQIBBAW\" aria-label=\"Texto traducido: Entrato nella Congregazione: 27 gennaio 1975 Entrato nel Postulato: 05 marzo 1975 Entrato nel Noviziato: 10 febbraio 1975 Primi voti: 08 dicembre 1977 Voti perpetui: 08 dicembre 1983 Ha studiato insegnamento specializzandosi in Religione e Storia. Ha svolto l'incarico di Consigliere generale per due periodi di sei anni. Delegato regionale della delegazione dell'Argentina. Delegato regionale della delegazione dell'Uruguay e del Paraguay. Superiore locale del Convento del Cenacolo a Caravel\u00ed. Superiore del Patmos de la Candelaria, a San Jos\u00e9 de las Tinajas- Colonia San Juan. Diocesi di A\u00f1atuya, Santiago del Estero, Argentina. Superiore del Patmos Paso del Sapo, Diocesi di Comodoro, Rivadavia, Argentina. Superiore generale dal 7 dicembre 2022 a oggi.\"><span class=\"Y2IQFc\" lang=\"it\">Voti perpetui: 08 dicembre 1983 <\/span><\/p>\n<\/li>\n<li>\n<p id=\"tw-target-text\" class=\"tw-data-text tw-text-large tw-ta\" dir=\"ltr\" data-placeholder=\"Traducci\u00f3n\" data-ved=\"2ahUKEwjovr_PqLyMAxUjK7kGHSYQCqsQ3ewLegQIBBAW\" aria-label=\"Texto traducido: Entrato nella Congregazione: 27 gennaio 1975 Entrato nel Postulato: 05 marzo 1975 Entrato nel Noviziato: 10 febbraio 1975 Primi voti: 08 dicembre 1977 Voti perpetui: 08 dicembre 1983 Ha studiato insegnamento specializzandosi in Religione e Storia. Ha svolto l'incarico di Consigliere generale per due periodi di sei anni. Delegato regionale della delegazione dell'Argentina. Delegato regionale della delegazione dell'Uruguay e del Paraguay. Superiore locale del Convento del Cenacolo a Caravel\u00ed. Superiore del Patmos de la Candelaria, a San Jos\u00e9 de las Tinajas- Colonia San Juan. Diocesi di A\u00f1atuya, Santiago del Estero, Argentina. Superiore del Patmos Paso del Sapo, Diocesi di Comodoro, Rivadavia, Argentina. Superiore generale dal 7 dicembre 2022 a oggi.\"><span class=\"Y2IQFc\" lang=\"it\">Ha studiato insegnamento specializzandosi in Religione e Storia. <\/span><\/p>\n<\/li>\n<li>\n<p id=\"tw-target-text\" class=\"tw-data-text tw-text-large tw-ta\" dir=\"ltr\" data-placeholder=\"Traducci\u00f3n\" data-ved=\"2ahUKEwjovr_PqLyMAxUjK7kGHSYQCqsQ3ewLegQIBBAW\" aria-label=\"Texto traducido: Entrato nella Congregazione: 27 gennaio 1975 Entrato nel Postulato: 05 marzo 1975 Entrato nel Noviziato: 10 febbraio 1975 Primi voti: 08 dicembre 1977 Voti perpetui: 08 dicembre 1983 Ha studiato insegnamento specializzandosi in Religione e Storia. Ha svolto l'incarico di Consigliere generale per due periodi di sei anni. Delegato regionale della delegazione dell'Argentina. Delegato regionale della delegazione dell'Uruguay e del Paraguay. Superiore locale del Convento del Cenacolo a Caravel\u00ed. Superiore del Patmos de la Candelaria, a San Jos\u00e9 de las Tinajas- Colonia San Juan. Diocesi di A\u00f1atuya, Santiago del Estero, Argentina. Superiore del Patmos Paso del Sapo, Diocesi di Comodoro, Rivadavia, Argentina. Superiore generale dal 7 dicembre 2022 a oggi.\"><span class=\"Y2IQFc\" lang=\"it\">Ha svolto l&#8217;incarico di Consigliera generale per due periodi di sei anni. <\/span><\/p>\n<\/li>\n<li>\n<p id=\"tw-target-text\" class=\"tw-data-text tw-text-large tw-ta\" dir=\"ltr\" data-placeholder=\"Traducci\u00f3n\" data-ved=\"2ahUKEwjovr_PqLyMAxUjK7kGHSYQCqsQ3ewLegQIBBAW\" aria-label=\"Texto traducido: Entrato nella Congregazione: 27 gennaio 1975 Entrato nel Postulato: 05 marzo 1975 Entrato nel Noviziato: 10 febbraio 1975 Primi voti: 08 dicembre 1977 Voti perpetui: 08 dicembre 1983 Ha studiato insegnamento specializzandosi in Religione e Storia. Ha svolto l'incarico di Consigliere generale per due periodi di sei anni. Delegato regionale della delegazione dell'Argentina. Delegato regionale della delegazione dell'Uruguay e del Paraguay. Superiore locale del Convento del Cenacolo a Caravel\u00ed. Superiore del Patmos de la Candelaria, a San Jos\u00e9 de las Tinajas- Colonia San Juan. Diocesi di A\u00f1atuya, Santiago del Estero, Argentina. Superiore del Patmos Paso del Sapo, Diocesi di Comodoro, Rivadavia, Argentina. Superiore generale dal 7 dicembre 2022 a oggi.\"><span class=\"Y2IQFc\" lang=\"it\">Delegata regionale della delegazione dell&#8217;Argentina. <\/span><\/p>\n<\/li>\n<li>\n<p id=\"tw-target-text\" class=\"tw-data-text tw-text-large tw-ta\" dir=\"ltr\" data-placeholder=\"Traducci\u00f3n\" data-ved=\"2ahUKEwjovr_PqLyMAxUjK7kGHSYQCqsQ3ewLegQIBBAW\" aria-label=\"Texto traducido: Entrato nella Congregazione: 27 gennaio 1975 Entrato nel Postulato: 05 marzo 1975 Entrato nel Noviziato: 10 febbraio 1975 Primi voti: 08 dicembre 1977 Voti perpetui: 08 dicembre 1983 Ha studiato insegnamento specializzandosi in Religione e Storia. Ha svolto l'incarico di Consigliere generale per due periodi di sei anni. Delegato regionale della delegazione dell'Argentina. Delegato regionale della delegazione dell'Uruguay e del Paraguay. Superiore locale del Convento del Cenacolo a Caravel\u00ed. Superiore del Patmos de la Candelaria, a San Jos\u00e9 de las Tinajas- Colonia San Juan. Diocesi di A\u00f1atuya, Santiago del Estero, Argentina. Superiore del Patmos Paso del Sapo, Diocesi di Comodoro, Rivadavia, Argentina. Superiore generale dal 7 dicembre 2022 a oggi.\"><span class=\"Y2IQFc\" lang=\"it\">Delegata regionale della delegazione dell&#8217;Uruguay e del Paraguay. <\/span><\/p>\n<\/li>\n<li>\n<p id=\"tw-target-text\" class=\"tw-data-text tw-text-large tw-ta\" dir=\"ltr\" data-placeholder=\"Traducci\u00f3n\" data-ved=\"2ahUKEwjovr_PqLyMAxUjK7kGHSYQCqsQ3ewLegQIBBAW\" aria-label=\"Texto traducido: Entrato nella Congregazione: 27 gennaio 1975 Entrato nel Postulato: 05 marzo 1975 Entrato nel Noviziato: 10 febbraio 1975 Primi voti: 08 dicembre 1977 Voti perpetui: 08 dicembre 1983 Ha studiato insegnamento specializzandosi in Religione e Storia. Ha svolto l'incarico di Consigliere generale per due periodi di sei anni. Delegato regionale della delegazione dell'Argentina. Delegato regionale della delegazione dell'Uruguay e del Paraguay. Superiore locale del Convento del Cenacolo a Caravel\u00ed. Superiore del Patmos de la Candelaria, a San Jos\u00e9 de las Tinajas- Colonia San Juan. Diocesi di A\u00f1atuya, Santiago del Estero, Argentina. Superiore del Patmos Paso del Sapo, Diocesi di Comodoro, Rivadavia, Argentina. Superiore generale dal 7 dicembre 2022 a oggi.\"><span class=\"Y2IQFc\" lang=\"it\">Superiora locale del Convento del Cenacolo a Caravel\u00ed. <\/span><\/p>\n<\/li>\n<li>\n<p id=\"tw-target-text\" class=\"tw-data-text tw-text-large tw-ta\" dir=\"ltr\" data-placeholder=\"Traducci\u00f3n\" data-ved=\"2ahUKEwjovr_PqLyMAxUjK7kGHSYQCqsQ3ewLegQIBBAW\" aria-label=\"Texto traducido: Entrato nella Congregazione: 27 gennaio 1975 Entrato nel Postulato: 05 marzo 1975 Entrato nel Noviziato: 10 febbraio 1975 Primi voti: 08 dicembre 1977 Voti perpetui: 08 dicembre 1983 Ha studiato insegnamento specializzandosi in Religione e Storia. Ha svolto l'incarico di Consigliere generale per due periodi di sei anni. Delegato regionale della delegazione dell'Argentina. Delegato regionale della delegazione dell'Uruguay e del Paraguay. Superiore locale del Convento del Cenacolo a Caravel\u00ed. Superiore del Patmos de la Candelaria, a San Jos\u00e9 de las Tinajas- Colonia San Juan. Diocesi di A\u00f1atuya, Santiago del Estero, Argentina. Superiore del Patmos Paso del Sapo, Diocesi di Comodoro, Rivadavia, Argentina. Superiore generale dal 7 dicembre 2022 a oggi.\"><span class=\"Y2IQFc\" lang=\"it\">Superiora del Patmos de la Candelaria, a San Jos\u00e9 de las Tinajas- Colonia San Juan. Diocesi di A\u00f1atuya, Santiago del Estero, Argentina. <\/span><\/p>\n<\/li>\n<li>\n<p id=\"tw-target-text\" class=\"tw-data-text tw-text-large tw-ta\" dir=\"ltr\" data-placeholder=\"Traducci\u00f3n\" data-ved=\"2ahUKEwjovr_PqLyMAxUjK7kGHSYQCqsQ3ewLegQIBBAW\" aria-label=\"Texto traducido: Entrato nella Congregazione: 27 gennaio 1975 Entrato nel Postulato: 05 marzo 1975 Entrato nel Noviziato: 10 febbraio 1975 Primi voti: 08 dicembre 1977 Voti perpetui: 08 dicembre 1983 Ha studiato insegnamento specializzandosi in Religione e Storia. Ha svolto l'incarico di Consigliere generale per due periodi di sei anni. Delegato regionale della delegazione dell'Argentina. Delegato regionale della delegazione dell'Uruguay e del Paraguay. Superiore locale del Convento del Cenacolo a Caravel\u00ed. Superiore del Patmos de la Candelaria, a San Jos\u00e9 de las Tinajas- Colonia San Juan. Diocesi di A\u00f1atuya, Santiago del Estero, Argentina. Superiore del Patmos Paso del Sapo, Diocesi di Comodoro, Rivadavia, Argentina. Superiore generale dal 7 dicembre 2022 a oggi.\"><span class=\"Y2IQFc\" lang=\"it\">Superiora del Patmos Paso del Sapo, Diocesi di Comodoro, Rivadavia, Argentina. <\/span><\/p>\n<\/li>\n<li>\n<p id=\"tw-target-text\" class=\"tw-data-text tw-text-large tw-ta\" dir=\"ltr\" data-placeholder=\"Traducci\u00f3n\" data-ved=\"2ahUKEwjovr_PqLyMAxUjK7kGHSYQCqsQ3ewLegQIBBAW\" aria-label=\"Texto traducido: Entrato nella Congregazione: 27 gennaio 1975 Entrato nel Postulato: 05 marzo 1975 Entrato nel Noviziato: 10 febbraio 1975 Primi voti: 08 dicembre 1977 Voti perpetui: 08 dicembre 1983 Ha studiato insegnamento specializzandosi in Religione e Storia. Ha svolto l'incarico di Consigliere generale per due periodi di sei anni. Delegato regionale della delegazione dell'Argentina. Delegato regionale della delegazione dell'Uruguay e del Paraguay. Superiore locale del Convento del Cenacolo a Caravel\u00ed. Superiore del Patmos de la Candelaria, a San Jos\u00e9 de las Tinajas- Colonia San Juan. Diocesi di A\u00f1atuya, Santiago del Estero, Argentina. Superiore del Patmos Paso del Sapo, Diocesi di Comodoro, Rivadavia, Argentina. Superiore generale dal 7 dicembre 2022 a oggi.\"><span class=\"Y2IQFc\" lang=\"it\">Superiora generale dal 7 dicembre 2022 a oggi.<img fetchpriority=\"high\" decoding=\"async\" class=\"alignnone size-full wp-image-8480\" src=\"https:\/\/mjvv.org\/wp-content\/uploads\/2025\/04\/m.-miryam-web-1.png\" alt=\"\" width=\"1202\" height=\"652\" srcset=\"https:\/\/mjvv.org\/wp-content\/uploads\/2025\/04\/m.-miryam-web-1.png 1202w, https:\/\/mjvv.org\/wp-content\/uploads\/2025\/04\/m.-miryam-web-1-300x163.png 300w, https:\/\/mjvv.org\/wp-content\/uploads\/2025\/04\/m.-miryam-web-1-1024x555.png 1024w, https:\/\/mjvv.org\/wp-content\/uploads\/2025\/04\/m.-miryam-web-1-768x417.png 768w\" sizes=\"(max-width: 1202px) 100vw, 1202px\" \/><\/span><\/p>\n<\/li>\n<\/ul>\n","protected":false},"excerpt":{"rendered":"<p>&nbsp; Entrato nella Congregazione: 27 gennaio 1975 Entrato nel Postulato: 05 marzo 1975 Entrato nel Noviziato: 10 febbraio 1975 Primi voti: 08 dicembre 1977 Voti perpetui: 08 dicembre 1983 Ha studiato insegnamento specializzandosi in Religione e Storia. Ha svolto l&#8217;incarico di Consigliera generale per due periodi di sei anni. Delegata regionale della delegazione dell&#8217;Argentina. Delegata [&hellip;]<\/p>\n","protected":false},"author":1,"featured_media":0,"parent":0,"menu_order":0,"comment_status":"closed","ping_status":"closed","template":"templates\/page-chisiamo.php","meta":{"footnotes":""},"class_list":["post-4855","page","type-page","status-publish","hentry"],"jetpack_sharing_enabled":true,"_links":{"self":[{"href":"https:\/\/mjvv.org\/it\/wp-json\/wp\/v2\/pages\/4855","targetHints":{"allow":["GET"]}}],"collection":[{"href":"https:\/\/mjvv.org\/it\/wp-json\/wp\/v2\/pages"}],"about":[{"href":"https:\/\/mjvv.org\/it\/wp-json\/wp\/v2\/types\/page"}],"author":[{"embeddable":true,"href":"https:\/\/mjvv.org\/it\/wp-json\/wp\/v2\/users\/1"}],"replies":[{"embeddable":true,"href":"https:\/\/mjvv.org\/it\/wp-json\/wp\/v2\/comments?post=4855"}],"version-history":[{"count":5,"href":"https:\/\/mjvv.org\/it\/wp-json\/wp\/v2\/pages\/4855\/revisions"}],"predecessor-version":[{"id":8487,"href":"https:\/\/mjvv.org\/it\/wp-json\/wp\/v2\/pages\/4855\/revisions\/8487"}],"wp:attachment":[{"href":"https:\/\/mjvv.org\/it\/wp-json\/wp\/v2\/media?parent=4855"}],"curies":[{"name":"wp","href":"https:\/\/api.w.org\/{rel}","templated":true}]}}