{"id":4780,"date":"2022-06-07T11:04:03","date_gmt":"2022-06-07T09:04:03","guid":{"rendered":"https:\/\/mjvv.org\/?page_id=4780"},"modified":"2022-06-27T14:50:15","modified_gmt":"2022-06-27T12:50:15","slug":"lettere-circolari","status":"publish","type":"page","link":"https:\/\/mjvv.org\/it\/lettere-circolari\/","title":{"rendered":"Lettere Circolari"},"content":{"rendered":"<p align=\"justify\"><span style=\"font-size: medium;\"><b>CARIT\u00c0:<\/b><\/span><\/p>\n<p align=\"justify\"><span style=\"font-size: medium;\">Mie care Sorelle: voi mi chiamate &#8220;Madre&#8221;, e come Madre mi rivolgo a voi, a ciascuna in particolare. Faccio mie le parole di San Paolo: <\/span><\/p>\n<p align=\"justify\"><span style=\"font-size: medium;\">&#8220;Come eletto di Dio, suo santo e amato, rivestiti di sentimenti di profonda compassione. Pratica la gentilezza, l&#8217;umilt\u00e0, la mansuetudine e la pazienza. Perdona le tue sorelle. Il Signore ti ha perdonato, fai lo stesso. Rivestiti dell&#8217;amore che \u00e8 il simbolo della perfezione. Che la pace di Cristo regni nel vostro cuore, quella pace a cui siete stati chiamati&#8230;&#8221;.<\/span><\/p>\n<p align=\"justify\"><span style=\"font-size: medium;\">Parlavo un giorno con il nostro Padre (Mons. Frederick Kaiser), parlavamo di costruzioni, parlavamo degli operai, e lui mi disse: &#8220;se un operaio deve restaurare il tabernacolo dove c&#8217;\u00e8 il Santissimo Sacramento, cio\u00e9 Cristo stesso, e lo fa in un modo per niente dignitoso, forse anche fumando, senza alcun rispetto. Allora gli diremo: fratello, attenzione, Cristo \u00e8 dentro, per favore trattalo con rispetto!&#8221;. <\/span><\/p>\n<p align=\"justify\"><span style=\"font-size: medium;\">Ora, dunque, mia sorella (o), \u00e8 un&#8217;eletta (o) di Dio, santa (o) e amata (o), devo avvicinarmi allora con tutta la riverenza, perch\u00e9 in lei (o lui), \u00e8 lo stesso Cristo. Credi, sorella mia, nella Parola di Dio: &#8220;Chi mi ama sar\u00e0 fedele alla mia parola e il Padre mio lo amer\u00e0; noi verremo a lui e prenderemo dimora in lui&#8221; (Gv 14,33).<\/span><\/p>\n<p align=\"justify\">\n<p align=\"justify\"><span style=\"font-size: medium;\"><b>MISERICORDIA: <\/b><\/span><\/p>\n<p align=\"justify\"><span style=\"font-size: medium;\">Misericordia significa portare la miseria dell&#8217;altro nel mio cuore, e posso portare questa miseria solo se il mio cuore non \u00e8 pieno di egoismo. Il Padre nostro dice: &#8220;La carit\u00e0 consiste concretamente nel dare piacere al mio fratello (sorella), evitando ogni dispiacere&#8221;. O &#8220;la spesa per me&#8221; e il &#8220;piacere per mio fratello (sorella)&#8221;. <\/span><\/p>\n<p align=\"justify\"><span style=\"font-size: medium;\"><b>VITA COMUNITARIA:<\/b><\/span><\/p>\n<p align=\"justify\"><span style=\"font-size: medium;\">Per realizzare una vita comunitaria in unit\u00e0, \u00e8 indispensabile, ascoltare tutte le opinioni, e poi trarre una soluzione, o agire secondo la migliore opinione. Tuttavia, abbiamo un modello perfetto nella Chiesa, dove siamo tutti molto diversi, diverse culture, diverse razze, diverse forme di culto, ecc. Ma tutti uniti in Cristo. <\/span><\/p>\n<p align=\"justify\"><span style=\"font-size: medium;\">Ovunque ci sono problemi. Cerchiamo di non problematizzare, ma di rendere meno problematico. Perch\u00e9 per il santo non ci sono problemi ma solo croce. <\/span><\/p>\n<p align=\"justify\"><span style=\"font-size: medium;\"><b>CORREZIONE FRATERNA:<\/b><\/span><\/p>\n<p align=\"justify\"><span style=\"font-size: medium;\">Correzione fraterna, lo facciamo &#8220;con carit\u00e0 e per carit\u00e0&#8221;. Cio\u00e8 solo e soltanto con amore, perch\u00e9 amare \u00e8 rispettare, gioire, incoraggiare, servire. Se lo fate in questo modo, otterrete senza dubbio ottimi risultati. <\/span><\/p>\n<p align=\"justify\"><span style=\"font-size: medium;\"><b>RICREAZIONE:<\/b><\/span><\/p>\n<p align=\"justify\"><span style=\"font-size: medium;\">Le ricreazioni sono molto importanti, dove tutti partecipano e hanno l&#8217;opportunit\u00e0 di raccontare qualcosa che li fa ricreare, a volte possono suonare uno strumento. Come sarei felice di avere una pausa animata da uno o pi\u00f9 strumenti! <\/span><\/p>\n<p align=\"justify\"><span style=\"font-size: medium;\">Che il tempo del gioco sia un momento di espansione e di ricreazione, dove non manca nessuno. Quando giochiamo, giochiamo per divertire noi stessi e gli altri, non solo per vincere.<\/span><\/p>\n<p align=\"justify\"><span style=\"font-size: medium;\"><b>CORTESIA:<\/b><\/span><\/p>\n<p align=\"justify\"><span style=\"font-size: medium;\">La cortesia \u00e8 propria di ogni persona educata e colta, e allo stesso tempo \u00e8 il cibo che dovrebbe regnare nelle nostre comunit\u00e0. Sappiamo rispettarci a vicenda, &#8220;stimandoci pi\u00f9 altamente gli uni gli altri&#8221; (Rm 12,10). In questo modo riusciremo a diventare una famiglia. <\/span><\/p>\n<p align=\"justify\"><span style=\"font-size: medium;\">Per mantenere l&#8217;unit\u00e0 nella comunit\u00e0, seguiamo il motto di nostro Padre &#8220;sempre insieme e in allegria&#8221;. Dio \u00e8 stato buono con noi, sar\u00e0 sempre il nostro aiuto. <\/span><\/p>\n<p align=\"justify\"><span style=\"font-size: medium;\"><b>L&#8217;ESEMPIO DI KHATE: IL VERO AMORE:<\/b><\/span><\/p>\n<p align=\"justify\"><span style=\"font-size: medium;\">Ho imparato molto da mia sorella Khate, che, separata da suo marito per dieci anni e mezzo a causa della guerra e della sua prigionia in Russia, non aveva tempo di scrivermi lettere perch\u00e9 era molto impegnata, anche se non aveva figli. Le ho chiesto:<\/span><\/p>\n<p align=\"justify\"><span style=\"font-size: medium;\">&#8211; Perch\u00e9 non mi scrivi?<\/span><\/p>\n<p align=\"justify\"><span style=\"font-size: medium;\">&#8211; Sono sempre cos\u00ec occupato. \u00c8 a causa di Schorsch. Pensando in ogni momento: forse verr\u00e0 oggi&#8230; forse domani&#8230; forse verr\u00e0.<\/span><\/p>\n<p align=\"justify\"><span style=\"font-size: medium;\">Ed \u00e8 arrivato, dopo dieci anni di attesa. Qualche anno fa ero a casa sua. La mattina ero stupita di trovare nel bagno un bicchiere d&#8217;acqua, uno spazzolino da denti con dentifricio, scarpe lucidate e varie piccole cose per il suo marito. Ero entusiasta. Tanto affetto da parte di una moglie per suo marito, dopo quasi quarant&#8217;anni di matrimonio. Cucina solo ci\u00f2 che gli piace, anche se deve rinunciare ai suoi gusti. <\/span><\/p>\n<p align=\"justify\"><span style=\"font-size: medium;\"><b>CASTIT\u00c0:<\/b><\/span><\/p>\n<p align=\"justify\"><span style=\"font-size: medium;\">\u00c8 bello quello che la vita religiosa ci dice sulla castit\u00e0: Il voto di castit\u00e0 \u00e8 la rinuncia totale all&#8217;amore umano. Se la persona consacrata a Dio rinuncia a questo amore umano, non \u00e8 per disprezzo, ma per consacrarsi ad un amore spirituale, che \u00e8 l&#8217;amore di Dio senza alcuna condivisione con le creature. La donna consacrata deve innamorarsi di Lui, fino ad amarLo con tutte le sue forze. Allora avr\u00e0 raggiunto la piena e assoluta padronanza dei suoi istinti naturali quasi senza alcuno sforzo. <\/span><\/p>\n<p align=\"justify\"><span style=\"font-size: medium;\"><b>ESSERE IMPREGNATI DI SPIRITO: <\/b><\/span><\/p>\n<p align=\"justify\"><span style=\"font-size: medium;\">Papa Pio IX, in una lettera ai Superiori Generali, dice: &#8220;Prima di tutto esortiamo voi religiosi a non perdere di vista gli esempi del loro fondatore e legislatore, se vogliono essere sicuri di partecipare alle abbondanti grazie della loro vocazione. Perci\u00f2, tutti coloro che riproducono in se stessi le caratteristiche con cui il loro fondatore aveva segnato la sua famiglia religiosa, sono sicuri di non allontanarsi dal suo spirito, e finch\u00e9 cammineranno sulle orme dei loro fondatori, rimarranno fedeli ai doveri del loro stato&#8221;. <\/span><\/p>\n<p align=\"justify\"><span style=\"font-size: medium;\">Nostro padre Federico una volta ha detto: ammetto che siete buone. Ma non mi accontento che siate buone. Perch\u00e9 il tempo non \u00e8 ordinario, al contrario, \u00e8 straordinariamente brutto. Per questo vi dico che non basta che siate buone. Come minimo, dovete essere RELIGIOSI come il tempo presente richiede! Non dovete deludere la speranza che Dio ha riposto in voi. <\/span><\/p>\n<p align=\"justify\"><span style=\"font-size: medium;\">Prego Dio che &#8220;possiamo perseverare e progredire nella vocazione alla quale siamo stati chiamati da Dio, per la pi\u00f9 abbondante santit\u00e0 della Chiesa e per la maggior gloria della Santa Trinit\u00e0, che in Cristo e attraverso Cristo \u00e8 la fonte e l&#8217;origine di ogni santit\u00e0&#8221;. <\/span><\/p>\n<p align=\"justify\"><span style=\"font-size: medium;\"><b>PREGHIERA: <\/b><\/span><\/p>\n<p align=\"justify\"><span style=\"font-size: medium;\">Mie care sorelle oggi ho pensato durante la meditazione: c&#8217;\u00e8 una mancanza di vocazioni nella Chiesa. Tenete presente che le anime non si convertiranno se allo stesso tempo un gran numero di preghiere non salir\u00e0 al cielo. Le anime non saranno salvate dalle vostre attivit\u00e0 e dalla vostra predicazione. Dobbiamo accompagnare con le nostre preghiere le anime che Dio ci ha affidato in qualsiasi situazione. Il nostro apostolato non significa che dobbiamo coprire molto. Pertanto, non sovraccarichiamoci di lavoro. <\/span><\/p>\n<p align=\"justify\"><span style=\"font-size: medium;\"><b>PASTORALE: <\/b><\/span><\/p>\n<p align=\"justify\"><span style=\"font-size: medium;\">Il canone 673, dice che &#8220;il primo apostolato di tutti i religiosi consiste nella testimonianza della loro vita consacrata, che devono favorire con la preghiera e la penitenza&#8221;. <\/span><\/p>\n<p align=\"justify\"><span style=\"font-size: medium;\">Canon 675:<\/span><\/p>\n<p align=\"justify\"><span style=\"font-size: medium;\">1. Negli istituti dedicati alla vita apostolica, l&#8217;azione apostolica appartiene alla loro stessa natura. Pertanto, tutta la vita apostolica dei loro membri dovrebbe essere impregnata di uno spirito apostolico, e tutta l&#8217;azione apostolica dovrebbe essere permeata del loro spirito religioso. <\/span><\/p>\n<p align=\"justify\"><span style=\"font-size: medium;\">2. L&#8217;azione apostolica deve sempre procedere dall&#8217;intima unione con Dio e deve confermarla e favorirla (diceva il nostro Padre : la nostra vita attiva non \u00e8 che il trabocco della nostra vita contemplativa). <\/span><\/p>\n<p align=\"justify\"><span style=\"font-size: medium;\">3. L&#8217;azione apostolica deve essere svolta in nome e per mandato della Chiesa, in comunione con essa. <\/span><\/p>\n<p align=\"justify\"><span style=\"font-size: medium;\"><b>L&#8217;anno 1983: Voti Perpetui<\/b><\/span><\/p>\n<p align=\"justify\"><span style=\"font-size: medium;\">Mie care sorelle che state per fare i voti perpetui: quale immensa grazia ti aspetta, mia cara sorella! Molte volte durante i miei 50 anni dai miei primi voti ho meditato questa parola di Ges\u00f9 in Gv 15,16: &#8220;Non siete voi che avete scelto me, ma io ho scelto voi&#8221;. E quante volte ho guardato meditativamente il mio anello&#8230; ho pensato e pregato: che il giorno della mia partenza da questo mondo verso la vita eterna, nessuno potr\u00e0 portarmi via questo anello&#8230; che quando ci sar\u00e0 solo polvere di colei che fu chiamata Madre Wilibrordis, ci sar\u00e0 su questa terra peruviana questo anello, testimonianza di un amore. Ma, mia cara sorella, la condizione e il prezzo di questo amore \u00e8 la PREGHIERA e la CROCE. Solo colei che vive intimamente unita a Cristo pu\u00f2 portare frutto. Lei sola \u00e8 Sposa e Madre. Cos\u00ec amata da Dio non devi avere paura? <\/span><\/p>\n<p align=\"justify\"><span style=\"font-size: medium;\">Il nostro Padre Fondatore ha detto in un ritiro: &#8220;Con quale nome Dio l&#8217;ha chiamata? Maria, Missionaria di Ges\u00f9, Verbo e Vittima. E Maria dice sempre il suo &#8220;fiat&#8221;. Il tuo &#8220;fiat&#8221;, mia cara sorella, assume un nuovo accento nel giorno dei tuoi Voti Perpetui. Scrivi interiormente in lettere d&#8217;oro quello che stai per dire: &#8220;Questi voti li faccio oggi per tutto il tempo della mia vita che mi darai in questo mondo&#8221;. Con Cristo sei crocifissa, con Lui morirai ogni giorno. Prendi il crocifisso nelle tue mani. Volgi il tuo sguardo al tuo Sposo crocifisso, che gli sguardi di due moribondi si incontrino! Cos\u00ec Maria fiss\u00f2 il suo sguardo sugli occhi di Ges\u00f9. Questa \u00e8 la vita contemplativa. E in questa vita chieder\u00f2 a Dio per le mie care sorelle di voti perpetui. <\/span><\/p>\n<p align=\"justify\"><span style=\"font-size: medium;\">Condividendo la vostra gioia vi saluta, vostra Madre.<\/span><\/p>\n<p align=\"justify\"><span style=\"font-size: medium;\"><b>IL GIUBILEO D&#8217;ORO DI NOSTRA MADRE:<\/b><\/span><\/p>\n<p align=\"justify\"><span style=\"font-size: medium;\">Nostra Madre Wilibrordis, non aveva intenzione di trascorrere il suo Giubileo d&#8217;Oro in Per\u00f9, tanto meno a Caravel\u00ed, per l&#8217;impegno che rappresentava. Aveva programmato un viaggio in Argentina, per passarlo tra le MJVV nel Convento &#8220;Nazareth&#8221; di San Rafael. Questo viaggio ha dovuto essere cancellato, perch\u00e9 aveva del lavoro da fare. Mentre era a Lima per qualche giorno, \u00e8 tornata a Caravel\u00ed, qualche giorno prima della data prevista. <\/span><\/p>\n<p align=\"justify\"><span style=\"font-size: medium;\">Il 12, la sindaca di Caravel\u00ed ci ha informato che il Consiglio Provinciale, insieme a tutta la citt\u00e0, avrebbe offerto una Santa Messa per la salute di nostra Madre il 15 agosto. La messa sarebbe nella cattedrale. Le prime a rallegrarsi furono le sorelle professe, poich\u00e9 c&#8217;era gi\u00e0 un motivo per celebrare la festa. Avevamo provato qualche giorno prima una Messa di Wolfgang Amadeus Mozart, perch\u00e9 avevamo pensato di dire timidamente a nostra madre che volevamo cantare solo la Messa di Mozart. <\/span><\/p>\n<p align=\"justify\"><span style=\"font-size: medium;\">Cos\u00ec l&#8217;intervento dei Caravile\u00f1os \u00e8 stato utile. Nostra madre ha accettato e abbiamo cominciato a &#8220;metterci al lavoro&#8221;. Stavamo preparando una corona d&#8217;oro, che \u00e8 stata terminata il 12. Madre Crist\u00f3fora l&#8217;ha fatta, e nostro Padre l&#8217;ha diretta. Come forma di complicit\u00e0, prima della cena ci siamo presentati nella sala da pranzo dell&#8217;infermeria con la corona di fiori, affinch\u00e9 nostro Padre la benedicesse. Per nostra Madre, una sorpresa, e per i presenti, che bello spettacolo offriva quell&#8217;ornamento che avrebbe cinto nostra Madre nel suo giubileo d&#8217;oro!<\/span><\/p>\n<p align=\"justify\"><span style=\"font-size: medium;\">Il giorno 14: all&#8217;inizio dei Vespri, Sorpresa per nostra Madre! Incredibile! -Guard\u00f2 intorno, partendo dall&#8217;altare e procedendo verso le colonne. In cappella, nostro padre e tutta la Comunit\u00e0 erano tutti vestiti a festa per cantare i Primi Vespri. <\/span><\/p>\n<p align=\"justify\"><span style=\"font-size: medium;\">Il grande giorno \u00e8 arrivato. Dalle 5 del mattino, la comunit\u00e0 del Cenacolo era in movimento. Alle 5.30 siamo entrati nella cappella, e questa volta \u00e8 stata nostra Madre a farci la sorpresa. L&#8217;abbiamo trovata di fronte a noi al suo posto, con la sua corona d&#8217;oro sul suo velo blu. Nessuno si aspettava di vederla cos\u00ec. E molti occhi erano fissi su nostra madre, che sembrava una regina, degna sposa del re. <\/span><\/p>\n<p align=\"justify\"><span style=\"font-size: medium;\">Alle 7 del mattino c&#8217;era la messa nella cattedrale, siamo andati in processione. All&#8217;inizio della Messa il nostro Padre ha predicato iniziando con le parole del salmista: &#8220;La bont\u00e0 e la benevolenza del Signore siano sempre con me, e possa rimanere nella casa del Signore per molti anni a venire&#8221; &#8230;.<\/span><\/p>\n<p align=\"justify\"><span style=\"font-size: medium;\">Il sermone \u00e8 finito con un solenne &#8220;Amen&#8221;. Era il momento della cerimonia. Nostro Padre si avvicin\u00f2 a nostra Madre e si rivolse a lei con queste parole: <\/span><\/p>\n<p align=\"justify\"><span style=\"font-size: medium;\">Nostro Padre: &#8220;Cara Madre Wilibrordis, Ges\u00f9 qui presente nel Tabernacolo desidera sentire dalle sue labbra la conferma dei suoi Voti, che 50 anni fa si \u00e8 unita per sempre a Lui in un fidanzamento sacramentale. Ges\u00f9 \u00e8 attento e la ascolta.<\/span><\/p>\n<p align=\"justify\"><span style=\"font-size: medium;\">Nostra Madre: &#8220;Mio amato Ges\u00f9, oggi \u00e8 una festa per noi. Per te, Ges\u00f9 e per me. Celebriamo il cinquantesimo anniversario del nostro fidanzamento. Il nostro giubileo d&#8217;oro. Porto questo anello. Il tuo regalo per me, il tuo ricordo pi\u00f9 prezioso. <\/span><\/p>\n<p align=\"justify\"><span style=\"font-size: medium;\">Davanti a te, mio Ges\u00f9, e davanti alla tua Santissima Madre, che \u00e8 anche la mia, confermo ora i miei sacri Voti. Voglio offrirti di nuovo la mia carit\u00e0, con la quale ti ho promesso obbedienza, castit\u00e0 e povert\u00e0, cio\u00e8 tutta la mia vita di religiosa obbediente, casta e povera, offrendoti e sacrificandoti la mia volont\u00e0, il mio corpo e i miei beni materiali&#8221;. <\/span><\/p>\n<p align=\"justify\"><span style=\"font-size: medium;\">Ora ascolta, Ges\u00f9, il rinnovo dei miei voti:<\/span><\/p>\n<p align=\"justify\"><span style=\"font-size: medium;\">&#8220;Ges\u00f9 Cristo mio Dio e mio Amore&#8221;. Tu sei la mia vera libert\u00e0, la mia perfetta delizia e la mia unica ricchezza. Con l&#8217;unico pi\u00f9 profondo desiderio e con la pi\u00f9 ferma risoluzione di vivere la mia vita obbediente, casta e povera nella tua Congregazione, Ges\u00f9 Verbo e Vittima, ratifico ora i miei sacri Voti di Obbedienza, Castit\u00e0 e Povert\u00e0. Evocando quell&#8217;ora benedetta in cui sono diventata la tua Sposa. <\/span><\/p>\n<p align=\"justify\"><span style=\"font-size: medium;\">Fedele a Te, mio Ges\u00f9, per sempre, fino alla mia morte. Perch\u00e9 con la morte passer\u00f2 piuttosto felicemente e gioiosamente alle nostre Nozze Eterne. Amen&#8221;. <\/span><\/p>\n<p align=\"justify\"><span style=\"font-size: medium;\">Poi la Santa Messa \u00e8 continuata. Ma prima che finisse, nostro Padre si \u00e8 rivolto ai presenti: <\/span><\/p>\n<p align=\"justify\"><span style=\"font-size: medium;\">Il Santo Padre a Roma, tramite la nunziatura, ha inviato un telegramma alla nostra Madre Maria Wilibrordis. Ecco un estratto del testo: <\/span><\/p>\n<p align=\"justify\"><span style=\"font-size: medium;\">&#8220;Roma, Vaticano, 8 agosto. Il Santo Padre concede a Madre Wilibrordis, Superiora Generale delle Suore Missionarie di Ges\u00f9 Verbo e Vittima, in occasione dei suoi 50 anni di professione religiosa, la sua benedizione apostolica come pegno di abbondanti favori divini, che la aiuteranno nella sua fedelt\u00e0 e consacrazione al Signore e nel servizio della Chiesa. Questa benedizione \u00e8 estesa ai parenti di Madre Wilibrordis, alle religiose della sua Congregazione e alle persone che partecipano alla cerimonia del giubileo&#8221;.<\/span><\/p>\n<p align=\"justify\"><span style=\"font-size: medium;\">La lettura \u00e8 stata seguita da un caloroso applauso. <\/span><\/p>\n<p align=\"justify\"><span style=\"font-size: medium;\">Alla fine della Santa Messa, nostra Madre \u00e8 stata accolta nell&#8217;atrio della Cattedrale. E la sinda ha invitato tutti a un ricevimento nel comune di Caravel\u00ed. <\/span><\/p>\n<p align=\"justify\"><span style=\"font-size: medium;\">La signora sindaca Abisaac Vda. de Bernedo, ha aperto il ricevimento con parole molto sentite. Poi \u00e8 stato cantato l&#8217;inno nazionale del Per\u00f9. E continu\u00f2 il suo discorso, e disse: <\/span><\/p>\n<p align=\"justify\"><span style=\"font-size: medium;\">&#8220;Rev.ma Madre Wilibrordis, in ogni cuore caravile\u00f1o c&#8217;\u00e8 un gesto di gratitudine che eleva solo a Dio le sue preghiere, perch\u00e9 come esseri umani, Madre, non possiamo ringraziarla come merita. Lei \u00e8 cofondatrice di una congregazione di suore e fondatrice del centro educativo &#8220;San Miguel&#8221;. Quei bambini che si sono svegliati alla luce dell&#8217;educazione. <\/span><\/p>\n<p align=\"justify\"><span style=\"font-size: medium;\">La sua vocazione religiosa \u00e8 ammirevole, e la sua dedizione quotidiana nei sacrifici della vita \u00e8 ammirevole. Beata Vergine di Buen Paso, ti chiedo dall&#8217;auditorio del Consiglio Provinciale, supplica davanti a Dio di dare innumerevoli anni di vita in pi\u00f9 alla nostra Madre Wilibrordis, e che Egli la riempia sempre di virt\u00f9, forza, e la colmi di santit\u00e0 per l&#8217;esempio delle donne di Caravel\u00ed, perch\u00e9 ci\u00f2 che una donna deve avere nel suo cuore \u00e8 il pudore, l&#8217;onest\u00e0 e la virt\u00f9, tesori che nessuno pu\u00f2 toglierle se sa conservarli. <\/span><\/p>\n<p align=\"justify\"><span style=\"font-size: medium;\">A nome del Consiglio Provinciale di Caravel\u00ed e dei suoi abitanti, la dichiaro figlia illustre di Caravel\u00ed, figlia prediletta di Caravel\u00ed. Perch\u00e9 Lei merita tutto, Madre. E in segno di gratitudine, a nome del Consiglio e di tutta la comunit\u00e0, vi presento questo umile ricordo&#8221;. <\/span><\/p>\n<p align=\"justify\"><span style=\"font-size: medium;\">Alla fine, la nostra Madre ha ricordato che molti dei presenti erano stati suoi alunni nell&#8217;asilo. <\/span><\/p>\n<p align=\"justify\"><span style=\"font-size: medium;\">Voglio dire la stessa cosa che disse Mons. Kaiser quando prese possesso della Prelatura l&#8217;8 marzo 1958. Quando gli \u00e8 stato chiesto se sarebbe rimasto sempre a Caravel\u00ed, ha risposto: &#8220;Certo! Non solo fino alla morte, perch\u00e9 voglio essere sepolto qui. Anch&#8217;io voglio dire le stesse parole, e non solo fino alla morte, ma fino alla fine della resurrezione. &#8230;.Non so davvero come ringraziarvi per tutto questo. \u00c8 davvero cos\u00ec bello&#8230; Sono cos\u00ec felice di essere qui oggi. Grazie mille&#8221; &#8230;.<\/span><\/p>\n<p align=\"justify\"><span style=\"font-size: medium;\">Nel pomeriggio c&#8217;\u00e8 stata la benedizione eucaristica impartita da nostro Padre, dopo la consueta mezz&#8217;ora di adorazione. E alla fine una opera di teatro della vergine di Guadalupe. <\/span><\/p>\n<p align=\"justify\"><span style=\"font-size: medium;\">Quindi abbiamo avuto una bellissima giornata. Nostra Madre portava la sua corona, che tutti pensavano fosse d&#8217;oro, tutto il giorno. La sera ha dovuto toglierla. Ma le sue figlie hanno insistito finch\u00e9 l&#8217;anno convinta a indossarla fino al giorno dopo. E cos\u00ec fece. <\/span><\/p>\n<p align=\"justify\"><span style=\"font-size: medium;\">Ormai tutto \u00e8 passato ma ci \u00e8 rimasta la felicit\u00e0 di avere un giorno nostra Madre con noi per celebrare la sua festa nel nostro Convento Cenacolo.<\/span><\/p>\n","protected":false},"excerpt":{"rendered":"<p>CARIT\u00c0: Mie care Sorelle: voi mi chiamate &#8220;Madre&#8221;, e come Madre mi rivolgo a voi, a ciascuna in particolare. Faccio mie le parole di San Paolo: &#8220;Come eletto di Dio, suo santo e amato, rivestiti di sentimenti di profonda compassione. Pratica la gentilezza, l&#8217;umilt\u00e0, la mansuetudine e la pazienza. Perdona le tue sorelle. Il Signore [&hellip;]<\/p>\n","protected":false},"author":1,"featured_media":0,"parent":0,"menu_order":0,"comment_status":"closed","ping_status":"closed","template":"templates\/page-madre-wilibrordis.php","meta":{"footnotes":""},"class_list":["post-4780","page","type-page","status-publish","hentry"],"jetpack_sharing_enabled":true,"_links":{"self":[{"href":"https:\/\/mjvv.org\/it\/wp-json\/wp\/v2\/pages\/4780","targetHints":{"allow":["GET"]}}],"collection":[{"href":"https:\/\/mjvv.org\/it\/wp-json\/wp\/v2\/pages"}],"about":[{"href":"https:\/\/mjvv.org\/it\/wp-json\/wp\/v2\/types\/page"}],"author":[{"embeddable":true,"href":"https:\/\/mjvv.org\/it\/wp-json\/wp\/v2\/users\/1"}],"replies":[{"embeddable":true,"href":"https:\/\/mjvv.org\/it\/wp-json\/wp\/v2\/comments?post=4780"}],"version-history":[{"count":2,"href":"https:\/\/mjvv.org\/it\/wp-json\/wp\/v2\/pages\/4780\/revisions"}],"predecessor-version":[{"id":4782,"href":"https:\/\/mjvv.org\/it\/wp-json\/wp\/v2\/pages\/4780\/revisions\/4782"}],"wp:attachment":[{"href":"https:\/\/mjvv.org\/it\/wp-json\/wp\/v2\/media?parent=4780"}],"curies":[{"name":"wp","href":"https:\/\/api.w.org\/{rel}","templated":true}]}}