{"id":4771,"date":"2022-05-18T16:53:27","date_gmt":"2022-05-18T14:53:27","guid":{"rendered":"https:\/\/mjvv.org\/?page_id=4771"},"modified":"2022-06-27T14:34:47","modified_gmt":"2022-06-27T12:34:47","slug":"luoghi-dove-lavoriamo","status":"publish","type":"page","link":"https:\/\/mjvv.org\/it\/luoghi-dove-lavoriamo\/","title":{"rendered":"Luoghi dove lavoriamo"},"content":{"rendered":"<p align=\"justify\"><span lang=\"es-ES\"><img fetchpriority=\"high\" decoding=\"async\" class=\"aligncenter wp-image-4496 size-full\" src=\"http:\/\/161.35.31.59\/mjvv\/wp-content\/uploads\/2022\/06\/luoghi-dove-lavoariamo_01_-1200x500-1.jpg\" alt=\"\" width=\"1200\" height=\"500\" srcset=\"https:\/\/mjvv.org\/wp-content\/uploads\/2022\/06\/luoghi-dove-lavoariamo_01_-1200x500-1.jpg 1200w, https:\/\/mjvv.org\/wp-content\/uploads\/2022\/06\/luoghi-dove-lavoariamo_01_-1200x500-1-300x125.jpg 300w, https:\/\/mjvv.org\/wp-content\/uploads\/2022\/06\/luoghi-dove-lavoariamo_01_-1200x500-1-1024x427.jpg 1024w, https:\/\/mjvv.org\/wp-content\/uploads\/2022\/06\/luoghi-dove-lavoariamo_01_-1200x500-1-768x320.jpg 768w\" sizes=\"(max-width: 1200px) 100vw, 1200px\" \/><\/span><\/p>\n<p align=\"justify\">Attualmente la Congregazione lavora in Per\u00f9, Argentina, Bolivia, Uruguay, Paraguay, Cile e Cuba. Nei luoghi e nelle regioni che non hanno un sacerdote residente, questi sono i campi esclusivi del nostro apostolato. Per lo pi\u00f9 si tratta di zone lontane dalla citt\u00e0, sulle Ande o sulle montagne, dove la gente si lamenta: &#8220;Siamo i dimenticati&#8221;.<\/p>\n<p align=\"justify\"><span lang=\"es-ES\"><img decoding=\"async\" class=\"aligncenter wp-image-4492 size-full\" src=\"http:\/\/161.35.31.59\/mjvv\/wp-content\/uploads\/2022\/06\/luoghi-dove-lavoariamo_02_-1200x500-1.jpg\" alt=\"\" width=\"1200\" height=\"500\" srcset=\"https:\/\/mjvv.org\/wp-content\/uploads\/2022\/06\/luoghi-dove-lavoariamo_02_-1200x500-1.jpg 1200w, https:\/\/mjvv.org\/wp-content\/uploads\/2022\/06\/luoghi-dove-lavoariamo_02_-1200x500-1-300x125.jpg 300w, https:\/\/mjvv.org\/wp-content\/uploads\/2022\/06\/luoghi-dove-lavoariamo_02_-1200x500-1-1024x427.jpg 1024w, https:\/\/mjvv.org\/wp-content\/uploads\/2022\/06\/luoghi-dove-lavoariamo_02_-1200x500-1-768x320.jpg 768w\" sizes=\"(max-width: 1200px) 100vw, 1200px\" \/><\/span><\/p>\n<p align=\"justify\">Come queste zone sono lontane, il prete viene l\u00ec solo una volta all&#8217;anno. Noi abbiamo incontrato persone che non sanno chi sia un prete, che non l&#8217;hanno mai visto, o forse quando il bambino aveva due o tre anni, suo padre lo ha portato in citt\u00e0 a cavallo per essere battezzato.<\/p>\n<p align=\"justify\">Cos\u00ec \u00e8 stato detto di noi: &#8220;Dove finisce una strada asfaltata, l\u00ec comincia il lavoro di un Missionario di Ges\u00f9, Verbo e Vittima&#8221;.<\/p>\n<p align=\"justify\"><img decoding=\"async\" class=\"aligncenter wp-image-4488 size-full\" src=\"http:\/\/161.35.31.59\/mjvv\/wp-content\/uploads\/2022\/06\/luoghi-dove-lavoariamo_03_-1200x500-1.jpg\" alt=\"\" width=\"1200\" height=\"500\" srcset=\"https:\/\/mjvv.org\/wp-content\/uploads\/2022\/06\/luoghi-dove-lavoariamo_03_-1200x500-1.jpg 1200w, https:\/\/mjvv.org\/wp-content\/uploads\/2022\/06\/luoghi-dove-lavoariamo_03_-1200x500-1-300x125.jpg 300w, https:\/\/mjvv.org\/wp-content\/uploads\/2022\/06\/luoghi-dove-lavoariamo_03_-1200x500-1-1024x427.jpg 1024w, https:\/\/mjvv.org\/wp-content\/uploads\/2022\/06\/luoghi-dove-lavoariamo_03_-1200x500-1-768x320.jpg 768w\" sizes=\"(max-width: 1200px) 100vw, 1200px\" \/><\/p>\n","protected":false},"excerpt":{"rendered":"<p>Attualmente la Congregazione lavora in Per\u00f9, Argentina, Bolivia, Uruguay, Paraguay, Cile e Cuba. Nei luoghi e nelle regioni che non hanno un sacerdote residente, questi sono i campi esclusivi del nostro apostolato. Per lo pi\u00f9 si tratta di zone lontane dalla citt\u00e0, sulle Ande o sulle montagne, dove la gente si lamenta: &#8220;Siamo i dimenticati&#8221;. [&hellip;]<\/p>\n","protected":false},"author":1,"featured_media":0,"parent":0,"menu_order":0,"comment_status":"closed","ping_status":"closed","template":"templates\/page-chisiamo.php","meta":{"footnotes":""},"class_list":["post-4771","page","type-page","status-publish","hentry"],"jetpack_sharing_enabled":true,"_links":{"self":[{"href":"https:\/\/mjvv.org\/it\/wp-json\/wp\/v2\/pages\/4771","targetHints":{"allow":["GET"]}}],"collection":[{"href":"https:\/\/mjvv.org\/it\/wp-json\/wp\/v2\/pages"}],"about":[{"href":"https:\/\/mjvv.org\/it\/wp-json\/wp\/v2\/types\/page"}],"author":[{"embeddable":true,"href":"https:\/\/mjvv.org\/it\/wp-json\/wp\/v2\/users\/1"}],"replies":[{"embeddable":true,"href":"https:\/\/mjvv.org\/it\/wp-json\/wp\/v2\/comments?post=4771"}],"version-history":[{"count":2,"href":"https:\/\/mjvv.org\/it\/wp-json\/wp\/v2\/pages\/4771\/revisions"}],"predecessor-version":[{"id":4773,"href":"https:\/\/mjvv.org\/it\/wp-json\/wp\/v2\/pages\/4771\/revisions\/4773"}],"wp:attachment":[{"href":"https:\/\/mjvv.org\/it\/wp-json\/wp\/v2\/media?parent=4771"}],"curies":[{"name":"wp","href":"https:\/\/api.w.org\/{rel}","templated":true}]}}