{"id":4761,"date":"2022-05-18T15:47:31","date_gmt":"2022-05-18T13:47:31","guid":{"rendered":"https:\/\/mjvv.org\/?page_id=4761"},"modified":"2022-06-27T12:40:36","modified_gmt":"2022-06-27T10:40:36","slug":"la-nostra-missione","status":"publish","type":"page","link":"https:\/\/mjvv.org\/it\/la-nostra-missione\/","title":{"rendered":"La nostra missione"},"content":{"rendered":"<p align=\"justify\">Il motivo per cui il vescovo Federico Kaiser ha fondato la Congregazione delle MJVV \u00e8 stato perch\u00e9 desiderava sodisfare &#8220;la chiamata delle Ande&#8221;, come lui stesso la definiva.<\/p>\n<p align=\"justify\">In un&#8217;occasione, una signora, dopo aver trascorso alcuni mesi sulla costa peruviana, doveva tornare nelle Ande e si lament\u00f2 con lui: &#8220;Padre, l\u00ec non abbiamo un prete, nessuno battezza i nostri figli, non possiamo confessarci, n\u00e9 ricevere la comunione, e quando arriva la nostra ora, moriamo senza l&#8217;aiuto dei sacramenti&#8221;. I singhiozzi della signora erano incisi nell&#8217;anima di padre Kaiser e non poteva dimenticare questo grido dalle Ande.<\/p>\n<p align=\"justify\"><span lang=\"es-ES\"><img fetchpriority=\"high\" decoding=\"async\" class=\"aligncenter wp-image-4105 size-full\" src=\"http:\/\/161.35.31.59\/mjvv\/wp-content\/uploads\/2022\/06\/la-nostra-missione-01_1200x500.jpg\" alt=\"\" width=\"1200\" height=\"500\" srcset=\"https:\/\/mjvv.org\/wp-content\/uploads\/2022\/06\/la-nostra-missione-01_1200x500.jpg 1200w, https:\/\/mjvv.org\/wp-content\/uploads\/2022\/06\/la-nostra-missione-01_1200x500-300x125.jpg 300w, https:\/\/mjvv.org\/wp-content\/uploads\/2022\/06\/la-nostra-missione-01_1200x500-1024x427.jpg 1024w, https:\/\/mjvv.org\/wp-content\/uploads\/2022\/06\/la-nostra-missione-01_1200x500-768x320.jpg 768w\" sizes=\"(max-width: 1200px) 100vw, 1200px\" \/><\/span><\/p>\n<p align=\"justify\">Oltre a questo, c&#8217;era una carenza di sacerdoti nella nuova Prelatura, di cui doveva occuparsi come fa un pastore con le sue pecore.<\/p>\n<p align=\"justify\">Perci\u00f2, la nostra missione \u00e8 quella di occuparsi dei luoghi remoti, abbandonati e poveri che non hanno attenzione spirituale a causa della mancanza di sacerdoti.<\/p>\n<p align=\"justify\">Per questo motivo, la Chiesa ci ha concesso di svolgere la cura pastorale di queste zone, in dipendenza del Vescovo della diocesi. Lo facciamo attraverso:<\/p>\n<ul>\n<li>\n<p align=\"justify\">Celebrazione della Parola<\/p>\n<\/li>\n<li>\n<p align=\"justify\">Amministrazione della Santa Eucaristia<\/p>\n<\/li>\n<li>\n<p align=\"justify\">Catechesi<\/p>\n<\/li>\n<li>\n<p align=\"justify\">Amministrazione del battesimo<\/p>\n<\/li>\n<li>\n<p align=\"justify\">Assistenza matrimoniale<\/p>\n<\/li>\n<\/ul>\n<p align=\"justify\">D&#8217;altra parte, l&#8217;essere umano non \u00e8 solo anima, ma anche e prima di tutto corpo, cos\u00ec che:<\/p>\n<ul>\n<li>\n<p align=\"justify\">Assistiamo materialmente e spiritualmente i malati, gli anziani e i morenti.<\/p>\n<\/li>\n<li>\n<p align=\"justify\">Guidiamo le processioni e incoraggiamo il fervore dei fedeli.<\/p>\n<\/li>\n<li>\n<p align=\"justify\">Formiamo catechisti<\/p>\n<\/li>\n<li>\n<p align=\"justify\">Diamo corsi biblici<\/p>\n<\/li>\n<li>\n<p align=\"justify\">Insegniamo religione nelle scuole della zona in cui lavoriamo.<\/p>\n<\/li>\n<li>\n<p align=\"justify\">Facciamo visite a domicilio, interessandoci a conoscere e ad aiutare i nostri fedeli nella loro formazione umana e cristiana.<\/p>\n<\/li>\n<li>\n<p align=\"justify\">Promuoviamo le vocazioni al sacerdozio e alla vita religiosa.<\/p>\n<\/li>\n<\/ul>\n<p align=\"justify\"><span lang=\"es-ES\"><img decoding=\"async\" class=\"aligncenter wp-image-4109 size-full\" src=\"http:\/\/161.35.31.59\/mjvv\/wp-content\/uploads\/2022\/06\/la-nostra-missione-02_1200x500.jpg\" alt=\"\" width=\"1200\" height=\"500\" srcset=\"https:\/\/mjvv.org\/wp-content\/uploads\/2022\/06\/la-nostra-missione-02_1200x500.jpg 1200w, https:\/\/mjvv.org\/wp-content\/uploads\/2022\/06\/la-nostra-missione-02_1200x500-300x125.jpg 300w, https:\/\/mjvv.org\/wp-content\/uploads\/2022\/06\/la-nostra-missione-02_1200x500-1024x427.jpg 1024w, https:\/\/mjvv.org\/wp-content\/uploads\/2022\/06\/la-nostra-missione-02_1200x500-768x320.jpg 768w\" sizes=\"(max-width: 1200px) 100vw, 1200px\" \/><\/span><\/p>\n<p align=\"justify\">In breve, questa \u00e8 la NOSTRA MISSIONE: preparare la strada al sacerdote, attraverso la catechesi e il lavoro pastorale che facciamo, rendendo possibile che quando il sacerdote viene in questi luoghi, 2 o 3 volte all&#8217;anno, trovi i fedeli ben preparati per fare una buona confessione, a ricevere l&#8217;Eucaristia con fervore e a partecipare alla Santa Messa, e\/o a ricevere l\u2019olio degli infermi. Questo rende l&#8217;apostolato molto pi\u00f9 fruttuoso.<span lang=\"es-ES\"><img decoding=\"async\" class=\"aligncenter wp-image-4113 size-full\" src=\"http:\/\/161.35.31.59\/mjvv\/wp-content\/uploads\/2022\/06\/la-nostra-missione-03_1200x500.jpg\" alt=\"\" width=\"1200\" height=\"500\" srcset=\"https:\/\/mjvv.org\/wp-content\/uploads\/2022\/06\/la-nostra-missione-03_1200x500.jpg 1200w, https:\/\/mjvv.org\/wp-content\/uploads\/2022\/06\/la-nostra-missione-03_1200x500-300x125.jpg 300w, https:\/\/mjvv.org\/wp-content\/uploads\/2022\/06\/la-nostra-missione-03_1200x500-1024x427.jpg 1024w, https:\/\/mjvv.org\/wp-content\/uploads\/2022\/06\/la-nostra-missione-03_1200x500-768x320.jpg 768w\" sizes=\"(max-width: 1200px) 100vw, 1200px\" \/><\/span><\/p>\n<p align=\"justify\"><img loading=\"lazy\" decoding=\"async\" class=\"aligncenter wp-image-4117 size-full\" src=\"http:\/\/161.35.31.59\/mjvv\/wp-content\/uploads\/2022\/06\/la-nostra-missione-05_1200x500.jpg\" alt=\"\" width=\"1200\" height=\"500\" srcset=\"https:\/\/mjvv.org\/wp-content\/uploads\/2022\/06\/la-nostra-missione-05_1200x500.jpg 1200w, https:\/\/mjvv.org\/wp-content\/uploads\/2022\/06\/la-nostra-missione-05_1200x500-300x125.jpg 300w, https:\/\/mjvv.org\/wp-content\/uploads\/2022\/06\/la-nostra-missione-05_1200x500-1024x427.jpg 1024w, https:\/\/mjvv.org\/wp-content\/uploads\/2022\/06\/la-nostra-missione-05_1200x500-768x320.jpg 768w\" sizes=\"(max-width: 1200px) 100vw, 1200px\" \/><\/p>\n<p align=\"justify\">\n","protected":false},"excerpt":{"rendered":"<p>Il motivo per cui il vescovo Federico Kaiser ha fondato la Congregazione delle MJVV \u00e8 stato perch\u00e9 desiderava sodisfare &#8220;la chiamata delle Ande&#8221;, come lui stesso la definiva. In un&#8217;occasione, una signora, dopo aver trascorso alcuni mesi sulla costa peruviana, doveva tornare nelle Ande e si lament\u00f2 con lui: &#8220;Padre, l\u00ec non abbiamo un prete, [&hellip;]<\/p>\n","protected":false},"author":1,"featured_media":0,"parent":0,"menu_order":0,"comment_status":"closed","ping_status":"closed","template":"templates\/page-missionarie-in-azione.php","meta":{"footnotes":""},"class_list":["post-4761","page","type-page","status-publish","hentry"],"jetpack_sharing_enabled":true,"_links":{"self":[{"href":"https:\/\/mjvv.org\/it\/wp-json\/wp\/v2\/pages\/4761","targetHints":{"allow":["GET"]}}],"collection":[{"href":"https:\/\/mjvv.org\/it\/wp-json\/wp\/v2\/pages"}],"about":[{"href":"https:\/\/mjvv.org\/it\/wp-json\/wp\/v2\/types\/page"}],"author":[{"embeddable":true,"href":"https:\/\/mjvv.org\/it\/wp-json\/wp\/v2\/users\/1"}],"replies":[{"embeddable":true,"href":"https:\/\/mjvv.org\/it\/wp-json\/wp\/v2\/comments?post=4761"}],"version-history":[{"count":1,"href":"https:\/\/mjvv.org\/it\/wp-json\/wp\/v2\/pages\/4761\/revisions"}],"predecessor-version":[{"id":4762,"href":"https:\/\/mjvv.org\/it\/wp-json\/wp\/v2\/pages\/4761\/revisions\/4762"}],"wp:attachment":[{"href":"https:\/\/mjvv.org\/it\/wp-json\/wp\/v2\/media?parent=4761"}],"curies":[{"name":"wp","href":"https:\/\/api.w.org\/{rel}","templated":true}]}}