{"id":4754,"date":"2022-05-18T16:57:09","date_gmt":"2022-05-18T14:57:09","guid":{"rendered":"https:\/\/mjvv.org\/?page_id=4754"},"modified":"2022-06-27T12:29:38","modified_gmt":"2022-06-27T10:29:38","slug":"pensieri","status":"publish","type":"page","link":"https:\/\/mjvv.org\/it\/pensieri\/","title":{"rendered":"Pensieri"},"content":{"rendered":"<ul>\n<li><span style=\"font-size: medium;\">Dobbiamo cogliere ogni opportunit\u00e0 per arricchire le nostre conoscenze. <\/span><\/li>\n<li><span style=\"font-size: medium;\">Conta su di me anche dopo la mia partenza per la vita eterna&#8221;. <\/span><\/li>\n<li><span style=\"font-size: medium;\">Prendiamoci cura di tutto ci\u00f2 che abbiamo in uso, prendiamocene cura come propriet\u00e0 di Dio. <\/span><\/li>\n<li><span style=\"font-size: medium;\">Abituiamoci a mettere ritmo nel nostro lavoro. Qualunque cosa sia, bisogna iniziarla, una volta iniziata, darle un ritmo, continuarla, finirla presto e bene. <\/span><\/li>\n<li><span style=\"font-size: medium;\">Vi prego di considerare queste parole come la volont\u00e0 di Dio: &#8220;Ci\u00f2 che \u00e8 buono lo imitiamo, ci\u00f2 che \u00e8 cattivo lo espiamo, e poi mai critichiamo&#8221;. <\/span><\/li>\n<li><span style=\"font-size: medium;\">Non permettete che si parli male di una persona assente in vostra presenza e tanto meno che la si critichi.<\/span><\/li>\n<li><span style=\"font-size: medium;\">Se c&#8217;\u00e8 lo straordinario per il lavoro, perch\u00e9 non c&#8217;\u00e8 lo straordinario per la preghiera?<\/span><\/li>\n<li><span style=\"font-size: medium;\">Lasciati invadere dallo Spirito d&#8217;amore e donati fedelmente all&#8217;Amore &#8220;perch\u00e9 la tua gioia sia completa&#8221;.<\/span><\/li>\n<li><span style=\"font-size: medium;\">Le pi\u00f9 grandi grazie si ricevono nella sofferenza.<\/span><\/li>\n<\/ul>\n<p><img fetchpriority=\"high\" decoding=\"async\" class=\"aligncenter wp-image-4099 size-full\" src=\"http:\/\/161.35.31.59\/mjvv\/wp-content\/uploads\/2022\/06\/Wilibrordis-pensieri.jpg\" alt=\"\" width=\"1200\" height=\"500\" srcset=\"https:\/\/mjvv.org\/wp-content\/uploads\/2022\/06\/Wilibrordis-pensieri.jpg 1200w, https:\/\/mjvv.org\/wp-content\/uploads\/2022\/06\/Wilibrordis-pensieri-300x125.jpg 300w, https:\/\/mjvv.org\/wp-content\/uploads\/2022\/06\/Wilibrordis-pensieri-1024x427.jpg 1024w, https:\/\/mjvv.org\/wp-content\/uploads\/2022\/06\/Wilibrordis-pensieri-768x320.jpg 768w\" sizes=\"(max-width: 1200px) 100vw, 1200px\" \/><\/p>\n","protected":false},"excerpt":{"rendered":"<p>Dobbiamo cogliere ogni opportunit\u00e0 per arricchire le nostre conoscenze. Conta su di me anche dopo la mia partenza per la vita eterna&#8221;. Prendiamoci cura di tutto ci\u00f2 che abbiamo in uso, prendiamocene cura come propriet\u00e0 di Dio. Abituiamoci a mettere ritmo nel nostro lavoro. Qualunque cosa sia, bisogna iniziarla, una volta iniziata, darle un ritmo, [&hellip;]<\/p>\n","protected":false},"author":1,"featured_media":0,"parent":0,"menu_order":0,"comment_status":"closed","ping_status":"closed","template":"templates\/page-madre-wilibrordis.php","meta":{"footnotes":""},"class_list":["post-4754","page","type-page","status-publish","hentry"],"jetpack_sharing_enabled":true,"_links":{"self":[{"href":"https:\/\/mjvv.org\/it\/wp-json\/wp\/v2\/pages\/4754","targetHints":{"allow":["GET"]}}],"collection":[{"href":"https:\/\/mjvv.org\/it\/wp-json\/wp\/v2\/pages"}],"about":[{"href":"https:\/\/mjvv.org\/it\/wp-json\/wp\/v2\/types\/page"}],"author":[{"embeddable":true,"href":"https:\/\/mjvv.org\/it\/wp-json\/wp\/v2\/users\/1"}],"replies":[{"embeddable":true,"href":"https:\/\/mjvv.org\/it\/wp-json\/wp\/v2\/comments?post=4754"}],"version-history":[{"count":2,"href":"https:\/\/mjvv.org\/it\/wp-json\/wp\/v2\/pages\/4754\/revisions"}],"predecessor-version":[{"id":4756,"href":"https:\/\/mjvv.org\/it\/wp-json\/wp\/v2\/pages\/4754\/revisions\/4756"}],"wp:attachment":[{"href":"https:\/\/mjvv.org\/it\/wp-json\/wp\/v2\/media?parent=4754"}],"curies":[{"name":"wp","href":"https:\/\/api.w.org\/{rel}","templated":true}]}}