{"id":4748,"date":"2022-05-18T16:54:46","date_gmt":"2022-05-18T14:54:46","guid":{"rendered":"https:\/\/mjvv.org\/?page_id=4748"},"modified":"2022-06-27T12:23:59","modified_gmt":"2022-06-27T10:23:59","slug":"spiritualita","status":"publish","type":"page","link":"https:\/\/mjvv.org\/it\/spiritualita\/","title":{"rendered":"Spiritualit\u00e0"},"content":{"rendered":"<p align=\"justify\"><span style=\"font-size: medium;\">Il nostro spirito \u00e8 di \u201cCARIT\u00c0 DOCENTE E PENITENTE\u201d, che \u00e8 l&#8217;iscrizione che portiamo sulla nostra medaglia. <\/span><\/p>\n<p align=\"justify\"><span style=\"font-size: medium;\">CARIT\u00c0 DOCENTE: Lo facciamo attraverso la proclamazione della Parola di Dio, come Araldi di Cristo, portando la sua Parola ai fedeli. Cos\u00ec come &#8220;Cristo si \u00e8 fatto carne&#8221;, \u00e8 anche vero dire che &#8220;Cristo si \u00e8 fatto lettera&#8221;. Allora, proclamando la sua Parola, proclamiamo Cristo stesso. Perch\u00e9 se professiamo e proclamiamo &#8220;Cristo incarnato&#8221;, possiamo fare lo stesso con &#8220;Cristo <\/span><span style=\"font-size: medium;\"><i>inlettrato<\/i><\/span><span style=\"font-size: medium;\">&#8221; che troviamo nella BIBBIA. <\/span><\/p>\n<p align=\"justify\"><span style=\"font-size: medium;\">CARIT\u00c0 PENITENTE: Lo facciamo attraverso piccoli sacrifici e una vita penitente, sull&#8217;esempio di Cristo stesso, che non ha risparmiato alcun sacrificio per il nostro amore e per la nostra salvezza, con il Suo sacrificio sulla CROCE. <\/span><\/p>\n<p align=\"justify\"><span style=\"font-size: medium;\">Pertanto, portiamo una vita consacrata a Ges\u00f9 Verbo (Bibbia) e Vittima (Croce), e sull&#8217;esempio di Cristo seguiamo i Consigli Evangelici di Castit\u00e0, Povert\u00e0 e Obbedienza, per glorificare Dio, santificare noi stessi e il nostro prossimo. <\/span><\/p>\n","protected":false},"excerpt":{"rendered":"<p>Il nostro spirito \u00e8 di \u201cCARIT\u00c0 DOCENTE E PENITENTE\u201d, che \u00e8 l&#8217;iscrizione che portiamo sulla nostra medaglia. CARIT\u00c0 DOCENTE: Lo facciamo attraverso la proclamazione della Parola di Dio, come Araldi di Cristo, portando la sua Parola ai fedeli. Cos\u00ec come &#8220;Cristo si \u00e8 fatto carne&#8221;, \u00e8 anche vero dire che &#8220;Cristo si \u00e8 fatto lettera&#8221;. [&hellip;]<\/p>\n","protected":false},"author":1,"featured_media":0,"parent":0,"menu_order":0,"comment_status":"closed","ping_status":"closed","template":"templates\/page-chisiamo.php","meta":{"footnotes":""},"class_list":["post-4748","page","type-page","status-publish","hentry"],"jetpack_sharing_enabled":true,"_links":{"self":[{"href":"https:\/\/mjvv.org\/it\/wp-json\/wp\/v2\/pages\/4748","targetHints":{"allow":["GET"]}}],"collection":[{"href":"https:\/\/mjvv.org\/it\/wp-json\/wp\/v2\/pages"}],"about":[{"href":"https:\/\/mjvv.org\/it\/wp-json\/wp\/v2\/types\/page"}],"author":[{"embeddable":true,"href":"https:\/\/mjvv.org\/it\/wp-json\/wp\/v2\/users\/1"}],"replies":[{"embeddable":true,"href":"https:\/\/mjvv.org\/it\/wp-json\/wp\/v2\/comments?post=4748"}],"version-history":[{"count":1,"href":"https:\/\/mjvv.org\/it\/wp-json\/wp\/v2\/pages\/4748\/revisions"}],"predecessor-version":[{"id":4749,"href":"https:\/\/mjvv.org\/it\/wp-json\/wp\/v2\/pages\/4748\/revisions\/4749"}],"wp:attachment":[{"href":"https:\/\/mjvv.org\/it\/wp-json\/wp\/v2\/media?parent=4748"}],"curies":[{"name":"wp","href":"https:\/\/api.w.org\/{rel}","templated":true}]}}