{"id":4740,"date":"2022-05-18T16:55:50","date_gmt":"2022-05-18T14:55:50","guid":{"rendered":"https:\/\/mjvv.org\/?page_id=4740"},"modified":"2022-06-27T12:17:05","modified_gmt":"2022-06-27T10:17:05","slug":"storia","status":"publish","type":"page","link":"https:\/\/mjvv.org\/it\/storia\/","title":{"rendered":"Storia"},"content":{"rendered":"<p align=\"justify\"><span style=\"font-size: medium;\">Il nostro Fondatore \u00e8 il Servo di Dio, Monsignor Federico Kaiser MSC (Misionario del Sacro Cuore di Ges\u00f9), primo Vescovo della Prelatura di Caravel\u00ed.<\/span><\/p>\n<p align=\"justify\"><span style=\"font-size: medium;\">Arriv\u00f2 in Per\u00f9 nel 1939, e nel 1957 fu nominato Ordinario della nuova Prelatura di Caravel\u00ed-Per\u00f9, un territorio quasi interamente andino e molto aspro. Era una giurisdizione di 30.000 km2, con un&#8217;altitudine di 1800 m.s.l.m. A quel tempo aveva una dozzina di sacerdoti diocesani e nessuna suora.<\/span><\/p>\n<p align=\"justify\"><span style=\"font-size: medium;\">Non potendo trovare sacerdoti o suore per la cura pastorale dei fedeli, il Servo di Dio, in una notte insonne in cui non riusciva a dormire, preoccupato per &#8220;il grido delle Ande&#8221; &#8211; come diceva lui stesso &#8211; concep\u00ec l&#8217;idea di fondare una Congregazione di suore, il cui scopo speciale sarebbe stato quello di vivere in luoghi remoti, abbandonati e poveri. Condividere l&#8217;abbandono di quelle persone e, allo stesso tempo, alleviarle con l&#8217;apostolato, occupandosi prima della loro salute spirituale e poi anche di quella corporale. Questa idea lo tormentava.<\/span><\/p>\n<p align=\"justify\"><span style=\"font-size: medium;\">A causa della mancanza di sacerdoti, queste suore farebbero tutto ci\u00f2 per cui non \u00e8 richiesta la presenza sacerdotale. Un prete andrebbe in quei luoghi tre, quattro, cinque&#8230; volte all&#8217;anno, trovando la gente istruita nella religione per partecipare fruttuosamente alla Santa Messa e per ricevere consapevolmente i sacramenti. Cos\u00ec, il sacerdote &#8211; aiutato in tutto dalle suore &#8211; potrebbe, in pochi giorni, ottenere un raccolto come non sarebbe stato possibile prima.<\/span><\/p>\n<p align=\"justify\"><span style=\"font-size: medium;\"><span lang=\"es-ES\"><img fetchpriority=\"high\" decoding=\"async\" class=\"aligncenter wp-image-4060 size-full\" src=\"http:\/\/161.35.31.59\/mjvv\/wp-content\/uploads\/2022\/06\/historia.jpg\" alt=\"\" width=\"1200\" height=\"500\" srcset=\"https:\/\/mjvv.org\/wp-content\/uploads\/2022\/06\/historia.jpg 1200w, https:\/\/mjvv.org\/wp-content\/uploads\/2022\/06\/historia-300x125.jpg 300w, https:\/\/mjvv.org\/wp-content\/uploads\/2022\/06\/historia-1024x427.jpg 1024w, https:\/\/mjvv.org\/wp-content\/uploads\/2022\/06\/historia-768x320.jpg 768w\" sizes=\"(max-width: 1200px) 100vw, 1200px\" \/><\/span><\/span><\/p>\n<p align=\"justify\"><span style=\"font-size: medium;\">Come umile suddito, chiese il consiglio dal Nunzio in Per\u00f9, Monsignor Romulo Carboni, che lo incoraggi\u00f2 ad andare avanti con l&#8217;opera. D&#8217;altra parte, molto discretamente, parl\u00f2 con una suora esperta, perch\u00e9 sapeva che aveva bisogno dell&#8217;aiuto di una vera religiosa per la formazione delle suore.<\/span><\/p>\n<p align=\"justify\"><span style=\"font-size: medium;\"><i>&#8220;Reverenda Madre, se un giorno osassi fondare questa Congregazione, mi aiuterebbe?&#8221; Lei rispose: &#8220;Certo, Monsignore, certo!\u201d<\/i><\/span><\/p>\n<p align=\"justify\"><span style=\"font-size: medium;\">Il nome della suora era Madre Wilibrordis. E nella valle nascosta di Caravel\u00ed, il 22 giugno 1961, ha costituito la fondazione della Pia Unione delle Suore Missionarie di Ges\u00f9, Verbo e Vittima. Insieme a Madre Wilibrordis che divenne cofondatrice. <\/span><\/p>\n<p align=\"justify\"><span style=\"font-size: medium;\">La Pia Unione \u00e8 stata elevata al Diritto Diocesano il 25 marzo 1971 e ha iniziato il suo lavoro missionario nella Prelatura di Caravel\u00ed e pi\u00f9 tardi in altre diocesi del Per\u00f9. Nel 1979 ha attraversato le frontiere, fondando i primi \u201cPatmos\u201d (cos\u00ec chiamiamo le nostre \u201cCase delle missioni\u201d) in Argentina e Bolivia.<\/span><\/p>\n<p align=\"justify\"><span style=\"font-size: medium;\">Il 14 settembre 1982, San Giovanni Paolo II elev\u00f2 la fondazione delle Missionarie di Ges\u00f9, Verbo e Vittima a \u201cCongregazione di Diritto Pontificio\u201d.<\/span><\/p>\n<p align=\"justify\"><span style=\"font-size: medium;\"><span lang=\"es-ES\">\u00a0<\/span><\/span><\/p>\n","protected":false},"excerpt":{"rendered":"<p>Il nostro Fondatore \u00e8 il Servo di Dio, Monsignor Federico Kaiser MSC (Misionario del Sacro Cuore di Ges\u00f9), primo Vescovo della Prelatura di Caravel\u00ed. Arriv\u00f2 in Per\u00f9 nel 1939, e nel 1957 fu nominato Ordinario della nuova Prelatura di Caravel\u00ed-Per\u00f9, un territorio quasi interamente andino e molto aspro. Era una giurisdizione di 30.000 km2, con [&hellip;]<\/p>\n","protected":false},"author":1,"featured_media":0,"parent":0,"menu_order":0,"comment_status":"closed","ping_status":"closed","template":"templates\/page-chisiamo.php","meta":{"footnotes":""},"class_list":["post-4740","page","type-page","status-publish","hentry"],"jetpack_sharing_enabled":true,"_links":{"self":[{"href":"https:\/\/mjvv.org\/it\/wp-json\/wp\/v2\/pages\/4740","targetHints":{"allow":["GET"]}}],"collection":[{"href":"https:\/\/mjvv.org\/it\/wp-json\/wp\/v2\/pages"}],"about":[{"href":"https:\/\/mjvv.org\/it\/wp-json\/wp\/v2\/types\/page"}],"author":[{"embeddable":true,"href":"https:\/\/mjvv.org\/it\/wp-json\/wp\/v2\/users\/1"}],"replies":[{"embeddable":true,"href":"https:\/\/mjvv.org\/it\/wp-json\/wp\/v2\/comments?post=4740"}],"version-history":[{"count":2,"href":"https:\/\/mjvv.org\/it\/wp-json\/wp\/v2\/pages\/4740\/revisions"}],"predecessor-version":[{"id":4742,"href":"https:\/\/mjvv.org\/it\/wp-json\/wp\/v2\/pages\/4740\/revisions\/4742"}],"wp:attachment":[{"href":"https:\/\/mjvv.org\/it\/wp-json\/wp\/v2\/media?parent=4740"}],"curies":[{"name":"wp","href":"https:\/\/api.w.org\/{rel}","templated":true}]}}