{"id":4732,"date":"2022-05-20T14:32:04","date_gmt":"2022-05-20T12:32:04","guid":{"rendered":"https:\/\/mjvv.org\/?page_id=4732"},"modified":"2022-06-27T12:08:01","modified_gmt":"2022-06-27T10:08:01","slug":"cose-la-vocazione","status":"publish","type":"page","link":"https:\/\/mjvv.org\/it\/cose-la-vocazione\/","title":{"rendered":"Cos&#8217;\u00e8 la vocazione?"},"content":{"rendered":"<p><iframe title=\"YouTube video player\" src=\"https:\/\/www.youtube.com\/embed\/70tmuD3AtWw\" width=\"100%\" height=\"315\" frameborder=\"0\" allowfullscreen=\"allowfullscreen\"><\/iframe><\/p>\n<ul>\n<li>\n<p align=\"justify\"><span style=\"font-size: medium;\">Il nostro Papa Francesco parla del &#8220;SOGNO DI VOCAZIONE&#8221;.<\/span><\/p>\n<\/li>\n<\/ul>\n<p align=\"justify\"><span style=\"font-size: medium;\">&#8220;Prego che possiate sperimentare questa stessa gioia, cari fratelli e sorelle che HANNO FATTO DI DIO IL SOGNO DELLA LORO VITA, servendolo nei loro fratelli e sorelle attraverso una fedelt\u00e0 che \u00e8 una potente testimonianza in un&#8217;epoca di scelte effimere e di emozioni che non portano gioia duratura&#8221; <\/span><\/p>\n<ul>\n<li>\n<p align=\"justify\"><span style=\"font-size: medium;\">Il nostro Papa Emerito Benedetto XVI dice che la vocazione \u00e8&#8230; &#8220;ANDARE SUI PASSI DI CRISTO&#8221;.<\/span><\/p>\n<\/li>\n<\/ul>\n<p align=\"justify\"><span style=\"font-size: medium;\">&#8220;La vocazione non \u00e8 il frutto di un progetto umano o di un&#8217;abile strategia organizzativa&#8230; Nella sua realt\u00e0 pi\u00f9 profonda, \u00e8 un DONO DI DIO&#8221; <\/span><\/p>\n<ul>\n<li>\n<p align=\"justify\"><span style=\"font-size: medium;\">E l&#8217;amante della giovent\u00f9, San Giovanni Paolo II: &#8220;L&#8217;avventura della santit\u00e0 comincia con un s\u00ec a Dio&#8221;. <\/span><\/p>\n<\/li>\n<\/ul>\n<p align=\"justify\"><span style=\"font-size: medium;\">&#8220;Giovani, non abbiate paura, aprite le porte a Cristo, spalancate le porte dei vostri cuori a Cristo Signore!&#8221; <\/span><\/p>\n<ul>\n<li>\n<p align=\"justify\"><span style=\"font-size: medium;\">E il nostro Padre Fondatore Federico Kaiser ci diceva: <\/span><\/p>\n<\/li>\n<\/ul>\n<p align=\"justify\"><span style=\"font-size: medium;\">&#8220;TRA TUTTE LE SUE CREATURE DIO SCEGLIE QUELLE CHE VUOLE, PERCH\u00c9 VIVANO PI\u00d9 VICINE A LUI, E LE FA CONOSCERE, LA SUA CHIAMATA&#8230;&#8221; Egli affida loro una MISSIONE speciale, che possiamo riassumere in poche parole: ESSERE TESTIMONI DEL SUO AMORE. <\/span><\/p>\n<p align=\"justify\"><span style=\"font-size: medium;\">Tre sono, dunque, gli elementi costitutivi di ogni vocazione: SCELTA, CHIAMATA E MISSIONE. E specialmente della vocazione religiosa: <\/span><\/p>\n<p align=\"justify\"><span style=\"font-size: medium;\">ESSERE SCELTI significa che Lui ci ha dotato di qualit\u00e0 umane che possiamo rafforzare con la grazia divina; con queste, possiamo rispondere alla chiamata di Dio, consacrarci a Lui e mettere tutto ci\u00f2 che abbiamo al servizio degli altri. Essenzialmente, la vita consacrata a Dio, sia nel sacerdozio che nella vita religiosa, \u00e8 vivere per Dio solo in un dono totale di s\u00e9. E poich\u00e9 chi ama Dio ama anche tutto ci\u00f2 che \u00e8 di Dio, allora serviamo i nostri fratelli.<\/span><\/p>\n<p align=\"justify\"><span style=\"font-size: medium;\">Alcuni di noi sono affascinati dalla vita consacrata a Dio, ma allo stesso tempo hanno paura. Paura, perch\u00e9 ci rendiamo conto che il dono totale di s\u00e9 implica RINUNCE. Paura di fare un errore e di essere un fallimento. <\/span><\/p>\n<p align=\"justify\"><span style=\"font-size: medium;\">Se il fascino \u00e8 maggiore della paura e ti rende felice e ti lascia in pace, significa che Dio ti sta davvero chiamando. Puoi superare la paura confidando in Colui che ti chiama. Ma RICORDA: &#8220;Colui che ti chiama con queste parole: Seguimi! ti dar\u00e0 la forza e la grazia per raggiungere la bella meta a cui ti chiama&#8221;. (Mons. Federico Kaiser). <\/span><\/p>\n<p align=\"justify\"><span style=\"font-size: medium;\">Non lasci che il seme della tua vocazione perisca nel deserto della paura. Mettiti in cammino e cerca aiuto per discernere la tua vocazione. Forza! Scrivici!<\/span><\/p>\n<p align=\"justify\"><span style=\"font-size: medium;\"><b>Una lettera per Te: <\/b><\/span><\/p>\n<p align=\"justify\"><span style=\"font-size: medium;\">Carissima giovane:<\/span><\/p>\n<p align=\"justify\"><span style=\"font-size: medium;\">Per te che hai gi\u00e0 finito i vostri studi, o per te che stai per finirli. Per te, queste linee.<\/span><\/p>\n<p align=\"justify\"><span style=\"font-size: medium;\">Ha mai pensato di seguire il cammino della vita consacrata? Bene, ecco una soluzione.<\/span><\/p>\n<p align=\"justify\"><span style=\"font-size: medium;\">Sappiamo che sei una ragazza piena di entusiasmo, piena di giovinezza, con grandi ideali e capacit\u00e0, che vuole darli e regalarli. Forse devi lottare per raggiungere la vera felicit\u00e0, perch\u00e9 sai che la felicit\u00e0 superficiale \u00e8 di breve durata e non ti riempi, ma ti lascia sempre vuota e infelice. <\/span><\/p>\n<p align=\"justify\"><span style=\"font-size: medium;\">Forse \u00e8 solo un&#8217;inquietudine, un dubbio. Dio se ne serve per chiamarla al suo servizio. Quindi, siamo sicuri che sei una giovane di carattere, determinata, che con il vigore della tua giovent\u00f9 e nobili ideali, sai difendere quella perla preziosa della tua vocazione, che hai ricevuto in dono, un dono di Dio, che ti ha guardata, amata e scelta. <\/span><\/p>\n<p align=\"justify\"><span style=\"font-size: medium;\">Ma forse il dubbio si insinua. Perch\u00e9 la vita religiosa, come la vita matrimoniale, e in generale ogni vita, esige dei sacrifici, come il dover lasciare le cose pi\u00f9 preziose, cio\u00e8 tuo padre, tua madre, i tuoi fratelli, la tua professione&#8230; Ecco allora le parole di Cristo: &#8220;&#8230;Tutti quelli che avranno lasciato casa, fratelli, sorelle, padre, madre, figli o terre, per causa mia, riceveranno il centuplo&#8230; e l&#8217;eredit\u00e0 della vita eterna&#8221; (Mt 19, 29). <\/span><\/p>\n<p align=\"justify\"><span style=\"font-size: medium;\">Allora, CORAGGIO! San Giovanni Paolo II diceva: &#8220;Coraggio, non abbiate paura, aprite le porte a Cristo! Anzi, spalancale il cuore!&#8221; Coraggio, cara giovane! Cristo aspetta il tuo s\u00ec generoso! Sull&#8217;esempio di Maria che ha detto s\u00ec al Signore, anche se non sapeva tutto quello che sarebbe successo dopo. Sei pronta a dare il tuo s\u00ec al Signore? Contattaci!<\/span><\/p>\n<p align=\"justify\"><span style=\"font-size: medium;\">MISSIONARIE DI GES\u00d9, VERBO E VITTIMA <\/span><\/p>\n<p align=\"justify\"><span style=\"font-size: medium;\">Convento Cenacolo Caravel\u00ed &#8211; Arequipa &#8211; Per\u00f9<\/span><\/p>\n<p align=\"justify\"><span style=\"font-size: medium;\">Promotrice vocazionale: Madre Celestina MJVV 943402161 (Per informarsi)<\/span><\/p>\n<p align=\"justify\"><span style=\"font-size: medium;\">Vocacionesmjvv@gmail.com <\/span><\/p>\n<p align=\"justify\"><span style=\"font-size: medium;\">Convento Nazareth San Rafael &#8211; Mendoza &#8211; Argentina<\/span><\/p>\n<p align=\"justify\"><span style=\"font-size: medium;\">Tel. +54 02627 434801<\/span><\/p>\n","protected":false},"excerpt":{"rendered":"<p>Il nostro Papa Francesco parla del &#8220;SOGNO DI VOCAZIONE&#8221;. &#8220;Prego che possiate sperimentare questa stessa gioia, cari fratelli e sorelle che HANNO FATTO DI DIO IL SOGNO DELLA LORO VITA, servendolo nei loro fratelli e sorelle attraverso una fedelt\u00e0 che \u00e8 una potente testimonianza in un&#8217;epoca di scelte effimere e di emozioni che non portano [&hellip;]<\/p>\n","protected":false},"author":1,"featured_media":0,"parent":0,"menu_order":0,"comment_status":"closed","ping_status":"closed","template":"templates\/page-vocazione.php","meta":{"footnotes":""},"class_list":["post-4732","page","type-page","status-publish","hentry"],"jetpack_sharing_enabled":true,"_links":{"self":[{"href":"https:\/\/mjvv.org\/it\/wp-json\/wp\/v2\/pages\/4732","targetHints":{"allow":["GET"]}}],"collection":[{"href":"https:\/\/mjvv.org\/it\/wp-json\/wp\/v2\/pages"}],"about":[{"href":"https:\/\/mjvv.org\/it\/wp-json\/wp\/v2\/types\/page"}],"author":[{"embeddable":true,"href":"https:\/\/mjvv.org\/it\/wp-json\/wp\/v2\/users\/1"}],"replies":[{"embeddable":true,"href":"https:\/\/mjvv.org\/it\/wp-json\/wp\/v2\/comments?post=4732"}],"version-history":[{"count":1,"href":"https:\/\/mjvv.org\/it\/wp-json\/wp\/v2\/pages\/4732\/revisions"}],"predecessor-version":[{"id":4733,"href":"https:\/\/mjvv.org\/it\/wp-json\/wp\/v2\/pages\/4732\/revisions\/4733"}],"wp:attachment":[{"href":"https:\/\/mjvv.org\/it\/wp-json\/wp\/v2\/media?parent=4732"}],"curies":[{"name":"wp","href":"https:\/\/api.w.org\/{rel}","templated":true}]}}