{"id":3709,"date":"2022-05-17T10:17:26","date_gmt":"2022-05-17T08:17:26","guid":{"rendered":"http:\/\/161.35.31.59\/mjvv\/?page_id=3709"},"modified":"2022-05-17T10:23:47","modified_gmt":"2022-05-17T08:23:47","slug":"madre-cofondatrice","status":"publish","type":"page","link":"https:\/\/mjvv.org\/it\/madre-cofondatrice\/","title":{"rendered":"Madre Cofondatrice"},"content":{"rendered":"<p align=\"justify\"><span style=\"font-size: medium;\">Therese Bonefeld Griese \u00e8 nata a Paderborn, in Germania, l&#8217;8 marzo 1907, figlia maggiore di Augustus ed Elizabeth. Da bambina si \u00e8 distinta come una bambina determinata, volitiva e molto idealista. Di solito diceva: &#8220;Credo di essere nata con la vocazione di Suora Religiosa Missionaria perch\u00e9 non ricordo un momento della mia infanzia e giovent\u00f9 in cui non volessi essere altro che Suora Religiosa&#8221;.<\/span><\/p>\n<p align=\"justify\"><span style=\"font-size: medium;\">Un giorno in classe, la professoressa disse ai suoi studenti di scrivere ciascuno un componimento sul tema: &#8220;Cosa voglio essere un giorno&#8221;. Therese ha scritto: &#8220;Voglio essere missionaria, andr\u00f2 in Cina. L\u00ec battezzer\u00f2 tutti i bambini\u201d.<\/span><\/p>\n<p align=\"justify\"><span style=\"font-size: medium;\">Dall&#8217;et\u00e0 di 13 anni \u00e8 stata membro del gruppo giovanile <\/span><span style=\"font-size: medium;\"><i>Quickborn<\/i><\/span><span style=\"font-size: medium;\"> il cui motto era &#8220;essere sempre giovani&#8221;. Ogni anno passava da due a quattro settimane al castello di Rothenfels, dove si allenava sotto la guida di Romano Guardini e del monaco benedettino Willibrord Verkade, che fu il suo direttore spirituale per molti anni e dal quale impar\u00f2 molte cose dello spirito. <\/span><\/p>\n<p align=\"justify\"><span style=\"font-size: medium;\">Si diplom\u00f2 come maestra d&#8217;asilo e lavor\u00f2 per quattro estati consecutivi dal 1926 al 1930 nel villaggio per bambini di Heuberg, mentre continuava i suoi studi per il titolo di Jugendleiterin (formatrice di giovani).<\/span><\/p>\n<p align=\"justify\"><span style=\"font-size: medium;\">All&#8217;et\u00e0 di 27 anni, un giorno del 1930, fece una passeggiata in una foresta a Beuron, ad una certa altezza poteva vedere il fiume Danubio e l&#8217;abbazia in lontananza, dove scopr\u00ec la sua vocazione: &#8220;Una luce venne a me come un lampo. Non era una luce visibile agli occhi del corpo, ma molto visibile agli occhi del cuore. Ho visto molto chiaramente che Dio mi stava chiamando\u201d.<\/span><\/p>\n<p align=\"justify\"><span style=\"font-size: medium;\">Nel 1932 fece domanda per entrare nella Congregazione delle Suore Missionarie del Sacro Cuore (MSC) a Hiltrup. Fu ammessa e le fu data la data d&#8217;ingresso nel luglio 1933. Comunque, la situazione politica in Germania la preoccupava molto. Temeva che Hitler sarebbe salito al potere e non avrebbe permesso altre ammissioni al convento, cos\u00ec decise di non aspettare oltre ed entr\u00f2 l&#8217;11 febbraio 1932. Il 15 agosto 1933 prese i primi voti, e prese il nome di Madre Wilibrordis.<\/span><\/p>\n<p align=\"justify\"><span style=\"font-size: medium;\">Quando Madre Wilibrordis aveva 31 anni, fu una delle prime MSC che si rec\u00f2 in Per\u00f9, su richiesta del governo peruviano, per prendere in carico una casa-scuola ad Ancon-Lima per curare i bambini molto poveri delle famiglie separate. Sono arrivate il 30 luglio 1938.<\/span><\/p>\n<p align=\"justify\"><span style=\"font-size: medium;\">A Lima incontr\u00f2 padre Federico Kaiser, anche lui MSC. Quando lo vide per la prima volta, pens\u00f2: &#8220;Non mi confesser\u00f2 mai con questo prete&#8221;, e fu lui che divenne non solo il suo confessore, ma anche un vero modello a seguire. Pi\u00f9 tardi, nel 1944, Madre Wilibrordis serv\u00ec come capo infermiera all&#8217;Ospedale Obrero di Chocope, Trujillo.<\/span><\/p>\n<p align=\"justify\"><span style=\"font-size: medium;\">Arriv\u00f2 a Caravel\u00ed nel 1959, dove fu la prima direttrice dell&#8217;asilo San Miguel. Nel 1961, conosceva gi\u00e0 bene il vescovo Kaiser, che aveva scoperto in lei un&#8217;autentica religiosa. Lui, un giorno, con molta discrezione, parl\u00f2 a Madre Wilibrordis di un&#8217;impresa audace. <\/span><\/p>\n<p align=\"justify\"><span style=\"font-size: medium;\">&#8211; \u201cNessuno sa di questo, per favore molto discreta. Se un giorno decidessi di fondare, mi aiuteresti?&#8221;. <\/span><\/p>\n<p align=\"justify\"><span style=\"font-size: medium;\">&#8211; &#8220;Certo, certo!&#8221; rispose Madre Wilibrordis. E cominci\u00f2 subito a preparare il suo programma. Poi disse:<\/span><\/p>\n<p align=\"justify\"><span style=\"font-size: medium;\">&#8211; &#8220;Monsignore, lei ha tanti anni e io anche. Non dobbiamo pi\u00f9 aspettare. <\/span><\/p>\n<p align=\"justify\"><span style=\"font-size: medium;\">Monsignor Federico Kaiser racontava che in precedenza aveva detto al nunzio peruviano: <\/span><\/p>\n<p align=\"justify\"><span style=\"font-size: medium;\">&#8211; \u201cEccellenza, se comincio questo, ho bisogno dell&#8217;aiuto di una suora esperta che possa aiutarmi. Ne conosco una. Se non conto con lei, non inizier\u00f2&#8221;. <\/span><\/p>\n<p align=\"justify\"><span style=\"font-size: medium;\">Cos\u00ec il vescovo Frederick Kaiser MSC, il 22 giugno 1961, ha fondato la Pia Unione delle Suore Missionarie di Ges\u00f9, Verbo e Vittima. E Madre Wilibrordis divenne cofondatrice della Congregazione, collaborando direttamente alla formazione delle religiose. <\/span><\/p>\n<p align=\"justify\"><span style=\"font-size: medium;\">Nel 1967 emise i Voti Perpetui come membro della nuova Congregazione. Il nostro Padre Fondatore e nostra Madre (come vi chiamavamo), si sono occupati di quest&#8217;opera di Dio al servizio dei pi\u00f9 poveri e abbandonati. Seguendo l&#8217;esempio di San Paolo Apostolo, Madre Wilibrordis visitava le varie case della Congregazione, incoraggiando e rafforzando la spiritualit\u00e0.<\/span><\/p>\n<p align=\"justify\"><span style=\"font-size: medium;\">Nel 1988, con grande pazienza e dedizione, aiutat\u00f2 Mons. Kaiser, che aveva subito un infarto cerebrale, e dimentic\u00f2 lo spagnolo. Grande fu la sua gioia nel vedere che 8 mesi dopo, nostro Padre era in grado di parlare di nuovo e celebrava la messa quotidiana come desiderava. <\/span><\/p>\n<p align=\"justify\"><span style=\"font-size: medium;\">Fu il Servo di Dio stesso a dirle che avrebbe vissuto fino a 95 anni. Il 31 luglio 2002 Dio l&#8217;ha chiamata alla dimora celeste. I suoi resti riposano ora nella Casa Madre delle Suore Missionarie di Ges\u00f9, Verbo e Vittima.<\/span><\/p>\n","protected":false},"excerpt":{"rendered":"<p>Therese Bonefeld Griese \u00e8 nata a Paderborn, in Germania, l&#8217;8 marzo 1907, figlia maggiore di Augustus ed Elizabeth. Da bambina si \u00e8 distinta come una bambina determinata, volitiva e molto idealista. Di solito diceva: &#8220;Credo di essere nata con la vocazione di Suora Religiosa Missionaria perch\u00e9 non ricordo un momento della mia infanzia e giovent\u00f9 [&hellip;]<\/p>\n","protected":false},"author":1,"featured_media":0,"parent":0,"menu_order":0,"comment_status":"closed","ping_status":"closed","template":"templates\/page-madre-wilibrordis.php","meta":{"footnotes":""},"class_list":["post-3709","page","type-page","status-publish","hentry"],"jetpack_sharing_enabled":true,"_links":{"self":[{"href":"https:\/\/mjvv.org\/it\/wp-json\/wp\/v2\/pages\/3709","targetHints":{"allow":["GET"]}}],"collection":[{"href":"https:\/\/mjvv.org\/it\/wp-json\/wp\/v2\/pages"}],"about":[{"href":"https:\/\/mjvv.org\/it\/wp-json\/wp\/v2\/types\/page"}],"author":[{"embeddable":true,"href":"https:\/\/mjvv.org\/it\/wp-json\/wp\/v2\/users\/1"}],"replies":[{"embeddable":true,"href":"https:\/\/mjvv.org\/it\/wp-json\/wp\/v2\/comments?post=3709"}],"version-history":[{"count":1,"href":"https:\/\/mjvv.org\/it\/wp-json\/wp\/v2\/pages\/3709\/revisions"}],"predecessor-version":[{"id":3710,"href":"https:\/\/mjvv.org\/it\/wp-json\/wp\/v2\/pages\/3709\/revisions\/3710"}],"wp:attachment":[{"href":"https:\/\/mjvv.org\/it\/wp-json\/wp\/v2\/media?parent=3709"}],"curies":[{"name":"wp","href":"https:\/\/api.w.org\/{rel}","templated":true}]}}