{"id":6485,"date":"2023-03-26T03:47:38","date_gmt":"2023-03-26T01:47:38","guid":{"rendered":"https:\/\/mjvv.org\/u-nuevo-fiat-como-maria\/"},"modified":"2023-03-26T03:49:10","modified_gmt":"2023-03-26T01:49:10","slug":"u-nuevo-fiat-como-maria","status":"publish","type":"page","link":"https:\/\/mjvv.org\/en\/u-nuevo-fiat-como-maria\/","title":{"rendered":"U nuevo \u00abfiat\u00bb como Mar\u00eda"},"content":{"rendered":"<p>Hoy en la solemnidad de la Asunci\u00f3n del \u00c1ngel a la Virgen Mar\u00eda, en la capilla del convento Cen\u00e1culo de las misioneras de Jes\u00fas Verbo y V\u00edctima, reson\u00f3 un nuevo \u00ab fiat\u00bb. Hace veinticinco a\u00f1os Madre Mar\u00eda Edgarda hizo sus primeros votos, y hoy confirm\u00f3 su \u00ab fiat\u00bb al Se\u00f1or.<\/p>\n<p>\u00ab Dios nos escogi\u00f3 a cada uno de nosotros como eligi\u00f3 a Mar\u00eda y la respuesta de Mar\u00eda fue <em><strong>fiat<\/strong><\/em> a la voluntad de Dios \u00bb, exhort\u00f3 el reverendo padre Miguel Zapata, quien presidi\u00f3 la Santa Misa.<\/p>\n<p>&nbsp;<\/p>\n<p>Por su parte Madre Edgarda con la experiencia de estos 25 a\u00f1os de vida religiosa\u00a0 se\u00f1al\u00f3 \u00ab Es como un raudal de gracias que uno recibe del Se\u00f1or. \u00c9l a veces nos hace pasar algunas pruebas, pero tambi\u00e9n nos da las gracias para permanecer fieles y esta fidelidad abarca toda la vida\u00bb.<\/p>\n<p>Madre Edgarda \u00faltimamente estuvo trabajando en \u00ab Carahuat\u00e1\u00bb, Uruguay, como superiora de la comunidad. Y ahora seguir\u00e1 entregando su vida a Jes\u00fas Verbo y V\u00edctima en la sierra peruana.<\/p>\n","protected":false},"excerpt":{"rendered":"<p>Hoy en la solemnidad de la Asunci\u00f3n del \u00c1ngel a la Virgen Mar\u00eda, en la capilla del convento Cen\u00e1culo de las misioneras de Jes\u00fas Verbo y V\u00edctima, reson\u00f3 un nuevo \u00ab fiat\u00bb. Hace veinticinco a\u00f1os Madre Mar\u00eda Edgarda hizo sus primeros votos, y hoy confirm\u00f3 su \u00ab fiat\u00bb al Se\u00f1or. \u00ab Dios nos escogi\u00f3 a [&hellip;]<\/p>\n","protected":false},"author":2,"featured_media":6481,"parent":0,"menu_order":0,"comment_status":"closed","ping_status":"closed","template":"","meta":{"footnotes":""},"class_list":["post-6485","page","type-page","status-publish","has-post-thumbnail","hentry"],"jetpack_sharing_enabled":true,"_links":{"self":[{"href":"https:\/\/mjvv.org\/en\/wp-json\/wp\/v2\/pages\/6485","targetHints":{"allow":["GET"]}}],"collection":[{"href":"https:\/\/mjvv.org\/en\/wp-json\/wp\/v2\/pages"}],"about":[{"href":"https:\/\/mjvv.org\/en\/wp-json\/wp\/v2\/types\/page"}],"author":[{"embeddable":true,"href":"https:\/\/mjvv.org\/en\/wp-json\/wp\/v2\/users\/2"}],"replies":[{"embeddable":true,"href":"https:\/\/mjvv.org\/en\/wp-json\/wp\/v2\/comments?post=6485"}],"version-history":[{"count":1,"href":"https:\/\/mjvv.org\/en\/wp-json\/wp\/v2\/pages\/6485\/revisions"}],"predecessor-version":[{"id":6488,"href":"https:\/\/mjvv.org\/en\/wp-json\/wp\/v2\/pages\/6485\/revisions\/6488"}],"wp:featuredmedia":[{"embeddable":true,"href":"https:\/\/mjvv.org\/en\/wp-json\/wp\/v2\/media\/6481"}],"wp:attachment":[{"href":"https:\/\/mjvv.org\/en\/wp-json\/wp\/v2\/media?parent=6485"}],"curies":[{"name":"wp","href":"https:\/\/api.w.org\/{rel}","templated":true}]}}