{"id":5039,"date":"2022-06-20T12:26:26","date_gmt":"2022-06-20T10:26:26","guid":{"rendered":"https:\/\/mjvv.org\/?page_id=5039"},"modified":"2022-06-30T13:57:02","modified_gmt":"2022-06-30T11:57:02","slug":"spirituality","status":"publish","type":"page","link":"https:\/\/mjvv.org\/en\/federico-kaiser\/spirituality\/","title":{"rendered":"Spirituality"},"content":{"rendered":"<p lang=\"es-ES\" align=\"justify\"><span style=\"font-family: Cambria, serif;\"><span style=\"font-size: large;\"><b>Alegr\u00eda: \u201cEstemos alegres nosotros y hagamos alegres a otros\u201d.<\/b><\/span><\/span><\/p>\n<p>\u201c<span style=\"font-size: medium;\">La alegr\u00eda del Evangelio llena el coraz\u00f3n y la vida entera de los que se encuentran con Jes\u00fas\u201d, dice el Papa Francisco. Y esto es lo que busc\u00f3 mostrar con su vida y escritos Mons. Federico Kaiser. Es una de las virtudes que lo caracteriz\u00f3 y en la que insist\u00eda con m\u00e1s frecuencia, como la forma m\u00e1s eficaz de alcanzar el fin principal de la vocaci\u00f3n cristiana: la santidad. <\/span><\/p>\n<p>\u201c<span style=\"font-size: medium;\"><i>Testigos de Cristo tenemos que ser en este mundo. Nos lo ha dicho el mismo Jes\u00fas: ser\u00e9is mis testigos (Hch. 1,8). T\u00fa tambi\u00e9n, \u00bfquieres serlo de veras? \u00a1Entonces procura estar siempre alegre! \u00a1Porque un cristiano triste es un triste cristiano! \u00a1Un testigo triste es un triste testigo de aquel mensaje que se llama Evangelio, Nueva Buena, que es el mensaje de la alegr\u00eda! Para que t\u00fa seas cristiano verdadero, verdadero testigo del Evangelio: \u00a1sea siempre contigo la alegr\u00eda!\u201d. (Federico kaiser)<\/i><\/span><\/p>\n<p><span style=\"font-size: medium;\">(Foto di Federico Kaiser Sorridente)<\/span><\/p>\n<p><span style=\"font-family: Cambria, serif;\"><span style=\"font-size: large;\"><span lang=\"es-ES\"><b>Caridad:<\/b><\/span><\/span><\/span><i><b> <\/b><\/i><span style=\"font-family: Cambria, serif;\"><span style=\"font-size: large;\"><span lang=\"es-ES\"><i>\u201cDar y causar gusto a Dios y al pr\u00f3jimo\u201d<\/i><\/span><\/span><\/span><\/p>\n<p><span style=\"font-size: medium;\"><span lang=\"es-ES\">Es una de las virtudes de las que siempre habla el Papa Francisco para los cristianos de hoy. \u201cTodos los creyentes necesitamos reconocer esto: lo primero es el amor, lo que nunca debe estar en riesgo es el amor, el mayor peligro es no amar (cfr. 1Cor. 13, 1-13). En otras palabras Mons. Kaiser dec\u00eda: \u201cla caridad es la reina y el resumen de todas las virtudes. Su pr\u00e1ctica consiste concretamente en dar y causar gusto a Dios y a nuestros pr\u00f3jimos, evit\u00e1ndoles cualquier disgusto\u201d. <\/span><\/span><\/p>\n<p><span style=\"font-size: medium;\">(Foto: Federico Kaiser con i bambini)<\/span><\/p>\n<p><span style=\"font-family: Cambria, serif;\"><span style=\"font-size: large;\"><span lang=\"es-ES\"><b>Esp\u00edritu misionero: <\/b><\/span><\/span><\/span><span style=\"font-family: Cambria, serif;\"><span style=\"font-size: large;\"><span lang=\"es-ES\"><i>\u201cEl Ap\u00f3stol de los Andes\u201d<\/i><\/span><\/span><\/span><\/p>\n<p><span style=\"font-size: medium;\"><span lang=\"es-ES\">Como miembros de una Iglesia misionera o \u201cen salida\u201d, el Santo Padre insiste, en repetidas oportunidades, sobre la importancia de cumplir cada uno con el mandato evang\u00e9lico de \u201cid y predicad\u201d (Cfr. Mt. 28, 19). \u201cLa alegr\u00eda del Evangelio que llena la vida de la comunidad de los disc\u00edpulos es una alegr\u00eda misionera\u201d, y a esto est\u00e1 llamado todo cristiano. Federico Kaiser hizo vida lo que plasm\u00f3 en sus escritos, la importancia de una Iglesia que vaya en busca de los m\u00e1s alejados, abandonados y pobres. <\/span><\/span><\/p>\n<p><span style=\"font-size: medium;\"><span lang=\"es-ES\">Su preocupaci\u00f3n por los fieles de la periferia, le llev\u00f3 a imprimir todo su esp\u00edritu misionero en la Congregaci\u00f3n que fund\u00f3. \u00c9l mismo tuvo como armas de su apostolado, la Biblia y la Cruz- la Caridad docente y penitente- ense\u00f1ando las verdades, rezando y sacrific\u00e1ndose por el pecador. Teniendo como vitaminas indispensables para la evangelizaci\u00f3n: la alegr\u00eda y confianza. Su celo apost\u00f3lico le llev\u00f3 a predicar la palabra de Dios en los lugares m\u00e1s inh\u00f3spitos, no temiendo al sacrificio, a imitaci\u00f3n de Jes\u00fas V\u00edctima. <\/span><\/span><\/p>\n<p><span style=\"font-size: medium;\">(Foto: Federico Kaiser camminando)<\/span><\/p>\n<p><span style=\"font-family: Cambria, serif;\"><span style=\"font-size: large;\"><span lang=\"es-ES\"><b>Amor por las Sagradas Escrituras: \u201c<\/b><\/span><\/span><\/span><span style=\"font-family: Cambria, serif;\"><span style=\"font-size: large;\"><span lang=\"es-ES\">El Ap\u00f3stol de la Biblia\u201d<\/span><\/span><\/span><\/p>\n<p>\u201c<span style=\"font-size: medium;\"><span lang=\"es-ES\">Ignorar las Escrituras es ignorar a Cristo\u201d, dec\u00eda San Jer\u00f3nimo. Esto es lo que vivi\u00f3, predic\u00f3 y ense\u00f1\u00f3 Federico kaiser. \u00c9l mismo consideraba como su gran pasi\u00f3n: la Biblia. A su lectura y estudio dedic\u00f3 gran parte de su vida. Fruto de esto, son la serie de libros que escribi\u00f3, sobre apolog\u00e9tica, ex\u00e9gesis y hermen\u00e9utica b\u00edblica, pero explicado de una manera sencilla, para que cualquier persona lo pueda comprender. Amor a Jes\u00fas Verbo que transmiti\u00f3 a los miembros de la congregaci\u00f3n que fund\u00f3 y a todos aquellos que lo conocieron. <\/span><\/span><\/p>\n<p><span style=\"font-size: medium;\">(Foto: Federico kaiser con un libro in mano)\u00a0<\/span><\/p>\n","protected":false},"excerpt":{"rendered":"<p>Alegr\u00eda: \u201cEstemos alegres nosotros y hagamos alegres a otros\u201d. \u201cLa alegr\u00eda del Evangelio llena el coraz\u00f3n y la vida entera de los que se encuentran con Jes\u00fas\u201d, dice el Papa Francisco. Y esto es lo que busc\u00f3 mostrar con su vida y escritos Mons. Federico Kaiser. Es una de las virtudes que lo caracteriz\u00f3 y [&hellip;]<\/p>\n","protected":false},"author":1,"featured_media":0,"parent":4863,"menu_order":0,"comment_status":"closed","ping_status":"closed","template":"templates\/page-federico-kaiser.php","meta":{"footnotes":""},"class_list":["post-5039","page","type-page","status-publish","hentry"],"jetpack_sharing_enabled":true,"_links":{"self":[{"href":"https:\/\/mjvv.org\/en\/wp-json\/wp\/v2\/pages\/5039","targetHints":{"allow":["GET"]}}],"collection":[{"href":"https:\/\/mjvv.org\/en\/wp-json\/wp\/v2\/pages"}],"about":[{"href":"https:\/\/mjvv.org\/en\/wp-json\/wp\/v2\/types\/page"}],"author":[{"embeddable":true,"href":"https:\/\/mjvv.org\/en\/wp-json\/wp\/v2\/users\/1"}],"replies":[{"embeddable":true,"href":"https:\/\/mjvv.org\/en\/wp-json\/wp\/v2\/comments?post=5039"}],"version-history":[{"count":2,"href":"https:\/\/mjvv.org\/en\/wp-json\/wp\/v2\/pages\/5039\/revisions"}],"predecessor-version":[{"id":5041,"href":"https:\/\/mjvv.org\/en\/wp-json\/wp\/v2\/pages\/5039\/revisions\/5041"}],"up":[{"embeddable":true,"href":"https:\/\/mjvv.org\/en\/wp-json\/wp\/v2\/pages\/4863"}],"wp:attachment":[{"href":"https:\/\/mjvv.org\/en\/wp-json\/wp\/v2\/media?parent=5039"}],"curies":[{"name":"wp","href":"https:\/\/api.w.org\/{rel}","templated":true}]}}