{"id":4871,"date":"2022-06-20T19:32:59","date_gmt":"2022-06-20T17:32:59","guid":{"rendered":"https:\/\/mjvv.org\/?page_id=4871"},"modified":"2022-06-27T17:07:39","modified_gmt":"2022-06-27T15:07:39","slug":"beatification-process","status":"publish","type":"page","link":"https:\/\/mjvv.org\/en\/federico-kaiser\/beatification-process\/","title":{"rendered":"Beatification process"},"content":{"rendered":"<p align=\"center\"><span style=\"font-family: Cambria, serif;\"><span style=\"font-size: large;\"><span lang=\"en-GB\"><b>Diocesan phase of the beatification process<\/b><\/span><\/span><\/span><\/p>\n<p align=\"justify\"><span style=\"font-family: Cambria, serif;\"><span style=\"font-size: medium;\"><span lang=\"en-GB\">Since his departure for heaven on 26 September 1993, many people have been helped by the intercession of Frederick Kaiser. Countless letters and visits to his tomb bear witness to this. The feelings of the faithful prompted Mother Jacinta to consult the then Archbishop of Lima, Cardinal Juan Luis Cipriani Thorne, since Father Kaiser gave up his soul to God in Lima. The Cardinal&#8217;s response was positive. Under the guidance of Rev. Father Pedro Zubieta OCD, the juridical steps to follow were started. <\/span><\/span><\/span><\/p>\n<p align=\"justify\"><span style=\"font-family: Cambria, serif;\"><span style=\"font-size: medium;\"><span lang=\"es-ES\"><img fetchpriority=\"high\" decoding=\"async\" class=\"aligncenter wp-image-4651 size-full\" src=\"https:\/\/mjvv.org\/wp-content\/uploads\/2022\/06\/processo-di-beatificazione-1200x650px.jpg\" alt=\"\" width=\"1200\" height=\"650\" srcset=\"https:\/\/mjvv.org\/wp-content\/uploads\/2022\/06\/processo-di-beatificazione-1200x650px.jpg 1200w, https:\/\/mjvv.org\/wp-content\/uploads\/2022\/06\/processo-di-beatificazione-1200x650px-300x163.jpg 300w, https:\/\/mjvv.org\/wp-content\/uploads\/2022\/06\/processo-di-beatificazione-1200x650px-1024x555.jpg 1024w, https:\/\/mjvv.org\/wp-content\/uploads\/2022\/06\/processo-di-beatificazione-1200x650px-768x416.jpg 768w\" sizes=\"(max-width: 1200px) 100vw, 1200px\" \/><\/span><\/span><\/span><\/p>\n<p align=\"justify\"><span style=\"font-family: Cambria, serif;\"><span style=\"font-size: medium;\"><span lang=\"en-GB\">On 28 September 2018, Cardinal Cipriani, after having received from the Holy See the Nihil obstat, introduced the process of canonisation on the life and heroic virtues of the Servant of God, Bishop Frederick Kaiser MSC.<\/span><\/span><\/span><\/p>\n<p align=\"justify\"><span style=\"font-family: Cambria, serif;\"><span style=\"font-size: medium;\"><span lang=\"en-GB\">At the solemn opening session, Cardinal Cipriani, like the members of the tribunal, took the oath of office. The tribunal constituted by His Eminence was as follows: <\/span><\/span><\/span><\/p>\n<p align=\"justify\"><span style=\"font-family: Cambria, serif;\"><span style=\"font-size: medium;\"><span lang=\"en-GB\">&#8211; Delegated Judge the Rev. Father Fernando Palacios Blanco.<\/span><\/span><\/span><\/p>\n<p align=\"justify\"><span style=\"font-family: Cambria, serif;\"><span style=\"font-size: medium;\"><span lang=\"en-GB\">&#8211; Alberto Marav\u00ed Petrozzi, Promoter of Justice. <\/span><\/span><\/span><\/p>\n<p align=\"justify\"><span style=\"font-family: Cambria, serif;\"><span style=\"font-size: medium;\"><span lang=\"en-GB\">&#8211; Notary actuary Rev. Father Julio Zafra Cotrina. <\/span><\/span><\/span><\/p>\n<p align=\"justify\"><span style=\"font-family: Cambria, serif;\"><span style=\"font-size: medium;\"><span lang=\"en-GB\">&#8211; Notary assistant Mother Ana MJVV. <\/span><\/span><\/span><\/p>\n<p align=\"justify\"><span style=\"font-family: Cambria, serif;\"><span style=\"font-size: medium;\"><span lang=\"en-GB\">&#8211; And as Postulator, Mother Inmaculata MJVV.<\/span><\/span><\/span><\/p>\n<p align=\"justify\"><span style=\"font-family: Cambria, serif;\"><span style=\"font-size: medium;\"><span lang=\"en-GB\">The ecclesiastical Tribunal interrogated 54 witnesses who knew him during his life and even went to Caravel\u00ed to hear some witnesses who, due to their age, could not appear in Lima. While in Caravel\u00ed they signed the decree of absence from worship.<\/span><\/span><\/span><\/p>\n<p align=\"justify\"><span style=\"font-family: Cambria, serif;\"><span style=\"font-size: medium;\"><span lang=\"en-GB\">The closing session was held on 26 July 2019, presided over by Auxiliary Bishop Octavio Casaverde. Octavio Casaverde, where he swore in Mother Trinity MJVV as the bearer of the acts of the process. This act concluded the diocesan phase.<\/span><\/span><\/span><\/p>\n<p align=\"justify\"><span style=\"font-family: Cambria, serif;\"><span style=\"font-size: medium;\"><span lang=\"es-ES\">\u00a0<\/span><\/span><\/span><\/p>\n<p align=\"center\"><span style=\"font-family: Cambria, serif;\"><span style=\"font-size: large;\"><span lang=\"en-GB\"><b>Roman phase of the beatification process<\/b><\/span><\/span><\/span><\/p>\n<p align=\"justify\"><span style=\"font-family: Cambria, serif;\"><span style=\"font-size: medium;\"><span lang=\"en-GB\">On 17 September 2019, Mother Jacinta MJVV and Mother Trinidad MJVV, bearer of the process, went to the office of the Congregation for the Causes of Saints and handed over to Mons. Giacomo Pappalardo, official of the Congregation, the two copies of the acts of the process of beatification of Federico Kaiser. The Roman phase of the process began.<\/span><\/span><\/span><\/p>\n<p align=\"justify\"><span style=\"font-family: Cambria, serif;\"><span style=\"font-size: medium;\"><span lang=\"en-GB\">Mother Jacinta, as Actress of the Cause, presented as Postulator before the Holy See Dr. Mar\u00eda Victoria Hern\u00e1ndez Rodr\u00edguez, of the I.S. Crusades of St. Mary, on 4 October 2019. <\/span><\/span><\/span><\/p>\n<p align=\"justify\"><span style=\"font-family: Cambria, serif;\"><span style=\"font-size: medium;\"><span lang=\"en-GB\">Dr. Mar\u00eda Victoria Hern\u00e1ndez Rodr\u00edguez holds a doctorate in Canon Law from the Pontifical Salesian University of Rome, where she has taught Philosophy and General Theory of Law and Canon Procedural Law at the Faculty of Canon Law. She is a judge at the Ordinary Tribunal of the Vicariate of Rome and a lecturer at the Javeriana University of Bogot\u00e1. She is Postulator in the causes of canonisation of the Venerable Fr. Tom\u00e1s Morales, S.J., the Venerable \u00c1ngel Riesco Carbajo and the Nurse Martyrs of Astorga, among others.<\/span><\/span><\/span><\/p>\n<p align=\"justify\"><span style=\"font-family: Cambria, serif;\"><span style=\"font-size: medium;\"><span lang=\"en-GB\">Also, on 1st October, the Mother Actress presented Mother Trinidad MJVV to the Holy See as Administrator of the fund of goods of the Cause.<\/span><\/span><\/span><\/p>\n<p align=\"justify\"><span style=\"font-family: Cambria, serif;\"><span style=\"font-size: medium;\"><span lang=\"en-GB\">The decree for the opening of the funds was given at the end of December 2019 and on 9 January 2020 they were opened in the presence of Dr. Maria Victoria Hernandez. <\/span><\/span><\/span><\/p>\n<p align=\"center\"><span style=\"font-family: Cambria, serif;\"><span style=\"font-size: large;\"><span lang=\"en-GB\"><b>Decree of Legal Validity<\/b><\/span><\/span><\/span><\/p>\n<p align=\"justify\"><span style=\"font-family: Cambria, serif;\"><span style=\"font-size: medium;\"><span lang=\"en-GB\">At the beginning of March 2021, the Decree of Legal Validity was granted. Once it had been verified that the diocesan process had complied with the legal norms, the Congregation for the Causes of Saints gave the Postulator an authentic copy of the Process, known as a public copy.<\/span><\/span><\/span><\/p>\n<p align=\"center\"><span style=\"font-family: Cambria, serif;\"><span style=\"font-size: large;\"><span lang=\"en-GB\"><b>Appointment of the Relator<\/b><\/span><\/span><\/span><\/p>\n<p align=\"justify\"><span style=\"font-family: Cambria, serif;\"><span style=\"font-size: medium;\"><span lang=\"en-GB\">At the end of March 2021, the Congregation for the Causes of Saints appointed the Relator. Mons. Maurizio Tagliaferri. He was born in Casola Valsenio (Italy) on 10 June 1959. He was ordained priest in 1985. He holds a doctorate in Church History from the Pontifical Gregorian University in Rome and a diploma in Archivistics from the Vatican Secret Archives. Since 2014 he has been working as Rapporteur of the Congregation for the Causes of Saints.<\/span><\/span><\/span><\/p>\n<p align=\"justify\"><span style=\"font-family: Cambria, serif;\"><span style=\"font-size: medium;\"><span lang=\"en-GB\">Maurizio Tagliaferri and the Postulator, Dr. Maria Victoria Hernandez Rodriguez, have the arduous task of writing the Positio or printed book on the virtues of Bishop Kaiser. <\/span><\/span><\/span><\/p>\n<p align=\"justify\"><span style=\"font-family: Cambria, serif;\"><span style=\"font-size: medium;\"><span lang=\"en-GB\">Anyone who receives graces and favours from the Servant of God is invited to communicate it to: <\/span><\/span><\/span><\/p>\n<p align=\"justify\"><span style=\"font-family: Cambria, serif;\"><span style=\"font-size: medium;\"><span lang=\"en-GB\">&#8211; mons.fkaiserd@outllok.com<\/span><\/span><\/span><\/p>\n<p align=\"justify\"><span style=\"font-family: Cambria, serif;\"><span style=\"font-size: medium;\"><span lang=\"en-GB\">&#8211; padrekaiser.msc@gmail.com<\/span><\/span><\/span><\/p>\n<p align=\"justify\"><span style=\"font-family: Cambria, serif;\"><span style=\"font-size: medium;\"><span lang=\"en-GB\">&#8211; Mobile: 969 874 295<\/span><\/span><\/span><\/p>\n<p align=\"justify\"><span style=\"font-family: Cambria, serif;\"><span style=\"font-size: medium;\"><span lang=\"en-GB\">The spiritual progress of the process can be greatly helped by many prayers, and if anyone wishes to collaborate financially, a donation to the account is invited:<\/span><\/span><\/span><\/p>\n<p align=\"center\"><span style=\"font-family: Cambria, serif;\"><span style=\"font-size: medium;\"><span lang=\"en-GB\">CAUSE OF BEATIFICATION<\/span><\/span><\/span><\/p>\n<p align=\"center\"><span style=\"font-family: Cambria, serif;\"><span style=\"font-size: medium;\"><span lang=\"en-GB\">Msgr. Frederick Kaiser<\/span><\/span><\/span><\/p>\n<p align=\"center\"><span style=\"font-family: Cambria, serif;\"><span style=\"font-size: medium;\"><span lang=\"es-ES\">Scotiabank No. 207-027 4655<\/span><\/span><\/span><\/p>\n<p align=\"center\"><span style=\"font-family: Cambria, serif;\"><span style=\"font-size: large;\"><span lang=\"en-GB\"><b>Chronology<\/b><\/span><\/span><\/span><\/p>\n<ul>\n<li><span style=\"font-family: Cambria, serif;\"><span style=\"font-size: medium;\"><span lang=\"en-GB\">06\/08\/2014 M. Jacinta MJVV, Actress of the Cause requests Cardinal Cipriani Thorne to open the Cause of Beatification and Canonisation of Father Federico Kaiser MSC.<\/span><\/span><\/span><\/li>\n<li><span style=\"font-family: Cambria, serif;\"><span style=\"font-size: medium;\"><span lang=\"en-GB\">26\/03\/2015 The Archbishop of Lima consults the Bishops on the request of the Superior General, exhorting the faithful to communicate all that could be useful to the Cause. And the first theological censor is appointed: Fr. Pedro Rufino Hidalgo D\u00edaz.<\/span><\/span><\/span><\/li>\n<li><span style=\"font-family: Cambria, serif;\"><span style=\"font-size: medium;\"><span lang=\"en-GB\">10\/02\/2017 The theological censor delivers his report. <\/span><\/span><\/span><\/li>\n<li><span style=\"font-family: Cambria, serif;\"><span style=\"font-size: medium;\"><span lang=\"en-GB\">08\/05\/2017 the Postulator, Mother Mar\u00eda Inmaculata MJVV presents the Supplex Libellus to the Archbishop of Lima. <\/span><\/span><\/span><\/li>\n<li><span style=\"font-family: Cambria, serif;\"><span style=\"font-size: medium;\"><span lang=\"en-GB\">04\/09\/2017 the Commission of Experts in History and Archivistics is appointed: Fr Fernando Luis Janssen Frasson and Fr Ernesto Rojas Ingunza. <\/span><\/span><\/span><\/li>\n<li><span style=\"font-family: Cambria, serif;\"><span style=\"font-size: medium;\"><span lang=\"en-GB\">26 \/09\/2017 the second Theological Censor is appointed: Mgr. Esteban Puig Tarrats, who after an intense three months of work, completed the revision of the edited books of the Servant of God, stating: &#8220;I admire the wisdom, precision, colloquy and teaching of Monsignor in the commentaries on the Holy Bible. As for the texts dedicated to propagating the teachings of the Bible, they are a clear exponent of his apostolic zeal and of his paternal dedication to his daughters, Missionaries of Jesus, Word and Victim. I have also highlighted the deep spiritual life of Monsignor&#8221;.<\/span><\/span><\/span><\/li>\n<li><span style=\"font-family: Cambria, serif;\"><span style=\"font-size: medium;\"><span lang=\"en-GB\">16 \/03\/2018, the Archbishop of Lima asks the Congregation for the Causes of Saints for the Nihil obstat, <\/span><\/span><\/span><\/li>\n<li><span style=\"font-family: Cambria, serif;\"><span style=\"font-size: medium;\"><span lang=\"en-GB\">27\/06\/2018, the Congregation for the Causes of Saints grants the opening of the Cause.<\/span><\/span><\/span><\/li>\n<li><span style=\"font-family: Cambria, serif;\"><span style=\"font-size: medium;\"><span lang=\"en-GB\">24\/07\/2018, the Archbishop of Lima decrees the Introduction of the Cause of Beatification and Canonisation of the Servant of God and the Constitution of the Tribunal. The 3rd member of the Historical Commission is appointed: Mother Crescencia MJVV.<\/span><\/span><\/span><\/li>\n<\/ul>\n<p align=\"center\"><span style=\"font-family: Cambria, serif;\"><span style=\"font-size: large;\"><span lang=\"es-ES\"><img decoding=\"async\" class=\"aligncenter wp-image-4647 size-full\" src=\"https:\/\/mjvv.org\/wp-content\/uploads\/2022\/06\/processo-di-beatificazione2_-1200x650px.jpg\" alt=\"\" width=\"1200\" height=\"650\" srcset=\"https:\/\/mjvv.org\/wp-content\/uploads\/2022\/06\/processo-di-beatificazione2_-1200x650px.jpg 1200w, https:\/\/mjvv.org\/wp-content\/uploads\/2022\/06\/processo-di-beatificazione2_-1200x650px-300x163.jpg 300w, https:\/\/mjvv.org\/wp-content\/uploads\/2022\/06\/processo-di-beatificazione2_-1200x650px-1024x555.jpg 1024w, https:\/\/mjvv.org\/wp-content\/uploads\/2022\/06\/processo-di-beatificazione2_-1200x650px-768x416.jpg 768w\" sizes=\"(max-width: 1200px) 100vw, 1200px\" \/><b>Diocesan Phase<\/b><\/span><\/span><\/span><\/p>\n<ul>\n<li><span style=\"font-family: Cambria, serif;\"><span style=\"font-size: medium;\"><span lang=\"en-GB\">28\/09\/2018 Opening session of the process on the life, virtues and reputation of sanctity, in Lima, beginning the diocesan phase of the investigation. <\/span><\/span><\/span><\/li>\n<li><span style=\"font-family: Cambria, serif;\"><span style=\"font-size: medium;\"><span lang=\"en-GB\">01\/10\/2018 to 07\/05\/2019 Testimonies are collected from more than 50 eyewitnesses, who testified in Lima and Caravel\u00ed. Three people testified abroad: his niece and two Spanish priests.<\/span><\/span><\/span><\/li>\n<li><span style=\"font-family: Cambria, serif;\"><span style=\"font-size: medium;\"><span lang=\"en-GB\">23\/01\/2019, The Tribunal inspects the room and tomb of the Servant of God as well as the Chapel of the Mother House where he lived, at the conclusion of which the Declaration of absence of worship was made.<\/span><\/span><\/span><\/li>\n<li><span style=\"font-family: Cambria, serif;\"><span style=\"font-size: medium;\"><span lang=\"en-GB\">03\/06\/2019 The exhumation of the remains of the Servant of God takes place in Caravel\u00ed, an act preceded by the Bishop&#8217;s Delegate: Mons. Bernardo K\u00fchnel MSC.<\/span><\/span><\/span><\/li>\n<li><span style=\"font-family: Cambria, serif;\"><span style=\"font-size: medium;\"><span lang=\"en-GB\">24\/06\/2019 The Historical Commission delivers the report and the documents collected. <\/span><\/span><\/span><\/li>\n<li><span style=\"font-family: Cambria, serif;\"><span style=\"font-size: medium;\"><span lang=\"en-GB\">08\/07\/2019 Mother Trinidad MJVV is appointed as the bearer of the Acts to take them to Rome.<\/span><\/span><\/span><\/li>\n<li><span style=\"font-family: Cambria, serif;\"><span style=\"font-size: medium;\"><span lang=\"en-GB\">26\/07\/2019 Closing Session of the Diocesan Phase is held.<\/span><\/span><\/span><\/li>\n<li><span style=\"font-family: Cambria, serif;\"><span style=\"font-size: medium;\"><span lang=\"en-GB\">17\/09\/2019 Delivery of the Acts to the Congregation for the Causes of Saints by the bearer Mother Trinidad MJVV. <\/span><\/span><\/span><\/li>\n<\/ul>\n<p align=\"center\"><strong><span style=\"font-family: Cambria, serif;\"><span style=\"font-size: large;\"><span lang=\"es-ES\">Roman Phase<\/span><\/span><\/span><\/strong><\/p>\n<ul>\n<li><span style=\"font-family: Cambria, serif;\"><span style=\"font-size: medium;\">04\/10\/2019 La dott.ssa Maria Victoria Hern\u00e1ndez Rodriguez \u00e8 nominata Postulatrice della Fase Romana.<\/span><\/span><\/li>\n<li><span style=\"font-family: Cambria, serif;\"><span style=\"font-size: medium;\">09\/01\/2020 Mons. Papalardo, officiale della Congregazione delle Cause dei Santi, apre le scatole contenenti i documenti della Fase Diocesana. <\/span><\/span><\/li>\n<li><span style=\"font-family: Cambria, serif;\"><span style=\"font-size: medium;\">Inizio marzo 2020 Gli Atti dell&#8217;Inchiesta diocesana approvati positivamente dai due congressi di Roma. Il Processo diocesano \u00e8 legalmente valido, cio\u00e8 viene concesso il Decreto di Validit\u00e0 Legale. I documenti stampati, suddivisi in volumi, vengono chiamati Copia Pubblica e consegnati al Postulatore.<\/span><\/span><\/li>\n<li><span style=\"font-family: Cambria, serif;\"><span style=\"font-size: medium;\">Maurizio Tagliaferri \u00e8 stato nominato relatore, che lavora in coordinamento con il Postulatore nella preparazione della Positio. La biografia del Servo di Dio \u00e8 attualmente in preparazione. In seguito, le sue virt\u00f9 saranno evidenziate sulla base delle testimonianze dei testimoni oculari.<\/span><\/span><\/li>\n<\/ul>\n","protected":false},"excerpt":{"rendered":"<p>Diocesan phase of the beatification process Since his departure for heaven on 26 September 1993, many people have been helped by the intercession of Frederick Kaiser. Countless letters and visits to his tomb bear witness to this. The feelings of the faithful prompted Mother Jacinta to consult the then Archbishop of Lima, Cardinal Juan Luis [&hellip;]<\/p>\n","protected":false},"author":1,"featured_media":0,"parent":4863,"menu_order":0,"comment_status":"closed","ping_status":"closed","template":"templates\/page-federico-kaiser.php","meta":{"footnotes":""},"class_list":["post-4871","page","type-page","status-publish","hentry"],"jetpack_sharing_enabled":true,"_links":{"self":[{"href":"https:\/\/mjvv.org\/en\/wp-json\/wp\/v2\/pages\/4871","targetHints":{"allow":["GET"]}}],"collection":[{"href":"https:\/\/mjvv.org\/en\/wp-json\/wp\/v2\/pages"}],"about":[{"href":"https:\/\/mjvv.org\/en\/wp-json\/wp\/v2\/types\/page"}],"author":[{"embeddable":true,"href":"https:\/\/mjvv.org\/en\/wp-json\/wp\/v2\/users\/1"}],"replies":[{"embeddable":true,"href":"https:\/\/mjvv.org\/en\/wp-json\/wp\/v2\/comments?post=4871"}],"version-history":[{"count":2,"href":"https:\/\/mjvv.org\/en\/wp-json\/wp\/v2\/pages\/4871\/revisions"}],"predecessor-version":[{"id":4873,"href":"https:\/\/mjvv.org\/en\/wp-json\/wp\/v2\/pages\/4871\/revisions\/4873"}],"up":[{"embeddable":true,"href":"https:\/\/mjvv.org\/en\/wp-json\/wp\/v2\/pages\/4863"}],"wp:attachment":[{"href":"https:\/\/mjvv.org\/en\/wp-json\/wp\/v2\/media?parent=4871"}],"curies":[{"name":"wp","href":"https:\/\/api.w.org\/{rel}","templated":true}]}}