{"id":4774,"date":"2022-05-18T16:53:27","date_gmt":"2022-05-18T14:53:27","guid":{"rendered":"https:\/\/mjvv.org\/?page_id=4774"},"modified":"2022-06-27T14:37:00","modified_gmt":"2022-06-27T12:37:00","slug":"places-where-we-work","status":"publish","type":"page","link":"https:\/\/mjvv.org\/en\/places-where-we-work\/","title":{"rendered":"Places where we work"},"content":{"rendered":"<p align=\"justify\"><span lang=\"es-ES\"><img fetchpriority=\"high\" decoding=\"async\" class=\"aligncenter wp-image-4496 size-full\" src=\"http:\/\/161.35.31.59\/mjvv\/wp-content\/uploads\/2022\/06\/luoghi-dove-lavoariamo_01_-1200x500-1.jpg\" alt=\"\" width=\"1200\" height=\"500\" srcset=\"https:\/\/mjvv.org\/wp-content\/uploads\/2022\/06\/luoghi-dove-lavoariamo_01_-1200x500-1.jpg 1200w, https:\/\/mjvv.org\/wp-content\/uploads\/2022\/06\/luoghi-dove-lavoariamo_01_-1200x500-1-300x125.jpg 300w, https:\/\/mjvv.org\/wp-content\/uploads\/2022\/06\/luoghi-dove-lavoariamo_01_-1200x500-1-1024x427.jpg 1024w, https:\/\/mjvv.org\/wp-content\/uploads\/2022\/06\/luoghi-dove-lavoariamo_01_-1200x500-1-768x320.jpg 768w\" sizes=\"(max-width: 1200px) 100vw, 1200px\" \/><\/span><\/p>\n<p align=\"justify\"><span lang=\"en-GB\">Currently the Congregation is working in Peru, Argentina, Bolivia, Uruguay, Paraguay, Chile and Cuba. In places and regions that lack a resident priest, these are the exclusive fields of our apostolate. Above all, these are areas far from the city, in the Andes or the mountains, where the people complain: &#8220;We are the forgotten ones&#8221;. <\/span><\/p>\n<p align=\"justify\"><span lang=\"es-ES\"><img decoding=\"async\" class=\"aligncenter wp-image-4492 size-full\" src=\"http:\/\/161.35.31.59\/mjvv\/wp-content\/uploads\/2022\/06\/luoghi-dove-lavoariamo_02_-1200x500-1.jpg\" alt=\"\" width=\"1200\" height=\"500\" srcset=\"https:\/\/mjvv.org\/wp-content\/uploads\/2022\/06\/luoghi-dove-lavoariamo_02_-1200x500-1.jpg 1200w, https:\/\/mjvv.org\/wp-content\/uploads\/2022\/06\/luoghi-dove-lavoariamo_02_-1200x500-1-300x125.jpg 300w, https:\/\/mjvv.org\/wp-content\/uploads\/2022\/06\/luoghi-dove-lavoariamo_02_-1200x500-1-1024x427.jpg 1024w, https:\/\/mjvv.org\/wp-content\/uploads\/2022\/06\/luoghi-dove-lavoariamo_02_-1200x500-1-768x320.jpg 768w\" sizes=\"(max-width: 1200px) 100vw, 1200px\" \/><\/span><\/p>\n<p align=\"justify\"><span lang=\"en-GB\">Because these areas are far away, the priest came only once a year. We have even met people who did not know what a priest was, they had never seen one. The children were taken to the city on horseback to receive the sacrament of Baptism. <\/span><\/p>\n<p align=\"justify\">Cos\u00ec \u00e8 stato detto di noi: &#8220;Dove finisce una strada asfaltata, l\u00ec comincia il lavoro di un Missionario di Ges\u00f9, Verbo e Vittima&#8221;.<\/p>\n<p align=\"justify\"><img decoding=\"async\" class=\"aligncenter wp-image-4488 size-full\" src=\"http:\/\/161.35.31.59\/mjvv\/wp-content\/uploads\/2022\/06\/luoghi-dove-lavoariamo_03_-1200x500-1.jpg\" alt=\"\" width=\"1200\" height=\"500\" srcset=\"https:\/\/mjvv.org\/wp-content\/uploads\/2022\/06\/luoghi-dove-lavoariamo_03_-1200x500-1.jpg 1200w, https:\/\/mjvv.org\/wp-content\/uploads\/2022\/06\/luoghi-dove-lavoariamo_03_-1200x500-1-300x125.jpg 300w, https:\/\/mjvv.org\/wp-content\/uploads\/2022\/06\/luoghi-dove-lavoariamo_03_-1200x500-1-1024x427.jpg 1024w, https:\/\/mjvv.org\/wp-content\/uploads\/2022\/06\/luoghi-dove-lavoariamo_03_-1200x500-1-768x320.jpg 768w\" sizes=\"(max-width: 1200px) 100vw, 1200px\" \/><\/p>\n","protected":false},"excerpt":{"rendered":"<p>Currently the Congregation is working in Peru, Argentina, Bolivia, Uruguay, Paraguay, Chile and Cuba. In places and regions that lack a resident priest, these are the exclusive fields of our apostolate. Above all, these are areas far from the city, in the Andes or the mountains, where the people complain: &#8220;We are the forgotten ones&#8221;. [&hellip;]<\/p>\n","protected":false},"author":1,"featured_media":0,"parent":0,"menu_order":0,"comment_status":"closed","ping_status":"closed","template":"templates\/page-chisiamo.php","meta":{"footnotes":""},"class_list":["post-4774","page","type-page","status-publish","hentry"],"jetpack_sharing_enabled":true,"_links":{"self":[{"href":"https:\/\/mjvv.org\/en\/wp-json\/wp\/v2\/pages\/4774","targetHints":{"allow":["GET"]}}],"collection":[{"href":"https:\/\/mjvv.org\/en\/wp-json\/wp\/v2\/pages"}],"about":[{"href":"https:\/\/mjvv.org\/en\/wp-json\/wp\/v2\/types\/page"}],"author":[{"embeddable":true,"href":"https:\/\/mjvv.org\/en\/wp-json\/wp\/v2\/users\/1"}],"replies":[{"embeddable":true,"href":"https:\/\/mjvv.org\/en\/wp-json\/wp\/v2\/comments?post=4774"}],"version-history":[{"count":2,"href":"https:\/\/mjvv.org\/en\/wp-json\/wp\/v2\/pages\/4774\/revisions"}],"predecessor-version":[{"id":4776,"href":"https:\/\/mjvv.org\/en\/wp-json\/wp\/v2\/pages\/4774\/revisions\/4776"}],"wp:attachment":[{"href":"https:\/\/mjvv.org\/en\/wp-json\/wp\/v2\/media?parent=4774"}],"curies":[{"name":"wp","href":"https:\/\/api.w.org\/{rel}","templated":true}]}}