{"id":5037,"date":"2022-05-25T09:07:58","date_gmt":"2022-05-25T07:07:58","guid":{"rendered":"https:\/\/mjvv.org\/?page_id=5037"},"modified":"2022-08-25T22:46:55","modified_gmt":"2022-08-25T20:46:55","slug":"biografie","status":"publish","type":"page","link":"https:\/\/mjvv.org\/de\/federico-kaiser\/biografie\/","title":{"rendered":"Biografie"},"content":{"rendered":"<p align=\"justify\"><span lang=\"es-ES\"><img fetchpriority=\"high\" decoding=\"async\" class=\"alignleft wp-image-3979 size-medium\" src=\"https:\/\/mjvv.org\/wp-content\/uploads\/2022\/05\/IMG-20210408-WA0000-219x300.jpg\" alt=\"\" width=\"219\" height=\"300\" srcset=\"https:\/\/mjvv.org\/wp-content\/uploads\/2022\/05\/IMG-20210408-WA0000-219x300.jpg 219w, https:\/\/mjvv.org\/wp-content\/uploads\/2022\/05\/IMG-20210408-WA0000-748x1024.jpg 748w, https:\/\/mjvv.org\/wp-content\/uploads\/2022\/05\/IMG-20210408-WA0000-768x1051.jpg 768w, https:\/\/mjvv.org\/wp-content\/uploads\/2022\/05\/IMG-20210408-WA0000.jpg 935w\" sizes=\"(max-width: 219px) 100vw, 219px\" \/><\/span><\/p>\n<p><strong>Bischof Frederick Kaiser<\/strong><\/p>\n<p><strong>Wer ist er? <\/strong><\/p>\n<p>Monsignore Federico Kaiser Depel MSC (1903-1993), Gr\u00fcnder der Missionsschwestern vom Wort und Opfer Jesu und erster Bischof der Pr\u00e4latur von Caravel\u00ed.<\/p>\n<p><strong><em>Biografie<\/em><\/strong><\/p>\n<p><strong><em>Kindheit und berufliches Erwachen (1903-1913)<\/em><\/strong><\/p>\n<p>Frederico Augusto Kaiser Depel wurde am 24. Mai 1903 in D\u00fcelmen, Deutschland, geboren. Der Name seiner Mutter war Wilhelmina und der seines Vaters Joseph. Friedrich war das dritte von f\u00fcnf Geschwistern: Maria, Joseph, Karl und Gertrude. Er stammte aus einer Familie mit tiefen christlichen Wurzeln, weshalb er drei Tage nach seiner Geburt in der St. Victor&#8217;s Church getauft wurde. Er wird sich sein ganzes Leben lang an dieses Datum erinnern, denn es ist das Datum seiner wirklichen Geburt: der 27. Mai. Er sagte: &#8220;Gesegnet ist die Stunde, in der ich als Gesch\u00f6pf Gottes geboren wurde; aber tausendmal mehr gesegnet ist die Stunde, in der ich als Kind Gottes getauft wurde&#8221;.<\/p>\n<p>Seine Mutter war seine &#8220;erste und beste Katechetin&#8221;, wie er sie nannte. Sie verstand es, ihren Kindern eine gro\u00dfe Liebe zu Gott einzufl\u00f6\u00dfen. Von seinem Vater hat er die Leidenschaft f\u00fcr das Lesen geerbt. Im Alter von 3 oder 4 Jahren sp\u00fcrte sie zum ersten Mal den Ruf zu ihrer Berufung.<\/p>\n<p>Eines Tages sah er einen Priester, der nach Hause kam, um seine Gro\u00dfmutter v\u00e4terlicherseits zu besuchen, die seit einiger Zeit krank war und bei ihnen lebte. Er war sehr beeindruckt von dieser Person in der schwarzen Soutane, die freundlich und herzlich mit der Gro\u00dfmutter, aber auch mit den j\u00fcngeren Kindern sprach. Durch h\u00e4ufige Besuche wurde aus der Bewunderung eine Freundschaft.<\/p>\n<p>Den gr\u00f6\u00dften Eindruck auf ihre junge Seele machte jedoch die Feierlichkeit, mit der der Priester jeden Morgen zur Kommunion der Gro\u00dfmutter empfangen wurde. Alles war gut vorbereitet f\u00fcr den heiligen Augenblick, in dem der kleine Fritz neben seiner Mutter kniete. Der Priester in seinem wei\u00dfen Gewand bereitete sich darauf vor, die Kommunion zu spenden. Dort hatte er zum ersten Mal eine Idee, die sein ganzes Leben bestimmen sollte: &#8220;Ich will so werden wie er&#8221;. Aber er erz\u00e4hlte niemandem von diesem kostbaren Geheimnis.<\/p>\n<p align=\"justify\"><span lang=\"es-ES\"><img decoding=\"async\" class=\"aligncenter wp-image-4046 size-full\" src=\"https:\/\/mjvv.org\/wp-content\/uploads\/2022\/06\/01.jpg\" alt=\"\" width=\"1200\" height=\"500\" srcset=\"https:\/\/mjvv.org\/wp-content\/uploads\/2022\/06\/01.jpg 1200w, https:\/\/mjvv.org\/wp-content\/uploads\/2022\/06\/01-300x125.jpg 300w, https:\/\/mjvv.org\/wp-content\/uploads\/2022\/06\/01-1024x427.jpg 1024w, https:\/\/mjvv.org\/wp-content\/uploads\/2022\/06\/01-768x320.jpg 768w\" sizes=\"(max-width: 1200px) 100vw, 1200px\" \/><\/span><\/p>\n<p>Seine &#8220;erste berufliche Schwierigkeit&#8221; war, als er entdeckte, dass dieser Priester, der sein Haus besuchte, eine Art leuchtende Sonne auf dem Kopf hatte. Sobald der Priester weg war, lief er zu seiner Mutter und fragte sie, was dieser Priester auf dem Kopf hatte. Sie antwortete: &#8220;Das nennt man Tonsur&#8221;. Da er noch klein war und die Bedeutung dieser Worte nicht wirklich verstand, begann er sie auf andere Weise zu wiederholen: &#8220;torsura, santura?&#8221; Bei dieser am\u00fcsanten Aussprache konnte Mama Guillermina ihr Lachen nicht unterdr\u00fccken, da sie nicht genau erkl\u00e4ren konnte, was eine Tonsur ist. Schlie\u00dflich beendete sie das Gespr\u00e4ch mit den Worten: &#8220;Das ist es, was alle Priester haben!&#8221; Federico ging sofort in eine Ecke, um zu sehen, ob er es auch hatte. Zu seiner gro\u00dfen Entt\u00e4uschung stellte er fest, dass sein ganzer Kopf mit Haaren bedeckt war.<\/p>\n<p>Ab dem 6. Lebensjahr besuchte er die staatliche Schule &#8220;St. Joseph&#8221; in D\u00fcelmen, wo er schnell Lesen und Schreiben lernte. Dies hat sein Leben tief gepr\u00e4gt, denn eine seiner liebsten Besch\u00e4ftigungen war das Lesen, das zu einer echten Leidenschaft wurde. Zur gleichen Zeit begann er, die Gemeindekatechese zu besuchen, wo er die Bedeutung der Tonsur verstand und seinen Wunsch bekr\u00e4ftigte, eines Tages Priester zu werden. Kurz darauf empfing er seine erste Kommunion.<\/p>\n<p>Eines Tages fiel ihm eine Zeitschrift aus einer Missionsgemeinde in die H\u00e4nde. Er war begeistert von den Geschichten der Herz-Jesu-Missionare in Hiltrup, einer Stadt 35 km von D\u00fclmen entfernt. Diese Lekt\u00fcre weckte in ihm einen doppelten Wunsch: Priester und Missionar zu werden. Aber er behielt es f\u00fcr sich, wie einen kostbaren Schatz.<\/p>\n<p><img decoding=\"async\" class=\"aligncenter wp-image-4051 size-full\" style=\"text-align: justify;\" src=\"https:\/\/mjvv.org\/wp-content\/uploads\/2022\/06\/02.jpg\" alt=\"\" width=\"1200\" height=\"500\" srcset=\"https:\/\/mjvv.org\/wp-content\/uploads\/2022\/06\/02.jpg 1200w, https:\/\/mjvv.org\/wp-content\/uploads\/2022\/06\/02-300x125.jpg 300w, https:\/\/mjvv.org\/wp-content\/uploads\/2022\/06\/02-1024x427.jpg 1024w, https:\/\/mjvv.org\/wp-content\/uploads\/2022\/06\/02-768x320.jpg 768w\" sizes=\"(max-width: 1200px) 100vw, 1200px\" \/><\/p>\n<p><strong><em>Ihr Geheimnis gel\u00fcftet (1914- 1918)<\/em><\/strong><\/p>\n<p>Im Jahr 1914 brach der Erste Weltkrieg aus (1914-1918). Ganz Deutschland leidet unter der Last einer gro\u00dfen Wirtschaftskrise, die alle betrifft, auch die Kaiserfamilie. Dennoch war die Kirche in diesen schwierigen Zeiten weiterhin eine geistige St\u00fctze f\u00fcr alle. So empfing Friedrich 1916, mitten im Krieg, im Alter von dreizehn Jahren zusammen mit 1.600 anderen Jugendlichen das Sakrament der Firmung.<\/p>\n<p>Er war ein sehr guter Sch\u00fcler. Im Jahr 1916 schloss Frederick die Grundschule mit ausgezeichneten Noten ab. Der Schuldirektor riet seinem Vater, seinem Sohn eine h\u00f6here Ausbildung zu erm\u00f6glichen. Damals konnte nicht jeder sein Studium fortsetzen. Im Allgemeinen begannen die jungen Leute nach dem Abschluss der Grundschule zu arbeiten, ohne zu studieren. Deshalb ging er im Februar 1917 in das B\u00fcro der Eisenwaren- und Maschinenfabrik &#8220;Prinz Rudolph&#8221; in seiner Heimatstadt, um eine Lehre als B\u00fcrokaufmann zu absolvieren. In seiner Arbeit war er nach dem Zeugnis derer, die ihn kannten, gehorsam, hilfsbereit, bescheiden und zuverl\u00e4ssig.<\/p>\n<p>Als er etwa f\u00fcnfzehn Jahre alt war, entdeckte seine Mutter 1918, dass er Priester werden wollte. &#8220;Willst du Priester werden?&#8221;, fragte sie ihn eines Tages, als sie allein zu Hause waren. Obwohl die Frage den jungen Friedrich \u00fcberraschte, z\u00f6gerte er nicht, zu antworten: &#8220;Ja, Mutter, ich m\u00f6chte Priester werden. Es folgte eine tiefe Stille und die R\u00fchrung einer Mutter, die dem Himmel f\u00fcr dieses wunderbare Geschenk dankte. Nun, mal sehen&#8221;, war seine Antwort, denn seine Familie befand sich aufgrund des Ersten Weltkrieges in einer sehr angespannten finanziellen Situation. Daf\u00fcr m\u00fcsste er sein Studium an einer \u00f6ffentlichen Schule fortsetzen und f\u00fcr Kost und Logis aufkommen.<\/p>\n<p>Seine Eltern beschlossen daraufhin, dass Federico seine Lehre aufgeben und Privatunterricht nehmen sollte, um die verlorene Schulzeit nachzuholen. Nach R\u00fccksprache mit Pater M\u00fcller, der in seiner Pfarrei f\u00fcr Berufungen zust\u00e4ndig war, trat er in das Kleine Seminar der Herz-Jesu-Missionare ein.<\/p>\n<p>&nbsp;<\/p>\n<p><em><strong>Seminarist: eine bew\u00e4hrte Berufung (1919-1931)<\/strong><\/em><\/p>\n<p>Am Christk\u00f6nigsfest 1919 trat Friedrich in das Kleine Seminar ein, wo er seine Sekund\u00e4rstudien in Latein, Franz\u00f6sisch und Griechisch absolvierte, die er mit gro\u00dfer Leichtigkeit erlernte. Er verstand sich sofort sehr gut mit den Patres und seinen Mitbr\u00fcdern. Es folgten mehrere Jahre des Studiums, und alles lief gut. Er tr\u00e4umte davon, sein Ziel zu erreichen: Nach dem Gymnasium sollte das Noviziat, das Diakonat und das Priestertum folgen. Allerdings begann seine Gesundheit merklich zu schw\u00e4cheln.<\/p>\n<p>Leider ging es ihm kurz vor den Abschlusspr\u00fcfungen so schlecht, dass der Pater Superior beschloss, ihn nach Hause zu schicken, um sich zu erholen. Nach einiger Zeit kehrte er zu seinen Studien zur\u00fcck und schaffte es, die High School abzuschlie\u00dfen. Wenige Wochen sp\u00e4ter, im Sommer 1924, trat er als Novize in den MSC ein.<\/p>\n<p>Am Ende des ersten Jahres des Noviziats verschlechterte sich seine Gesundheit erneut, und diesmal riet ihm der Arzt, sich mindestens ein Jahr lang zu schonen. Seine Mutter begleitete ihn in dem Leid und Schmerz, dass ihr Sohn seinen Wunsch, Priester zu werden, nicht erf\u00fcllen konnte. Friedrich besuchte oft das Grab der seligen Anne Catherine Emerick in seiner Heimatstadt D\u00fclmen. Er bat sie, ihm zu helfen, die Gnade des Priestertums zu erlangen, und die F\u00fcrsprache der Seligen lie\u00df nicht lange auf sich warten.<\/p>\n<p>Er fand einen guten Arzt, der ihm zu verstehen gab, dass die menschliche Natur manchmal nicht den W\u00fcnschen des Geistes folgt, und so riet er ihm: FEST IN DER ENTSCHEIDUNG, ABER WEICH IM UMGANG. Auf diese Weise schmiedete Gott den zuk\u00fcnftigen Lehrer der Seelen.\u00a0 Im Jahr 1926 kehrte er wieder zur\u00fcck und musste sein Noviziat erneut beginnen. Von da an vers\u00e4umte er keine einzige Unterrichtsstunde mehr. Seine gr\u00f6\u00dfte Freude war das Studium der Bibel. Er nannte es das WORT GOTTES in Buchstabenform, die tragbare Stiftsh\u00fctte, in der wir Gott begegnen. Im Jahr 1930 legte er die ewigen Gel\u00fcbde ab.<\/p>\n<p align=\"justify\"><img loading=\"lazy\" decoding=\"async\" class=\"aligncenter wp-image-4055 size-full\" src=\"https:\/\/mjvv.org\/wp-content\/uploads\/2022\/06\/03.jpg\" alt=\"\" width=\"1200\" height=\"650\" srcset=\"https:\/\/mjvv.org\/wp-content\/uploads\/2022\/06\/03.jpg 1200w, https:\/\/mjvv.org\/wp-content\/uploads\/2022\/06\/03-300x163.jpg 300w, https:\/\/mjvv.org\/wp-content\/uploads\/2022\/06\/03-1024x555.jpg 1024w, https:\/\/mjvv.org\/wp-content\/uploads\/2022\/06\/03-768x416.jpg 768w\" sizes=\"(max-width: 1200px) 100vw, 1200px\" \/><\/p>\n<p><strong><em>Priester f\u00fcr immer (1932-1938)<\/em><\/strong><\/p>\n<p>Am 20. M\u00e4rz 1932 wurde er zum Diakon geweiht. Und dann kam der gro\u00dfe Tag: Am 10. August desselben Jahres wurde er im Paderborner Dom zum Priester geweiht: &#8220;Gott sei Dank, das kann mir jetzt keiner mehr nehmen&#8221;, betete er, als ihm Bischof Kaspar Klein die H\u00e4nde auflegte. Er hat nie daran gezweifelt, dass dies ein g\u00f6ttliches Geschenk war, das durch die F\u00fcrsprache der seligen Anne Catherine Emerick zustande kam, an die er sich w\u00e4hrend seiner Krankheit wandte und der er das Leben seiner guten Mutter opferte, damit ihr Sohn Priester werden konnte. Im Jahr 1928 war seine Mutter gestorben, so dass nur sein Vater und seine Geschwister an der Zeremonie teilnahmen.<\/p>\n<p>Am 15. August 1932 feierte er seine erste Messe in D\u00fcelmen, an der auch seine Geschwister und viele B\u00fcrger der Stadt teilnahmen. Als Priester bewarb er sich rechtzeitig f\u00fcr die Mission in China, und wenn dies nicht m\u00f6glich war, konnte er in Ozeanien oder Nordamerika arbeiten, wo seine MSC-Gemeinde bereits mehrere Gemeinden hatte.<\/p>\n<p>Seine Vorgesetzten beschlossen, dass er sich auf die Aufgabe eines Exerzitienmeisters vorbereiten sollte, was jedoch nicht klappte, da er bald darauf als Assistent in der Provinzverwaltung in die Zentrale versetzt wurde. All seine Illusionen, ein Missionar zu sein, verschwanden. Die Frage, die damals auf ihm lastete, war, ob er jemals in der Lage sein w\u00fcrde, in ferne L\u00e4nder zu gehen, um Seelen f\u00fcr Christus zu suchen.<\/p>\n<p>Sp\u00e4ter, w\u00e4hrend des Zweiten Weltkriegs, als die Nazis den Provinzoberen und den Verwalter gefangen nahmen, \u00fcbernahm er die Verwaltung der Provinz, ein Amt, das er sieben Jahre lang innehatte. Seine Tage verbrachte er zwischen der Kanzel als Prediger und dem B\u00fcro; er g\u00f6nnte sich keine Ruhepause, um allen mit vorz\u00fcglicher N\u00e4chstenliebe zu dienen. Das politische Klima in Deutschland wurde immer d\u00fcsterer, auch f\u00fcr die Orden. Als Landesschatzmeister setzte er sich gegen die Nationalsozialisten durch und konnte vor Gericht die Freilassung von zwei Br\u00fcdern erwirken, die zu Unrecht vom Nationalsozialismus inhaftiert worden waren.<\/p>\n<p>&nbsp;<\/p>\n<p><strong><em>Und schlie\u00dflich Missionar (1939- 1956)<\/em><\/strong><\/p>\n<p>Im Jahr 1938 reisten zwei MSC-Patres zum ersten Mal nach Peru. Pater Kaisers Sehnsucht, in ferne L\u00e4nder zu gehen, war immer noch intakt, aber er wurde als Verwalter der Kongregation weiterhin gebraucht. Er blieb sieben Jahre lang in dieser Position. Er sah es jedoch immer als Gottes Willen an. Diesen beiden Mitbr\u00fcdern besorgte er die Sachen, die sie zu dieser neuen Mission mitnehmen sollten. Er begleitete sie zum Schiff und verabschiedete sie. Er sah, wie das Schiff auf die hohe See hinausfuhr, wohin seine Mitbr\u00fcder und seine missionarischen Illusionen gingen. Aus Peru kamen gute Nachrichten und vor allem die Nachricht, dass sie Verst\u00e4rkung brauchten. Wie gl\u00fccklich war er, als sein Vorgesetzter ihm mitteilte, dass er als N\u00e4chster nach Peru gehen w\u00fcrde.<\/p>\n<p>Das Schiff erreichte den Hafen von Callao-Peru am 22. April 1939. Jetzt war sein Herz voller Freude, denn sein Wunsch, Priester und Missionar zu werden, war erf\u00fcllt. In Lima traf er seine Mitbr\u00fcder, die noch kein eigenes Haus, keine Gemeinde und kein Geld hatten. Sie lebten jedoch sehr eng zusammen und lachten viel.<\/p>\n<p>Von Anfang an f\u00fchlte er sich von der peruanischen Lebensart angezogen, wie er sagt: &#8220;Ich mag Peru und seine Menschen. Ich werde hierbleiben und bald die peruanische Staatsb\u00fcrgerschaft annehmen. Hier will ich arbeiten und sterben. Die Sprache war f\u00fcr ihn nie ein Hindernis. Sein Wunsch, seinen Gl\u00e4ubigen zu helfen, die ihn wegen seiner Einfachheit und Freundlichkeit aufsuchten, f\u00fchrte dazu, dass sie jede freie Minute nutzten, um es zu lernen.<\/p>\n<p>In Lima arbeitete er als Missionar in den Slums und D\u00f6rfern des Landesinneren. Er unterrichtete auch Religion an weiterf\u00fchrenden Schulen und schrieb ein Buch f\u00fcr sie. Im Jahr 1939 wurde er f\u00fcr einige Monate nach Huanuco geschickt, wo er als geistlicher Leiter im Seminar arbeitete. Anschlie\u00dfend arbeitete er fast ein Jahr lang als mitarbeitender Vikar in einer Gemeinde in Ica. Im September desselben Jahres brach der Zweite Weltkrieg aus, und es gab keine Kommunikation mit Deutschland. Aber trotz all des Leids, das er dadurch erfuhr, weil seine ganze Familie zu dieser Zeit dort war, z\u00f6gerte er nicht, alles in Gottes H\u00e4nde zu legen. Mit kindlichem Vertrauen sagte er eines Tages zu Jesus: &#8220;Herr, ich werde mich um deine Angelegenheiten hier in Peru k\u00fcmmern, und bitte k\u00fcmmere dich um meine in Deutschland. Mit diesem Vertrauen widmete er sich ganz seiner priesterlichen Arbeit in Lima.<\/p>\n<p>Am 26. Februar 1944 verlieh der Erzbischof von Lima, Monsignore Pascual Farf\u00e1n, der \u00f6ffentlichen Kapelle, die der Gemeinschaft der MSC-Patres angegliedert war, den Titel einer Vizepfarrei und ernannte sie zur Vizepfarrei San Felipe. Pater Federico wurde zum ersten Hilfspriester ernannt und leitete die Gemeinde bis 1948. Er arbeitete unerm\u00fcdlich, fr\u00f6hlich und eifrig, denn er hatte eine gro\u00dfe Herde, die ihm keine Zeit zum Ausruhen lie\u00df. Er erkannte bald, dass die kleine Kapelle nicht f\u00fcr alle seine Gemeindemitglieder ausreichte und begann mit dem Bau einer neuen Kirche.<\/p>\n<p>W\u00e4hrend seines langen Aufenthalts in Lima war Pater Kaiser Berater der Katholischen Aktion f\u00fcr die M\u00e4dchenjugend auf Erzdi\u00f6zesan- und nationaler Ebene (von 1950 bis 1956); er f\u00f6rderte die biblische Bewegung und war ihr Apostel. Au\u00dferdem gab er Kurse in biblischer Theologie am Institut Riva Ag\u00fcero der Katholischen Universit\u00e4t von Lima. Seine Liebe zur Bibel veranlasste ihn dazu, Bibelstudiengruppen zu gr\u00fcnden und an der Katholischen Universit\u00e4t biblische Vortr\u00e4ge zu halten. Das Ergebnis dieser Begegnungen sind seine B\u00fccher: &#8220;Te llama la Biblia&#8221;, &#8220;Contesta la Biblia&#8221;, &#8220;Vamos a Jes\u00fas&#8221;, usw. Im Laufe der Jahre ver\u00f6ffentlichte er &#8220;Die biblische Botschaft&#8221;. Er arbeitete als Beichtvater, Spiritual und Exerzitien Leiter in verschiedenen Frauenkongregationen.<\/p>\n<p>Inmitten all seiner pastoralen Arbeit in Lima litt sein priesterliches Herz f\u00fcr andere Seelen, die nicht zu seiner Pfarrei, aber auch nicht zu anderen geh\u00f6rten, d.h. f\u00fcr diejenigen, die weit weg lebten, wo es keinen Priester gab. Er wird nie die Worte jener Frau in Ica vergessen, die ihn nach der Beichte in der Kirche weinen sah. Als er sie fragte, warum sie weinte, h\u00f6rte er sie klagen: &#8220;Ich komme von dort oben, aus den Anden. Wir haben dort keinen Priester. Dort werde ich eines Tages wie die anderen sterben, ohne Priester, ohne Beichte, ohne Kommunion, ohne letzte \u00d6lung. Pater Federico verstand diese Worte als den &#8220;Schrei der Anden&#8221;, der nach Priestern rief.<\/p>\n<p>Er wollte die Liebe Christi zu allen Menschen bringen und organisierte daher Missionen in der Umgebung seiner Gemeinde Lobat\u00f3n. Er versprach, ihnen eine Kirche zu bauen. Und er hielt sein Versprechen: das Heiligtum Unserer Lieben Frau vom Heiligsten Herzen.<\/p>\n<p><strong><em><img loading=\"lazy\" decoding=\"async\" class=\"alignnone wp-image-5888 size-full\" src=\"https:\/\/mjvv.org\/wp-content\/uploads\/2022\/08\/foto-biografia.png\" alt=\"\" width=\"1200\" height=\"650\" srcset=\"https:\/\/mjvv.org\/wp-content\/uploads\/2022\/08\/foto-biografia.png 1200w, https:\/\/mjvv.org\/wp-content\/uploads\/2022\/08\/foto-biografia-300x163.png 300w, https:\/\/mjvv.org\/wp-content\/uploads\/2022\/08\/foto-biografia-1024x555.png 1024w, https:\/\/mjvv.org\/wp-content\/uploads\/2022\/08\/foto-biografia-768x416.png 768w\" sizes=\"(max-width: 1200px) 100vw, 1200px\" \/><\/em><\/strong><\/p>\n<p><strong><em>Vater, Pfarrer und Gr\u00fcnder (1957- 1987)<\/em><\/strong><\/p>\n<p>Anfang 1957 wurde er zum Provinzverwalter und Oberen der Gemeinschaft in Lima ernannt. Ende desselben Jahres ernannte Rom ihn zum ersten Pr\u00e4laten der neuen Pr\u00e4latur von Caravel\u00ed.\u00a0 Am 8. M\u00e4rz 1958 kam er in Caravel\u00ed an und begann das gro\u00dfe Werk seines Lebens. Er fand nur wenig vor: eine halb zerst\u00f6rte Kathedrale, wenige Priester, keine Nonnen, einen gro\u00dfen Hunger nach Gott. Er verschwendete keine Zeit, um die gesamte Pr\u00e4latur zu besuchen und die Gnade Gottes durch die Sakramente zu \u00fcberbringen, ungeachtet der M\u00fchen der unwegsamen Stra\u00dfen. Er wurde sich des dringenden Bedarfs an mehr Priestern bewusst. Er suchte sie zun\u00e4chst in Europa, fand sie aber nicht. Er errichtete das kleine Priesterseminar, um lokale Berufungen zu f\u00f6rdern. Er widmete sich mit gro\u00dfer Sorgfalt der Ausbildung von Katecheten, die dort helfen sollten, wo der Priester nicht hinkam.<\/p>\n<p>Gleichzeitig baute er einen Kindergarten, der sp\u00e4ter zu einer Schule wurde, die Kathedrale und das einfache Pr\u00e4laten Haus, in dem er lebte, ein Kloster f\u00fcr die Missionsm\u00fctter vom Heiligen Herzen, einen Ort, an dem die M\u00fctter den Menschen dienten, einen Wasserdamm, um den Bauern zu helfen, und so weiter. Doch das Geschrei der Anden h\u00f6rte nicht auf.<\/p>\n<p>Er kam auf die Idee, eine Ordenskongregation zu gr\u00fcnden, deren besondere Aufgabe es sein sollte, die Verlassenheit des Volkes zu teilen und seinen Hunger nach Gott zu stillen, indem er religi\u00f6se Wahrheiten lehrte, das Wort feierte, Taufen vollzog, Eheschlie\u00dfungen begleitete, Kranke und Sterbende pflegte, Katecheten ausbildete, also all das, wof\u00fcr es keine Orden gibt. Am 22. Juni 1961 errichtete er die Fromme Vereinigung der Missionsschwestern Jesu, des Wortes und des Opfers, ein Name, den er von seinen Insignien als Pr\u00e4lat \u00fcbernahm und den er bei seiner Bischofsweihe best\u00e4tigte. Dieselbe Spiritualit\u00e4t wurde in ihrer Gr\u00fcndung verk\u00f6rpert: ein Leben zu f\u00fchren, das Jesus, dem Wort und dem Opfer, in der Lehre und der bu\u00dffertigen N\u00e4chstenliebe geweiht ist.<\/p>\n<p>Von 1962 bis 1965 nahm Bischof Kaiser aktiv an den vier Phasen des Zweiten Vatikanischen Konzils teil. Dort hielt er ein dramatisches Pl\u00e4doyer: Priester, wo es keine gibt. W\u00e4hrend seines Aufenthalts in Rom im Jahr 1963 ernannte ihn Paul VI. zum Titularbischof von Ber\u00f6a. Er war 60 Jahre alt und der erste deutsche Bischof in Peru. So wurde er am 7. Dezember 1963 in der Kirche St. Viktor in seiner Heimatstadt zum Bischof geweiht.<\/p>\n<p>In seinen pastoralen Bulletins informierte er seine Priester \u00fcber den Verlauf der Sitzungen, und am Ende des Konzils informierte er sie \u00fcber die neuen Konzilsdekrete und Konstitutionen. Mit gro\u00dfem Eifer setzte er sich daf\u00fcr ein, dass seine Priester und Gl\u00e4ubigen die Bestimmungen des letzten Konzils befolgten.<\/p>\n<p>Mit Dankbarkeit gegen\u00fcber Gott beobachtete er das Wachstum seines Werkes und machte es am 25. M\u00e4rz 1971 zu einer Kongregation mit di\u00f6zesanem Recht. Die junge Stiftung verbreitete ihre missionarische Arbeit in der Pr\u00e4latur Caravel\u00ed und in anderen Di\u00f6zesen Perus. Im selben Jahr reichte er aus gesundheitlichen Gr\u00fcnden in Rom sein Gesuch ein, als Bischof von Caravel\u00ed zur\u00fcckzutreten. Seine Heiligkeit, Papst Paul VI., nahm seinen R\u00fccktritt an, und am 25. Mai 1971 beendete er seine T\u00e4tigkeit als Ordinarius der Pr\u00e4latur von Caravel\u00ed.<\/p>\n<p>Von da an widmete er sich ganz der Ausbildung seiner Ordensleute mit Hilfe von Mutter Willibrordis MJVV, die ihn von Beginn der Gr\u00fcndung an begleitete. Dies war das goldene Zeitalter des Dieners Gottes, in dem er durch Predigten, Exerzitien, Konferenzen und Schriften, wie die sch\u00f6ne Allegorie des K\u00f6nigs der Liebe, seinen ganzen geistigen Reichtum zum Ausdruck brachte und ihn seinen T\u00f6chtern als Verm\u00e4chtnis hinterlie\u00df. Am 14. September 1982 erhob Rom ihre Gr\u00fcndung der Missionare Jesu, des Wortes und des Opfers, zu einer Kongregation p\u00e4pstlichen Rechts.<\/p>\n<p>&nbsp;<\/p>\n<p><strong><em>Zum Haus des Vaters (1988-1993)<\/em><\/strong><\/p>\n<p>Im Januar 1988, im Alter von 84 Jahren, erlitt er einen Schlaganfall, der sein Sprachzentrum angriff. Dann bewahrheitete sich, was er zuvor gesagt hatte: Nachdem er so viel zu den Menschen \u00fcber Gott gesprochen hatte, sprach er nun zu Gott \u00fcber die Menschen.\u00a0 In den Exerzitien des Z\u00f6nakulums verbrachte er seine letzten Tage in eifrigem Gebet und Bu\u00dfe. Aber er setzte alles daran, wieder lesen und schreiben zu lernen. Gro\u00df war seine Freude, als er im September desselben Jahres wieder die Heilige Messe feiern konnte, bis zum 25. September 1993, als er sich ab Mittag unwohl f\u00fchlte und sich sein Zustand rapide verschlechterte. Sie wiederholte: LANG LEBE CHRISTUS DER K\u00d6NIG, und mit Blick auf die Ordensleute um sie herum sagte sie: &#8220;Vergesst nicht die LIEBE, vergesst nicht eure LEHRE und eure B\u00dc\u00dfIGKEIT, vergesst nicht, dass ihr MISSION\u00c4RINNEN seid&#8221;.<\/p>\n<p>Am 26. September 1993 rief der Herr sie zu sich. Es war ein Sonntag, und w\u00e4hrend in den verschiedenen Pfarreien die biblische Woche begann, brauchte er, der Jesus so sehr liebte, die Bibel nicht mehr, um Christus weiter kennenzulernen, denn er sah ihn bereits von Angesicht zu Angesicht. Er wurde auf dem Dorffriedhof in den Kreisen seiner Caravile\u00f1o-Kinder beigesetzt. Seit 2003 ruhen seine sterblichen \u00dcberreste im Coenaculum-Kloster von Caravel\u00ed, dem Mutterhaus der Missionsschwestern vom Wort und Opfer Jesu, wo viele Gl\u00e4ubige auf seine wertvolle F\u00fcrsprache bei Gott vertrauen.<\/p>\n<p>Am 28. September 2018 er\u00f6ffnete der Erzbischof von Lima und Primas von Peru, Kardinal Juan Luis Cipriani Thorne, den Prozess \u00fcber das Leben, die Tugenden und den Ruf der Heiligkeit des Dieners Gottes, Monsignore Federico Kaiser Depel MSC, erster Bischof der Pr\u00e4latur Caravel\u00ed und Gr\u00fcnder der Kongregation der Missionsschwestern vom Wort und Opfer Jesu.<\/p>\n","protected":false},"excerpt":{"rendered":"<p>Bischof Frederick Kaiser Wer ist er? Monsignore Federico Kaiser Depel MSC (1903-1993), Gr\u00fcnder der Missionsschwestern vom Wort und Opfer Jesu und erster Bischof der Pr\u00e4latur von Caravel\u00ed. Biografie Kindheit und berufliches Erwachen (1903-1913) Frederico Augusto Kaiser Depel wurde am 24. Mai 1903 in D\u00fcelmen, Deutschland, geboren. Der Name seiner Mutter war Wilhelmina und der seines [&hellip;]<\/p>\n","protected":false},"author":1,"featured_media":0,"parent":4866,"menu_order":0,"comment_status":"closed","ping_status":"closed","template":"templates\/page-federico-kaiser.php","meta":{"footnotes":""},"class_list":["post-5037","page","type-page","status-publish","hentry"],"jetpack_sharing_enabled":true,"_links":{"self":[{"href":"https:\/\/mjvv.org\/de\/wp-json\/wp\/v2\/pages\/5037","targetHints":{"allow":["GET"]}}],"collection":[{"href":"https:\/\/mjvv.org\/de\/wp-json\/wp\/v2\/pages"}],"about":[{"href":"https:\/\/mjvv.org\/de\/wp-json\/wp\/v2\/types\/page"}],"author":[{"embeddable":true,"href":"https:\/\/mjvv.org\/de\/wp-json\/wp\/v2\/users\/1"}],"replies":[{"embeddable":true,"href":"https:\/\/mjvv.org\/de\/wp-json\/wp\/v2\/comments?post=5037"}],"version-history":[{"count":3,"href":"https:\/\/mjvv.org\/de\/wp-json\/wp\/v2\/pages\/5037\/revisions"}],"predecessor-version":[{"id":5900,"href":"https:\/\/mjvv.org\/de\/wp-json\/wp\/v2\/pages\/5037\/revisions\/5900"}],"up":[{"embeddable":true,"href":"https:\/\/mjvv.org\/de\/wp-json\/wp\/v2\/pages\/4866"}],"wp:attachment":[{"href":"https:\/\/mjvv.org\/de\/wp-json\/wp\/v2\/media?parent=5037"}],"curies":[{"name":"wp","href":"https:\/\/api.w.org\/{rel}","templated":true}]}}