{"id":5023,"date":"2022-05-20T14:49:06","date_gmt":"2022-05-20T12:49:06","guid":{"rendered":"https:\/\/mjvv.org\/?page_id=5023"},"modified":"2022-06-30T13:02:07","modified_gmt":"2022-06-30T11:02:07","slug":"ausbildung-2","status":"publish","type":"page","link":"https:\/\/mjvv.org\/de\/ausbildung-2\/","title":{"rendered":"Ausbildung"},"content":{"rendered":"<p align=\"justify\"><span lang=\"es-ES\">Durante el tiempo de nuestra formaci\u00f3n cumplimos el programa de Teolog\u00eda B\u00edblica, Dogma, Moral, Historia de la Iglesia, Filosof\u00eda, Misionolog\u00eda, Liturgia, Nociones de Derecho Can\u00f3nico. Adem\u00e1s, tambi\u00e9n nos preparamos en Pastoral, Catequesis, Oratoria, Doctrina Social, M\u00fasica y la lengua propia donde trabajamos. <\/span><\/p>\n<p align=\"justify\"><span lang=\"es-ES\">El deporte y el teatro forman parte de nuestra formaci\u00f3n integral. Tambi\u00e9n varias de nosotras se capacitan t\u00e9cnicamente como enfermeras, curso de manejo, etc. Ense\u00f1amos educaci\u00f3n familiar, costura, tejidos, lencer\u00eda, damos cursos de alfabetizaci\u00f3n, entre otros.<\/span><\/p>\n<p align=\"justify\"><img fetchpriority=\"high\" decoding=\"async\" class=\"aligncenter wp-image-4414 size-full\" src=\"https:\/\/mjvv.org\/wp-content\/uploads\/2022\/06\/questa-non-ha-nome_-1200x500-2.jpg\" alt=\"\" width=\"1200\" height=\"500\" srcset=\"https:\/\/mjvv.org\/wp-content\/uploads\/2022\/06\/questa-non-ha-nome_-1200x500-2.jpg 1200w, https:\/\/mjvv.org\/wp-content\/uploads\/2022\/06\/questa-non-ha-nome_-1200x500-2-300x125.jpg 300w, https:\/\/mjvv.org\/wp-content\/uploads\/2022\/06\/questa-non-ha-nome_-1200x500-2-1024x427.jpg 1024w, https:\/\/mjvv.org\/wp-content\/uploads\/2022\/06\/questa-non-ha-nome_-1200x500-2-768x320.jpg 768w\" sizes=\"(max-width: 1200px) 100vw, 1200px\" \/><\/p>\n","protected":false},"excerpt":{"rendered":"<p>Durante el tiempo de nuestra formaci\u00f3n cumplimos el programa de Teolog\u00eda B\u00edblica, Dogma, Moral, Historia de la Iglesia, Filosof\u00eda, Misionolog\u00eda, Liturgia, Nociones de Derecho Can\u00f3nico. Adem\u00e1s, tambi\u00e9n nos preparamos en Pastoral, Catequesis, Oratoria, Doctrina Social, M\u00fasica y la lengua propia donde trabajamos. El deporte y el teatro forman parte de nuestra formaci\u00f3n integral. Tambi\u00e9n varias [&hellip;]<\/p>\n","protected":false},"author":1,"featured_media":0,"parent":0,"menu_order":0,"comment_status":"closed","ping_status":"closed","template":"templates\/page-formazione.php","meta":{"footnotes":""},"class_list":["post-5023","page","type-page","status-publish","hentry"],"jetpack_sharing_enabled":true,"_links":{"self":[{"href":"https:\/\/mjvv.org\/de\/wp-json\/wp\/v2\/pages\/5023","targetHints":{"allow":["GET"]}}],"collection":[{"href":"https:\/\/mjvv.org\/de\/wp-json\/wp\/v2\/pages"}],"about":[{"href":"https:\/\/mjvv.org\/de\/wp-json\/wp\/v2\/types\/page"}],"author":[{"embeddable":true,"href":"https:\/\/mjvv.org\/de\/wp-json\/wp\/v2\/users\/1"}],"replies":[{"embeddable":true,"href":"https:\/\/mjvv.org\/de\/wp-json\/wp\/v2\/comments?post=5023"}],"version-history":[{"count":2,"href":"https:\/\/mjvv.org\/de\/wp-json\/wp\/v2\/pages\/5023\/revisions"}],"predecessor-version":[{"id":5025,"href":"https:\/\/mjvv.org\/de\/wp-json\/wp\/v2\/pages\/5023\/revisions\/5025"}],"wp:attachment":[{"href":"https:\/\/mjvv.org\/de\/wp-json\/wp\/v2\/media?parent=5023"}],"curies":[{"name":"wp","href":"https:\/\/api.w.org\/{rel}","templated":true}]}}