{"id":5003,"date":"2022-05-20T14:52:12","date_gmt":"2022-05-20T12:52:12","guid":{"rendered":"https:\/\/mjvv.org\/?page_id=5003"},"modified":"2022-06-29T15:54:31","modified_gmt":"2022-06-29T13:54:31","slug":"ausbildung","status":"publish","type":"page","link":"https:\/\/mjvv.org\/de\/ausbildung\/","title":{"rendered":"Ausbildung"},"content":{"rendered":"<p align=\"justify\"><span style=\"font-size: medium;\"><span lang=\"de-DE\">Unser Vater und Gr\u00fcnder, Bischof Friedrich Kaiser, sagte: &#8220;Um viel zu lehren, m\u00fcssen wir viel wissen&#8221;. Und f\u00fcr die Aufgabe, die wir haben, m\u00fcssen wir uns gut und bestm\u00f6glich vorbereiten. Aus diesem Grund dauert unsere Grundausbildung 6 bis 7 Jahre.<\/span><\/span><\/p>\n<p align=\"justify\"><strong><span style=\"font-size: medium;\"><span lang=\"es-ES\"><i>Aspirantat<\/i><\/span><\/span><\/strong><\/p>\n<p align=\"justify\"><span style=\"font-size: medium;\"><span lang=\"de-DE\">In dieser Phase lernt die junge Aspirantin unser Ordensleben, unsere Kongregation nach und nach kennen. Die Laufzeit betr\u00e4gt etwa ein Jahr.<\/span><\/span><\/p>\n<p align=\"justify\"><strong><span style=\"font-size: medium;\"><span lang=\"es-ES\"><i>Postulant<\/i><\/span><\/span><\/strong><\/p>\n<p align=\"justify\"><span style=\"font-size: medium;\"><span lang=\"es-ES\"><img fetchpriority=\"high\" decoding=\"async\" class=\"aligncenter wp-image-4418 size-full\" src=\"https:\/\/mjvv.org\/wp-content\/uploads\/2022\/06\/postulantes02_1200x500.jpg\" alt=\"\" width=\"1200\" height=\"500\" srcset=\"https:\/\/mjvv.org\/wp-content\/uploads\/2022\/06\/postulantes02_1200x500.jpg 1200w, https:\/\/mjvv.org\/wp-content\/uploads\/2022\/06\/postulantes02_1200x500-300x125.jpg 300w, https:\/\/mjvv.org\/wp-content\/uploads\/2022\/06\/postulantes02_1200x500-1024x427.jpg 1024w, https:\/\/mjvv.org\/wp-content\/uploads\/2022\/06\/postulantes02_1200x500-768x320.jpg 768w\" sizes=\"(max-width: 1200px) 100vw, 1200px\" \/><\/span><\/span><\/p>\n<p align=\"justify\"><span style=\"font-size: medium;\"><span lang=\"de-DE\">In dieser Phase ist das Wissen zwischen der Kongregation und der Postulantin noch tiefer. Sie muss sich die menschlichen und christlichen Tugenden zu eigen machen. Diese Phase dauert ein Jahr.<\/span><\/span><\/p>\n<p align=\"justify\"><span style=\"font-size: medium;\"><span lang=\"es-ES\">\u00a0<\/span><\/span><\/p>\n<p align=\"justify\"><strong><span style=\"font-size: medium;\"><span lang=\"es-ES\"><i>Noviziat<\/i><\/span><\/span><\/strong><\/p>\n<p align=\"justify\"><span style=\"font-size: medium;\"><span lang=\"es-ES\"><img decoding=\"async\" class=\"aligncenter wp-image-4406 size-full\" src=\"https:\/\/mjvv.org\/wp-content\/uploads\/2022\/06\/novicias02_1200x500.jpg\" alt=\"\" width=\"1200\" height=\"500\" srcset=\"https:\/\/mjvv.org\/wp-content\/uploads\/2022\/06\/novicias02_1200x500.jpg 1200w, https:\/\/mjvv.org\/wp-content\/uploads\/2022\/06\/novicias02_1200x500-300x125.jpg 300w, https:\/\/mjvv.org\/wp-content\/uploads\/2022\/06\/novicias02_1200x500-1024x427.jpg 1024w, https:\/\/mjvv.org\/wp-content\/uploads\/2022\/06\/novicias02_1200x500-768x320.jpg 768w\" sizes=\"(max-width: 1200px) 100vw, 1200px\" \/><\/span><\/span><\/p>\n<p align=\"justify\"><span style=\"font-size: medium;\"><span lang=\"de-DE\">Die Novizin muss zu einer tiefen Erkenntnis von Jesus Wort (Verbum) und Jesus am Kreuz (Victima), durch Meditation und \u00dcbung der wesentlichen Tugenden der Demut und der N\u00e4chstenliebe gelangen. Die Novizin bereitet sich auf ihre Weihe an Christus vor. Die Laufzeit betr\u00e4gt 2 Jahre.<\/span><\/span><\/p>\n<p align=\"justify\"><strong><span style=\"font-size: medium;\"><span lang=\"es-ES\"><i>Juniorat<\/i><\/span><\/span><\/strong><\/p>\n<p align=\"justify\"><span style=\"font-size: medium;\"><span lang=\"es-ES\"><img decoding=\"async\" class=\"aligncenter wp-image-4397 size-full\" src=\"https:\/\/mjvv.org\/wp-content\/uploads\/2022\/06\/junioras_2-1200x500-1.jpg\" alt=\"\" width=\"1200\" height=\"500\" srcset=\"https:\/\/mjvv.org\/wp-content\/uploads\/2022\/06\/junioras_2-1200x500-1.jpg 1200w, https:\/\/mjvv.org\/wp-content\/uploads\/2022\/06\/junioras_2-1200x500-1-300x125.jpg 300w, https:\/\/mjvv.org\/wp-content\/uploads\/2022\/06\/junioras_2-1200x500-1-1024x427.jpg 1024w, https:\/\/mjvv.org\/wp-content\/uploads\/2022\/06\/junioras_2-1200x500-1-768x320.jpg 768w\" sizes=\"(max-width: 1200px) 100vw, 1200px\" \/><\/span><\/span><\/p>\n<p align=\"justify\"><span style=\"font-size: medium;\"><span lang=\"de-DE\">Mit der Weihe an Christus durch die Gel\u00fcbde der Keuschheit, der Armut und des Gehorsams muss die Juniorin dazu kommen, ihr Leben als Ordensfrau mit ihrem missionarischen Leben zu verbinden. Die Laufzeit betr\u00e4gt 6 Jahre.<\/span><\/span><\/p>\n<p align=\"justify\"><span style=\"font-size: medium;\"><span lang=\"de-DE\">Danach legt die Ordensfrau ihr ewiges Gel\u00fcbde ab, d.h. f\u00fcr immer.<\/span><\/span><\/p>\n<p align=\"justify\"><span style=\"font-size: medium;\"><span lang=\"es-ES\">\u00a0<\/span><\/span><\/p>\n<p align=\"justify\"><img loading=\"lazy\" decoding=\"async\" class=\"wp-image-4401 size-full aligncenter\" src=\"https:\/\/mjvv.org\/wp-content\/uploads\/2022\/06\/junioras-1200x500-1.jpg\" alt=\"\" width=\"1200\" height=\"500\" srcset=\"https:\/\/mjvv.org\/wp-content\/uploads\/2022\/06\/junioras-1200x500-1.jpg 1200w, https:\/\/mjvv.org\/wp-content\/uploads\/2022\/06\/junioras-1200x500-1-300x125.jpg 300w, https:\/\/mjvv.org\/wp-content\/uploads\/2022\/06\/junioras-1200x500-1-1024x427.jpg 1024w, https:\/\/mjvv.org\/wp-content\/uploads\/2022\/06\/junioras-1200x500-1-768x320.jpg 768w\" sizes=\"(max-width: 1200px) 100vw, 1200px\" \/><\/p>\n<p align=\"justify\">\n","protected":false},"excerpt":{"rendered":"<p>Unser Vater und Gr\u00fcnder, Bischof Friedrich Kaiser, sagte: &#8220;Um viel zu lehren, m\u00fcssen wir viel wissen&#8221;. Und f\u00fcr die Aufgabe, die wir haben, m\u00fcssen wir uns gut und bestm\u00f6glich vorbereiten. Aus diesem Grund dauert unsere Grundausbildung 6 bis 7 Jahre. Aspirantat In dieser Phase lernt die junge Aspirantin unser Ordensleben, unsere Kongregation nach und nach [&hellip;]<\/p>\n","protected":false},"author":1,"featured_media":0,"parent":0,"menu_order":0,"comment_status":"closed","ping_status":"closed","template":"templates\/page-formazione.php","meta":{"footnotes":""},"class_list":["post-5003","page","type-page","status-publish","hentry"],"jetpack_sharing_enabled":true,"_links":{"self":[{"href":"https:\/\/mjvv.org\/de\/wp-json\/wp\/v2\/pages\/5003","targetHints":{"allow":["GET"]}}],"collection":[{"href":"https:\/\/mjvv.org\/de\/wp-json\/wp\/v2\/pages"}],"about":[{"href":"https:\/\/mjvv.org\/de\/wp-json\/wp\/v2\/types\/page"}],"author":[{"embeddable":true,"href":"https:\/\/mjvv.org\/de\/wp-json\/wp\/v2\/users\/1"}],"replies":[{"embeddable":true,"href":"https:\/\/mjvv.org\/de\/wp-json\/wp\/v2\/comments?post=5003"}],"version-history":[{"count":2,"href":"https:\/\/mjvv.org\/de\/wp-json\/wp\/v2\/pages\/5003\/revisions"}],"predecessor-version":[{"id":5005,"href":"https:\/\/mjvv.org\/de\/wp-json\/wp\/v2\/pages\/5003\/revisions\/5005"}],"wp:attachment":[{"href":"https:\/\/mjvv.org\/de\/wp-json\/wp\/v2\/media?parent=5003"}],"curies":[{"name":"wp","href":"https:\/\/api.w.org\/{rel}","templated":true}]}}