{"id":4984,"date":"2022-06-20T19:32:59","date_gmt":"2022-06-20T17:32:59","guid":{"rendered":"https:\/\/mjvv.org\/?page_id=4984"},"modified":"2022-06-29T13:04:24","modified_gmt":"2022-06-29T11:04:24","slug":"proceso-de-beatificacion","status":"publish","type":"page","link":"https:\/\/mjvv.org\/de\/federico-kaiser\/proceso-de-beatificacion\/","title":{"rendered":"Proceso de Beatificaci\u00f3n"},"content":{"rendered":"<p align=\"center\"><span style=\"font-family: Cambria, serif;\"><span style=\"font-size: large;\"><span lang=\"es-ES\"><b>Fase diocesana del proceso de beatificaci\u00f3n<\/b><\/span><\/span><\/span><\/p>\n<p align=\"justify\"><span style=\"font-family: Cambria, serif;\"><span style=\"font-size: medium;\"><span lang=\"es-ES\">Desde su partida al cielo, 26 de setiembre de 1993, muchas personas, se han visto favorecidas por la intercesi\u00f3n de Federico Kaiser. Dan prueba de ello innumerables cartas y visitas a su tumba. El sentir de los fieles, fue el motivo que impuls\u00f3 a Madre Jacinta, qui\u00e9n hizo la consulta al entonces arzobispo de Lima, el cardenal Juan Luis Cipriani Thorne, ya que el Padre Kaiser, entreg\u00f3 su alma a Dios en Lima. La respuesta del cardenal fue positiva. Bajo la gu\u00eda del Rev. Padre Pedro Zubieta OCD, se comenz\u00f3 los pasos jur\u00eddicos a seguir.<\/span><\/span><\/span><\/p>\n<p align=\"justify\"><span style=\"font-family: Cambria, serif;\"><span style=\"font-size: medium;\"><span lang=\"es-ES\"><img fetchpriority=\"high\" decoding=\"async\" class=\"aligncenter wp-image-4651 size-full\" src=\"https:\/\/mjvv.org\/wp-content\/uploads\/2022\/06\/processo-di-beatificazione-1200x650px.jpg\" alt=\"\" width=\"1200\" height=\"650\" srcset=\"https:\/\/mjvv.org\/wp-content\/uploads\/2022\/06\/processo-di-beatificazione-1200x650px.jpg 1200w, https:\/\/mjvv.org\/wp-content\/uploads\/2022\/06\/processo-di-beatificazione-1200x650px-300x163.jpg 300w, https:\/\/mjvv.org\/wp-content\/uploads\/2022\/06\/processo-di-beatificazione-1200x650px-1024x555.jpg 1024w, https:\/\/mjvv.org\/wp-content\/uploads\/2022\/06\/processo-di-beatificazione-1200x650px-768x416.jpg 768w\" sizes=\"(max-width: 1200px) 100vw, 1200px\" \/>El 28 de setiembre de 2018, el cardenal Cipriani, despu\u00e9s de haber recibido de la Santa Sede el <\/span><\/span><\/span><span style=\"font-family: Cambria, serif;\"><span style=\"font-size: medium;\"><span lang=\"es-ES\"><i>Nihil obstat<\/i><\/span><\/span><\/span><span style=\"font-family: Cambria, serif;\"><span style=\"font-size: medium;\"><span lang=\"es-ES\">, introdujo el proceso de canonizaci\u00f3n sobre la vida y virtudes heroicas del Siervo de Dios, Mons. Federico Kaiser MSC.<\/span><\/span><\/span><\/p>\n<p align=\"justify\"><span style=\"font-family: Cambria, serif;\"><span style=\"font-size: medium;\"><span lang=\"es-ES\">En la solemne sesi\u00f3n de apertura el cardenal Cipriani, como los miembros del tribunal juramentaron cumplir con su deber. El tribunal constituido por su eminencia fue el siguiente: <\/span><\/span><\/span><\/p>\n<ul>\n<li>\n<p align=\"justify\"><span style=\"font-family: Cambria, serif;\"><span style=\"font-size: medium;\"><span lang=\"es-ES\">Juez delegado el Rev. Padre Fernando Palacios Blanco.<\/span><\/span><\/span><\/p>\n<\/li>\n<li>\n<p align=\"justify\"><span style=\"font-family: Cambria, serif;\"><span style=\"font-size: medium;\"><span lang=\"es-ES\">Promotor de justicia el Rev. Padre Alberto Marav\u00ed Petrozzi. <\/span><\/span><\/span><\/p>\n<\/li>\n<li>\n<p align=\"justify\"><span style=\"font-family: Cambria, serif;\"><span style=\"font-size: medium;\"><span lang=\"es-ES\">Notario actuario el Rev. Padre Julio Zafra Cotrina. <\/span><\/span><\/span><\/p>\n<\/li>\n<li>\n<p align=\"justify\"><span style=\"font-family: Cambria, serif;\"><span style=\"font-size: medium;\"><span lang=\"es-ES\">Notaria adjunta Madre Ana MJVV. <\/span><\/span><\/span><\/p>\n<\/li>\n<li>\n<p align=\"justify\"><span style=\"font-family: Cambria, serif;\"><span style=\"font-size: medium;\"><span lang=\"es-ES\">Y como Postuladora, Madre Inmaculata MJVV.<\/span><\/span><\/span><\/p>\n<\/li>\n<\/ul>\n<p align=\"justify\"><span style=\"font-family: Cambria, serif;\"><span style=\"font-size: medium;\"><span lang=\"es-ES\">El Tribunal eclesi\u00e1stico interrog\u00f3 a 54 testigos que lo conocieron en vida e incluso se traslad\u00f3 a Caravel\u00ed para escuchar algunos testigos que por la edad no pod\u00edan presentarse en Lima. Estando en Caravel\u00ed firmaron el decreto de ausencia de culto.<\/span><\/span><\/span><\/p>\n<p align=\"justify\"><span style=\"font-family: Cambria, serif;\"><span style=\"font-size: medium;\"><span lang=\"es-ES\">La sesi\u00f3n de clausura se celebr\u00f3 el 26 de julio de 2019 presidida por el Obispo Auxiliar, Mons. Octavio Casaverde. Donde jurament\u00f3 como portadora de las actas del proceso Madre Trinidad MJVV. Con este acto se concluy\u00f3 la fase diocesana.<\/span><\/span><\/span><\/p>\n<p align=\"center\"><span style=\"font-family: Cambria, serif;\"><span style=\"font-size: large;\"><span lang=\"es-ES\"><b>Fase romana del proceso de beatificaci\u00f3n<\/b><\/span><\/span><\/span><\/p>\n<p align=\"justify\"><span style=\"font-family: Cambria, serif;\"><span style=\"font-size: medium;\"><span lang=\"es-ES\">El 17 de setiembre del 2019 Madre Jacinta MJVV y Madre Trinidad MJVV, portadora del proceso, se presentaron en la oficina de la Congregaci\u00f3n para las causas de los santos e hicieron entrega a Mons. Giacomo Pappalardo, oficial de dicha Congregaci\u00f3n, de las dos copias de las actas del proceso de beatificaci\u00f3n de Federico Kaiser. D\u00e1ndose inicio a la fase romana.<\/span><\/span><\/span><\/p>\n<p align=\"justify\"><span style=\"font-family: Cambria, serif;\"><span style=\"font-size: medium;\"><span lang=\"es-ES\">Madre Jacinta, como Actora de la Causa, present\u00f3 como Postuladora ante la Santa Sede a la Dra. Mar\u00eda Victoria Hern\u00e1ndez Rodr\u00edguez, del I.S Cruzadas de Santa Mar\u00eda, el 4 de octubre de 2019. <\/span><\/span><\/span><\/p>\n<p align=\"justify\"><span style=\"font-family: Cambria, serif;\"><span style=\"font-size: medium;\"><span lang=\"es-ES\">La Dra. Mar\u00eda Victoria Hern\u00e1ndez Rodr\u00edguez es doctora en Derecho Can\u00f3nico por la Universidad Pontificia Salesiana de Roma en cuya facultad de Derecho Can\u00f3nico ha ense\u00f1ado Filosof\u00eda y Teor\u00eda general del Derecho y Derecho Procesal Can\u00f3nico. Es Juez en el Tribunal Ordinario del Vicariato de Roma y docente en la Universidad Javeriana de Bogot\u00e1. Es Postuladora en las causas de canonizaci\u00f3n entre ellas, del Venerable P. Tom\u00e1s Morales, S.J, Venerable \u00c1ngel Riesco Carbajo y Enfermeras M\u00e1rtires de Astorga.<\/span><\/span><\/span><\/p>\n<p align=\"justify\"><span style=\"font-family: Cambria, serif;\"><span style=\"font-size: medium;\"><span lang=\"es-ES\">Asimismo, en fecha 1\u00b0 de octubre, la Madre Actora present\u00f3 ante la Santa Sede a Madre Trinidad MJVV como Administradora del fondo de bienes de la Causa.<\/span><\/span><\/span><\/p>\n<p align=\"justify\"><span style=\"font-family: Cambria, serif;\"><span style=\"font-size: medium;\"><span lang=\"es-ES\">El decreto de apertura de las cajas fue dado a fines de diciembre de 2019 y el 9 de enero de 2020 se abrieron ante la presencia de la Dra. Mar\u00eda Victoria Hern\u00e1ndez. <\/span><\/span><\/span><\/p>\n<p align=\"center\"><span style=\"font-family: Cambria, serif;\"><span style=\"font-size: large;\"><span lang=\"es-ES\"><b>Decreto de Validez Jur\u00eddica<\/b><\/span><\/span><\/span><\/p>\n<p align=\"justify\"><span style=\"font-family: Cambria, serif;\"><span style=\"font-size: medium;\"><span lang=\"es-ES\">A inicios de marzo de 2021, se concedi\u00f3 el Decreto de Validez Jur\u00eddica. Una vez comprobado que en el proceso diocesano se han observado las normas legales, la Congregaci\u00f3n para las causas de los santos entreg\u00f3 a la Postuladora un ejemplar aut\u00e9ntico del Proceso, llamado <\/span><\/span><\/span><span style=\"font-family: Cambria, serif;\"><span style=\"font-size: medium;\"><span lang=\"es-ES\"><i>copia p\u00fablica<\/i><\/span><\/span><\/span><span style=\"font-family: Cambria, serif;\"><span style=\"font-size: medium;\"><span lang=\"es-ES\">.<\/span><\/span><\/span><\/p>\n<p align=\"center\"><span style=\"font-family: Cambria, serif;\"><span style=\"font-size: large;\"><span lang=\"es-ES\"><b>Nombramiento del Relator<\/b><\/span><\/span><\/span><\/p>\n<p align=\"justify\"><span style=\"font-family: Cambria, serif;\"><span style=\"font-size: medium;\"><span lang=\"es-ES\">A fines de marzo de 2021, la Congregaci\u00f3n para las causas de los santos, nombr\u00f3 el Relator. Mons. Maurizio Tagliaferri. Naci\u00f3 en Casola Valsenio (Italia) el 10 de junio de 1959. Fue ordenado sacerdote en 1985. Es doctor en Historia de la Iglesia por la Universidad Pontificia Gregoriana de Roma y diplomado en Archiv\u00edstica por el Archivo secreto del Vaticano. Desde el 2014 trabaja como Relator de la Congregaci\u00f3n para las causas de los santos.<\/span><\/span><\/span><\/p>\n<p align=\"justify\"><span style=\"font-family: Cambria, serif;\"><span style=\"font-size: medium;\"><span lang=\"es-ES\">A Mons. Maurizio Tagliaferri y a la Postuladora, Dra. Mar\u00eda Victoria Hern\u00e1ndez Rodr\u00edguez les espera el arduo trabajo de la redacci\u00f3n de la Positio o libro impreso sobre las virtudes de Mons. Kaiser. <\/span><\/span><\/span><\/p>\n<p align=\"justify\"><span style=\"font-family: Cambria, serif;\"><span style=\"font-size: medium;\"><span lang=\"es-ES\">A todo qui\u00e9n reciba gracias y favores del siervo de Dios, se invita a comunicarlo a: <\/span><\/span><\/span><\/p>\n<ul>\n<li>\n<p align=\"justify\"><span style=\"font-family: Cambria, serif;\"><span style=\"font-size: medium;\"><span lang=\"es-ES\">mons.fkaiserd@outllok.com<\/span><\/span><\/span><\/p>\n<\/li>\n<li>\n<p align=\"justify\"><span style=\"font-family: Cambria, serif;\"><span style=\"font-size: medium;\"><span lang=\"es-ES\">padrekaiser.msc@gmail.com<\/span><\/span><\/span><\/p>\n<\/li>\n<li>\n<p align=\"justify\"><span style=\"font-family: Cambria, serif;\"><span style=\"font-size: medium;\"><span lang=\"es-ES\">Celular: 969 874 295<\/span><\/span><\/span><\/p>\n<\/li>\n<\/ul>\n<p align=\"justify\"><span style=\"font-family: Cambria, serif;\"><span style=\"font-size: medium;\"><span lang=\"es-ES\">Se puede ayudar en gran manera con el avance del proceso espiritualmente con muchas oraciones, y si alguno desea colaborar econ\u00f3micamente se invita a hacer un donativo a la cuenta:<\/span><\/span><\/span><\/p>\n<p align=\"center\"><span style=\"font-family: Cambria, serif;\"><span style=\"font-size: medium;\"><span lang=\"es-ES\">CAUSA DE BEATIFICACI\u00d3N<\/span><\/span><\/span><\/p>\n<p align=\"center\"><span style=\"font-family: Cambria, serif;\"><span style=\"font-size: medium;\"><span lang=\"es-ES\">Mons. Federico Kaiser<\/span><\/span><\/span><\/p>\n<p align=\"center\"><span style=\"font-family: Cambria, serif;\"><span style=\"font-size: medium;\"><span lang=\"es-ES\">Scotiabank N\u00ba 207-027 4655<\/span><\/span><\/span><\/p>\n<p align=\"center\"><span style=\"font-size: large;\"><span lang=\"es-ES\"><b>Cronolog\u00eda<\/b><\/span><\/span><\/p>\n<ul>\n<li>\n<p align=\"justify\"><span style=\"font-family: Cambria, serif;\"><span style=\"font-size: medium;\"><span lang=\"es-ES\">06\/08\/2014 M. Jacinta MJVV, <\/span><\/span><\/span><span style=\"font-family: Cambria, serif;\"><span style=\"font-size: medium;\"><span lang=\"es-ES\"><i>Actora<\/i><\/span><\/span><\/span><span style=\"font-family: Cambria, serif;\"><span style=\"font-size: medium;\"><span lang=\"es-ES\"> de la Causa solicita al Cardenal Cipriani Thorne, <\/span><\/span><\/span><span style=\"font-family: Cambria, serif;\"><span style=\"font-size: medium;\"><span lang=\"es-ES\"><i>la apertura de la Causa de Beatificaci\u00f3n y Canonizaci\u00f3n del Padre Federico Kaiser <\/i><\/span><\/span><\/span><span style=\"font-family: Cambria, serif;\"><span style=\"font-size: medium;\"><span lang=\"es-ES\">MSC.<\/span><\/span><\/span><\/p>\n<\/li>\n<li>\n<p align=\"justify\"><span style=\"font-family: Cambria, serif;\"><span style=\"font-size: medium;\"><span lang=\"es-ES\">26\/03\/2015 El arzobispo de Lima, consulta a los Obispos sobre el pedido de la Superiora General, <\/span><\/span><\/span><span style=\"font-family: Cambria, serif;\"><span style=\"font-size: medium;\"><span lang=\"es-ES-u-co-trad\">exhortando a los fieles a comunicar cuanto pudiera ser \u00fatil a la Causa. Y s<\/span><\/span><\/span><span style=\"font-family: Cambria, serif;\"><span style=\"font-size: medium;\"><span lang=\"es-ES\">e nombra al <\/span><\/span><\/span><span style=\"font-family: Cambria, serif;\"><span style=\"font-size: medium;\"><span lang=\"es-ES\"><i>primer<\/i><\/span><\/span><\/span> <span style=\"font-family: Cambria, serif;\"><span style=\"font-size: medium;\"><span lang=\"es-ES\"><i>censor te\u00f3logo:<\/i><\/span><\/span><\/span><span style=\"font-family: Cambria, serif;\"><span style=\"font-size: medium;\"><span lang=\"es-ES\"> P. Pedro Rufino Hidalgo D\u00edaz.<\/span><\/span><\/span><\/p>\n<\/li>\n<li>\n<p align=\"justify\"><span style=\"font-family: Cambria, serif;\"><span style=\"font-size: medium;\"><span lang=\"es-ES\">10\/02\/2017 El censor te\u00f3logo entrega su informe. <\/span><\/span><\/span><\/p>\n<\/li>\n<li>\n<p align=\"justify\"><span style=\"font-family: Cambria, serif;\"><span style=\"font-size: medium;\"><span lang=\"es-ES\">08\/05\/2017 la Postuladora Madre Mar\u00eda Inmaculata MJVV, presenta el <\/span><\/span><\/span><span style=\"font-family: Cambria, serif;\"><span style=\"font-size: medium;\"><span lang=\"es-ES\"><i>Supplex Libellus<\/i><\/span><\/span><\/span><span style=\"font-family: Cambria, serif;\"><span style=\"font-size: medium;\"><span lang=\"es-ES\"> al arzobispo de Lima. <\/span><\/span><\/span><\/p>\n<\/li>\n<li>\n<p align=\"justify\"><span style=\"font-family: Cambria, serif;\"><span style=\"font-size: medium;\"><span lang=\"es-ES\">04\/09\/2017 se nombra la <\/span><\/span><\/span><span style=\"font-family: Cambria, serif;\"><span style=\"font-size: medium;\"><span lang=\"es-ES\"><i>Comisi\u00f3n de Peritos en Historia y Archiv\u00edstica<\/i><\/span><\/span><\/span><span style=\"font-family: Cambria, serif;\"><span style=\"font-size: medium;\"><span lang=\"es-ES\">: Pbro. Fernando Luis Janssen Frasson y Pbro. Ernesto Rojas Ingunza. <\/span><\/span><\/span><\/p>\n<\/li>\n<li><span style=\"font-family: Cambria, serif;\"><span style=\"font-size: medium;\"><span lang=\"es-ES\">26 \/09\/2017 se nombra al <\/span><\/span><\/span><span style=\"font-family: Cambria, serif;\"><span style=\"font-size: medium;\"><span lang=\"es-ES\"><i>segundo Censor Te\u00f3logo<\/i><\/span><\/span><\/span><span style=\"font-family: Cambria, serif;\"><span style=\"font-size: medium;\"><span lang=\"es-ES\">: Mons. Esteban Puig Tarrats, quien despu\u00e9s de un intenso trabajo de tres meses, culmin\u00f3 la revisi\u00f3n de los libros editados del Siervo de Dios, afirmando: \u00abMe admira la sabidur\u00eda, precisi\u00f3n, coloquio, ense\u00f1anza de Monse\u00f1or en los comentarios de la Sagrada Biblia. En cuanto a los textos dedicados a propagar las ense\u00f1anzas que la Biblia tiene, son claro exponente de su af\u00e1n apost\u00f3lico y de su entrega paternal a sus hijas Misioneras de Jes\u00fas Verbo y V\u00edctima. He remarcado tambi\u00e9n la profunda vida espiritual de Monse\u00f1or\u00bb.<\/span><\/span><\/span><\/li>\n<li>\n<p align=\"justify\"><span style=\"font-family: Cambria, serif;\"><span style=\"font-size: medium;\"><span lang=\"es-ES\">16 \/03\/2018, el Arzobispo de Lima solicita a la Congregaci\u00f3n para las Causas de los Santos el <\/span><\/span><\/span><span style=\"font-family: Cambria, serif;\"><span style=\"font-size: medium;\"><span lang=\"es-ES\"><i>Nihil obstat<\/i><\/span><\/span><\/span><span style=\"font-family: Cambria, serif;\"><span style=\"font-size: medium;\"><span lang=\"es-ES-u-co-trad\">, <\/span><\/span><\/span><\/p>\n<\/li>\n<li>\n<p align=\"justify\"><span style=\"font-family: Cambria, serif;\"><span style=\"font-size: medium;\"><span lang=\"es-ES-u-co-trad\">27\/06 \/2018 la Congregaci\u00f3n para las Causas de los Santos concede la apertura para el inicio de la Causa.<\/span><\/span><\/span><\/p>\n<\/li>\n<li>\n<p align=\"justify\"><span style=\"font-family: Cambria, serif;\"><span style=\"font-size: medium;\"><span lang=\"es-ES\">24\/07\/2018, el Arzobispo de Lima decreta <\/span><\/span><\/span><span style=\"font-family: Cambria, serif;\"><span style=\"font-size: medium;\"><span lang=\"es-ES\"><i>la Introducci\u00f3n de la causa de Beatificaci\u00f3n y Canonizaci\u00f3n del Siervo de Dios y la Constituci\u00f3n del Tribunal<\/i><\/span><\/span><\/span><span style=\"font-family: Cambria, serif;\"><span style=\"font-size: medium;\"><span lang=\"es-ES\">. Se nombra al <\/span><\/span><\/span><span style=\"font-family: Cambria, serif;\"><span style=\"font-size: medium;\"><span lang=\"es-ES\"><i>3\u00b0 miembro de la Comisi\u00f3n hist\u00f3rica<\/i><\/span><\/span><\/span><span style=\"font-family: Cambria, serif;\"><span style=\"font-size: medium;\"><span lang=\"es-ES\">: Madre Crescencia MJVV.<\/span><\/span><\/span><\/p>\n<\/li>\n<\/ul>\n<p align=\"center\"><span style=\"font-family: Cambria, serif;\"><span style=\"font-size: large;\"><span lang=\"es-ES\"><img decoding=\"async\" class=\"aligncenter wp-image-4647 size-full\" src=\"https:\/\/mjvv.org\/wp-content\/uploads\/2022\/06\/processo-di-beatificazione2_-1200x650px.jpg\" alt=\"\" width=\"1200\" height=\"650\" srcset=\"https:\/\/mjvv.org\/wp-content\/uploads\/2022\/06\/processo-di-beatificazione2_-1200x650px.jpg 1200w, https:\/\/mjvv.org\/wp-content\/uploads\/2022\/06\/processo-di-beatificazione2_-1200x650px-300x163.jpg 300w, https:\/\/mjvv.org\/wp-content\/uploads\/2022\/06\/processo-di-beatificazione2_-1200x650px-1024x555.jpg 1024w, https:\/\/mjvv.org\/wp-content\/uploads\/2022\/06\/processo-di-beatificazione2_-1200x650px-768x416.jpg 768w\" sizes=\"(max-width: 1200px) 100vw, 1200px\" \/>FASE DIOCESANA<\/span><\/span><\/span><\/p>\n<ul>\n<li>\n<p align=\"justify\"><span style=\"font-family: Cambria, serif;\"><span style=\"font-size: medium;\"><span lang=\"es-ES\">28\/09\/2018 Sesi\u00f3n de <\/span><\/span><\/span><span style=\"font-family: Cambria, serif;\"><span style=\"font-size: medium;\"><span lang=\"es-ES\"><i>Apertura del proceso sobre la vida, virtudes y fama de santidad<\/i><\/span><\/span><\/span><span style=\"font-family: Cambria, serif;\"><span style=\"font-size: medium;\"><span lang=\"es-ES\">, en Lima, d\u00e1ndose inicio a la <\/span><\/span><\/span><span style=\"font-family: Cambria, serif;\"><span style=\"font-size: medium;\"><span lang=\"es-ES\"><i>fase instructoria diocesana.<\/i><\/span><\/span><\/span><\/p>\n<\/li>\n<li>\n<p align=\"justify\"><span style=\"font-family: Cambria, serif;\"><span style=\"font-size: medium;\"><span lang=\"es-ES\">01\/10\/2018 al 07\/05\/2019 Se recogen testimonios de m\u00e1s de 50 testigos oculares, quienes declararon en Lima y Caravel\u00ed. En el extranjero declararon 3 personas: su sobrina y 2 sacerdotes espa\u00f1oles.<\/span><\/span><\/span><\/p>\n<\/li>\n<li>\n<p align=\"justify\"><span style=\"font-family: Cambria, serif;\"><span style=\"font-size: medium;\"><span lang=\"es-ES\">23\/01\/2019, El Tribunal inspecciona la habitaci\u00f3n y tumba del Siervo de Dios as\u00ed como la Capilla de la Casa Madre donde vivi\u00f3, al concluir se hizo la <\/span><\/span><\/span><span style=\"font-family: Cambria, serif;\"><span style=\"font-size: medium;\"><span lang=\"es-ES\"><i>Declaraci\u00f3n de ausencia de culto<\/i><\/span><\/span><\/span><span style=\"font-family: Cambria, serif;\"><span style=\"font-size: medium;\"><span lang=\"es-ES\">.<\/span><\/span><\/span><\/p>\n<\/li>\n<li>\n<p align=\"justify\"><span style=\"font-family: Cambria, serif;\"><span style=\"font-size: medium;\"><span lang=\"es-ES\">03\/06\/2019 Se realiza la <\/span><\/span><\/span><span style=\"font-family: Cambria, serif;\"><span style=\"font-size: medium;\"><span lang=\"es-ES\"><i>exhumaci\u00f3n<\/i><\/span><\/span><\/span><span style=\"font-family: Cambria, serif;\"><span style=\"font-size: medium;\"><span lang=\"es-ES\"> de los restos del Siervo de Dios en Caravel\u00ed, acto precedido por el Delegado del Obispo: Mons. Bernardo K\u00fchnel MSC.<\/span><\/span><\/span><\/p>\n<\/li>\n<li>\n<p align=\"justify\"><span style=\"font-family: Cambria, serif;\"><span style=\"font-size: medium;\"><span lang=\"es-ES\">24\/06\/2019 La <\/span><\/span><\/span><span style=\"font-family: Cambria, serif;\"><span style=\"font-size: medium;\"><span lang=\"es-ES\"><i>Comision Hist\u00f3rica<\/i><\/span><\/span><\/span><span style=\"font-family: Cambria, serif;\"><span style=\"font-size: medium;\"><span lang=\"es-ES\"> entrega el informe y los documentos recolectados. <\/span><\/span><\/span><\/p>\n<\/li>\n<li>\n<p align=\"justify\"><span style=\"font-family: Cambria, serif;\"><span style=\"font-size: medium;\"><span lang=\"es-ES\">08\/07\/2019 Se nombra la Portadora de las Actas, para llevarlas a Roma, Madre Trinidad MJVV.<\/span><\/span><\/span><\/p>\n<\/li>\n<li>\n<p align=\"justify\"><span style=\"font-family: Cambria, serif;\"><span style=\"font-size: medium;\"><span lang=\"es-ES\">26\/07\/2019 Se celebra la <\/span><\/span><\/span><span style=\"font-family: Cambria, serif;\"><span style=\"font-size: medium;\"><span lang=\"es-ES\"><i>Sesi\u00f3n de Clausura de la Fase Diocesana<\/i><\/span><\/span><\/span><span style=\"font-family: Cambria, serif;\"><span style=\"font-size: medium;\"><span lang=\"es-ES\">.<\/span><\/span><\/span><\/p>\n<\/li>\n<li>\n<p align=\"justify\"><span style=\"font-family: Cambria, serif;\"><span style=\"font-size: medium;\"><span lang=\"es-ES\">17\/09\/2019 Entrega de las Actas a la Congregaci\u00f3n para las Causas de los Santos por la portadora Madre Trinidad MJVV.<\/span><\/span><\/span><\/p>\n<\/li>\n<\/ul>\n<p align=\"center\"><span style=\"font-family: Cambria, serif;\"><span style=\"font-size: large;\"><span lang=\"es-ES\">FASE ROMANA<\/span><\/span><\/span><\/p>\n<ul>\n<li>\n<p align=\"justify\"><span style=\"font-family: Cambria, serif;\"><span style=\"font-size: medium;\"><span lang=\"es-ES\">04\/10\/2019 Se nombra a la Dra. Maria Victoria Hern\u00e1ndez Rodriguez como Postuladora de la <\/span><\/span><\/span><span style=\"font-family: Cambria, serif;\"><span style=\"font-size: medium;\"><span lang=\"es-ES\"><i>Fase Romana.<\/i><\/span><\/span><\/span><\/p>\n<\/li>\n<li>\n<p align=\"justify\"><span style=\"font-family: Cambria, serif;\"><span style=\"font-size: medium;\"><span lang=\"es-ES\">09\/01\/2020 Mons. Papalardo oficial de la Congregaci\u00f3n para las Causas de los Santos abre las cajas que contienen los documentos de la Fase Diocesana. <\/span><\/span><\/span><\/p>\n<\/li>\n<li>\n<p align=\"justify\"><span style=\"font-family: Cambria, serif;\"><span style=\"font-size: medium;\"><span lang=\"es-ES\">Inicios de marzo de 2020 Las Actas de la <\/span><\/span><\/span><span style=\"font-family: Cambria, serif;\"><span style=\"font-size: medium;\"><span lang=\"es-ES\"><i>Investigaci\u00f3n Diocesana<\/i><\/span><\/span><\/span><span style=\"font-family: Cambria, serif;\"><span style=\"font-size: medium;\"><span lang=\"es-ES\"> pasaron positivamente los dos congresos en Roma. El <\/span><\/span><\/span><span style=\"font-family: Cambria, serif;\"><span style=\"font-size: medium;\"><span lang=\"es-ES\"><i>Proceso diocesano<\/i><\/span><\/span><\/span><span style=\"font-family: Cambria, serif;\"><span style=\"font-size: medium;\"><span lang=\"es-ES\"> es legalmente v\u00e1lido, es decir, se concede el <\/span><\/span><\/span><span style=\"font-family: Cambria, serif;\"><span style=\"font-size: medium;\"><span lang=\"es-ES\"><i>Decreto de Validez Jur\u00eddica. <\/i><\/span><\/span><\/span><span style=\"font-family: Cambria, serif;\"><span style=\"font-size: medium;\"><span lang=\"es-ES\">Los documentos impresos y divididos en tomos reciben el nombre de <\/span><\/span><\/span><span style=\"font-family: Cambria, serif;\"><span style=\"font-size: medium;\"><span lang=\"es-ES\"><i>Copia P\u00fablica, <\/i><\/span><\/span><\/span><span style=\"font-family: Cambria, serif;\"><span style=\"font-size: medium;\"><span lang=\"es-ES\">entregados a la Postuladora.<\/span><\/span><\/span><\/p>\n<\/li>\n<li>\n<p align=\"justify\"><span style=\"font-family: Cambria, serif;\"><span style=\"font-size: medium;\"><span lang=\"es-ES\">Fines de marzo de 2021 se nombr\u00f3 a Mons. Maurizio Tagliaferri como <\/span><\/span><\/span><span style=\"font-family: Cambria, serif;\"><span style=\"font-size: medium;\"><span lang=\"es-ES\"><i>Relator,<\/i><\/span><\/span><\/span><span style=\"font-family: Cambria, serif;\"><span style=\"font-size: medium;\"><span lang=\"es-ES\"> quien trabaja en coordinaci\u00f3n con la Postuladora en la preparaci\u00f3n de la <\/span><\/span><\/span><span style=\"font-family: Cambria, serif;\"><span style=\"font-size: medium;\"><span lang=\"es-ES\"><i>Positio<\/i><\/span><\/span><\/span><span style=\"font-family: Cambria, serif;\"><span style=\"font-size: medium;\"><span lang=\"es-ES\">. Actualmente se est\u00e1 elaborando la biograf\u00eda del Siervo de Dios. Posteriormente se resaltar\u00e1n sus virtudes a partir de los testimonios de los testigos oculares. <\/span><\/span><\/span><\/p>\n<\/li>\n<\/ul>\n","protected":false},"excerpt":{"rendered":"<p>Fase diocesana del proceso de beatificaci\u00f3n Desde su partida al cielo, 26 de setiembre de 1993, muchas personas, se han visto favorecidas por la intercesi\u00f3n de Federico Kaiser. Dan prueba de ello innumerables cartas y visitas a su tumba. El sentir de los fieles, fue el motivo que impuls\u00f3 a Madre Jacinta, qui\u00e9n hizo la [&hellip;]<\/p>\n","protected":false},"author":1,"featured_media":0,"parent":4866,"menu_order":0,"comment_status":"closed","ping_status":"closed","template":"templates\/page-federico-kaiser.php","meta":{"footnotes":""},"class_list":["post-4984","page","type-page","status-publish","hentry"],"jetpack_sharing_enabled":true,"_links":{"self":[{"href":"https:\/\/mjvv.org\/de\/wp-json\/wp\/v2\/pages\/4984","targetHints":{"allow":["GET"]}}],"collection":[{"href":"https:\/\/mjvv.org\/de\/wp-json\/wp\/v2\/pages"}],"about":[{"href":"https:\/\/mjvv.org\/de\/wp-json\/wp\/v2\/types\/page"}],"author":[{"embeddable":true,"href":"https:\/\/mjvv.org\/de\/wp-json\/wp\/v2\/users\/1"}],"replies":[{"embeddable":true,"href":"https:\/\/mjvv.org\/de\/wp-json\/wp\/v2\/comments?post=4984"}],"version-history":[{"count":2,"href":"https:\/\/mjvv.org\/de\/wp-json\/wp\/v2\/pages\/4984\/revisions"}],"predecessor-version":[{"id":4986,"href":"https:\/\/mjvv.org\/de\/wp-json\/wp\/v2\/pages\/4984\/revisions\/4986"}],"up":[{"embeddable":true,"href":"https:\/\/mjvv.org\/de\/wp-json\/wp\/v2\/pages\/4866"}],"wp:attachment":[{"href":"https:\/\/mjvv.org\/de\/wp-json\/wp\/v2\/media?parent=4984"}],"curies":[{"name":"wp","href":"https:\/\/api.w.org\/{rel}","templated":true}]}}