{"id":4971,"date":"2022-05-17T10:17:26","date_gmt":"2022-05-17T08:17:26","guid":{"rendered":"https:\/\/mjvv.org\/?page_id=4971"},"modified":"2022-08-29T22:41:49","modified_gmt":"2022-08-29T20:41:49","slug":"madre-confundadora","status":"publish","type":"page","link":"https:\/\/mjvv.org\/de\/madre-confundadora\/","title":{"rendered":"Madre Confundadora"},"content":{"rendered":"<p align=\"justify\"><span style=\"font-size: medium;\"><span lang=\"es-ES\"><img fetchpriority=\"high\" decoding=\"async\" class=\"alignleft wp-image-3983 size-medium\" src=\"https:\/\/mjvv.org\/wp-content\/uploads\/2022\/05\/20190626_132859-193x300.jpg\" alt=\"\" width=\"193\" height=\"300\" srcset=\"https:\/\/mjvv.org\/wp-content\/uploads\/2022\/05\/20190626_132859-193x300.jpg 193w, https:\/\/mjvv.org\/wp-content\/uploads\/2022\/05\/20190626_132859-659x1024.jpg 659w, https:\/\/mjvv.org\/wp-content\/uploads\/2022\/05\/20190626_132859.jpg 720w\" sizes=\"(max-width: 193px) 100vw, 193px\" \/><\/span><\/span><\/p>\n<p>Therese Bonefeld Griese wurde am 8. M\u00e4rz 1907 in Paderborn, Deutschland, als \u00e4lteste Tochter von Augustus und Elisabeth geboren. Schon als Kind zeichnete sie sich durch ihre Entschlossenheit, ihren Charakter und ihre hohen Ideale aus.<\/p>\n<p>Sie pflegte zu sagen: &#8220;Ich glaube, ich bin mit der Berufung zur Missionsschwester geboren, denn ich kann mich an keine Zeit in meiner Kindheit und Jugend erinnern, in der ich etwas anderes sein wollte als eine Ordensschwester&#8221;.<\/p>\n<p>Eines Tages forderte die Lehrerin ihre Sch\u00fcler auf, einen Aufsatz zum Thema &#8220;Was ich eines Tages sein m\u00f6chte&#8221; zu schreiben. Therese schrieb: &#8220;Ich m\u00f6chte Missionarin werden, ich werde nach China gehen. Dort werde ich alle Kinder taufen.<\/p>\n<p>Seit ihrem 13. Lebensjahr war sie Mitglied der Jugendgruppe Quickborn, deren Motto es war, &#8220;immer jung zu sein&#8221;. Jedes Jahr verbrachte sie zwei bis vier Wochen auf Burg Rothenfels, wo sie unter der Leitung von Romano Guardini und dem Benediktinerm\u00f6nch Willibrord Verkade, der viele Jahre lang ihr geistlicher Begleiter war und von dem sie viel \u00fcber den Geist lernte, ausgebildet wurde.<\/p>\n<p>Sie absolvierte eine Ausbildung zur Kinderg\u00e4rtnerin und arbeitete von 1926 bis 1930 in vier aufeinander folgenden Sommern im Kinderdorf Heuberg, w\u00e4hrend sie ihre Ausbildung zur Jugendleiterin fortsetzte.<\/p>\n<p>Im Alter von 27 Jahren, eines Tages im Jahr 1930, machte sie einen Spaziergang in einem Wald in Beuron, auf einer bestimmten H\u00f6he konnte sie die Donau und die Abtei in der nahen Ferne sehen, wo sie ihre Berufung entdeckte: &#8220;Ein Licht kam zu mir wie ein Blitzschlag. Es war kein Licht, das f\u00fcr die Augen des K\u00f6rpers sichtbar war, aber sehr sichtbar f\u00fcr die Augen des Herzens. Ich sah sehr deutlich, dass Gott mich rief.<\/p>\n<p><iframe title=\"YouTube video player\" src=\"https:\/\/www.youtube.com\/embed\/-nMUZKq6GRA\" width=\"100%\" height=\"400px\" frameborder=\"0\" allowfullscreen=\"allowfullscreen\" data-mce-fragment=\"1\"><\/iframe><\/p>\n<p>Im Jahr 1932 bewarb sie sich um die Aufnahme in die Kongregation der Missionsschwestern vom Heiligen Herzen (MSC) in Hiltrup. Sie wurde aufgenommen und erhielt das Eintrittsdatum Juli 1933. Die politische Situation in Deutschland beunruhigte sie jedoch sehr. Da sie bef\u00fcrchtete, dass Hitler an die Macht kommen w\u00fcrde und keine weiteren Aufnahmen in das Kloster zulassen w\u00fcrde, beschloss sie, nicht l\u00e4nger zu warten und trat am 11. Februar 1932 ein. Am 15. August 1933 legte sie ihre ersten Gel\u00fcbde ab und nahm den Namen Schwester Wilibrordis an.<\/p>\n<p>Als Schw. Wilibrordis 31 Jahre alt war, geh\u00f6rte sie zu den ersten MSC, die auf Ersuchen der peruanischen Regierung nach Peru reisten, um in Ancon-Lima ein Schulheim f\u00fcr sehr arme Kinder aus getrennten Familien zu \u00fcbernehmen. Sie kamen am 30. Juli 1938 an.<\/p>\n<p align=\"justify\"><span style=\"font-size: medium;\"><span lang=\"es-ES\"><img decoding=\"async\" class=\"aligncenter wp-image-4079 size-full\" src=\"https:\/\/mjvv.org\/wp-content\/uploads\/2022\/06\/Madre-WILIBRORDIS-CHI-e-1200X400_01.jpg\" alt=\"\" width=\"1200\" height=\"398\" srcset=\"https:\/\/mjvv.org\/wp-content\/uploads\/2022\/06\/Madre-WILIBRORDIS-CHI-e-1200X400_01.jpg 1200w, https:\/\/mjvv.org\/wp-content\/uploads\/2022\/06\/Madre-WILIBRORDIS-CHI-e-1200X400_01-300x100.jpg 300w, https:\/\/mjvv.org\/wp-content\/uploads\/2022\/06\/Madre-WILIBRORDIS-CHI-e-1200X400_01-1024x340.jpg 1024w, https:\/\/mjvv.org\/wp-content\/uploads\/2022\/06\/Madre-WILIBRORDIS-CHI-e-1200X400_01-768x255.jpg 768w\" sizes=\"(max-width: 1200px) 100vw, 1200px\" \/><\/span><\/span><\/p>\n<p>In Lima traf er Pater Federico Kaiser, ebenfalls MSC. Als sie ihn zum ersten Mal sah, dachte sie: &#8220;Bei diesem Priester werde ich mich nie beichten&#8221;, und er wurde nicht nur ihr Beichtvater, sondern auch ein echter Musterpriester. Sp\u00e4ter, im Jahr 1944, arbeitete Schw. Wilibrordis als Oberschwester im Hospital Obrero in Chocope, Trujillo &#8211; Per\u00fa.<\/p>\n<p>Sie kam 1959 nach Caravel\u00ed, wo sie die erste Leiterin des Kindergartens San Miguel war. 1961 war sie bereits gut mit Bischof Kaiser bekannt, der in ihr eine echte Ordensfrau entdeckt hatte. Eines Tages sprach er sehr diskret mit Schw. Wilibrordis \u00fcber ein gewagtes Vorhaben.<\/p>\n<p>&#8211; Niemand wei\u00df davon, bitte seien Sie sehr diskret. Wenn ich eines Tages beschlie\u00dfen sollte, eine Schwestergemeinschaft zu gr\u00fcnden, w\u00fcrden Sie mir dann helfen?&#8221;<\/p>\n<p>&#8211; &#8220;Nat\u00fcrlich, nat\u00fcrlich&#8221;, antwortete Schw. Willibrordis. Und sofort begann sie, ihr Programm aufzustellen. Dann sagte sie:<\/p>\n<p>&#8211; Monsignore, Sie sind so alt und ich bin so alt. Wir brauchen nicht l\u00e4nger zu warten.<\/p>\n<p>Monsignore Federico Kaiser sagte, dass er zuvor zum peruanischen Nuntius gesagt habe:<\/p>\n<p>&#8211; Eure Exzellenz, wenn ich damit anfange, brauche ich die Hilfe einer erfahrenen Nonne, die mir helfen kann. Ich kenne einen. Wenn ich keine bekomme, fange ich nicht an&#8221;.<\/p>\n<p align=\"justify\"><span style=\"font-size: medium;\"><span lang=\"es-ES\"><img decoding=\"async\" class=\"aligncenter wp-image-4084 size-full\" src=\"https:\/\/mjvv.org\/wp-content\/uploads\/2022\/06\/Wilibrordis-chi-e-_03_1200x500.jpg\" alt=\"\" width=\"1200\" height=\"500\" srcset=\"https:\/\/mjvv.org\/wp-content\/uploads\/2022\/06\/Wilibrordis-chi-e-_03_1200x500.jpg 1200w, https:\/\/mjvv.org\/wp-content\/uploads\/2022\/06\/Wilibrordis-chi-e-_03_1200x500-300x125.jpg 300w, https:\/\/mjvv.org\/wp-content\/uploads\/2022\/06\/Wilibrordis-chi-e-_03_1200x500-1024x427.jpg 1024w, https:\/\/mjvv.org\/wp-content\/uploads\/2022\/06\/Wilibrordis-chi-e-_03_1200x500-768x320.jpg 768w\" sizes=\"(max-width: 1200px) 100vw, 1200px\" \/><\/span><\/span><\/p>\n<p>So gr\u00fcndete Bischof Friedrich Kaiser MSC am 22. Juni 1961 die Vereinigung der Missionarinnen vom lehrenden und s\u00fchnenden Heiland. Und Schw. Willibrordis wurde Mitbegr\u00fcnderin der Kongregation und arbeitete direkt an der Ausbildung der Ordensleute mit.<\/p>\n<p>Im Jahr 1967 legte sie die ewigen Gel\u00fcbde als Mitglied der neuen Kongregation ab. Unser Gr\u00fcndervater und unsere Mutter (wie wir sie zu nennen pflegten) k\u00fcmmerten sich um dieses Werk Gottes im Dienste der \u00c4rmsten und Verlassensten.\u00a0 Nach dem Vorbild des heiligen Apostels Paulus besuchte Schw. Willibrordis die verschiedenen H\u00e4user der Kongregation und ermutigte und st\u00e4rkte unsere Spiritualit\u00e4t.<\/p>\n<p>Mit gro\u00dfer Geduld und Hingabe half sie 1988 Bischof Kaiser, der einen Hirninfarkt erlitt, Spanisch zu vergessen. Ihre Freude war gro\u00df, als sier sah, dass unser Gr\u00fcnder acht Monate sp\u00e4ter wieder sprechen konnte und t\u00e4glich die Messe feierte, wie er es sich gew\u00fcnscht hatte.<\/p>\n<p>Es war der Diener Gottes selbst, der ihr sagte, dass sie 95 Jahre alt werden w\u00fcrde. Am 31. Juli 2002 rief Gott sie in das himmlische Haus.<\/p>\n<p>Ihre sterblichen \u00dcberreste ruhen nun im Mutterhaus der Missionarinnen vom lehrenden und s\u00fchnenden Heiland.<\/p>\n<p align=\"justify\"><strong>Mutter Wilibrordis Hochzeit<\/strong><\/p>\n<p align=\"justify\"><img loading=\"lazy\" decoding=\"async\" class=\"aligncenter wp-image-4075 size-full\" src=\"https:\/\/mjvv.org\/wp-content\/uploads\/2022\/06\/nozze-wi-1200x500-1.jpg\" alt=\"\" width=\"1200\" height=\"500\" srcset=\"https:\/\/mjvv.org\/wp-content\/uploads\/2022\/06\/nozze-wi-1200x500-1.jpg 1200w, https:\/\/mjvv.org\/wp-content\/uploads\/2022\/06\/nozze-wi-1200x500-1-300x125.jpg 300w, https:\/\/mjvv.org\/wp-content\/uploads\/2022\/06\/nozze-wi-1200x500-1-1024x427.jpg 1024w, https:\/\/mjvv.org\/wp-content\/uploads\/2022\/06\/nozze-wi-1200x500-1-768x320.jpg 768w\" sizes=\"(max-width: 1200px) 100vw, 1200px\" \/><\/p>\n","protected":false},"excerpt":{"rendered":"<p>Therese Bonefeld Griese wurde am 8. M\u00e4rz 1907 in Paderborn, Deutschland, als \u00e4lteste Tochter von Augustus und Elisabeth geboren. Schon als Kind zeichnete sie sich durch ihre Entschlossenheit, ihren Charakter und ihre hohen Ideale aus. Sie pflegte zu sagen: &#8220;Ich glaube, ich bin mit der Berufung zur Missionsschwester geboren, denn ich kann mich an keine [&hellip;]<\/p>\n","protected":false},"author":1,"featured_media":0,"parent":0,"menu_order":0,"comment_status":"closed","ping_status":"closed","template":"templates\/page-madre-wilibrordis.php","meta":{"footnotes":""},"class_list":["post-4971","page","type-page","status-publish","hentry"],"jetpack_sharing_enabled":true,"_links":{"self":[{"href":"https:\/\/mjvv.org\/de\/wp-json\/wp\/v2\/pages\/4971","targetHints":{"allow":["GET"]}}],"collection":[{"href":"https:\/\/mjvv.org\/de\/wp-json\/wp\/v2\/pages"}],"about":[{"href":"https:\/\/mjvv.org\/de\/wp-json\/wp\/v2\/types\/page"}],"author":[{"embeddable":true,"href":"https:\/\/mjvv.org\/de\/wp-json\/wp\/v2\/users\/1"}],"replies":[{"embeddable":true,"href":"https:\/\/mjvv.org\/de\/wp-json\/wp\/v2\/comments?post=4971"}],"version-history":[{"count":5,"href":"https:\/\/mjvv.org\/de\/wp-json\/wp\/v2\/pages\/4971\/revisions"}],"predecessor-version":[{"id":5981,"href":"https:\/\/mjvv.org\/de\/wp-json\/wp\/v2\/pages\/4971\/revisions\/5981"}],"wp:attachment":[{"href":"https:\/\/mjvv.org\/de\/wp-json\/wp\/v2\/media?parent=4971"}],"curies":[{"name":"wp","href":"https:\/\/api.w.org\/{rel}","templated":true}]}}