{"id":4968,"date":"2022-05-31T12:45:07","date_gmt":"2022-05-31T10:45:07","guid":{"rendered":"https:\/\/mjvv.org\/?page_id=4968"},"modified":"2022-08-30T18:24:07","modified_gmt":"2022-08-30T16:24:07","slug":"oraciones","status":"publish","type":"page","link":"https:\/\/mjvv.org\/de\/oraciones\/","title":{"rendered":"Gebet"},"content":{"rendered":"<p><strong>Gebet f\u00fcr S\u00fcnder:<\/strong><\/p>\n<p>O Gott, der Vater, heilig und barmherzig. Du verabscheust die S\u00fcnden und liebst die S\u00fcnder, du willst nicht, dass irgendjemand in den unausl\u00f6schlichen Flammen der H\u00f6lle verloren geht, sondern dass alle sich bekehren und, in deiner Gnade verharrend, die Seligkeit des Himmels erreichen. Dein Sohn Jesus Christus hat f\u00fcr die S\u00fcnden der ganzen Welt die Qualen seines Leidens erlitten. Vereint mit Jesus, dem Opfer, wollen wir an seinem S\u00fchnewerk teilnehmen nach sein Beispiel die S\u00fcnden der Welt tragen, die auf Jesus lasten, als w\u00e4ren sie seine eigene Schuld.<\/p>\n<p>Gerechter und liebender Vater, vergib den S\u00fcndern, rette sie. Wir bringen dir die Dem\u00fctigungen und Schmerzen unserer Opfer und Bu\u00df\u00fcbungen dar und bitten dich, schenke allen S\u00fcndern die Gnade der aufrichtigen Reue, des festen Entschlusses zur Wiedergutmachung und der guten Beichte sowie die unsch\u00e4tzbare Gabe, bis zum Ende ihres Lebens in deiner heiligmachenden und rettenden Gnade zu verharren. Amen.<\/p>\n<p><strong>Gebet f\u00fcr Beharrlichkeit:<\/strong><\/p>\n<p>Maria, z\u00e4rtliche Mutter deiner verlassensten Kinder, erbitte f\u00fcr die Missionarinnen vom lehrenden und s\u00fchnenden Heiland die F\u00fclle des Heiligen Geistes und bete f\u00fcr sie, dass sie treu, standhaft und heilig, eifrig und unerm\u00fcdlich, stets lehrend und bu\u00dffertig an dem Ort und in der Sendung bleiben, die dein g\u00f6ttlicher Sohn f\u00fcr sie bestimmt hat. Amen.<\/p>\n<p><strong>Gebet vor dem Kruzifix:<\/strong><\/p>\n<p>Jesus, mein Gott, hier sehe ich dich in deinen Leiden. Du bist ans Kreuz genagelt. Wer hat das getan? Ich habe es getan. Ich habe mich dir gegen\u00fcber sehr schlecht benommen. Meine S\u00fcnden haben dich beleidigt. Sie tun dir weh. Meine S\u00fcnden waren die Hammerschl\u00e4ge, die dich festnagelten.<\/p>\n<p>Mein armer Jesus, ich bitte dich um Vergebung. Sie sind unschuldig. Ohne S\u00fcnde, ohne jede Schuld. Die ganze Schuld liegt bei mir. Ich sollte dort am Kreuz sein. Ich habe es verdient. Sie nicht. Aber du opferst dich an meiner Stelle. So wollen Sie es haben. Du liebst mich so sehr.\u00a0 Du leidest f\u00fcr mich. Du wirst f\u00fcr mich gefoltert. N\u00e4gel in H\u00e4nden und F\u00fc\u00dfen qu\u00e4len dich. Die Dornen der Krone auf deinem Haupt qu\u00e4len dich. So hast du dein Blut vergossen. Tropfen f\u00fcr Tropfen. Du qu\u00e4lst dich f\u00fcr mich. Und du stirbst unter uns\u00e4glichen Schmerzen, f\u00fcr mich.<\/p>\n<p>Von nun an m\u00f6chte ich jemand anderes sein, jemand anderes. Nie wieder musst du meinetwegen leiden. Ein Speer hat dein Herz durchbohrt. Die Wunde ist tief. Es ist gro\u00dfartig. Das Blut flie\u00dft. Ich bitte Dich, Jesus, lass jetzt einen Tropfen Deines heiligsten Blutes auf meine Seele fallen, um sie von aller S\u00fcnde reinzuwaschen, um sie rein und heilig zu machen. Heilig wie bei meiner Taufe. Geheiligt von neuem durch Dein heiligstes und erl\u00f6sendes Blut.<\/p>\n<p>Mein lieber Jesus. Ich zweifle nicht daran, dass Du mir meine S\u00fcnden vergeben hast. Was kann ich zur Bu\u00dfe f\u00fcr meine so gro\u00dfe Schuld tun? Sieh, dass ich krank bin, krank, ich bringe Dir meine Leiden dar. Sie sollen meine Bu\u00dfe sein. Ich m\u00f6chte geduldig sein, ohne mich zu beschweren. Lass uns also gemeinsam leiden, du und ich. So hoffe ich, mich mehr zu heiligen.<\/p>\n<p>Jungfrau Maria, schmerzhafte Mutter, bete f\u00fcr mich zu deinem Jesus. Habt Erbarmen mit mir. Bete f\u00fcr mich und f\u00fcr alle S\u00fcnder, jetzt und in der Stunde meines Todes.<\/p>\n<p>Amen.<\/p>\n","protected":false},"excerpt":{"rendered":"<p>Gebet f\u00fcr S\u00fcnder: O Gott, der Vater, heilig und barmherzig. Du verabscheust die S\u00fcnden und liebst die S\u00fcnder, du willst nicht, dass irgendjemand in den unausl\u00f6schlichen Flammen der H\u00f6lle verloren geht, sondern dass alle sich bekehren und, in deiner Gnade verharrend, die Seligkeit des Himmels erreichen. Dein Sohn Jesus Christus hat f\u00fcr die S\u00fcnden der [&hellip;]<\/p>\n","protected":false},"author":1,"featured_media":0,"parent":0,"menu_order":0,"comment_status":"closed","ping_status":"closed","template":"templates\/page-lamikai.php","meta":{"footnotes":""},"class_list":["post-4968","page","type-page","status-publish","hentry"],"jetpack_sharing_enabled":true,"_links":{"self":[{"href":"https:\/\/mjvv.org\/de\/wp-json\/wp\/v2\/pages\/4968","targetHints":{"allow":["GET"]}}],"collection":[{"href":"https:\/\/mjvv.org\/de\/wp-json\/wp\/v2\/pages"}],"about":[{"href":"https:\/\/mjvv.org\/de\/wp-json\/wp\/v2\/types\/page"}],"author":[{"embeddable":true,"href":"https:\/\/mjvv.org\/de\/wp-json\/wp\/v2\/users\/1"}],"replies":[{"embeddable":true,"href":"https:\/\/mjvv.org\/de\/wp-json\/wp\/v2\/comments?post=4968"}],"version-history":[{"count":4,"href":"https:\/\/mjvv.org\/de\/wp-json\/wp\/v2\/pages\/4968\/revisions"}],"predecessor-version":[{"id":5986,"href":"https:\/\/mjvv.org\/de\/wp-json\/wp\/v2\/pages\/4968\/revisions\/5986"}],"wp:attachment":[{"href":"https:\/\/mjvv.org\/de\/wp-json\/wp\/v2\/media?parent=4968"}],"curies":[{"name":"wp","href":"https:\/\/api.w.org\/{rel}","templated":true}]}}