{"id":4961,"date":"2022-05-31T12:44:34","date_gmt":"2022-05-31T10:44:34","guid":{"rendered":"https:\/\/mjvv.org\/?page_id=4961"},"modified":"2022-08-29T22:57:02","modified_gmt":"2022-08-29T20:57:02","slug":"espiritualidad","status":"publish","type":"page","link":"https:\/\/mjvv.org\/de\/espiritualidad\/","title":{"rendered":"Spiritualit\u00e4t"},"content":{"rendered":"<p>Der Verein <em>LAMIKAI<\/em> lebt die Spiritualit\u00e4t von Pater Kaiser in der Nachfolge von Jesu Wort und Opfer.<\/p>\n<p><strong>Jesus das Wort:<\/strong> So wie Bischof Kaiser von der Heiligen Schrift begeistert war, so haben auch die Laien eine st\u00e4ndige biblische Ausbildung, die sich an den Schriften Friedrich Kaisers orientiert. Das hei\u00dft: <em>Die Bibel ruft dich<\/em>, <em>die Bibel antwortet dir<\/em> und <em>die biblische Botschaft<\/em>. Denn die Heilige Schrift ist Christus selbst, der zum Buchstaben wird und dort bleibt, damit wir ihn erkennen k\u00f6nnen.<\/p>\n<p><strong>Jesus als Opfer:<\/strong> Durch das Kreuz hat Jesus uns von der S\u00fcnde erl\u00f6st, er ist das Opfer der S\u00fcnder. Auf dieselbe Weise bringen die LAMIKAI die kleinen Opfer des t\u00e4glichen Lebens dar und versuchen, gut und in Gnade zu leben, mit der Freude, gerettet zu werden.<\/p>\n","protected":false},"excerpt":{"rendered":"<p>Der Verein LAMIKAI lebt die Spiritualit\u00e4t von Pater Kaiser in der Nachfolge von Jesu Wort und Opfer. Jesus das Wort: So wie Bischof Kaiser von der Heiligen Schrift begeistert war, so haben auch die Laien eine st\u00e4ndige biblische Ausbildung, die sich an den Schriften Friedrich Kaisers orientiert. Das hei\u00dft: Die Bibel ruft dich, die Bibel [&hellip;]<\/p>\n","protected":false},"author":1,"featured_media":0,"parent":0,"menu_order":0,"comment_status":"closed","ping_status":"closed","template":"templates\/page-lamikai.php","meta":{"footnotes":""},"class_list":["post-4961","page","type-page","status-publish","hentry"],"jetpack_sharing_enabled":true,"_links":{"self":[{"href":"https:\/\/mjvv.org\/de\/wp-json\/wp\/v2\/pages\/4961","targetHints":{"allow":["GET"]}}],"collection":[{"href":"https:\/\/mjvv.org\/de\/wp-json\/wp\/v2\/pages"}],"about":[{"href":"https:\/\/mjvv.org\/de\/wp-json\/wp\/v2\/types\/page"}],"author":[{"embeddable":true,"href":"https:\/\/mjvv.org\/de\/wp-json\/wp\/v2\/users\/1"}],"replies":[{"embeddable":true,"href":"https:\/\/mjvv.org\/de\/wp-json\/wp\/v2\/comments?post=4961"}],"version-history":[{"count":3,"href":"https:\/\/mjvv.org\/de\/wp-json\/wp\/v2\/pages\/4961\/revisions"}],"predecessor-version":[{"id":5984,"href":"https:\/\/mjvv.org\/de\/wp-json\/wp\/v2\/pages\/4961\/revisions\/5984"}],"wp:attachment":[{"href":"https:\/\/mjvv.org\/de\/wp-json\/wp\/v2\/media?parent=4961"}],"curies":[{"name":"wp","href":"https:\/\/api.w.org\/{rel}","templated":true}]}}