{"id":4953,"date":"2022-05-31T12:43:36","date_gmt":"2022-05-31T10:43:36","guid":{"rendered":"https:\/\/mjvv.org\/?page_id=4953"},"modified":"2022-08-29T22:45:13","modified_gmt":"2022-08-29T20:45:13","slug":"quienes-son","status":"publish","type":"page","link":"https:\/\/mjvv.org\/de\/quienes-son\/","title":{"rendered":"Wer sind sie?"},"content":{"rendered":"<p align=\"justify\"><span lang=\"es-ES\"><img fetchpriority=\"high\" decoding=\"async\" class=\"aligncenter wp-image-4483 size-full\" src=\"https:\/\/mjvv.org\/wp-content\/uploads\/2022\/06\/Lamikai01_1200x500.jpg\" alt=\"\" width=\"1200\" height=\"500\" srcset=\"https:\/\/mjvv.org\/wp-content\/uploads\/2022\/06\/Lamikai01_1200x500.jpg 1200w, https:\/\/mjvv.org\/wp-content\/uploads\/2022\/06\/Lamikai01_1200x500-300x125.jpg 300w, https:\/\/mjvv.org\/wp-content\/uploads\/2022\/06\/Lamikai01_1200x500-1024x427.jpg 1024w, https:\/\/mjvv.org\/wp-content\/uploads\/2022\/06\/Lamikai01_1200x500-768x320.jpg 768w\" sizes=\"(max-width: 1200px) 100vw, 1200px\" \/><\/span><\/p>\n<p>Es sind Laien, die in der Welt anzutreffen sind, M\u00e4nner und Frauen, die in ihren H\u00e4usern, an ihrem Arbeitsplatz und in ihrem t\u00e4glichen Leben beten und Opfer bringen f\u00fcr die Bekehrung der S\u00fcnder, f\u00fcr das Fortbestehen der Missionarinnen vom lehrenden und s\u00fchnenden Heiland und f\u00fcr die Zunahme von Berufungen.<\/p>\n<p align=\"justify\"><span lang=\"es-ES\"><img decoding=\"async\" class=\"aligncenter wp-image-4479 size-full\" src=\"https:\/\/mjvv.org\/wp-content\/uploads\/2022\/06\/Lamikai02_1200x500.jpg\" alt=\"\" width=\"1200\" height=\"500\" srcset=\"https:\/\/mjvv.org\/wp-content\/uploads\/2022\/06\/Lamikai02_1200x500.jpg 1200w, https:\/\/mjvv.org\/wp-content\/uploads\/2022\/06\/Lamikai02_1200x500-300x125.jpg 300w, https:\/\/mjvv.org\/wp-content\/uploads\/2022\/06\/Lamikai02_1200x500-1024x427.jpg 1024w, https:\/\/mjvv.org\/wp-content\/uploads\/2022\/06\/Lamikai02_1200x500-768x320.jpg 768w\" sizes=\"(max-width: 1200px) 100vw, 1200px\" \/><\/span><\/p>\n<p>Sie sind Missionare, weil die Kirche missionarisch ist und der Herr sagt, dass jeder Christ ein Missionar werden muss und Salz der Erde und Licht der Welt werden muss und so zum Sauerteig f\u00fcr den Teig wird.<\/p>\n<p><img decoding=\"async\" class=\"aligncenter wp-image-4474 size-full\" style=\"text-align: justify;\" src=\"https:\/\/mjvv.org\/wp-content\/uploads\/2022\/06\/Lamikai03_1200x500.jpg\" alt=\"\" width=\"1200\" height=\"500\" srcset=\"https:\/\/mjvv.org\/wp-content\/uploads\/2022\/06\/Lamikai03_1200x500.jpg 1200w, https:\/\/mjvv.org\/wp-content\/uploads\/2022\/06\/Lamikai03_1200x500-300x125.jpg 300w, https:\/\/mjvv.org\/wp-content\/uploads\/2022\/06\/Lamikai03_1200x500-1024x427.jpg 1024w, https:\/\/mjvv.org\/wp-content\/uploads\/2022\/06\/Lamikai03_1200x500-768x320.jpg 768w\" sizes=\"(max-width: 1200px) 100vw, 1200px\" \/><\/p>\n<p>Sein Motto: &#8220;Mit Bibel und Kreuz werden wir der Welt helfen&#8221;.<\/p>\n<p align=\"justify\"><span lang=\"es-ES\"><b><img loading=\"lazy\" decoding=\"async\" class=\"aligncenter wp-image-4470 size-full\" src=\"https:\/\/mjvv.org\/wp-content\/uploads\/2022\/06\/Lamikai04_1200x500.jpg\" alt=\"\" width=\"1200\" height=\"500\" srcset=\"https:\/\/mjvv.org\/wp-content\/uploads\/2022\/06\/Lamikai04_1200x500.jpg 1200w, https:\/\/mjvv.org\/wp-content\/uploads\/2022\/06\/Lamikai04_1200x500-300x125.jpg 300w, https:\/\/mjvv.org\/wp-content\/uploads\/2022\/06\/Lamikai04_1200x500-1024x427.jpg 1024w, https:\/\/mjvv.org\/wp-content\/uploads\/2022\/06\/Lamikai04_1200x500-768x320.jpg 768w\" sizes=\"(max-width: 1200px) 100vw, 1200px\" \/><\/b><\/span><\/p>\n<p><em>Ihre Ausbildung<\/em> erfolgt intellektuell und spirituell durch Rundschreiben, den LAMIKAI-Leitfaden, Hausbesuche und Treffen.<\/p>\n<p>Um dem LAMIKAI beizutreten, m\u00fcssen Sie \u00fcber 18 Jahre alt sein und Teil der Kaiserina-Familie werden wollen.\u00a0 Es gibt zwei M\u00f6glichkeiten, Mitglied zu werden: aktiv oder passiv, je nach Ihrer eigenen Wahl.\u00a0<b><\/b><\/p>\n<p align=\"justify\"><img loading=\"lazy\" decoding=\"async\" class=\"aligncenter wp-image-4465 size-full\" src=\"http:\/\/161.35.31.59\/mjvv\/wp-content\/uploads\/2022\/06\/Lamikai05_1200x500.jpg\" alt=\"\" width=\"1200\" height=\"500\" srcset=\"https:\/\/mjvv.org\/wp-content\/uploads\/2022\/06\/Lamikai05_1200x500.jpg 1200w, https:\/\/mjvv.org\/wp-content\/uploads\/2022\/06\/Lamikai05_1200x500-300x125.jpg 300w, https:\/\/mjvv.org\/wp-content\/uploads\/2022\/06\/Lamikai05_1200x500-1024x427.jpg 1024w, https:\/\/mjvv.org\/wp-content\/uploads\/2022\/06\/Lamikai05_1200x500-768x320.jpg 768w\" sizes=\"(max-width: 1200px) 100vw, 1200px\" \/><\/p>\n","protected":false},"excerpt":{"rendered":"<p>Es sind Laien, die in der Welt anzutreffen sind, M\u00e4nner und Frauen, die in ihren H\u00e4usern, an ihrem Arbeitsplatz und in ihrem t\u00e4glichen Leben beten und Opfer bringen f\u00fcr die Bekehrung der S\u00fcnder, f\u00fcr das Fortbestehen der Missionarinnen vom lehrenden und s\u00fchnenden Heiland und f\u00fcr die Zunahme von Berufungen. Sie sind Missionare, weil die Kirche [&hellip;]<\/p>\n","protected":false},"author":1,"featured_media":0,"parent":0,"menu_order":0,"comment_status":"closed","ping_status":"closed","template":"templates\/page-lamikai.php","meta":{"footnotes":""},"class_list":["post-4953","page","type-page","status-publish","hentry"],"jetpack_sharing_enabled":true,"_links":{"self":[{"href":"https:\/\/mjvv.org\/de\/wp-json\/wp\/v2\/pages\/4953","targetHints":{"allow":["GET"]}}],"collection":[{"href":"https:\/\/mjvv.org\/de\/wp-json\/wp\/v2\/pages"}],"about":[{"href":"https:\/\/mjvv.org\/de\/wp-json\/wp\/v2\/types\/page"}],"author":[{"embeddable":true,"href":"https:\/\/mjvv.org\/de\/wp-json\/wp\/v2\/users\/1"}],"replies":[{"embeddable":true,"href":"https:\/\/mjvv.org\/de\/wp-json\/wp\/v2\/comments?post=4953"}],"version-history":[{"count":4,"href":"https:\/\/mjvv.org\/de\/wp-json\/wp\/v2\/pages\/4953\/revisions"}],"predecessor-version":[{"id":5983,"href":"https:\/\/mjvv.org\/de\/wp-json\/wp\/v2\/pages\/4953\/revisions\/5983"}],"wp:attachment":[{"href":"https:\/\/mjvv.org\/de\/wp-json\/wp\/v2\/media?parent=4953"}],"curies":[{"name":"wp","href":"https:\/\/api.w.org\/{rel}","templated":true}]}}