{"id":4945,"date":"2022-06-08T17:06:14","date_gmt":"2022-06-08T15:06:14","guid":{"rendered":"https:\/\/mjvv.org\/?page_id=4945"},"modified":"2022-06-29T12:19:17","modified_gmt":"2022-06-29T10:19:17","slug":"mission","status":"publish","type":"page","link":"https:\/\/mjvv.org\/de\/mission\/","title":{"rendered":"Mission"},"content":{"rendered":"<p><span style=\"color: #000000;\"><span style=\"font-family: Cambria, serif;\"><span style=\"font-size: medium;\"><span lang=\"de-DE\">Wie Papst Franziskus sagt, &#8220;<\/span><\/span><\/span><\/span><span style=\"color: #000000;\"><span style=\"font-family: Cambria, serif;\"><span style=\"font-size: medium;\"><span lang=\"de-DE\"><i>muss die Kirche wie Gott sein: immer im Herausgehen&#8221;. Dem Befehl des Herrn folgend: &#8220;Gehet hin in alle Welt und verk\u00fcndet das Evangelium&#8221;<\/i><\/span><\/span><\/span><\/span><span style=\"color: #000000;\"><span style=\"font-family: Cambria, serif;\"><span style=\"font-size: medium;\"><span lang=\"de-DE\"> (Mk 16,15), sollen wir Boten der Frohen Botschaft sein, denn <\/span><\/span><\/span><\/span><span style=\"color: #000000;\"><span style=\"font-family: Cambria, serif;\"><span style=\"font-size: medium;\"><span lang=\"de-DE\"><i>&#8220;Gott will, dass alle Menschen gerettet werden und zur vollen Erkenntnis der Wahrheit kommen&#8221;<\/i><\/span><\/span><\/span><\/span><span style=\"color: #000000;\"><span style=\"font-family: Cambria, serif;\"><span style=\"font-size: medium;\"><span lang=\"de-DE\"> (1 Tim 2,4). <\/span><\/span><\/span><\/span><\/p>\n<p><span style=\"color: #000000;\"><span style=\"font-family: Cambria, serif;\"><span style=\"font-size: medium;\"><span lang=\"de-DE\">Das Apostolat ist das, wof\u00fcr Jesus die Zw\u00f6lf erw\u00e4hlt, vorbereitet und ausgesandt hat. Wir Katholiken sind dank unserer Taufe berufen, an diesem Apostolat teilzunehmen, es ist Gottes Wille. <\/span><\/span><\/span><\/span><\/p>\n<p><span style=\"color: #000000;\"><span style=\"font-family: Cambria, serif;\"><span style=\"font-size: medium;\"><span lang=\"de-DE\">Dieses Apostolat erstreckt sich auf mehrere Bereiche: <\/span><\/span><\/span><\/span><\/p>\n<ul>\n<li><span style=\"color: #000000;\"><span style=\"font-family: Cambria, serif;\"><span style=\"font-size: medium;\"><span lang=\"de-DE\"><b>Apostolat des Gebetes<\/b><\/span><\/span><\/span><\/span><span style=\"color: #000000;\"><span style=\"font-family: Cambria, serif;\"><span style=\"font-size: medium;\"><span lang=\"de-DE\">: Dies ist von gr\u00f6\u00dfter Bedeutung f\u00fcr das Apostolat und seine Arbeit; ohne Gebet bleibt die apostolische Arbeit fruchtlos. Der Apostel Paulus war sich dieser Bedeutung bewusst: <\/span><\/span><\/span><\/span><span style=\"color: #000000;\"><span style=\"font-family: Cambria, serif;\"><span style=\"font-size: medium;\"><span lang=\"de-DE\"><i>&#8220;Br\u00fcder, betet f\u00fcr uns, damit das Wort des Herrn weiter verbreitet und verherrlicht wird&#8221;<\/i><\/span><\/span><\/span><\/span><span style=\"color: #000000;\"><span style=\"font-family: Cambria, serif;\"><span style=\"font-size: medium;\"><span lang=\"de-DE\"> (2 Thess 3,1). Ohne Gebet gibt es keinen Apostel und kein Apostelamt. Wer kein Apostel des Wortes sein kann, soll ein Apostel des Gebets sein. Das Apostolat des Wortes muss vom Gebet begleitet und fruchtbar gemacht werden.<\/span><\/span><\/span><\/span><\/li>\n<li><span style=\"color: #000000;\"><span style=\"font-family: Cambria, serif;\"><span style=\"font-size: medium;\"><span lang=\"de-DE\"><b>Apostelschaft des Wortes<\/b><\/span><\/span><\/span><\/span><span style=\"color: #000000;\"><span style=\"font-family: Cambria, serif;\"><span style=\"font-size: medium;\"><span lang=\"de-DE\">: Es ist eine echte Verpflichtung: <\/span><\/span><\/span><\/span><span style=\"color: #000000;\"><span style=\"font-family: Cambria, serif;\"><span style=\"font-size: medium;\"><span lang=\"de-DE\"><i>&#8220;Halte das Wort nicht zur\u00fcck, wenn es angebracht ist, und verbirg deine Weisheit nicht um der Prahlerei willen&#8221;<\/i><\/span><\/span><\/span><\/span><span style=\"color: #000000;\"><span style=\"font-family: Cambria, serif;\"><span style=\"font-size: medium;\"><span lang=\"de-DE\"> (Sir 4,23<\/span><\/span><\/span><\/span><span style=\"color: #000000;\"><span style=\"font-family: Cambria, serif;\"><span style=\"font-size: medium;\"><span lang=\"de-DE\"><i>). &#8220;Verk\u00fcndet das Wort, beharrt in der rechten Zeit und in der unrechten Zeit &#8230;&#8221;<\/i><\/span><\/span><\/span><\/span> <span style=\"color: #000000;\"><span style=\"font-family: Cambria, serif;\"><span style=\"font-size: medium;\"><span lang=\"es-ES\">(2 Tim. 4,2).<\/span><\/span><\/span><\/span><\/li>\n<\/ul>\n<ul>\n<li><span style=\"color: #000000;\"><span style=\"font-family: Cambria, serif;\"><span style=\"font-size: medium;\"><span lang=\"de-DE\"><i><b>Apostolat des guten Beispiels: <\/b><\/i><\/span><\/span><\/span><\/span><span style=\"color: #000000;\"><span style=\"font-family: Cambria, serif;\"><span style=\"font-size: medium;\"><span lang=\"de-DE\">Salz gibt den Speisen Geschmack, damit sie schmecken; unsere Sanftmut soll unsere Rede so w\u00fcrzen, dass sie gef\u00e4llt<\/span><\/span><\/span><\/span><span style=\"color: #000000;\"><span style=\"font-family: Cambria, serif;\"><span style=\"font-size: medium;\"><span lang=\"de-DE\"><i>: &#8220;Es ziemt sich aber nicht f\u00fcr einen Diener des Herrn, zu streiten, sondern zu allen sanftm\u00fctig zu sein, bereit zu lehren, langm\u00fctig, und seine Widersacher mit Sanftmut zurechtzuweisen, damit Gott ihnen nicht die Bekehrung schenkt, die sie zur vollen Erkenntnis der Wahrheit f\u00fchrt&#8221;<\/i><\/span><\/span><\/span><\/span><span style=\"color: #000000;\"><span style=\"font-family: Cambria, serif;\"><span style=\"font-size: medium;\"><span lang=\"de-DE\"> (2 Tim 2,24-25). Wie ein bekanntes Sprichwort sagt: &#8220;Worte illustrieren, Beispiele ziehen an&#8221;. <\/span><\/span><\/span><\/span><\/li>\n<\/ul>\n<ul>\n<li><span style=\"color: #000000;\"><span style=\"font-family: Cambria, serif;\"><span style=\"font-size: medium;\"><span lang=\"de-DE\"><i><b>Apostolat unter den Armen: <\/b><\/i><\/span><\/span><\/span><\/span><span style=\"color: #000000;\"><span style=\"font-family: Cambria, serif;\"><span style=\"font-size: medium;\"><span lang=\"de-DE\">Den Armen in einem apostolischen Geist zu helfen ist ein Apostolat wie das Gebet und das gute Beispiel. Diese Hilfe f\u00fcr die Armen ist auch von gro\u00dfem Nutzen, um den Geist und den Willen der Armen darauf vorzubereiten, das Wort Gottes bereitwillig aufzunehmen. <\/span><\/span><\/span><\/span><\/li>\n<\/ul>\n<p><span style=\"color: #000000;\"><span style=\"font-family: Cambria, serif;\"><span style=\"font-size: medium;\"><span lang=\"de-DE\">Wir Missionarinnen vom lehrenden und s\u00fchnenden Heiland wollen unser Apostolat spezifisch missionarisch ausrichten, indem wir an abgelegenen, verlassenen und armen Orten arbeiten, um den Missionsauftrag des Herrn zu erf\u00fcllen, <\/span><\/span><\/span><\/span><span style=\"color: #000000;\"><span style=\"font-family: Cambria, serif;\"><span style=\"font-size: medium;\"><span lang=\"de-DE\"><i>zu gehen und zu predigen<\/i><\/span><\/span><\/span><\/span><span style=\"color: #000000;\"><span style=\"font-family: Cambria, serif;\"><span style=\"font-size: medium;\"><span lang=\"de-DE\">. Wie Papst Franziskus sagt: <\/span><\/span><\/span><\/span><\/p>\n<p align=\"center\"><span style=\"color: #000000;\"><span style=\"font-family: Cambria, serif;\"><span style=\"font-size: medium;\"><span lang=\"de-DE\"><i>Mission wird immer auch \u201emissio ad gentes\u201d sein, denn die Kirche muss immer weiter gehen, \u00fcber ihre eigenen Grenzen hinaus, um die Liebe Christi allen zu verk\u00fcnden.<\/i><\/span><\/span><\/span><\/span><\/p>\n","protected":false},"excerpt":{"rendered":"<p>Wie Papst Franziskus sagt, &#8220;muss die Kirche wie Gott sein: immer im Herausgehen&#8221;. Dem Befehl des Herrn folgend: &#8220;Gehet hin in alle Welt und verk\u00fcndet das Evangelium&#8221; (Mk 16,15), sollen wir Boten der Frohen Botschaft sein, denn &#8220;Gott will, dass alle Menschen gerettet werden und zur vollen Erkenntnis der Wahrheit kommen&#8221; (1 Tim 2,4). Das [&hellip;]<\/p>\n","protected":false},"author":1,"featured_media":0,"parent":0,"menu_order":0,"comment_status":"closed","ping_status":"closed","template":"templates\/page-boxblu.php","meta":{"footnotes":""},"class_list":["post-4945","page","type-page","status-publish","hentry"],"jetpack_sharing_enabled":true,"_links":{"self":[{"href":"https:\/\/mjvv.org\/de\/wp-json\/wp\/v2\/pages\/4945","targetHints":{"allow":["GET"]}}],"collection":[{"href":"https:\/\/mjvv.org\/de\/wp-json\/wp\/v2\/pages"}],"about":[{"href":"https:\/\/mjvv.org\/de\/wp-json\/wp\/v2\/types\/page"}],"author":[{"embeddable":true,"href":"https:\/\/mjvv.org\/de\/wp-json\/wp\/v2\/users\/1"}],"replies":[{"embeddable":true,"href":"https:\/\/mjvv.org\/de\/wp-json\/wp\/v2\/comments?post=4945"}],"version-history":[{"count":1,"href":"https:\/\/mjvv.org\/de\/wp-json\/wp\/v2\/pages\/4945\/revisions"}],"predecessor-version":[{"id":4946,"href":"https:\/\/mjvv.org\/de\/wp-json\/wp\/v2\/pages\/4945\/revisions\/4946"}],"wp:attachment":[{"href":"https:\/\/mjvv.org\/de\/wp-json\/wp\/v2\/media?parent=4945"}],"curies":[{"name":"wp","href":"https:\/\/api.w.org\/{rel}","templated":true}]}}