{"id":4866,"date":"2022-05-24T09:45:12","date_gmt":"2022-05-24T07:45:12","guid":{"rendered":"https:\/\/mjvv.org\/?page_id=4866"},"modified":"2022-07-04T17:18:14","modified_gmt":"2022-07-04T15:18:14","slug":"federico-kaiser","status":"publish","type":"page","link":"https:\/\/mjvv.org\/de\/federico-kaiser\/","title":{"rendered":"Federico Kaiser"},"content":{"rendered":"<div class=\"wpb-content-wrapper\"><p>[vc_row][vc_column][vc_column_text]Monsignore Federico Kaiser Depel MSC (1903-1993), Gr\u00fcnder der MJVV und erster Bischof der Pr\u00e4latur Caraveli.<\/p>\n<p><a href=\"\/federico-kaiser\/biografia\/\">Lesen Sie die vollst\u00e4ndige Biographie<\/a><\/p>\n<p><iframe title=\"YouTube video player\" src=\"https:\/\/www.youtube.com\/embed\/bnNMT9zXaPs\" width=\"100%\" height=\"315\" frameborder=\"0\" allowfullscreen=\"allowfullscreen\" data-mce-fragment=\"1\"><\/iframe>[\/vc_column_text][\/vc_column][\/vc_row]<\/p>\n<\/div>","protected":false},"excerpt":{"rendered":"<p>[vc_row][vc_column][vc_column_text]Monsignore Federico Kaiser Depel MSC (1903-1993), Gr\u00fcnder der MJVV und erster Bischof der Pr\u00e4latur Caraveli. Lesen Sie die vollst\u00e4ndige Biographie [\/vc_column_text][\/vc_column][\/vc_row]<\/p>\n","protected":false},"author":1,"featured_media":0,"parent":0,"menu_order":0,"comment_status":"closed","ping_status":"closed","template":"templates\/page-federico-kaiser.php","meta":{"footnotes":""},"class_list":["post-4866","page","type-page","status-publish","hentry"],"jetpack_sharing_enabled":true,"_links":{"self":[{"href":"https:\/\/mjvv.org\/de\/wp-json\/wp\/v2\/pages\/4866","targetHints":{"allow":["GET"]}}],"collection":[{"href":"https:\/\/mjvv.org\/de\/wp-json\/wp\/v2\/pages"}],"about":[{"href":"https:\/\/mjvv.org\/de\/wp-json\/wp\/v2\/types\/page"}],"author":[{"embeddable":true,"href":"https:\/\/mjvv.org\/de\/wp-json\/wp\/v2\/users\/1"}],"replies":[{"embeddable":true,"href":"https:\/\/mjvv.org\/de\/wp-json\/wp\/v2\/comments?post=4866"}],"version-history":[{"count":2,"href":"https:\/\/mjvv.org\/de\/wp-json\/wp\/v2\/pages\/4866\/revisions"}],"predecessor-version":[{"id":4868,"href":"https:\/\/mjvv.org\/de\/wp-json\/wp\/v2\/pages\/4866\/revisions\/4868"}],"wp:attachment":[{"href":"https:\/\/mjvv.org\/de\/wp-json\/wp\/v2\/media?parent=4866"}],"curies":[{"name":"wp","href":"https:\/\/api.w.org\/{rel}","templated":true}]}}