{"id":4861,"date":"2022-05-20T12:30:47","date_gmt":"2022-05-20T10:30:47","guid":{"rendered":"https:\/\/mjvv.org\/?page_id=4861"},"modified":"2022-06-27T16:25:28","modified_gmt":"2022-06-27T14:25:28","slug":"mutter-maria-jacinta-francia-zevallos","status":"publish","type":"page","link":"https:\/\/mjvv.org\/de\/mutter-maria-jacinta-francia-zevallos\/","title":{"rendered":"Mutter Mar\u00eda Jacinta Francia Zevallos"},"content":{"rendered":"<p><span lang=\"es-ES\"><img fetchpriority=\"high\" decoding=\"async\" class=\"aligncenter wp-image-4503 size-full\" src=\"https:\/\/mjvv.org\/wp-content\/uploads\/2022\/06\/Madre-Jacinta-1200x650-1.jpg\" alt=\"\" width=\"1200\" height=\"650\" srcset=\"https:\/\/mjvv.org\/wp-content\/uploads\/2022\/06\/Madre-Jacinta-1200x650-1.jpg 1200w, https:\/\/mjvv.org\/wp-content\/uploads\/2022\/06\/Madre-Jacinta-1200x650-1-300x163.jpg 300w, https:\/\/mjvv.org\/wp-content\/uploads\/2022\/06\/Madre-Jacinta-1200x650-1-1024x555.jpg 1024w, https:\/\/mjvv.org\/wp-content\/uploads\/2022\/06\/Madre-Jacinta-1200x650-1-768x416.jpg 768w\" sizes=\"(max-width: 1200px) 100vw, 1200px\" \/><\/span><\/p>\n<ul>\n<li><span lang=\"en-GB\">Eintritt in die Kongregation: 17. Januar 1977<\/span><\/li>\n<li><span lang=\"en-GB\">Eintritt in das Postulat: 08. M\u00e4rz 1977<\/span><\/li>\n<li><span lang=\"en-GB\">Eintritt in das Noviziat: 01. Dezember 1977<\/span><\/li>\n<li><span lang=\"en-GB\">Erste Gel\u00fcbde: 08. Dezember 1979<\/span><\/li>\n<li><span lang=\"en-GB\">Ewiges Gel\u00fcbde: 08. Dezember 1985<\/span><\/li>\n<li><span lang=\"en-GB\">Sie studierte an der Universit\u00e4t Urbaniana und machte ihre Abschluss in missionarischer Spiritualit\u00e4t.<\/span><\/li>\n<li><span lang=\"en-GB\">Diente als Meisterin der Novizinnen und Postulantinnen in Peru und sp\u00e4ter in Argentinien, als dort das Noviziat er\u00f6ffnet wurde. <\/span><\/li>\n<li><span lang=\"en-GB\">Oberin in Nazareth Argentinien. <\/span><\/li>\n<li><span lang=\"en-GB\">Gr\u00fcnderin von Patmos Ygatimi. <\/span><\/li>\n<li><span lang=\"en-GB\">Regional Oberin von Bolivien. <\/span><\/li>\n<li><span lang=\"en-GB\">Generalvikar 2002 &#8211; 2008<\/span><\/li>\n<li><span lang=\"en-GB\">Generaloberin 2008 &#8211; 2014 und 2015 bis heute.<\/span><\/li>\n<\/ul>\n","protected":false},"excerpt":{"rendered":"<p>Eintritt in die Kongregation: 17. Januar 1977 Eintritt in das Postulat: 08. M\u00e4rz 1977 Eintritt in das Noviziat: 01. Dezember 1977 Erste Gel\u00fcbde: 08. Dezember 1979 Ewiges Gel\u00fcbde: 08. Dezember 1985 Sie studierte an der Universit\u00e4t Urbaniana und machte ihre Abschluss in missionarischer Spiritualit\u00e4t. Diente als Meisterin der Novizinnen und Postulantinnen in Peru und sp\u00e4ter [&hellip;]<\/p>\n","protected":false},"author":1,"featured_media":0,"parent":0,"menu_order":0,"comment_status":"closed","ping_status":"closed","template":"templates\/page-chisiamo.php","meta":{"footnotes":""},"class_list":["post-4861","page","type-page","status-publish","hentry"],"jetpack_sharing_enabled":true,"_links":{"self":[{"href":"https:\/\/mjvv.org\/de\/wp-json\/wp\/v2\/pages\/4861","targetHints":{"allow":["GET"]}}],"collection":[{"href":"https:\/\/mjvv.org\/de\/wp-json\/wp\/v2\/pages"}],"about":[{"href":"https:\/\/mjvv.org\/de\/wp-json\/wp\/v2\/types\/page"}],"author":[{"embeddable":true,"href":"https:\/\/mjvv.org\/de\/wp-json\/wp\/v2\/users\/1"}],"replies":[{"embeddable":true,"href":"https:\/\/mjvv.org\/de\/wp-json\/wp\/v2\/comments?post=4861"}],"version-history":[{"count":1,"href":"https:\/\/mjvv.org\/de\/wp-json\/wp\/v2\/pages\/4861\/revisions"}],"predecessor-version":[{"id":4862,"href":"https:\/\/mjvv.org\/de\/wp-json\/wp\/v2\/pages\/4861\/revisions\/4862"}],"wp:attachment":[{"href":"https:\/\/mjvv.org\/de\/wp-json\/wp\/v2\/media?parent=4861"}],"curies":[{"name":"wp","href":"https:\/\/api.w.org\/{rel}","templated":true}]}}