{"id":4791,"date":"2022-05-20T14:50:42","date_gmt":"2022-05-20T12:50:42","guid":{"rendered":"https:\/\/mjvv.org\/?page_id=4791"},"modified":"2022-07-04T17:21:51","modified_gmt":"2022-07-04T15:21:51","slug":"die-bibel","status":"publish","type":"page","link":"https:\/\/mjvv.org\/de\/federico-kaiser\/die-bibel\/","title":{"rendered":"Die Bibel"},"content":{"rendered":"<p class=\"western\" lang=\"de-DE\" align=\"justify\"><span lang=\"en-GB\">nser Vater hat die Bibel sehr intensiv studiert. Bei einer Gelegenheit erz\u00e4hlt er, dass der Priester, der ihn in der Heiligen Schrift unterrichtete, w\u00e4hrend seiner Ausbildung krank wurde und nicht mehr in der Lage war, alle Studente im Seminar zu unterrichten. Er nutzte diese Zeit zum Studium und zur Vertiefung seiner Studien des Neuen Testaments, er studierte die Bibel Vers f\u00fcr Vers, und aus dieser sch\u00f6nen Phase seiner Ausbildung sind uns die Abk\u00fcrzungen und Notizen erhalten, die er in seinen Notizb\u00fcchern machte.<\/span><\/p>\n<p lang=\"de-DE\" align=\"justify\"><span lang=\"en-GB\">So sagte er &#8220;Ich bin von Vergn\u00fcgen zu Vergn\u00fcgen, von Freude zu Freude, von Gl\u00fcck zu Gl\u00fcck gegangen. Sie k\u00f6nnen sich nicht vorstellen, wie sehr mich das bereichert hat. Und das hat mich sehr gl\u00fccklich gemacht. &#8220;Die anderen bemerkten das und sagten: &#8220;Pater Kaiser, der interessiert sich mehr f\u00fcr die Bibel als f\u00fcr alles andere, das ist sein Hobby&#8221; (FK.).<\/span><\/p>\n<p lang=\"de-DE\" align=\"justify\"><span lang=\"en-GB\">Er verstand es, diese Liebe zur Heiligen Schrift in seinen T\u00f6chtern zu kultivieren. Aus diesem Grund nimmt die Bibel einen besonderen und privilegierten Platz in unserer Ausbildung ein.<\/span><\/p>\n<p lang=\"de-DE\" align=\"justify\"><span lang=\"en-GB\">&#8220;Wenn ich dein Vertrauen verdient habe, lade ich dich ein, gemeinsam die Bibel zu lesen. Wir werden nicht auf profanen Tourismus gehen, um zu st\u00f6bern, sondern auf eine heilige Pilgerreise, um zu lesen und zu studieren, um zu beten und zu meditieren. Wir sind sicher, dass wir mit den Anstrengungen, aber auch mit den Reizen und \u00dcberraschungen einer faszinierenden Pilgerreise konfrontiert werden. Der Pilger von Emmaus begleitet uns und spricht zu uns&#8221; (Friedrich Kaiser).<\/span><\/p>\n<p class=\"western\" lang=\"de-DE\"><span lang=\"en-GB\">Die Bibel ist f\u00fcr uns das Tabernakel. Wenn wir sie \u00f6ffnen, sind wir bei Gott, bei seinem Wort und seiner Lehre, seinen Wundern und Wundern. Die Bibel ist die bevorzugte Nahrung f\u00fcr unser Gebetsleben. Sie ist die Quelle, die uns das Material gibt, um die rettende Wahrheit und Weisheit Gottes zu verk\u00fcnden. Auf diese Weise k\u00f6nnen wir den Missionsauftrag Christi erf\u00fcllen: &#8220;Geht und lehrt&#8221; (Mk 16,17).<\/span><\/p>\n","protected":false},"excerpt":{"rendered":"<p>nser Vater hat die Bibel sehr intensiv studiert. Bei einer Gelegenheit erz\u00e4hlt er, dass der Priester, der ihn in der Heiligen Schrift unterrichtete, w\u00e4hrend seiner Ausbildung krank wurde und nicht mehr in der Lage war, alle Studente im Seminar zu unterrichten. Er nutzte diese Zeit zum Studium und zur Vertiefung seiner Studien des Neuen Testaments, [&hellip;]<\/p>\n","protected":false},"author":1,"featured_media":0,"parent":4866,"menu_order":0,"comment_status":"closed","ping_status":"closed","template":"templates\/page-federico-kaiser.php","meta":{"footnotes":""},"class_list":["post-4791","page","type-page","status-publish","hentry"],"jetpack_sharing_enabled":true,"_links":{"self":[{"href":"https:\/\/mjvv.org\/de\/wp-json\/wp\/v2\/pages\/4791","targetHints":{"allow":["GET"]}}],"collection":[{"href":"https:\/\/mjvv.org\/de\/wp-json\/wp\/v2\/pages"}],"about":[{"href":"https:\/\/mjvv.org\/de\/wp-json\/wp\/v2\/types\/page"}],"author":[{"embeddable":true,"href":"https:\/\/mjvv.org\/de\/wp-json\/wp\/v2\/users\/1"}],"replies":[{"embeddable":true,"href":"https:\/\/mjvv.org\/de\/wp-json\/wp\/v2\/comments?post=4791"}],"version-history":[{"count":2,"href":"https:\/\/mjvv.org\/de\/wp-json\/wp\/v2\/pages\/4791\/revisions"}],"predecessor-version":[{"id":4793,"href":"https:\/\/mjvv.org\/de\/wp-json\/wp\/v2\/pages\/4791\/revisions\/4793"}],"up":[{"embeddable":true,"href":"https:\/\/mjvv.org\/de\/wp-json\/wp\/v2\/pages\/4866"}],"wp:attachment":[{"href":"https:\/\/mjvv.org\/de\/wp-json\/wp\/v2\/media?parent=4791"}],"curies":[{"name":"wp","href":"https:\/\/api.w.org\/{rel}","templated":true}]}}