{"id":4788,"date":"2022-06-07T11:04:03","date_gmt":"2022-06-07T09:04:03","guid":{"rendered":"https:\/\/mjvv.org\/?page_id=4788"},"modified":"2022-06-27T15:04:31","modified_gmt":"2022-06-27T13:04:31","slug":"auszuege-aus-rundschreiben-von-schw-willibrordis","status":"publish","type":"page","link":"https:\/\/mjvv.org\/de\/auszuege-aus-rundschreiben-von-schw-willibrordis\/","title":{"rendered":"Ausz\u00fcge aus Rundschreiben von Schw. Willibrordis"},"content":{"rendered":"<p lang=\"de-DE\" align=\"justify\"><b>Charity:<\/b><\/p>\n<p lang=\"de-DE\" align=\"justify\">Meine lieben Schwestern: Ihr nennt mich &#8220;Mutter&#8221;, und als Mutter spreche ich euch an, jede einzelne von euch im Besonderen. Ich mache mir die Worte des heiligen Paulus zu eigen:<\/p>\n<p lang=\"de-DE\" align=\"justify\">&#8220;Als Gottes Auserw\u00e4hlter, als sein Heiliger und Geliebter, bekleide dich mit Gef\u00fchlen tiefen Mitgef\u00fchls. \u00dcben Sie sich in Freundlichkeit, Demut, Sanftmut und Geduld. Verzeiht euren Schwestern. Der Herr hat Ihnen vergeben, tun Sie das auch. Kleide dich mit der Liebe, die das Symbol der Vollkommenheit ist. M\u00f6ge der Friede Christi in eurem Herzen herrschen, der Friede, zu dem ihr berufen seid&#8230;&#8221;.<\/p>\n<p lang=\"de-DE\" align=\"justify\"><b>Barmherzigkeit:<\/b><\/p>\n<p lang=\"de-DE\" align=\"justify\">Barmherzigkeit bedeutet, das Elend des anderen in meinem Herzen zu tragen, und ich kann dieses Elend nur ertragen, wenn mein Herz nicht voller Egoismus ist. Unser Vater sagt: &#8220;Die N\u00e4chstenliebe besteht konkret darin, meiner Schwester Freude zu bereiten und sie nicht zu ver\u00e4rgern&#8221;. &#8220;Die Kosten f\u00fcr mich&#8221; und die &#8220;Freude f\u00fcr meinen Bruder oder meine Schwester&#8221;.<\/p>\n<p lang=\"de-DE\" align=\"justify\"><b>Gemeinschaftsleben:<\/b><\/p>\n<p lang=\"de-DE\" align=\"justify\">&#8220;Um ein gemeinschaftliches Leben in Einheit zu erreichen, ist es unabdingbar, sich alle Meinungen anzuh\u00f6ren und dann eine L\u00f6sung zu finden bzw. nach der besten Meinung zu handeln. Auf jeden Fall haben wir ein perfektes Modell in der Kirche, wo wir alle sehr verschieden sind, verschiedene Kulturen, verschiedene Rassen, verschiedene Formen der Anbetung usw. Aber alle sind in Christus vereint.<\/p>\n<p lang=\"de-DE\" align=\"justify\">\u00dcberall gibt es Probleme. Versuchen wir, uns nicht zu problematisieren, sondern uns zu entproblematisieren. Denn f\u00fcr den Heiligen gibt es keine Probleme, sondern nur Kreuze.&#8221;<\/p>\n<p lang=\"de-DE\" align=\"justify\"><b>Die br\u00fcderliche Zurechtweisung:<\/b><\/p>\n<p lang=\"de-DE\" align=\"justify\">&#8220;Br\u00fcderliche Zurechtweisung, wir tun es &#8220;mit N\u00e4chstenliebe und f\u00fcr die N\u00e4chstenliebe&#8221;. Das hei\u00dft, nur und ausschlie\u00dflich mit Liebe, denn lieben hei\u00dft achten, sich freuen, ermutigen, dienen. Wenn Sie so vorgehen, werden Sie zweifellos hervorragende Ergebnisse erzielen&#8221;.<\/p>\n<p lang=\"de-DE\" align=\"justify\"><b>Freizeit:<\/b><\/p>\n<p lang=\"de-DE\" align=\"justify\">&#8220;Die Freizeit in der Familie oder in der Gemeinschaft ist sehr wichtig, weil sie ein Moment ist, an dem jeder teilnimmt und die M\u00f6glichkeit hat, andere zu erholen, z. B. etwas zu erz\u00e4hlen, das andere gl\u00fccklich macht, oder ein Instrument zu spielen und ein Musikst\u00fcck anzubieten. Wie gl\u00fccklich w\u00e4re ich, wenn ich eine Freizeit h\u00e4tte, die von einem oder mehreren Instrumenten belebt wird!<\/p>\n<p lang=\"de-DE\" align=\"justify\">Die Spielzeit soll eine Zeit der Entfaltung und der Erholung sein, in der niemand vermisst wird. Das Wichtigste beim Spielen ist nicht so sehr zu gewinnen, sondern andere zu unterhalten&#8221;.<\/p>\n<p lang=\"de-DE\" align=\"justify\"><b>Courtesy oder H\u00f6flichkeit:<\/b><\/p>\n<p lang=\"de-DE\" align=\"justify\">&#8220;Die Formeln der H\u00f6flichkeit geh\u00f6ren zu jedem gebildeten und kultivierten Menschen, und sie sind zugleich die Nahrung, die in unseren Gemeinschaften herrschen sollte. Lasst uns wissen, wie wir einander respektieren k\u00f6nnen, &#8220;indem wir einander h\u00f6her achten&#8221; (R\u00f6m 12,10). Auf diese Weise werden wir zu einer Familie.<\/p>\n<p lang=\"de-DE\" align=\"justify\">Um die Einheit in der Gemeinschaft aufrechtzuerhalten, sollten wir dem Motto unseres Vaters folgen: &#8220;Immer zusammen und fr\u00f6hlich&#8221;.<\/p>\n<p lang=\"de-DE\" align=\"justify\">Ich unterhielt mich eines Tages mit unserem Gr\u00fcnder und Vater &#8211; Bischof Friedrich Kaiser &#8211; wir sprachen \u00fcber den Bau, wir sprachen \u00fcber die Handwerker, und er sagte zu mir: &#8220;Wenn ein Handwerker den Tabernakel wiederherstellen muss &#8211; wo das Allerheiligste Sakrament ist &#8211; das hei\u00dft, Christus selbst, und er tut es auf eine Art und Weise, die \u00fcberhaupt nicht w\u00fcrdig ist, vielleicht sogar rauchend, ohne jeden Respekt., dann werden wir zu ihm sagen:\u201c Bruder, pass auf, Christus ist im Haus, behandle ihn bitte mit Respekt!&#8221; Nun denn, meine Schwester, sie ist eine Auserw\u00e4hlte Gottes, heilig und geliebt, ich muss mich ihr also mit aller Ehrfurcht n\u00e4hern, denn in ihr ist Christus selbst.<\/p>\n<p lang=\"de-DE\" align=\"justify\">Glauben Sie, meine Schwester, an das Wort Gottes: &#8220;Wer mich liebt, wird meinem Wort treu sein, und mein Vater wird ihn lieben; wir werden zu ihm kommen und in ihm wohnen&#8221; (Joh 14,33).<\/p>\n<p lang=\"de-DE\" align=\"justify\">&#8220;Mein letzter Wunsch ist, dass mein letztes Wort auf dieser Erde &#8220;Danke&#8221; sein m\u00f6ge. Denn alles ist Gott zu danken.&#8221;<\/p>\n<p lang=\"de-DE\" align=\"justify\"><b>Khate&#8217;s Beispiel: Wahre Liebe (Khate war die Schwester von Schw. Wilibrordis):<\/b><\/p>\n<p lang=\"de-DE\" align=\"justify\"><a name=\"Bookmark\"><\/a> &#8220;Ich habe viel von meiner Schwester Khate gelernt, die wegen des Krieges und ihrer Gefangenschaft in Russland zehneinhalb Jahre lang von ihrem Mann getrennt war. Sie schrieb mir keine Briefe, weil sie mir immer sagte, sie sei zu besch\u00e4ftigt &#8211; obwohl sie keine Kinder hatte. Eines Tages fragte ich sie:<\/p>\n<p lang=\"de-DE\" align=\"justify\">&#8211; Warum schreibst du mir nicht?<\/p>\n<p lang=\"de-DE\" align=\"justify\">&#8211; Ich bin immer so besch\u00e4ftigt. Das liegt an Schorsch. Ich denke jeden Tag, dass er heute oder vielleicht schon morgen kommen wird. Und er kam, nach zehn Jahren des Wartens. Vor ein paar Jahren war ich bei ihnen zu Hause. Am Morgen war ich erstaunt, im Badezimmer ein Glas Wasser, eine Zahnb\u00fcrste mit Zahnpasta, geputzte Schuhe und verschiedene Kleinigkeiten f\u00fcr ihren Mann zu finden. Ich war begeistert. So viel Zuneigung von einer Frau f\u00fcr ihren Mann, nach fast vierzig Jahren Ehe. Sie kocht nur das, was ihm gef\u00e4llt, auch wenn sie daf\u00fcr auf ihren eigenen Geschmack verzichten muss.&#8221;<\/p>\n<p lang=\"de-DE\" align=\"justify\"><b>Chastit\u00e4t oder Keuschheit:<\/b><\/p>\n<p lang=\"de-DE\" align=\"justify\">Es ist sch\u00f6n, was uns das Ordensleben \u00fcber die Keuschheit lehrt:<\/p>\n<p lang=\"de-DE\" align=\"justify\">&#8220;Das Gel\u00fcbde der Keuschheit ist der v\u00f6llige Verzicht auf die menschliche Liebe. Wenn die Gott geweihte Person sich von dieser menschlichen Liebe lossagt, dann nicht aus Verachtung, sondern um sich einer geistigen Liebe zu weihen, die die Liebe Gottes in ihrer Ganzheit ist. Die geweihte Person muss sich in ihn verlieben und ihn mit all ihrer Kraft lieben. Dann wird sie ihre nat\u00fcrlichen Instinkte fast m\u00fchelos vollst\u00e4ndig beherrschen&#8221;.<\/p>\n<p lang=\"de-DE\" align=\"justify\">Vom Geist durchdrungen zu sein:<\/p>\n<p lang=\"de-DE\" align=\"justify\">Papst Pius IX. schreibt in einem Brief an die Generaloberen:<\/p>\n<p lang=\"de-DE\" align=\"justify\">&#8220;Vor allem ermahnen wir die Ordensleute, das Beispiel ihres Stifters und Gesetzgebers nicht aus den Augen zu verlieren, wenn sie sicher sein wollen, an den reichhaltigen Gnaden ihrer Berufung teilzuhaben. Deshalb sollten alle, die in sich die Eigenschaften wiederholen, mit denen ihr Gr\u00fcnder seine religi\u00f6se Familie kennzeichnete, sicher sein, nicht von seinem Geist abzuweichen, und solange sie in den Fu\u00dfstapfen ihrer Gr\u00fcnder wandeln, werden sie den Pflichten ihres Staates treu bleiben&#8221;.<\/p>\n<p lang=\"de-DE\" align=\"justify\">Unser Gr\u00fcnder Kaiser hat einmal gesagt: Ich gebe zu, dass du gut bist, aber ich bin nicht gl\u00fccklich dar\u00fcber, dass du gut bist, denn die Zeit ist nicht gew\u00f6hnlich, im Gegenteil, sie ist au\u00dferordentlich schlecht. Deshalb sage ich euch, es reicht nicht aus, dass ihr gut seid, ihr m\u00fcsst wenigstens RELIGI\u00d6S SEIN, wie es die JETZIGE ZEIT verlangt! Ihr d\u00fcrft die Hoffnung, die Gott in euch gesetzt hat, nicht entt\u00e4uschen! Ich bete zu Gott, dass &#8220;wir in der Berufung, zu der wir von Gott berufen sind, beharren und fortschreiten, damit die Kirche in der Heiligkeit w\u00e4chst und vor allem zur gr\u00f6\u00dferen Ehre der Allerheiligsten Dreifaltigkeit, die in Christus und durch Christus die Quelle und der Ursprung aller Heiligkeit ist&#8221;.<\/p>\n<p lang=\"de-DE\" align=\"justify\"><b>Gebet:<\/b><\/p>\n<p lang=\"de-DE\" align=\"justify\">&#8220;Meine lieben Schwestern, heute habe ich bei der Meditation gedacht: Es gibt einen Mangel an Berufungen in der Kirche. Denken Sie daran, dass keine Seelen bekehrt werden, wenn nicht gleichzeitig eine gro\u00dfe Anzahl von Gebeten zum Himmel aufsteigt. Die Seelen werden nicht durch Ihre Aktivit\u00e4ten und Predigten gerettet. Wir m\u00fcssen die Seelen, die Gott uns anvertraut hat, in jeder Situation mit unserem Gebet begleiten. Unser Apostolat bedeutet nicht, dass wir eine Menge abdecken m\u00fcssen. Deshalb sollten wir uns nicht mit Arbeit \u00fcberladen&#8221;.<\/p>\n<p lang=\"de-DE\" align=\"justify\"><b>PASTORAL:<\/b><\/p>\n<p lang=\"de-DE\" align=\"justify\">Kanon 673 sagt: &#8220;Das erste Apostolat aller Ordensleute besteht im Zeugnis ihres geweihten Lebens, das sie durch Gebet und Bu\u00dfe f\u00f6rdern sollen.&#8221;<\/p>\n<p lang=\"de-DE\" align=\"justify\">Kanon 675:<\/p>\n<p lang=\"de-DE\" align=\"justify\">Das apostolische Handeln soll immer aus der innigen Vereinigung mit Gott hervorgehen und diese best\u00e4tigen und f\u00f6rdern (Unser Gr\u00fcnder sagt: Unser aktives Leben ist nur der Ausfluss unseres kontemplativen Lebens).<\/p>\n<p lang=\"de-DE\" align=\"justify\"><b>Jahr 1983:<\/b><\/p>\n<p lang=\"de-DE\" align=\"justify\">&#8220;Meine lieben Schwestern, die ihr ewiges Gel\u00fcbde ablegen werden:<\/p>\n<p lang=\"de-DE\" align=\"justify\">Was f\u00fcr eine unermessliche Gnade erwartet Sie, meine liebe Schwester! In den 50 Jahren seit meinen ersten Gel\u00fcbden habe ich oft \u00fcber dieses Wort Jesu in Joh 15,16 nachgedacht: &#8220;Nicht ihr habt mich erw\u00e4hlt, sondern ich habe euch erw\u00e4hlt&#8221;. Und wie oft habe ich nachdenklich auf meinen Ring geschaut&#8230; Ich dachte und betete: dass am Tag meines Abschieds von dieser Welt zum ewigen Leben niemand diesen Ring von mir nehmen kann&#8230; dass, wenn es nur noch Staub von der gibt, die Mutter Willibrordis genannt wurde, auf diesem peruanischen Land dieser Ring, Zeugnis einer Liebe, sein wird.<\/p>\n<p lang=\"de-DE\" align=\"justify\">Aber, meine liebe Schwester, die Bedingung und der Preis dieser Liebe ist das <u><b>Gebet <\/b><\/u>und das <u><b>Kreuz<\/b><\/u>. Nur wer in inniger Verbundenheit mit Christus lebt, kann Frucht bringen. Sie allein ist Braut und Mutter. Wer von Gott so geliebt wird, muss sich nicht f\u00fcrchten?<\/p>\n<p lang=\"de-DE\" align=\"justify\">Unser Gr\u00fcnder, sagte in einem Exerzitienkurs: &#8220;Bei welchem Namen hat Gott sie gerufen? Maria, Missionarin von Jesus, Wort und Opfer. Und Maria sagt immer ihr &#8220;Es geschehe&#8221;. Dein &#8220;Es geschehe&#8221;, meine liebe Schwester, bekommt am Tag deines ewigen Gel\u00fcbdes einen neuen Akzent. Schreiben Sie innerlich in goldenen Buchstaben, was Sie sagen werden: &#8220;Dieses Gel\u00fcbde lege ich heute f\u00fcr die gesamte Zeit meines Lebens ab, die Sie mir in dieser Welt schenken werden&#8221;. Mit Christus bist du gekreuzigt, mit ihm wirst du jeden Tag sterben. Nimm das Kruzifix in deine H\u00e4nde. Richte deinen Blick auf deinen gekreuzigten Br\u00e4utigam, m\u00f6gen sich die Blicke zweier Sterbender treffen! So richtete Maria ihren Blick auf die Augen Jesu. Das ist das kontemplative Leben. Und in diesem Leben werde ich Gott f\u00fcr meine lieben Schwestern der Ewigen Gel\u00fcbde bitten.<\/p>\n<p lang=\"de-DE\" align=\"justify\">An eurer Freude teilnehmend, gr\u00fc\u00dft euch eure Mutter Wilibrordis&#8221;.<\/p>\n","protected":false},"excerpt":{"rendered":"<p>Charity: Meine lieben Schwestern: Ihr nennt mich &#8220;Mutter&#8221;, und als Mutter spreche ich euch an, jede einzelne von euch im Besonderen. Ich mache mir die Worte des heiligen Paulus zu eigen: &#8220;Als Gottes Auserw\u00e4hlter, als sein Heiliger und Geliebter, bekleide dich mit Gef\u00fchlen tiefen Mitgef\u00fchls. \u00dcben Sie sich in Freundlichkeit, Demut, Sanftmut und Geduld. Verzeiht [&hellip;]<\/p>\n","protected":false},"author":1,"featured_media":0,"parent":0,"menu_order":0,"comment_status":"closed","ping_status":"closed","template":"templates\/page-madre-wilibrordis.php","meta":{"footnotes":""},"class_list":["post-4788","page","type-page","status-publish","hentry"],"jetpack_sharing_enabled":true,"_links":{"self":[{"href":"https:\/\/mjvv.org\/de\/wp-json\/wp\/v2\/pages\/4788","targetHints":{"allow":["GET"]}}],"collection":[{"href":"https:\/\/mjvv.org\/de\/wp-json\/wp\/v2\/pages"}],"about":[{"href":"https:\/\/mjvv.org\/de\/wp-json\/wp\/v2\/types\/page"}],"author":[{"embeddable":true,"href":"https:\/\/mjvv.org\/de\/wp-json\/wp\/v2\/users\/1"}],"replies":[{"embeddable":true,"href":"https:\/\/mjvv.org\/de\/wp-json\/wp\/v2\/comments?post=4788"}],"version-history":[{"count":1,"href":"https:\/\/mjvv.org\/de\/wp-json\/wp\/v2\/pages\/4788\/revisions"}],"predecessor-version":[{"id":4789,"href":"https:\/\/mjvv.org\/de\/wp-json\/wp\/v2\/pages\/4788\/revisions\/4789"}],"wp:attachment":[{"href":"https:\/\/mjvv.org\/de\/wp-json\/wp\/v2\/media?parent=4788"}],"curies":[{"name":"wp","href":"https:\/\/api.w.org\/{rel}","templated":true}]}}