{"id":4785,"date":"2022-05-18T16:57:09","date_gmt":"2022-05-18T14:57:09","guid":{"rendered":"https:\/\/mjvv.org\/?page_id=4785"},"modified":"2022-06-27T14:58:14","modified_gmt":"2022-06-27T12:58:14","slug":"einige-gedanken-von-schw-willibrordis","status":"publish","type":"page","link":"https:\/\/mjvv.org\/de\/einige-gedanken-von-schw-willibrordis\/","title":{"rendered":"Einige gedanken Von Schw. Willibrordis"},"content":{"rendered":"<p lang=\"de-DE\" align=\"justify\"><span style=\"font-family: Times New Roman, serif;\"><span style=\"font-size: medium;\">&#8211; Wir m\u00fcssen jede Gelegenheit ergreifen, um unser Wissen zu erweitern.<\/span><\/span><\/p>\n<p lang=\"de-DE\" align=\"justify\"><span style=\"font-family: Times New Roman, serif;\"><span style=\"font-size: medium;\">&#8211; Rechne mit mir auch nach meinem Weggang ins ewige Leben.<\/span><\/span><\/p>\n<p lang=\"de-DE\" align=\"justify\"><span style=\"font-family: Times New Roman, serif;\"><span style=\"font-size: medium;\">&#8211; K\u00fcmmern wir uns um alles, was wir in Gebrauch haben, k\u00fcmmern wir uns um es als Gottes Eigentum.<\/span><\/span><\/p>\n<p lang=\"de-DE\" align=\"justify\"><span style=\"font-family: Times New Roman, serif;\"><span style=\"font-size: medium;\">&#8211; Wir sollten uns angew\u00f6hnen, unsere Arbeit zu rhythmisieren. Was auch immer es ist, es muss begonnen werden, wenn es einmal begonnen ist, muss es fortgesetzt werden, um es bald und gut zu beenden.<\/span><\/span><\/p>\n<p lang=\"de-DE\" align=\"justify\"><span style=\"font-family: Times New Roman, serif;\"><span style=\"font-size: medium;\">&#8211; Ich bitte Sie, diese Worte als Gottes Willen zu betrachten: &#8220;Was gut ist, ahmen wir nach, was b\u00f6se ist, s\u00fchnen wir, und kritisieren wir niemals&#8221;.<\/span><\/span><\/p>\n<p lang=\"de-DE\" align=\"justify\"><span style=\"font-family: Times New Roman, serif;\"><span style=\"font-size: medium;\">&#8211; Lassen Sie nicht zu, dass eine abwesende Person in Ihrer Gegenwart schlecht geredet, geschweige denn kritisiert wird.<\/span><\/span><\/p>\n<p lang=\"de-DE\" align=\"justify\"><span style=\"font-family: Times New Roman, serif;\"><span style=\"font-size: medium;\">&#8211; Wenn es \u00dcberstunden f\u00fcr die Arbeit gibt, warum dann nicht auch \u00dcberstunden f\u00fcr das Gebet?<\/span><\/span><\/p>\n<p lang=\"de-DE\" align=\"justify\"><span style=\"font-family: Times New Roman, serif;\"><span style=\"font-size: medium;\">&#8211; Lasst euch vom Geist der Liebe einnehmen und gebt euch treu der Liebe hin, &#8220;damit eure Freude vollkommen sei&#8221;.<\/span><\/span><\/p>\n<p lang=\"de-DE\" align=\"justify\"><span style=\"font-family: Times New Roman, serif;\"><span style=\"font-size: medium;\">&#8211; Die gr\u00f6\u00dften Gnaden werden im Leiden empfangen.<\/span><\/span><\/p>\n<p lang=\"de-DE\" align=\"justify\"><span style=\"font-family: Times New Roman, serif;\"><span style=\"font-size: medium;\">&#8211; Es ist keine Kleinigkeit, wenn es um den Willen Gottes geht.<\/span><\/span><\/p>\n<p><img fetchpriority=\"high\" decoding=\"async\" class=\"aligncenter wp-image-4099 size-full\" src=\"http:\/\/161.35.31.59\/mjvv\/wp-content\/uploads\/2022\/06\/Wilibrordis-pensieri.jpg\" alt=\"\" width=\"1200\" height=\"500\" srcset=\"https:\/\/mjvv.org\/wp-content\/uploads\/2022\/06\/Wilibrordis-pensieri.jpg 1200w, https:\/\/mjvv.org\/wp-content\/uploads\/2022\/06\/Wilibrordis-pensieri-300x125.jpg 300w, https:\/\/mjvv.org\/wp-content\/uploads\/2022\/06\/Wilibrordis-pensieri-1024x427.jpg 1024w, https:\/\/mjvv.org\/wp-content\/uploads\/2022\/06\/Wilibrordis-pensieri-768x320.jpg 768w\" sizes=\"(max-width: 1200px) 100vw, 1200px\" \/><\/p>\n","protected":false},"excerpt":{"rendered":"<p>&#8211; Wir m\u00fcssen jede Gelegenheit ergreifen, um unser Wissen zu erweitern. &#8211; Rechne mit mir auch nach meinem Weggang ins ewige Leben. &#8211; K\u00fcmmern wir uns um alles, was wir in Gebrauch haben, k\u00fcmmern wir uns um es als Gottes Eigentum. &#8211; Wir sollten uns angew\u00f6hnen, unsere Arbeit zu rhythmisieren. Was auch immer es ist, [&hellip;]<\/p>\n","protected":false},"author":1,"featured_media":0,"parent":0,"menu_order":0,"comment_status":"closed","ping_status":"closed","template":"templates\/page-madre-wilibrordis.php","meta":{"footnotes":""},"class_list":["post-4785","page","type-page","status-publish","hentry"],"jetpack_sharing_enabled":true,"_links":{"self":[{"href":"https:\/\/mjvv.org\/de\/wp-json\/wp\/v2\/pages\/4785","targetHints":{"allow":["GET"]}}],"collection":[{"href":"https:\/\/mjvv.org\/de\/wp-json\/wp\/v2\/pages"}],"about":[{"href":"https:\/\/mjvv.org\/de\/wp-json\/wp\/v2\/types\/page"}],"author":[{"embeddable":true,"href":"https:\/\/mjvv.org\/de\/wp-json\/wp\/v2\/users\/1"}],"replies":[{"embeddable":true,"href":"https:\/\/mjvv.org\/de\/wp-json\/wp\/v2\/comments?post=4785"}],"version-history":[{"count":2,"href":"https:\/\/mjvv.org\/de\/wp-json\/wp\/v2\/pages\/4785\/revisions"}],"predecessor-version":[{"id":4787,"href":"https:\/\/mjvv.org\/de\/wp-json\/wp\/v2\/pages\/4785\/revisions\/4787"}],"wp:attachment":[{"href":"https:\/\/mjvv.org\/de\/wp-json\/wp\/v2\/media?parent=4785"}],"curies":[{"name":"wp","href":"https:\/\/api.w.org\/{rel}","templated":true}]}}