{"id":4767,"date":"2022-05-18T15:47:31","date_gmt":"2022-05-18T13:47:31","guid":{"rendered":"https:\/\/mjvv.org\/?page_id=4767"},"modified":"2022-06-27T13:32:44","modified_gmt":"2022-06-27T11:32:44","slug":"unsere-mission","status":"publish","type":"page","link":"https:\/\/mjvv.org\/de\/unsere-mission\/","title":{"rendered":"Unsere Mission"},"content":{"rendered":"<p align=\"justify\">Bischof Friedrich Kaiser gr\u00fcndete die Kongregation des MJVV, weil er &#8220;dem Ruf der Anden&#8221; folgen wollte, wie er es selbst nannte.<br \/>\nEinmal musste eine Frau, nachdem sie einige Monate an der peruanischen K\u00fcste verbracht hatte, ins Hochland zur\u00fcckkehren und beklagte sich bei ihm: &#8220;Hochw\u00fcrden, dort haben wir keinen Priester, niemand tauft unsere Kinder, wir k\u00f6nnen weder beichten noch die Kommunion empfangen, und wenn unsere Zeit gekommen ist, sterben wir ohne die Hilfe der Sakramente&#8221;. Das Schluchzen der Frau pr\u00e4gte sich in die Seele von Pater Kaiser ein und er konnte diesen &#8220;Schrei der Anden&#8221; nicht vergessen.<\/p>\n<p align=\"justify\">Au\u00dferdem herrschte in der neuen Pr\u00e4latur ein Priestermangel, um den er sich k\u00fcmmern musste wie ein Hirte um seine Schafe. Aus diesem Grund besteht unsere Aufgabe darin, sich um die abgelegenen, verlassenen und armen Orte zu k\u00fcmmern, denen es aufgrund des Priestermangels an geistlicher Betreuung fehlt.<\/p>\n<p align=\"justify\"><span lang=\"es-ES\"><img fetchpriority=\"high\" decoding=\"async\" class=\"aligncenter wp-image-4105 size-full\" src=\"http:\/\/161.35.31.59\/mjvv\/wp-content\/uploads\/2022\/06\/la-nostra-missione-01_1200x500.jpg\" alt=\"\" width=\"1200\" height=\"500\" srcset=\"https:\/\/mjvv.org\/wp-content\/uploads\/2022\/06\/la-nostra-missione-01_1200x500.jpg 1200w, https:\/\/mjvv.org\/wp-content\/uploads\/2022\/06\/la-nostra-missione-01_1200x500-300x125.jpg 300w, https:\/\/mjvv.org\/wp-content\/uploads\/2022\/06\/la-nostra-missione-01_1200x500-1024x427.jpg 1024w, https:\/\/mjvv.org\/wp-content\/uploads\/2022\/06\/la-nostra-missione-01_1200x500-768x320.jpg 768w\" sizes=\"(max-width: 1200px) 100vw, 1200px\" \/><\/span><\/p>\n<p align=\"justify\"><span lang=\"de-DE\">Aus dieser Not heraus hat die Kirche uns beauftragt, die Seelsorge in diesen Gebieten in Abh\u00e4ngigkeit vom Bischof der Di\u00f6zese zu \u00fcbernehmen. <\/span><\/p>\n<p align=\"justify\"><span lang=\"de-DE\">Als Seelsorgeschwestern ist unsere Aufgabe:<\/span><\/p>\n<ul>\n<li>\n<p align=\"justify\"><span lang=\"de-DE\">wir feiern Wortgottesdienst<\/span><\/p>\n<\/li>\n<li>\n<p align=\"justify\"><span lang=\"de-DE\">reichen die heilige Kommunion<\/span><\/p>\n<\/li>\n<li>\n<p align=\"justify\"><span lang=\"de-DE\">unterrichten Katechese<\/span><\/p>\n<\/li>\n<li>\n<p align=\"justify\"><span lang=\"de-DE\">wir taufen<\/span><\/p>\n<\/li>\n<li>\n<p align=\"justify\"><span lang=\"de-DE\">sorgen f\u00fcr die sakramentalen Eheschlie\u00dfungen<\/span><\/p>\n<\/li>\n<\/ul>\n<p align=\"justify\"><span lang=\"de-DE\">Wir bedenken, dass der Mensch nicht nur seine Seele hat, sondern Gott auch und vor allem den K\u00f6rper geschaffen hat, so ist auch unser Dienst f\u00fcr Menschen:<\/span><\/p>\n<ul>\n<li>\n<p align=\"justify\"><span lang=\"de-DE\">Wir unterst\u00fctzen Kranke, alte Menschen und Sterbende materiell und geistig.<\/span><\/p>\n<\/li>\n<li>\n<p align=\"justify\"><span lang=\"de-DE\">Wir leiten Prozessionen und f\u00f6rdern die Begeisterung der Gl\u00e4ubigen.<\/span><\/p>\n<\/li>\n<li>\n<p align=\"justify\"><span lang=\"de-DE\">Wir bilden Katechisten aus<\/span><\/p>\n<\/li>\n<li>\n<p align=\"justify\"><span lang=\"de-DE\">Wir geben biblische Kurse<\/span><\/p>\n<\/li>\n<li>\n<p align=\"justify\"><span lang=\"de-DE\">Wir unterrichten Religion an den Schulen in unserem Arbeitsgebiet.<\/span><\/p>\n<\/li>\n<li>\n<p align=\"justify\"><span lang=\"de-DE\">Wir machen Hausbesuche und sind daran interessiert, unsere Gl\u00e4ubigen kennen zu lernen und ihnen bei ihrer menschlichen und christlichen Bildung zu helfen.<\/span><\/p>\n<\/li>\n<li>\n<p align=\"justify\"><span lang=\"de-DE\">Wir f\u00f6rdern Berufungen zum Priestertum und zum Ordensleben.<\/span><\/p>\n<\/li>\n<\/ul>\n<p align=\"justify\"><span lang=\"es-ES\"><img decoding=\"async\" class=\"aligncenter wp-image-4109 size-full\" src=\"http:\/\/161.35.31.59\/mjvv\/wp-content\/uploads\/2022\/06\/la-nostra-missione-02_1200x500.jpg\" alt=\"\" width=\"1200\" height=\"500\" srcset=\"https:\/\/mjvv.org\/wp-content\/uploads\/2022\/06\/la-nostra-missione-02_1200x500.jpg 1200w, https:\/\/mjvv.org\/wp-content\/uploads\/2022\/06\/la-nostra-missione-02_1200x500-300x125.jpg 300w, https:\/\/mjvv.org\/wp-content\/uploads\/2022\/06\/la-nostra-missione-02_1200x500-1024x427.jpg 1024w, https:\/\/mjvv.org\/wp-content\/uploads\/2022\/06\/la-nostra-missione-02_1200x500-768x320.jpg 768w\" sizes=\"(max-width: 1200px) 100vw, 1200px\" \/><\/span><\/p>\n<p align=\"justify\"><span lang=\"es-ES\"><span lang=\"de-DE\">Kurz gesagt: Den Weg f\u00fcr den Priester vorzubereiten, durch Katechese und pastorale Arbeit, die wir leisten, damit der Priester, wenn er an diese Orte kommt, die Gl\u00e4ubigen gut vorbereitet vorfindet, um eine gute Beichte abzulegen, die Eucharistie inbr\u00fcnstig (Feuereifer) zu empfangen und an der Heiligen Messe teilzunehmen und\/oder die Letzte \u00d6lung zu empfangen Erlangung eines viel fruchtbareren Apostolats.<\/span><br \/>\n<img decoding=\"async\" class=\"aligncenter wp-image-4113 size-full\" src=\"http:\/\/161.35.31.59\/mjvv\/wp-content\/uploads\/2022\/06\/la-nostra-missione-03_1200x500.jpg\" alt=\"\" width=\"1200\" height=\"500\" srcset=\"https:\/\/mjvv.org\/wp-content\/uploads\/2022\/06\/la-nostra-missione-03_1200x500.jpg 1200w, https:\/\/mjvv.org\/wp-content\/uploads\/2022\/06\/la-nostra-missione-03_1200x500-300x125.jpg 300w, https:\/\/mjvv.org\/wp-content\/uploads\/2022\/06\/la-nostra-missione-03_1200x500-1024x427.jpg 1024w, https:\/\/mjvv.org\/wp-content\/uploads\/2022\/06\/la-nostra-missione-03_1200x500-768x320.jpg 768w\" sizes=\"(max-width: 1200px) 100vw, 1200px\" \/><\/span><\/p>\n<p align=\"justify\"><img loading=\"lazy\" decoding=\"async\" class=\"aligncenter wp-image-4117 size-full\" src=\"http:\/\/161.35.31.59\/mjvv\/wp-content\/uploads\/2022\/06\/la-nostra-missione-05_1200x500.jpg\" alt=\"\" width=\"1200\" height=\"500\" srcset=\"https:\/\/mjvv.org\/wp-content\/uploads\/2022\/06\/la-nostra-missione-05_1200x500.jpg 1200w, https:\/\/mjvv.org\/wp-content\/uploads\/2022\/06\/la-nostra-missione-05_1200x500-300x125.jpg 300w, https:\/\/mjvv.org\/wp-content\/uploads\/2022\/06\/la-nostra-missione-05_1200x500-1024x427.jpg 1024w, https:\/\/mjvv.org\/wp-content\/uploads\/2022\/06\/la-nostra-missione-05_1200x500-768x320.jpg 768w\" sizes=\"(max-width: 1200px) 100vw, 1200px\" \/><\/p>\n<p align=\"justify\">\n","protected":false},"excerpt":{"rendered":"<p>Bischof Friedrich Kaiser gr\u00fcndete die Kongregation des MJVV, weil er &#8220;dem Ruf der Anden&#8221; folgen wollte, wie er es selbst nannte. Einmal musste eine Frau, nachdem sie einige Monate an der peruanischen K\u00fcste verbracht hatte, ins Hochland zur\u00fcckkehren und beklagte sich bei ihm: &#8220;Hochw\u00fcrden, dort haben wir keinen Priester, niemand tauft unsere Kinder, wir k\u00f6nnen [&hellip;]<\/p>\n","protected":false},"author":1,"featured_media":0,"parent":0,"menu_order":0,"comment_status":"closed","ping_status":"closed","template":"templates\/page-missionarie-in-azione.php","meta":{"footnotes":""},"class_list":["post-4767","page","type-page","status-publish","hentry"],"jetpack_sharing_enabled":true,"_links":{"self":[{"href":"https:\/\/mjvv.org\/de\/wp-json\/wp\/v2\/pages\/4767","targetHints":{"allow":["GET"]}}],"collection":[{"href":"https:\/\/mjvv.org\/de\/wp-json\/wp\/v2\/pages"}],"about":[{"href":"https:\/\/mjvv.org\/de\/wp-json\/wp\/v2\/types\/page"}],"author":[{"embeddable":true,"href":"https:\/\/mjvv.org\/de\/wp-json\/wp\/v2\/users\/1"}],"replies":[{"embeddable":true,"href":"https:\/\/mjvv.org\/de\/wp-json\/wp\/v2\/comments?post=4767"}],"version-history":[{"count":3,"href":"https:\/\/mjvv.org\/de\/wp-json\/wp\/v2\/pages\/4767\/revisions"}],"predecessor-version":[{"id":4770,"href":"https:\/\/mjvv.org\/de\/wp-json\/wp\/v2\/pages\/4767\/revisions\/4770"}],"wp:attachment":[{"href":"https:\/\/mjvv.org\/de\/wp-json\/wp\/v2\/media?parent=4767"}],"curies":[{"name":"wp","href":"https:\/\/api.w.org\/{rel}","templated":true}]}}