{"id":4752,"date":"2022-05-18T16:54:46","date_gmt":"2022-05-18T14:54:46","guid":{"rendered":"https:\/\/mjvv.org\/?page_id=4752"},"modified":"2022-06-27T12:25:30","modified_gmt":"2022-06-27T10:25:30","slug":"spiritualitaet","status":"publish","type":"page","link":"https:\/\/mjvv.org\/de\/spiritualitaet\/","title":{"rendered":"Spiritualit\u00e4t"},"content":{"rendered":"<p align=\"justify\"><span style=\"font-size: medium;\"><span lang=\"de-DE\">Unser geistiger Inhalt ist : Der Geist der Lehre der Liebe Christi und B\u00fc\u00dfer, wie wir auf unserer Medaille tragen.<\/span><\/span><\/p>\n<p align=\"justify\"><span style=\"font-size: medium;\"><span lang=\"de-DE\">Docent Charity: Wir tun dies durch die Verk\u00fcndigung des Wortes Gottes, als Verk\u00fcnder Christi, die sein Wort zu den Gl\u00e4ubigen bringen. So wie &#8220;Christus Fleisch geworden ist&#8221;, kann man auch sagen, dass &#8220;Christus zum Buchstaben wurde&#8221;. Indem wir sein Wort verk\u00fcnden, verk\u00fcnden wir also Christus selbst. Denn wenn wir den &#8220;fleischgewordenen Christus&#8221; bekennen und verk\u00fcnden, k\u00f6nnen wir dasselbe mit dem &#8220;Christus im Buchstaben&#8221; tun, den wir in der BIBEL finden.<\/span><\/span><\/p>\n<p align=\"justify\"><span style=\"font-size: medium;\"><span lang=\"de-DE\">Bu\u00dffertige N\u00e4chstenliebe: Wir tun dies durch kleine Opfer und ein bu\u00dffertiges Leben nach dem Vorbild Christi, der f\u00fcr unsere Liebe und unser Heil kein Opfer gescheut hat, indem er sich am Kreuz geopfert hat.<\/span><\/span><\/p>\n<p align=\"justify\"><span style=\"font-size: medium;\"><span lang=\"de-DE\">Deshalb f\u00fchren wir ein Leben, das Jesus, dem Wort (Bibel) und dem Opfer (Kreuz) geweiht ist. Nach dem Vorbild Christi befolgen wir die evangelischen R\u00e4te der Keuschheit, der Armut und des Gehorsams, um Gott zu verherrlichen, uns selbst und die uns anvertrauten Seelen zu heiligen.<\/span><\/span><\/p>\n","protected":false},"excerpt":{"rendered":"<p>Unser geistiger Inhalt ist : Der Geist der Lehre der Liebe Christi und B\u00fc\u00dfer, wie wir auf unserer Medaille tragen. Docent Charity: Wir tun dies durch die Verk\u00fcndigung des Wortes Gottes, als Verk\u00fcnder Christi, die sein Wort zu den Gl\u00e4ubigen bringen. So wie &#8220;Christus Fleisch geworden ist&#8221;, kann man auch sagen, dass &#8220;Christus zum Buchstaben [&hellip;]<\/p>\n","protected":false},"author":1,"featured_media":0,"parent":0,"menu_order":0,"comment_status":"closed","ping_status":"closed","template":"templates\/page-chisiamo.php","meta":{"footnotes":""},"class_list":["post-4752","page","type-page","status-publish","hentry"],"jetpack_sharing_enabled":true,"_links":{"self":[{"href":"https:\/\/mjvv.org\/de\/wp-json\/wp\/v2\/pages\/4752","targetHints":{"allow":["GET"]}}],"collection":[{"href":"https:\/\/mjvv.org\/de\/wp-json\/wp\/v2\/pages"}],"about":[{"href":"https:\/\/mjvv.org\/de\/wp-json\/wp\/v2\/types\/page"}],"author":[{"embeddable":true,"href":"https:\/\/mjvv.org\/de\/wp-json\/wp\/v2\/users\/1"}],"replies":[{"embeddable":true,"href":"https:\/\/mjvv.org\/de\/wp-json\/wp\/v2\/comments?post=4752"}],"version-history":[{"count":1,"href":"https:\/\/mjvv.org\/de\/wp-json\/wp\/v2\/pages\/4752\/revisions"}],"predecessor-version":[{"id":4753,"href":"https:\/\/mjvv.org\/de\/wp-json\/wp\/v2\/pages\/4752\/revisions\/4753"}],"wp:attachment":[{"href":"https:\/\/mjvv.org\/de\/wp-json\/wp\/v2\/media?parent=4752"}],"curies":[{"name":"wp","href":"https:\/\/api.w.org\/{rel}","templated":true}]}}