{"id":4745,"date":"2022-05-18T16:55:50","date_gmt":"2022-05-18T14:55:50","guid":{"rendered":"https:\/\/mjvv.org\/?page_id=4745"},"modified":"2022-06-27T12:21:15","modified_gmt":"2022-06-27T10:21:15","slug":"geschichte","status":"publish","type":"page","link":"https:\/\/mjvv.org\/de\/geschichte\/","title":{"rendered":"Geschichte"},"content":{"rendered":"<p align=\"justify\"><span style=\"font-size: medium;\"><span lang=\"de-DE\">Unser Gr\u00fcnder war der hochw\u00fcrdige Bischof Friedrich Kaiser Depel, Herz- Jesu -Missionar (MSC), erster Pr\u00e4lat der Pr\u00e4latur von Caravel\u00ed, 1939 kam er von Deutschland nach Peru, missionierte zun\u00e4chst 18 Jahre in der Hauptstadt Lima und wurde 1957 zum Ordinarius der neuen Pr\u00e4latur Caravel\u00ed-Peru ernannt, einem fast ausschlie\u00dflich andinen und sehr zerkl\u00fcfteten Gebiet von 30.000 km2, bis 1800 m H\u00f6he. Es gab damals hier kaum ein Dutzend Di\u00f6zesanpriester und keine Ordensschwestern.<\/span><\/span><\/p>\n<p align=\"justify\"><span style=\"font-size: medium;\"><span lang=\"de-DE\">Da Bischof Kaiser keine Priester oder Nonnen f\u00fcr die Seelsorge der Gl\u00e4ubigen finden konnte, kam dem Diener Gottes in einer schlaflosen Nacht, in der er sich Sorgen um &#8220;den Schrei aus den Anden&#8221; machte -(seine eigene Aussage)-der Gedanke, eine Schwesterngemeinschaft zu gr\u00fcnden, deren besondere Aufgabe es w\u00e4re, in abgelegenen, verlassenen und armen Gegenden die Verlassenheit dieser Menschen zu teilen und ihnen gleichzeitig durch das Apostolat zu helfen, indem man sich zuerst um ihre geistige und dann auch um ihre k\u00f6rperliche Gesundheit k\u00fcmmert. Dieser Gedanke verfolgte ihn.<\/span><\/span><\/p>\n<p align=\"justify\"><span style=\"font-size: medium;\"><span lang=\"de-DE\">Wegen des Priestermangels w\u00fcrden diese Schwestern alles Religi\u00f6se tun, wof\u00fcr ein priesterlicher Dienst nicht erforderlich sei. Ein Priester besuchte diese verschiedenen Orte einige Male im Jahr und fand dann die Menschen in der Religion unterwiesen, damit sie die Heilige Messe fruchtbar besuchen und die Sakramente w\u00fcrdig empfangen konnten. So konnte der Priester &#8211; mit Hilfe der Schwestern &#8211; in wenigen Tagen eine wertvolle christliche Begegnungsernte einfahren, wie es fr\u00fcher nicht m\u00f6glich gewesen war.<\/span><\/span><\/p>\n<p align=\"justify\"><span style=\"font-size: medium;\"><span lang=\"es-ES\"><img fetchpriority=\"high\" decoding=\"async\" class=\"aligncenter wp-image-4060 size-full\" src=\"http:\/\/161.35.31.59\/mjvv\/wp-content\/uploads\/2022\/06\/historia.jpg\" alt=\"\" width=\"1200\" height=\"500\" srcset=\"https:\/\/mjvv.org\/wp-content\/uploads\/2022\/06\/historia.jpg 1200w, https:\/\/mjvv.org\/wp-content\/uploads\/2022\/06\/historia-300x125.jpg 300w, https:\/\/mjvv.org\/wp-content\/uploads\/2022\/06\/historia-1024x427.jpg 1024w, https:\/\/mjvv.org\/wp-content\/uploads\/2022\/06\/historia-768x320.jpg 768w\" sizes=\"(max-width: 1200px) 100vw, 1200px\" \/><\/span><\/span><\/p>\n<p align=\"justify\"><span style=\"font-size: medium;\"><span lang=\"de-DE\">Als bescheidener Untertan suchte Bischof Kaiser den Rat des Nuntius in Peru, Bischof Romulo Carboni, der ihn ermutigte, das Werk seines Gedankens zu vollenden. Andererseits sprach er sehr diskret mit einer erfahrenen Schwester, welche er f\u00fcr die Ausbildung seiner \u00fcberlegten Missionarinnen dann brauchte.<\/span><\/span><\/p>\n<p align=\"justify\"><span style=\"font-size: medium;\"><span lang=\"de-DE\">So fragte er &#8220;Ehrw\u00fcrdige Schwester, wenn ich es eines Tages wagen w\u00fcrde, eine Kongregation zu gr\u00fcnden, w\u00fcrden Sie mir dann helfen?&#8221; Ihre Antwort: &#8220;Nat\u00fcrlich, Herr Bischof!\u201c gab ihm weiter Mut.<\/span><\/span><\/p>\n<p align=\"justify\"><span style=\"font-size: medium;\"><span lang=\"de-DE\">Es war Schw. Willibrordis.<\/span><\/span><\/p>\n<p align=\"justify\"><span style=\"font-size: medium;\"><span lang=\"de-DE\">Und im verborgenen Tal von Caravel\u00ed gr\u00fcndete Bischof Kaiser am 22. Juni 1961 zusammen mit Schw. Willibrordis, die sp\u00e4ter Mitbegr\u00fcnderin wurde, die Gewerkschaft Pia (P\u00eda Uni\u00f3n = so wird zuerst die Gruppe oder Verein genannt).<\/span><\/span><\/p>\n<p align=\"justify\"><span style=\"font-size: medium;\"><span lang=\"de-DE\">Die P\u00eda Uni\u00f3n wurde am 25. M\u00e4rz 1971 erhoben in die Diozesan Kongregation und verbreitet ihre Missionst\u00e4tigkeit in der Pr\u00e4latur Caravel\u00ed und sp\u00e4ter in anderen Di\u00f6zesen Perus. Im Jahr 1979 \u00fcberschritt sie die Grenzen und gr\u00fcndete die ersten Patmos (wie wir unsere Missionszentren nennen) in Argentinien und Bolivien.<\/span><\/span><\/p>\n<p align=\"justify\"><span style=\"font-size: medium;\"><span lang=\"de-DE\">Am 14. September 1982 erhob Johannes Paul II. die Gr\u00fcndung der Ordensgemeinschaft \u201e Missionarinnen vom lehrenden und s\u00fchnenden Heiland\u201e zu einer p\u00e4pstlichen Rechts_ Kongregation.<\/span><\/span><\/p>\n<p align=\"justify\">\n","protected":false},"excerpt":{"rendered":"<p>Unser Gr\u00fcnder war der hochw\u00fcrdige Bischof Friedrich Kaiser Depel, Herz- Jesu -Missionar (MSC), erster Pr\u00e4lat der Pr\u00e4latur von Caravel\u00ed, 1939 kam er von Deutschland nach Peru, missionierte zun\u00e4chst 18 Jahre in der Hauptstadt Lima und wurde 1957 zum Ordinarius der neuen Pr\u00e4latur Caravel\u00ed-Peru ernannt, einem fast ausschlie\u00dflich andinen und sehr zerkl\u00fcfteten Gebiet von 30.000 km2, [&hellip;]<\/p>\n","protected":false},"author":1,"featured_media":0,"parent":0,"menu_order":0,"comment_status":"closed","ping_status":"closed","template":"templates\/page-chisiamo.php","meta":{"footnotes":""},"class_list":["post-4745","page","type-page","status-publish","hentry"],"jetpack_sharing_enabled":true,"_links":{"self":[{"href":"https:\/\/mjvv.org\/de\/wp-json\/wp\/v2\/pages\/4745","targetHints":{"allow":["GET"]}}],"collection":[{"href":"https:\/\/mjvv.org\/de\/wp-json\/wp\/v2\/pages"}],"about":[{"href":"https:\/\/mjvv.org\/de\/wp-json\/wp\/v2\/types\/page"}],"author":[{"embeddable":true,"href":"https:\/\/mjvv.org\/de\/wp-json\/wp\/v2\/users\/1"}],"replies":[{"embeddable":true,"href":"https:\/\/mjvv.org\/de\/wp-json\/wp\/v2\/comments?post=4745"}],"version-history":[{"count":2,"href":"https:\/\/mjvv.org\/de\/wp-json\/wp\/v2\/pages\/4745\/revisions"}],"predecessor-version":[{"id":4747,"href":"https:\/\/mjvv.org\/de\/wp-json\/wp\/v2\/pages\/4745\/revisions\/4747"}],"wp:attachment":[{"href":"https:\/\/mjvv.org\/de\/wp-json\/wp\/v2\/media?parent=4745"}],"curies":[{"name":"wp","href":"https:\/\/api.w.org\/{rel}","templated":true}]}}