{"id":4737,"date":"2022-05-20T14:32:04","date_gmt":"2022-05-20T12:32:04","guid":{"rendered":"https:\/\/mjvv.org\/?page_id=4737"},"modified":"2022-06-27T15:10:06","modified_gmt":"2022-06-27T13:10:06","slug":"berufsfoerderung","status":"publish","type":"page","link":"https:\/\/mjvv.org\/de\/berufsfoerderung\/","title":{"rendered":"Berufsf\u00f6rderung"},"content":{"rendered":"<p><iframe title=\"YouTube video player\" src=\"https:\/\/www.youtube.com\/embed\/70tmuD3AtWw\" width=\"100%\" height=\"315\" frameborder=\"0\" allowfullscreen=\"allowfullscreen\" data-mce-fragment=\"1\"><\/iframe><\/p>\n<p align=\"justify\"><span style=\"font-size: medium;\"><span lang=\"de-DE\">&#8211; Papst Franziskus spricht zu uns vom &#8220;Traum der Berufung&#8221;.<\/span><\/span><\/p>\n<p align=\"justify\"><span style=\"font-size: medium;\"><span lang=\"de-DE\">&#8220;Ich bete, dass ihr dieselbe Freude erlebt, liebe Br\u00fcder und Schwestern, die ihr Gott gro\u00dfz\u00fcgig zum Traum eures Lebens gemacht habt, indem ihr ihm in euren Br\u00fcdern und Schwestern durch eine Treue dient, die ein kraftvolles Zeugnis in einer Zeit fl\u00fcchtiger Entscheidungen und Gef\u00fchle ist, die keine dauerhafte Freude bringen.<\/span><\/span><\/p>\n<p align=\"justify\"><span style=\"font-size: medium;\"><span lang=\"de-DE\">&#8211; Unser emeritierter Papst Benedikt XVI. sagt, dass Berufung bedeutet, &#8220;in die Fu\u00dfstapfen von Christus zu treten&#8221;.<\/span><\/span><\/p>\n<p align=\"justify\"><span style=\"font-size: medium;\"><span lang=\"de-DE\">&#8220;Berufung ist nicht die Frucht eines menschlichen Projekts oder einer cleveren Organisationsstrategie&#8230; In ihrer tiefsten Wirklichkeit ist sie ein Geschenk Gottes.&#8221;<\/span><\/span><\/p>\n<p align=\"justify\"><span style=\"font-size: medium;\"><span lang=\"de-DE\">&#8211; Und der Liebhaber der Jugend, der heilige Johannes Paul II. sagt: &#8220;Das Abenteuer der Heiligkeit beginnt mit einem Ja zu Gott.&#8221;<\/span><\/span><\/p>\n<p align=\"justify\"><span style=\"font-size: medium;\"><span lang=\"de-DE\">&#8220;Junge Leute, habt keine Angst, \u00f6ffnet Christus die T\u00fcren, \u00f6ffnet Christus, dem Herrn, die T\u00fcren eurer Herzen!&#8221;<\/span><\/span><\/p>\n<p align=\"justify\"><span style=\"font-size: medium;\"><span lang=\"de-DE\">&#8211; Unser Gr\u00fcnder und Vater, Bischof Friedrich Kaiser, sagte: <\/span><\/span><\/p>\n<p align=\"justify\"><span style=\"font-size: medium;\"><span lang=\"de-DE\">&#8220;Gott w\u00e4hlt aus allen seinen Gesch\u00f6pfen diejenigen aus, die er will, damit sie n\u00e4her bei ihm leben, und er gibt ihnen seinen Ruf bekannt&#8230;&#8221; Er betraut sie mit einer besonderen Mission, die sich in wenigen Worten zusammenfassen l\u00e4sst:\u201c Zeugen seiner Liebe zu sein.\u201c<\/span><\/span><\/p>\n<p align=\"justify\"><span style=\"font-size: medium;\"><span lang=\"de-DE\">Drei sind also die konstitutiven Elemente jeder Berufung: Wahl, Berufung und Sendung. Dies gilt insbesondere f\u00fcr die Berufung zum Orden.<\/span><\/span><\/p>\n<p align=\"justify\"><span style=\"font-size: medium;\"><span lang=\"de-DE\">Auserw\u00e4hlt zu sein bedeutet, dass er uns mit menschlichen Qualit\u00e4ten ausgestattet hat, die wir durch die g\u00f6ttliche Gnade verst\u00e4rken k\u00f6nnen; mit diesen k\u00f6nnen wir dem Ruf Gottes folgen, uns ihm zu weihen und alles, was wir haben, in den Dienst der anderen zu stellen. Das Gott geweihte Leben, sei es im Priestertum oder im Ordensleben, besteht im Wesentlichen darin, in v\u00f6lliger Selbsthingabe allein f\u00fcr Gott zu leben. Und da derjenige, der Gott liebt, alles liebt, was Gott geh\u00f6rt, dienen wir auch unseren Br\u00fcdern und Schwestern.<\/span><\/span><\/p>\n<p align=\"justify\"><span style=\"font-size: medium;\"><span lang=\"de-DE\">Einige von uns sind fasziniert von einem Leben, das Gott geweiht ist, aber gleichzeitig haben sie auch Angst, Angst, weil sie erkennen, dass totale Selbsthingabe Verzicht bedeutet, Angst, einen Fehler zu machen und zu versagen.<\/span><\/span><\/p>\n<p align=\"justify\"><span style=\"font-size: medium;\"><span lang=\"de-DE\">Wenn die Faszination gr\u00f6\u00dfer ist als die Angst und es Sie gl\u00fccklich macht und Sie in Frieden l\u00e4sst, dann bedeutet das, dass Gott Sie wirklich ruft. Du kannst die Angst \u00fcberwinden, indem du auf den vertraust, der dich ruft. Aber denkt daran: &#8220;Derjenige, der euch mit den Worten ruft: Folgt mir nach! wird euch die Kraft und die Gnade geben, das sch\u00f6ne Ziel zu erreichen, zu dem er euch ruft&#8221;.<\/span><\/span><\/p>\n<p align=\"justify\"><span style=\"font-size: medium;\"><span lang=\"de-DE\">Lasst die Saat eurer Berufung nicht in der W\u00fcste der Angst untergehen. Macht euch auf den Weg und sucht Hilfe, um Eure Berufung zu erkennen, schreiben Ihr uns!<\/span><\/span><\/p>\n<p align=\"justify\"><span style=\"font-size: medium;\"><span lang=\"de-DE\"><b>Berufsf\u00f6rderung<\/b><\/span><\/span><\/p>\n<p align=\"justify\"><span style=\"font-size: medium;\"><span lang=\"de-DE\">Liebes junges M\u00e4dchen, liebe junge Frau:<\/span><\/span><\/p>\n<p align=\"justify\"><span style=\"font-size: medium;\"><span lang=\"de-DE\">F\u00fcr dich, die du deine Sekundar- oder Hochschulausbildung bereits abgeschlossen hast oder vielleicht kurz davor stehst, sie abzuschlie\u00dfen;. Dieser Brief ist f\u00fcr dich. Auch wenn du kein Interesse an seinem Inhalt hast, bitte ich dich, ihn zu lesen:<\/span><\/span><\/p>\n<p align=\"justify\"><span style=\"font-size: medium;\"><span lang=\"de-DE\">Hast du schon einmal dar\u00fcber nachgedacht, dass du eine gewisse Neigung zum Ordensleben, d.h. zum geweihten Leben haben k\u00f6nntest? Nun, hier ist ein Vorschlag f\u00fcr dich!<\/span><\/span><\/p>\n<p align=\"justify\"><span style=\"font-size: medium;\"><span lang=\"de-DE\">Wir wissen, dass du ein junger Mensch<\/span><\/span><\/p>\n<p align=\"justify\"><span style=\"font-size: medium;\"><span lang=\"de-DE\">bist, voller Enthusiasmus, voller jugendlichem Charme, mit gro\u00dfen Idealen und F\u00e4higkeiten, die du vielleicht in den Dienst der anderen stellen m\u00f6chtest. Vielleicht willst du das Gl\u00fcck, das wahre Gl\u00fcck, finden, weil du weisst, dass ein oberfl\u00e4chliches Leben kurzlebig und inhaltsleer ist und dich auf eine sehr schlechte Weise zur\u00fcckl\u00e4sst.<\/span><\/span><\/p>\n<p align=\"justify\"><span style=\"font-size: medium;\"><span lang=\"de-DE\">Vielleicht hast du ein ungutes Gef\u00fchl bei diesem Thema, vielleicht hast du auch Zweifel. Auf jeden Fall benutzt Gott oft den einen oder anderen Umstand, um uns in seinen Dienst zu rufen.<\/span><\/span><\/p>\n<p align=\"justify\"><span style=\"font-size: medium;\"><span lang=\"de-DE\">Wir wissen bereits, dass du eine junge, entschlossene Frau mit dem Enthusiasmus deiner Jugend und edlen Idealen bist. Die Berufung zum Ordensleben, zum geweihten Leben, ist die kostbarste Perle, die du auf deinem Weg finden konntest. Anders ausgedr\u00fcckt: Es ist das Geschenk, die Gabe, die Gnade, das Detail der Liebe, die vollkommener und z\u00e4rtlicher ist, mit der Gott dich ansehen konnte, um dich auszuw\u00e4hlen, um dich unter so vielen jungen Frauen auszuw\u00e4hlen, damit du auf eine Weise lebst, die ihm n\u00e4her ist. Es ist ein BESONDERER SEGEN, den Gott denjenigen gew\u00e4hrt, die rufen und antworten. <\/span><\/span><\/p>\n<p align=\"justify\"><span style=\"font-size: medium;\"><span lang=\"de-DE\">Das Ordensleben &#8211; wie auch das Eheleben und \u00fcberhaupt das ganze Leben &#8211; verlangt Opfer, manchmal das Verlassen des Wertvollsten, zum Beispiel: das Verlassen des Vaters, der Mutter, der Br\u00fcder und Schwestern oder sogar des eigenen Berufs; aber h\u00f6rt auf die Worte Christi: &#8220;&#8230;Alle, die Haus, Br\u00fcder, Schwestern, Vater, Mutter, Kinder oder L\u00e4ndereien um meinetwillen verlassen habt, werdet das Hundertfache empfangen&#8230;und das Erbe des ewigen Lebens&#8221; (Mt. 19, 29). Diese Worte sind voller Hoffnung und Zuversicht. Ich lade Sie also ein, Christus die T\u00fcren zu \u00f6ffnen! Wie der heilige Johannes Paul II. uns zu sagen pflegte: &#8220;Habt Mut, habt keine Angst! die T\u00fcren f\u00fcr Christus weit zu \u00f6ffnen! Habt keine Angst, liebe junge Frau! Christus wartet auf euer gro\u00dfz\u00fcgiges Ja! nach dem Beispiel Marias, die Ja zum Herrn sagte, obwohl sie nicht wusste, was als n\u00e4chstes geschehen w\u00fcrde. Seid ihr bereit, dem Herrn euer JA zu geben? Dann nehmt ihr doch Kontakt mit uns auf!<\/span><\/span><\/p>\n<p><span style=\"font-size: medium;\"><span lang=\"de-DE\">MISIONERAS DE JES\u00daS VERBO Y V\u00cdCTIMA<\/span><\/span><\/p>\n<p><span style=\"font-size: medium;\"><span lang=\"de-DE\">Convento Cen\u00e1culo Caravel\u00ed \u2013 Arequipa \u2013 Per\u00fa<\/span><\/span><\/p>\n<p><span style=\"font-size: medium;\"><span lang=\"de-DE\">Beruflicher F\u00f6rderer: Madre NN. MJVV 943402161<\/span><\/span><\/p>\n<p><span style=\"font-size: medium;\"><span lang=\"de-DE\">Vocacionesmjvv@gmail.com<\/span><\/span><\/p>\n<p><span style=\"font-size: medium;\"><span lang=\"de-DE\">Convento Nazaret San Rafael \u2013 Mendoza \u2013 Argentina<\/span><\/span><\/p>\n<p><span style=\"font-size: medium;\"><span lang=\"de-DE\">Tel. +54 02627 434801<\/span><\/span><\/p>\n","protected":false},"excerpt":{"rendered":"<p>&#8211; Papst Franziskus spricht zu uns vom &#8220;Traum der Berufung&#8221;. &#8220;Ich bete, dass ihr dieselbe Freude erlebt, liebe Br\u00fcder und Schwestern, die ihr Gott gro\u00dfz\u00fcgig zum Traum eures Lebens gemacht habt, indem ihr ihm in euren Br\u00fcdern und Schwestern durch eine Treue dient, die ein kraftvolles Zeugnis in einer Zeit fl\u00fcchtiger Entscheidungen und Gef\u00fchle ist, [&hellip;]<\/p>\n","protected":false},"author":1,"featured_media":0,"parent":0,"menu_order":0,"comment_status":"closed","ping_status":"closed","template":"templates\/page-vocazione.php","meta":{"footnotes":""},"class_list":["post-4737","page","type-page","status-publish","hentry"],"jetpack_sharing_enabled":true,"_links":{"self":[{"href":"https:\/\/mjvv.org\/de\/wp-json\/wp\/v2\/pages\/4737","targetHints":{"allow":["GET"]}}],"collection":[{"href":"https:\/\/mjvv.org\/de\/wp-json\/wp\/v2\/pages"}],"about":[{"href":"https:\/\/mjvv.org\/de\/wp-json\/wp\/v2\/types\/page"}],"author":[{"embeddable":true,"href":"https:\/\/mjvv.org\/de\/wp-json\/wp\/v2\/users\/1"}],"replies":[{"embeddable":true,"href":"https:\/\/mjvv.org\/de\/wp-json\/wp\/v2\/comments?post=4737"}],"version-history":[{"count":3,"href":"https:\/\/mjvv.org\/de\/wp-json\/wp\/v2\/pages\/4737\/revisions"}],"predecessor-version":[{"id":4790,"href":"https:\/\/mjvv.org\/de\/wp-json\/wp\/v2\/pages\/4737\/revisions\/4790"}],"wp:attachment":[{"href":"https:\/\/mjvv.org\/de\/wp-json\/wp\/v2\/media?parent=4737"}],"curies":[{"name":"wp","href":"https:\/\/api.w.org\/{rel}","templated":true}]}}